{"id":5327,"date":"2026-01-13T12:41:44","date_gmt":"2026-01-13T10:41:44","guid":{"rendered":"https:\/\/teampercheet.fi\/store\/?page_id=5327"},"modified":"2026-03-01T20:57:32","modified_gmt":"2026-03-01T18:57:32","slug":"percheet-icesled-giveaway","status":"publish","type":"page","link":"https:\/\/teampercheet.fi\/store\/percheet-icesled-giveaway\/","title":{"rendered":"PERCHEET Icesled Giveaway"},"content":{"rendered":"\t\t<div data-elementor-type=\"wp-page\" data-elementor-id=\"5327\" class=\"elementor elementor-5327\">\n\t\t\t\t<div class=\"elementor-element elementor-element-6882341 e-flex e-con-boxed e-con e-parent\" data-id=\"6882341\" data-element_type=\"container\">\n\t\t\t\t\t<div class=\"e-con-inner\">\n\t\t\t\t<div class=\"elementor-element elementor-element-93d6333 elementor-widget elementor-widget-heading\" data-id=\"93d6333\" data-element_type=\"widget\" data-widget_type=\"heading.default\">\n\t\t\t\t<div class=\"elementor-widget-container\">\n\t\t\t\t\t<h2 class=\"elementor-heading-title elementor-size-default\">ICESLED GIVEAWAY<\/h2>\t\t\t\t<\/div>\n\t\t\t\t<\/div>\n\t\t\t\t\t<\/div>\n\t\t\t\t<\/div>\n\t\t<div class=\"elementor-element elementor-element-f418307 e-con-full e-flex e-con e-parent\" data-id=\"f418307\" data-element_type=\"container\">\n\t\t\t\t<div class=\"elementor-element elementor-element-97f9777 elementor-widget elementor-widget-image\" data-id=\"97f9777\" data-element_type=\"widget\" data-widget_type=\"image.default\">\n\t\t\t\t<div class=\"elementor-widget-container\">\n\t\t\t\t\t\t\t\t\t\t\t\t\t\t\t<img fetchpriority=\"high\" decoding=\"async\" width=\"2560\" height=\"1280\" src=\"https:\/\/teampercheet.fi\/store\/wp-content\/uploads\/2026\/01\/Ahkioarvonta-paakuva-scaled.jpg\" class=\"attachment-full size-full wp-image-6476\" alt=\"\" srcset=\"https:\/\/teampercheet.fi\/store\/wp-content\/uploads\/2026\/01\/Ahkioarvonta-paakuva-scaled.jpg 2560w, https:\/\/teampercheet.fi\/store\/wp-content\/uploads\/2026\/01\/Ahkioarvonta-paakuva-600x300.jpg 600w, https:\/\/teampercheet.fi\/store\/wp-content\/uploads\/2026\/01\/Ahkioarvonta-paakuva-1200x600.jpg 1200w, https:\/\/teampercheet.fi\/store\/wp-content\/uploads\/2026\/01\/Ahkioarvonta-paakuva-768x384.jpg 768w, https:\/\/teampercheet.fi\/store\/wp-content\/uploads\/2026\/01\/Ahkioarvonta-paakuva-1536x768.jpg 1536w, https:\/\/teampercheet.fi\/store\/wp-content\/uploads\/2026\/01\/Ahkioarvonta-paakuva-2048x1024.jpg 2048w, https:\/\/teampercheet.fi\/store\/wp-content\/uploads\/2026\/01\/Ahkioarvonta-paakuva-1500x750.jpg 1500w\" sizes=\"(max-width: 2560px) 100vw, 2560px\" \/>\t\t\t\t\t\t\t\t\t\t\t\t\t\t\t<\/div>\n\t\t\t\t<\/div>\n\t\t\t\t<\/div>\n\t\t<div class=\"elementor-element elementor-element-21ea916 e-con-full e-flex e-con e-parent\" data-id=\"21ea916\" data-element_type=\"container\">\n\t\t\t\t<div class=\"elementor-element elementor-element-e96a7ae elementor-widget elementor-widget-heading\" data-id=\"e96a7ae\" data-element_type=\"widget\" data-widget_type=\"heading.default\">\n\t\t\t\t<div class=\"elementor-widget-container\">\n\t\t\t\t\t<h4 class=\"elementor-heading-title elementor-size-default\">ICESLED GIVEAWAY -arvonta on p\u00e4\u00e4ttynyt ja voittajaksi Instagram Livess\u00e4 osui Petri Salmela. ONNEA VOITOSTA!<\/h4>\t\t\t\t<\/div>\n\t\t\t\t<\/div>\n\t\t\t\t<div class=\"elementor-element elementor-element-e4f87bf elementor-widget elementor-widget-text-editor\" data-id=\"e4f87bf\" data-element_type=\"widget\" data-widget_type=\"text-editor.default\">\n\t\t\t\t<div class=\"elementor-widget-container\">\n\t\t\t\t\t\t\t\t\t<h2 style=\"text-align: center\"><strong>Palkinto sis\u00e4lt\u00e4\u00e4<\/strong><\/h2><p>Shappell Jet Sled 1 Winter Camo pilkkiahkio<br \/>EPP-Termo 15 l kuljetuslaatikko<br \/>Percheet 360 Live Pilkkianturiteline 2.0<\/p><p>\u00a0Percheet Pilkkivapateline 2kpl<br \/>Percheet Pilkkianturitelineen kiinnikkeet ahkioon<br \/>7 kappaletta Percheet Vapaholderi<br \/>Delfin President pilkkivapa 5kpl<br \/>Patriot Mustard 62cm pilkkicombo 2kpl<\/p><p>MTX Sohjokauha<\/p><p>Tasurit 2kpl<br \/>Mora Ice Scandic j\u00e4\u00e4kaira\u00a0<\/p><p>Percheet Ty\u00f6kaluteline M<\/p>\t\t\t\t\t\t\t\t<\/div>\n\t\t\t\t<\/div>\n\t\t\t\t<\/div>\n\t\t<div class=\"elementor-element elementor-element-4124a9d e-flex e-con-boxed e-con e-parent\" data-id=\"4124a9d\" data-element_type=\"container\">\n\t\t\t\t\t<div class=\"e-con-inner\">\n\t\t\t\t<div class=\"elementor-element elementor-element-d680b97 elementor-widget elementor-widget-heading\" data-id=\"d680b97\" data-element_type=\"widget\" data-widget_type=\"heading.default\">\n\t\t\t\t<div class=\"elementor-widget-container\">\n\t\t\t\t\t<span class=\"elementor-heading-title elementor-size-default\"><a href=\"https:\/\/teampercheet.fi\/store\/fi\/arvonnan-ehdot-ja-saannot\/\" target=\"_blank\">Arvonnan ehdot ja s\u00e4\u00e4nn\u00f6t l\u00f6yd\u00e4t t\u00e4st\u00e4:<\/a><\/span>\t\t\t\t<\/div>\n\t\t\t\t<\/div>\n\t\t\t\t\t<\/div>\n\t\t\t\t<\/div>\n\t\t\t\t<\/div>\n\t\t","protected":false},"excerpt":{"rendered":"<p>ICESLED GIVEAWAY ICESLED GIVEAWAY -arvonta on p\u00e4\u00e4ttynyt ja voittajaksi Instagram Livess\u00e4 osui Petri Salmela. ONNEA VOITOSTA! Palkinto sis\u00e4lt\u00e4\u00e4 Shappell Jet Sled 1 Winter Camo pilkkiahkioEPP-Termo 15 l kuljetuslaatikkoPercheet 360 Live Pilkkianturiteline 2.0 \u00a0Percheet Pilkkivapateline 2kplPercheet Pilkkianturitelineen kiinnikkeet ahkioon7 kappaletta Percheet VapaholderiDelfin President pilkkivapa 5kplPatriot Mustard 62cm pilkkicombo 2kpl MTX Sohjokauha Tasurit 2kplMora Ice Scandic j\u00e4\u00e4kaira\u00a0 [&hellip;]<\/p>\n","protected":false},"author":2,"featured_media":0,"parent":0,"menu_order":0,"comment_status":"closed","ping_status":"closed","template":"","meta":{"footnotes":""},"class_list":["post-5327","page","type-page","status-publish","hentry"],"blocksy_meta":[],"yoast_head":"<!-- This site is optimized with the Yoast SEO plugin v27.3 - https:\/\/yoast.com\/product\/yoast-seo-wordpress\/ -->\n<title>PERCHEET Icesled Giveaway - Team Percheet \u2013 Laadukkaat kalastustarvikkeet ja venevarusteet<\/title>\n<meta name=\"robots\" content=\"index, follow, max-snippet:-1, max-image-preview:large, max-video-preview:-1\" \/>\n<link rel=\"canonical\" href=\"https:\/\/teampercheet.fi\/store\/percheet-icesled-giveaway\/\" \/>\n<meta property=\"og:locale\" content=\"fi_FI\" \/>\n<meta property=\"og:type\" content=\"article\" \/>\n<meta property=\"og:title\" content=\"PERCHEET Icesled Giveaway - Team Percheet \u2013 Laadukkaat kalastustarvikkeet ja venevarusteet\" \/>\n<meta property=\"og:description\" content=\"ICESLED GIVEAWAY ICESLED GIVEAWAY -arvonta on p\u00e4\u00e4ttynyt ja voittajaksi Instagram Livess\u00e4 osui Petri Salmela. ONNEA VOITOSTA! Palkinto sis\u00e4lt\u00e4\u00e4 Shappell Jet Sled 1 Winter Camo pilkkiahkioEPP-Termo 15 l kuljetuslaatikkoPercheet 360 Live Pilkkianturiteline 2.0 \u00a0Percheet Pilkkivapateline 2kplPercheet Pilkkianturitelineen kiinnikkeet ahkioon7 kappaletta Percheet VapaholderiDelfin President pilkkivapa 5kplPatriot Mustard 62cm pilkkicombo 2kpl MTX Sohjokauha Tasurit 2kplMora Ice Scandic j\u00e4\u00e4kaira\u00a0 [&hellip;]\" \/>\n<meta property=\"og:url\" content=\"https:\/\/teampercheet.fi\/store\/percheet-icesled-giveaway\/\" \/>\n<meta property=\"og:site_name\" content=\"Team Percheet \u2013 Laadukkaat kalastustarvikkeet ja venevarusteet\" \/>\n<meta property=\"article:modified_time\" content=\"2026-03-01T18:57:32+00:00\" \/>\n<meta property=\"og:image\" content=\"https:\/\/teampercheet.fi\/store\/wp-content\/uploads\/2026\/01\/Ahkioarvonta-paakuva-scaled.jpg\" \/>\n<meta name=\"twitter:card\" content=\"summary_large_image\" \/>\n<script type=\"application\/ld+json\" class=\"yoast-schema-graph\">{\"@context\":\"https:\\\/\\\/schema.org\",\"@graph\":[{\"@type\":\"WebPage\",\"@id\":\"https:\\\/\\\/teampercheet.fi\\\/store\\\/percheet-icesled-giveaway\\\/\",\"url\":\"https:\\\/\\\/teampercheet.fi\\\/store\\\/percheet-icesled-giveaway\\\/\",\"name\":\"PERCHEET Icesled Giveaway - Team Percheet \u2013 Laadukkaat kalastustarvikkeet ja venevarusteet\",\"isPartOf\":{\"@id\":\"https:\\\/\\\/teampercheet.fi\\\/store\\\/#website\"},\"primaryImageOfPage\":{\"@id\":\"https:\\\/\\\/teampercheet.fi\\\/store\\\/percheet-icesled-giveaway\\\/#primaryimage\"},\"image\":{\"@id\":\"https:\\\/\\\/teampercheet.fi\\\/store\\\/percheet-icesled-giveaway\\\/#primaryimage\"},\"thumbnailUrl\":\"https:\\\/\\\/teampercheet.fi\\\/store\\\/wp-content\\\/uploads\\\/2026\\\/01\\\/Ahkioarvonta-paakuva-scaled.jpg\",\"datePublished\":\"2026-01-13T10:41:44+00:00\",\"dateModified\":\"2026-03-01T18:57:32+00:00\",\"breadcrumb\":{\"@id\":\"https:\\\/\\\/teampercheet.fi\\\/store\\\/percheet-icesled-giveaway\\\/#breadcrumb\"},\"inLanguage\":\"fi\",\"potentialAction\":[{\"@type\":\"ReadAction\",\"target\":[\"https:\\\/\\\/teampercheet.fi\\\/store\\\/percheet-icesled-giveaway\\\/\"]}]},{\"@type\":\"ImageObject\",\"inLanguage\":\"fi\",\"@id\":\"https:\\\/\\\/teampercheet.fi\\\/store\\\/percheet-icesled-giveaway\\\/#primaryimage\",\"url\":\"https:\\\/\\\/teampercheet.fi\\\/store\\\/wp-content\\\/uploads\\\/2026\\\/01\\\/Ahkioarvonta-paakuva-scaled.jpg\",\"contentUrl\":\"https:\\\/\\\/teampercheet.fi\\\/store\\\/wp-content\\\/uploads\\\/2026\\\/01\\\/Ahkioarvonta-paakuva-scaled.jpg\",\"width\":2560,\"height\":1280},{\"@type\":\"BreadcrumbList\",\"@id\":\"https:\\\/\\\/teampercheet.fi\\\/store\\\/percheet-icesled-giveaway\\\/#breadcrumb\",\"itemListElement\":[{\"@type\":\"ListItem\",\"position\":1,\"name\":\"Etusivu\",\"item\":\"https:\\\/\\\/teampercheet.fi\\\/store\\\/\"},{\"@type\":\"ListItem\",\"position\":2,\"name\":\"PERCHEET Icesled Giveaway\"}]},{\"@type\":\"WebSite\",\"@id\":\"https:\\\/\\\/teampercheet.fi\\\/store\\\/#website\",\"url\":\"https:\\\/\\\/teampercheet.fi\\\/store\\\/\",\"name\":\"Team Percheet \u2013 Laadukkaat kalastustarvikkeet ja venevarusteet\",\"description\":\"Tutustu Percheet Gearin kattavaan valikoimaan. Kest\u00e4v\u00e4t venevarusteet, juomatelineet, anturikiinnikkeet ja anturisuojat veneilyyn ja\u00a0kalastukseen.\",\"publisher\":{\"@id\":\"https:\\\/\\\/teampercheet.fi\\\/store\\\/#organization\"},\"potentialAction\":[{\"@type\":\"SearchAction\",\"target\":{\"@type\":\"EntryPoint\",\"urlTemplate\":\"https:\\\/\\\/teampercheet.fi\\\/store\\\/?s={search_term_string}\"},\"query-input\":{\"@type\":\"PropertyValueSpecification\",\"valueRequired\":true,\"valueName\":\"search_term_string\"}}],\"inLanguage\":\"fi\"},{\"@type\":\"Organization\",\"@id\":\"https:\\\/\\\/teampercheet.fi\\\/store\\\/#organization\",\"name\":\"Team Percheet \u2013 Laadukkaat kalastustarvikkeet ja venevarusteet\",\"url\":\"https:\\\/\\\/teampercheet.fi\\\/store\\\/\",\"logo\":{\"@type\":\"ImageObject\",\"inLanguage\":\"fi\",\"@id\":\"https:\\\/\\\/teampercheet.fi\\\/store\\\/#\\\/schema\\\/logo\\\/image\\\/\",\"url\":\"https:\\\/\\\/teampercheet.fi\\\/store\\\/wp-content\\\/uploads\\\/2024\\\/10\\\/logo-tpc.png\",\"contentUrl\":\"https:\\\/\\\/teampercheet.fi\\\/store\\\/wp-content\\\/uploads\\\/2024\\\/10\\\/logo-tpc.png\",\"width\":1268,\"height\":211,\"caption\":\"Team Percheet \u2013 Laadukkaat kalastustarvikkeet ja venevarusteet\"},\"image\":{\"@id\":\"https:\\\/\\\/teampercheet.fi\\\/store\\\/#\\\/schema\\\/logo\\\/image\\\/\"}}]}<\/script>\n<!-- \/ Yoast SEO plugin. -->","yoast_head_json":{"title":"PERCHEET Icesled Giveaway - Team Percheet \u2013 Laadukkaat kalastustarvikkeet ja venevarusteet","robots":{"index":"index","follow":"follow","max-snippet":"max-snippet:-1","max-image-preview":"max-image-preview:large","max-video-preview":"max-video-preview:-1"},"canonical":"https:\/\/teampercheet.fi\/store\/percheet-icesled-giveaway\/","og_locale":"fi_FI","og_type":"article","og_title":"PERCHEET Icesled Giveaway - Team Percheet \u2013 Laadukkaat kalastustarvikkeet ja venevarusteet","og_description":"ICESLED GIVEAWAY ICESLED GIVEAWAY -arvonta on p\u00e4\u00e4ttynyt ja voittajaksi Instagram Livess\u00e4 osui Petri Salmela. ONNEA VOITOSTA! Palkinto sis\u00e4lt\u00e4\u00e4 Shappell Jet Sled 1 Winter Camo pilkkiahkioEPP-Termo 15 l kuljetuslaatikkoPercheet 360 Live Pilkkianturiteline 2.0 \u00a0Percheet Pilkkivapateline 2kplPercheet Pilkkianturitelineen kiinnikkeet ahkioon7 kappaletta Percheet VapaholderiDelfin President pilkkivapa 5kplPatriot Mustard 62cm pilkkicombo 2kpl MTX Sohjokauha Tasurit 2kplMora Ice Scandic j\u00e4\u00e4kaira\u00a0 [&hellip;]","og_url":"https:\/\/teampercheet.fi\/store\/percheet-icesled-giveaway\/","og_site_name":"Team Percheet \u2013 Laadukkaat kalastustarvikkeet ja venevarusteet","article_modified_time":"2026-03-01T18:57:32+00:00","og_image":[{"url":"https:\/\/teampercheet.fi\/store\/wp-content\/uploads\/2026\/01\/Ahkioarvonta-paakuva-scaled.jpg","type":"","width":"","height":""}],"twitter_card":"summary_large_image","schema":{"@context":"https:\/\/schema.org","@graph":[{"@type":"WebPage","@id":"https:\/\/teampercheet.fi\/store\/percheet-icesled-giveaway\/","url":"https:\/\/teampercheet.fi\/store\/percheet-icesled-giveaway\/","name":"PERCHEET Icesled Giveaway - Team Percheet \u2013 Laadukkaat kalastustarvikkeet ja venevarusteet","isPartOf":{"@id":"https:\/\/teampercheet.fi\/store\/#website"},"primaryImageOfPage":{"@id":"https:\/\/teampercheet.fi\/store\/percheet-icesled-giveaway\/#primaryimage"},"image":{"@id":"https:\/\/teampercheet.fi\/store\/percheet-icesled-giveaway\/#primaryimage"},"thumbnailUrl":"https:\/\/teampercheet.fi\/store\/wp-content\/uploads\/2026\/01\/Ahkioarvonta-paakuva-scaled.jpg","datePublished":"2026-01-13T10:41:44+00:00","dateModified":"2026-03-01T18:57:32+00:00","breadcrumb":{"@id":"https:\/\/teampercheet.fi\/store\/percheet-icesled-giveaway\/#breadcrumb"},"inLanguage":"fi","potentialAction":[{"@type":"ReadAction","target":["https:\/\/teampercheet.fi\/store\/percheet-icesled-giveaway\/"]}]},{"@type":"ImageObject","inLanguage":"fi","@id":"https:\/\/teampercheet.fi\/store\/percheet-icesled-giveaway\/#primaryimage","url":"https:\/\/teampercheet.fi\/store\/wp-content\/uploads\/2026\/01\/Ahkioarvonta-paakuva-scaled.jpg","contentUrl":"https:\/\/teampercheet.fi\/store\/wp-content\/uploads\/2026\/01\/Ahkioarvonta-paakuva-scaled.jpg","width":2560,"height":1280},{"@type":"BreadcrumbList","@id":"https:\/\/teampercheet.fi\/store\/percheet-icesled-giveaway\/#breadcrumb","itemListElement":[{"@type":"ListItem","position":1,"name":"Etusivu","item":"https:\/\/teampercheet.fi\/store\/"},{"@type":"ListItem","position":2,"name":"PERCHEET Icesled Giveaway"}]},{"@type":"WebSite","@id":"https:\/\/teampercheet.fi\/store\/#website","url":"https:\/\/teampercheet.fi\/store\/","name":"Team Percheet \u2013 Laadukkaat kalastustarvikkeet ja venevarusteet","description":"Tutustu Percheet Gearin kattavaan valikoimaan. Kest\u00e4v\u00e4t venevarusteet, juomatelineet, anturikiinnikkeet ja anturisuojat veneilyyn ja\u00a0kalastukseen.","publisher":{"@id":"https:\/\/teampercheet.fi\/store\/#organization"},"potentialAction":[{"@type":"SearchAction","target":{"@type":"EntryPoint","urlTemplate":"https:\/\/teampercheet.fi\/store\/?s={search_term_string}"},"query-input":{"@type":"PropertyValueSpecification","valueRequired":true,"valueName":"search_term_string"}}],"inLanguage":"fi"},{"@type":"Organization","@id":"https:\/\/teampercheet.fi\/store\/#organization","name":"Team Percheet \u2013 Laadukkaat kalastustarvikkeet ja venevarusteet","url":"https:\/\/teampercheet.fi\/store\/","logo":{"@type":"ImageObject","inLanguage":"fi","@id":"https:\/\/teampercheet.fi\/store\/#\/schema\/logo\/image\/","url":"https:\/\/teampercheet.fi\/store\/wp-content\/uploads\/2024\/10\/logo-tpc.png","contentUrl":"https:\/\/teampercheet.fi\/store\/wp-content\/uploads\/2024\/10\/logo-tpc.png","width":1268,"height":211,"caption":"Team Percheet \u2013 Laadukkaat kalastustarvikkeet ja venevarusteet"},"image":{"@id":"https:\/\/teampercheet.fi\/store\/#\/schema\/logo\/image\/"}}]}},"_links":{"self":[{"href":"https:\/\/teampercheet.fi\/store\/wp-json\/wp\/v2\/pages\/5327","targetHints":{"allow":["GET"]}}],"collection":[{"href":"https:\/\/teampercheet.fi\/store\/wp-json\/wp\/v2\/pages"}],"about":[{"href":"https:\/\/teampercheet.fi\/store\/wp-json\/wp\/v2\/types\/page"}],"author":[{"embeddable":true,"href":"https:\/\/teampercheet.fi\/store\/wp-json\/wp\/v2\/users\/2"}],"replies":[{"embeddable":true,"href":"https:\/\/teampercheet.fi\/store\/wp-json\/wp\/v2\/comments?post=5327"}],"version-history":[{"count":96,"href":"https:\/\/teampercheet.fi\/store\/wp-json\/wp\/v2\/pages\/5327\/revisions"}],"predecessor-version":[{"id":7035,"href":"https:\/\/teampercheet.fi\/store\/wp-json\/wp\/v2\/pages\/5327\/revisions\/7035"}],"wp:attachment":[{"href":"https:\/\/teampercheet.fi\/store\/wp-json\/wp\/v2\/media?parent=5327"}],"curies":[{"name":"wp","href":"https:\/\/api.w.org\/{rel}","templated":true}]}}