{"id":874,"date":"2024-10-28T14:25:30","date_gmt":"2024-10-28T12:25:30","guid":{"rendered":"https:\/\/teampercheet.fi\/store\/?page_id=874"},"modified":"2025-05-15T02:12:51","modified_gmt":"2025-05-14T23:12:51","slug":"tilaus-ja-maksuvahvistus","status":"publish","type":"page","link":"https:\/\/teampercheet.fi\/store\/tilaus-ja-maksuvahvistus\/","title":{"rendered":"Tilaus- ja maksuehdot"},"content":{"rendered":"\t\t<div data-elementor-type=\"wp-page\" data-elementor-id=\"874\" class=\"elementor elementor-874\">\n\t\t\t\t<div class=\"elementor-element elementor-element-86a2c46 e-flex e-con-boxed e-con e-parent\" data-id=\"86a2c46\" data-element_type=\"container\">\n\t\t\t\t\t<div class=\"e-con-inner\">\n\t\t\t\t<div class=\"elementor-element elementor-element-b1f4232 elementor-widget elementor-widget-heading\" data-id=\"b1f4232\" data-element_type=\"widget\" data-widget_type=\"heading.default\">\n\t\t\t\t<div class=\"elementor-widget-container\">\n\t\t\t\t\t<h2 class=\"elementor-heading-title elementor-size-default\">Tilaus- ja maksuvahvistus<\/h2>\t\t\t\t<\/div>\n\t\t\t\t<\/div>\n\t\t\t\t<div class=\"elementor-element elementor-element-a645872 elementor-widget elementor-widget-text-editor\" data-id=\"a645872\" data-element_type=\"widget\" data-widget_type=\"text-editor.default\">\n\t\t\t\t<div class=\"elementor-widget-container\">\n\t\t\t\t\t\t\t\t\t<p><strong>&nbsp;<\/strong><\/p>\n<p><b>Toimitusaika<br>\n<\/b><span style=\"font-family: inherit; font-size: inherit; font-style: inherit; font-variant-ligatures: inherit; font-variant-caps: inherit; font-weight: inherit;\">Tuotteet toimitetaan aina mahdollisimman nopeasti tilausvahvistuksen saapumisesta. Toimitusaika on riippuvainen valitsemastanne kuljetusyhti\u00f6st\u00e4.&nbsp;<\/span><span style=\"font-family: inherit; font-size: inherit; font-style: inherit; font-variant-ligatures: inherit; font-variant-caps: inherit; font-weight: inherit;\">Tuotteiden tavallinen toimitusaika suomessa on&nbsp;<\/span><strong style=\"font-family: inherit; font-size: inherit; font-style: inherit; font-variant-ligatures: inherit; font-variant-caps: inherit;\">2-5 arkip\u00e4iv\u00e4\u00e4<\/strong><span style=\"font-family: inherit; font-size: inherit; font-style: inherit; font-variant-ligatures: inherit; font-variant-caps: inherit; font-weight: inherit;\">.&nbsp;<\/span><span style=\"font-family: inherit; font-size: inherit; font-style: inherit; font-variant-ligatures: inherit; font-variant-caps: inherit; font-weight: inherit;\">Tuotteiden toimitusaika suomen ulkopuolelle on&nbsp;<\/span><strong style=\"font-family: inherit; font-size: inherit; font-style: inherit; font-variant-ligatures: inherit; font-variant-caps: inherit;\">4-8 arkip\u00e4iv\u00e4\u00e4<\/strong><span style=\"font-family: inherit; font-size: inherit; font-style: inherit; font-variant-ligatures: inherit; font-variant-caps: inherit; font-weight: inherit;\">.&nbsp;<\/span><span style=\"font-family: inherit; font-size: inherit; font-style: inherit; font-variant-ligatures: inherit; font-variant-caps: inherit;\"><span style=\"font-weight: inherit;\">Emme vastaa kuljetusyhti\u00f6ist\u00e4 johtuvista viiv\u00e4stymisist\u00e4 tai viiv\u00e4stysten aiheuttamista v\u00e4lillisist\u00e4 haitoista.<\/span><br>\n<\/span><span style=\"font-family: inherit; font-size: inherit; font-style: inherit; font-variant-ligatures: inherit; font-variant-caps: inherit;\"><b><br>\n<\/b><\/span><\/p>\n<p><span style=\"font-family: inherit; font-size: inherit; font-style: inherit; font-variant-ligatures: inherit; font-variant-caps: inherit;\"><b>Toimitustapa<br>\n<\/b><\/span><span style=\"font-family: inherit; font-size: inherit; font-style: inherit; font-variant-ligatures: inherit; font-variant-caps: inherit; font-weight: inherit;\">Tuotteet toimitetaan asiakkaan valitsemalla kuljetustavalla Team Percheet varastolta. Saat ilmoituksen s\u00e4hk\u00f6postiin, kun tuote on noudettavissa tai saapumassa.&nbsp;<\/span><span style=\"font-family: inherit; font-size: inherit; font-style: inherit; font-variant-ligatures: inherit; font-variant-caps: inherit; font-weight: inherit;\">Kuljetukset toimitetaan kumppanimme Shipit Oy Ab v\u00e4lityksell\u00e4 ja kuljetusyhti\u00f6in\u00e4 toimivat:&nbsp;<\/span><span style=\"font-family: inherit; font-size: inherit; font-style: inherit; font-variant-ligatures: inherit; font-variant-caps: inherit; font-weight: inherit;\">Suomessa: Posti &amp; Matkahuolto.&nbsp;<\/span><span style=\"font-family: inherit; font-size: inherit; font-style: inherit; font-variant-ligatures: inherit; font-variant-caps: inherit; font-weight: inherit;\">Suomen ulkopuolella: PostNord &amp; UPS<\/span><span style=\"font-family: inherit; font-size: inherit; font-style: inherit; font-variant-ligatures: inherit; font-variant-caps: inherit;\"><b>.<br>\n<\/b><\/span><strong style=\"font-family: inherit; font-size: inherit; font-style: inherit; font-variant-ligatures: inherit; font-variant-caps: inherit;\"><br>\n<\/strong><\/p>\n<p><strong>Toimitusmaksu ja&nbsp;<span style=\"font-family: inherit; font-size: inherit; font-style: inherit; font-variant-ligatures: inherit; font-variant-caps: inherit;\">kuljetushinnasto Suomessa<\/span><\/strong><b><br>\n<\/b><span style=\"font-family: inherit; font-size: inherit; font-style: inherit; font-variant-ligatures: inherit; font-variant-caps: inherit; font-weight: inherit;\">Verkkokauppatilausten toimitusmaksu on toimitusmaasta riipuvainen. N\u00e4et oman tilauksesi toimitusmaksun kassalla, kun olet sy\u00f6tt\u00e4nyt toimitustietosi.&nbsp;<\/span><span style=\"font-family: inherit; font-size: inherit; font-style: inherit; font-variant-ligatures: inherit; font-variant-caps: inherit; font-weight: inherit;\">Postipaketti ja matkahuolto l\u00e4hell\u00e4paketti 5,9\u20ac (yli 90\u20ac tilaukset toimitetaan ilmaiseksi).&nbsp;<\/span><span style=\"font-family: inherit; font-size: inherit; font-style: inherit; font-variant-ligatures: inherit; font-variant-caps: inherit; text-align: var(--text-align); color: var(--theme-text-color); letter-spacing: var(--theme-letter-spacing); text-transform: var(--theme-text-transform);\"><span style=\"font-weight: inherit;\">Mik\u00e4li sinulla her\u00e4\u00e4 kysytt\u00e4v\u00e4\u00e4 toimitukseen liittyen niin ota rohkeasti yhteytt\u00e4 asiakaspalveluumme teampercheet@gmail.com<\/span><br>\n<\/span><span style=\"font-family: inherit; font-size: inherit; font-style: inherit; font-variant-ligatures: inherit; font-variant-caps: inherit;\"><b><br><\/b><\/span><\/p><p><span style=\"font-family: inherit; font-size: inherit; font-style: inherit; font-variant-ligatures: inherit; font-variant-caps: inherit;\"><b>Maksupalveluntarjoaja<br>\n<\/b><\/span><span style=\"font-family: inherit; font-size: inherit; font-style: inherit; font-variant-ligatures: inherit; font-variant-caps: inherit; font-weight: inherit;\" data-contrast=\"auto\">Maksunv\u00e4lityspalvelun toteuttajana ja maksupalveluntarjoajana toimii Paytrail Oyj (2122839-7) yhteisty\u00f6ss\u00e4 suomalaisten pankkien ja luottolaitosten kanssa. Paytrail Oyj n\u00e4kyy maksun saajana tiliotteella tai korttilaskulla ja v\u00e4litt\u00e4\u00e4 maksun kauppiaalle. Paytrail Oyj:ll\u00e4 on maksulaitoksen toimilupa. Reklamaatiotapauksissa pyyd\u00e4mme ottamaan ensisijaisesti yhteytt\u00e4 tuotteen toimittajaan.<\/span><span style=\"font-family: inherit; font-size: inherit; font-style: inherit; font-variant-ligatures: inherit; font-variant-caps: inherit; font-weight: inherit;\" data-ccp-props=\"{&quot;134233117&quot;:true,&quot;134233118&quot;:true}\">&nbsp;<\/span><\/p>\n<p><span data-contrast=\"auto\">Paytrail Oyj, y-tunnus: 2122839-7<\/span><br>\n<span data-contrast=\"auto\">Innova 2<\/span><br>\n<span data-contrast=\"auto\">Lutakonaukio 7<\/span><br>\n<span data-contrast=\"auto\">40100 Jyv\u00e4skyl\u00e4<\/span><br>\n<span data-contrast=\"auto\"><a href=\"https:\/\/www.paytrail.com\/kuluttaja\/tietoa-maksamisesta\">https:\/\/www.paytrail.com\/kuluttaja\/tietoa-maksamisesta<\/a>&nbsp;<\/span><span data-ccp-props=\"{&quot;134233117&quot;:true,&quot;134233118&quot;:true}\">&nbsp;<\/span><\/p>\n<p><b>Verkkopankki<br>\n<\/b><span style=\"font-family: inherit; font-size: inherit; font-style: inherit; font-variant-ligatures: inherit; font-variant-caps: inherit;\"><span style=\"font-weight: inherit;\">Verkkopankkimaksamiseen liittyv\u00e4n maksu- ja rahoituspalvelun toteuttaa Paytrail Oy (2122839-7) yhteisty\u00f6ss\u00e4 suomalaisten pankkien ja luottolaitosten kanssa. Paytrail Oy ostaa maksusuorituksen ja tilitt\u00e4\u00e4 sen kauppiaalle. K\u00e4ytt\u00e4j\u00e4n kannalta palvelu toimii aivan kuten perinteinen verkkomaksaminenkin.<\/span><br>\n<\/span><span style=\"font-family: inherit; font-size: inherit; font-style: inherit; font-variant-ligatures: inherit; font-variant-caps: inherit;\"><b><br><\/b><\/span><\/p><p><span style=\"font-family: inherit; font-size: inherit; font-style: inherit; font-variant-ligatures: inherit; font-variant-caps: inherit;\"><b>Maksut Visa, Visa Electron tai MasterCard-korteilla<br>\n<\/b><\/span><span style=\"font-family: inherit; font-size: inherit; font-style: inherit; font-variant-ligatures: inherit; font-variant-caps: inherit; font-weight: inherit;\">Maksunv\u00e4lityspalvelun toteuttajana ja maksupalveluntarjoajana toimii Paytrail Oyj (2122839-7) yhteisty\u00f6ss\u00e4 suomalaisten pankkien ja luottolaitosten kanssa. Paytrail Oyj n\u00e4kyy maksun saajana tiliotteella tai korttilaskulla ja v\u00e4litt\u00e4\u00e4 maksun kauppiaalle. Paytrail Oyj:ll\u00e4 on maksulaitoksen toimilupa. Reklamaatiotapauksissa pyyd\u00e4mme ottamaan ensisijaisesti yhteytt\u00e4 tuotteen toimittajaan.<\/span><\/p>\n<p>Paytrail Oyj, y-tunnus: 2122839-7<br>\nInnova 2<br>\nLutakonaukio 7<br>\n40100 Jyv\u00e4skyl\u00e4<br>\nPuhelin: 0207 181830<br>\nwww.paytrail.com<\/p>\n<p><b>Joustoraha Lasku ja Osamaksu<br>\n<\/b><span style=\"font-family: inherit; font-size: inherit; font-style: inherit; font-variant-ligatures: inherit; font-variant-caps: inherit; font-weight: inherit;\">Jousto on verkkokaupan mukavin maksutapa, jolla voit maksaa Jousto Laskulla tai Jousto Osamaksulla yli 4000 suomalaisessa verkkokaupassa. Laskulla saat 14 vrk maksuaikaa (laskutusmaksu 4.90 \u20ac) ja Osamaksulla max. 12 kk maksuaikaa (laskutusmaksu 4,90 \u20ac ja kuukausikorko 2,42 %). Lis\u00e4tietoja Joustosta osoitteessa www.jousto.com.&nbsp;<\/span><span style=\"font-family: inherit; font-size: inherit; font-style: inherit; font-variant-ligatures: inherit; font-variant-caps: inherit; font-weight: inherit;\">Joustorahaa voi saada verkkokaupassa 1000\u20ac ostoksiin. Joustorahan asiakaspalvelu on avoinna ma-su klo 7-23: puhelimitse 0800 186 186 tai s\u00e4hk\u00f6postitse&nbsp;asiakaspalvelu@joustoraha.fi<\/span><\/p>\n<p><b>Tuotteiden tarkastaminen ja mahdollinen virheellisyys<br>\n<\/b><span style=\"font-family: inherit; font-size: inherit; font-style: inherit; font-variant-ligatures: inherit; font-variant-caps: inherit;\"><span style=\"font-weight: inherit;\">Mik\u00e4li tuotteessa on valmistusvirhe, ota heti meihin yhteytt\u00e4: teampercheet@gmail.com<\/span><br>\n<\/span><span style=\"font-family: inherit; font-size: inherit; font-style: inherit; font-variant-ligatures: inherit; font-variant-caps: inherit;\"><b><br><\/b><\/span><\/p><p><span style=\"font-family: inherit; font-size: inherit; font-style: inherit; font-variant-ligatures: inherit; font-variant-caps: inherit;\"><b>Palautukset<br>\n<\/b><\/span><span style=\"font-family: inherit; font-size: inherit; font-style: inherit; font-variant-ligatures: inherit; font-variant-caps: inherit; font-weight: inherit;\">Voit perua tilauksen ja palauttaa tuotteet 14 p\u00e4iv\u00e4n kuluessa tilauksesta. Asiakas vastaa tuotteiden palautuksesta syntyv\u00e4st\u00e4 kustannuksesta. Mik\u00e4li haluat palauttaa tuotteita, otathan yhteytt\u00e4 asiakaspalveluumme: teampercheet@gmail.com.&nbsp;<\/span><span style=\"font-family: inherit; font-size: inherit; font-style: inherit; font-variant-ligatures: inherit; font-variant-caps: inherit; font-weight: inherit;\">Sitova kauppasopimus tulee voimaan, kun tilaus on k\u00e4sitelty. Tilausvahvistus toimitetaan asiakkaalle s\u00e4hk\u00f6postitse. Team Percheet pid\u00e4tt\u00e4\u00e4 oikeuden hintojen sek\u00e4 tilaus- ja toimitusehtojen muuttamiseen tilauskohtaisesti. Asiakkaan on kuitenkin aina hyv\u00e4ksytt\u00e4v\u00e4 toimitusehdot ennen tilausta.<\/span><\/p>\n<p>Team Percheet Oy<br>\n<span style=\"font-family: inherit; font-size: inherit; font-style: inherit; font-variant-ligatures: inherit; font-variant-caps: inherit; font-weight: inherit;\">Osuusmyllynkatu 5<br>\n<\/span><span style=\"font-family: inherit; font-size: inherit; font-style: inherit; font-variant-ligatures: inherit; font-variant-caps: inherit; font-weight: inherit;\">33700 Tampere<br>\n<\/span><span style=\"font-family: inherit; font-size: inherit; font-style: inherit; font-variant-ligatures: inherit; font-variant-caps: inherit; font-weight: inherit;\">teampercheet@gmail.com<\/span><\/p>\t\t\t\t\t\t\t\t<\/div>\n\t\t\t\t<\/div>\n\t\t\t\t\t<\/div>\n\t\t\t\t<\/div>\n\t\t\t\t<\/div>\n\t\t","protected":false},"excerpt":{"rendered":"<p>Tilaus- ja maksuvahvistus &nbsp; Toimitusaika Tuotteet toimitetaan aina mahdollisimman nopeasti tilausvahvistuksen saapumisesta. Toimitusaika on riippuvainen valitsemastanne kuljetusyhti\u00f6st\u00e4.&nbsp;Tuotteiden tavallinen toimitusaika suomessa on&nbsp;2-5 arkip\u00e4iv\u00e4\u00e4.&nbsp;Tuotteiden toimitusaika suomen ulkopuolelle on&nbsp;4-8 arkip\u00e4iv\u00e4\u00e4.&nbsp;Emme vastaa kuljetusyhti\u00f6ist\u00e4 johtuvista viiv\u00e4stymisist\u00e4 tai viiv\u00e4stysten aiheuttamista v\u00e4lillisist\u00e4 haitoista. Toimitustapa Tuotteet toimitetaan asiakkaan valitsemalla kuljetustavalla Team Percheet varastolta. Saat ilmoituksen s\u00e4hk\u00f6postiin, kun tuote on noudettavissa tai saapumassa.&nbsp;Kuljetukset toimitetaan [&hellip;]<\/p>\n","protected":false},"author":1,"featured_media":0,"parent":0,"menu_order":0,"comment_status":"closed","ping_status":"closed","template":"","meta":{"footnotes":""},"class_list":["post-874","page","type-page","status-publish","hentry"],"blocksy_meta":[],"yoast_head":"<!-- This site is optimized with the Yoast SEO plugin v27.3 - https:\/\/yoast.com\/product\/yoast-seo-wordpress\/ -->\n<title>Tilaus- ja maksuehdot - Team Percheet \u2013 Laadukkaat kalastustarvikkeet ja venevarusteet<\/title>\n<meta name=\"robots\" content=\"index, follow, max-snippet:-1, max-image-preview:large, max-video-preview:-1\" \/>\n<link rel=\"canonical\" href=\"https:\/\/teampercheet.fi\/store\/tilaus-ja-maksuvahvistus\/\" \/>\n<meta property=\"og:locale\" content=\"fi_FI\" \/>\n<meta property=\"og:type\" content=\"article\" \/>\n<meta property=\"og:title\" content=\"Tilaus- ja maksuehdot - Team Percheet \u2013 Laadukkaat kalastustarvikkeet ja venevarusteet\" \/>\n<meta property=\"og:description\" content=\"Tilaus- ja maksuvahvistus &nbsp; Toimitusaika Tuotteet toimitetaan aina mahdollisimman nopeasti tilausvahvistuksen saapumisesta. Toimitusaika on riippuvainen valitsemastanne kuljetusyhti\u00f6st\u00e4.&nbsp;Tuotteiden tavallinen toimitusaika suomessa on&nbsp;2-5 arkip\u00e4iv\u00e4\u00e4.&nbsp;Tuotteiden toimitusaika suomen ulkopuolelle on&nbsp;4-8 arkip\u00e4iv\u00e4\u00e4.&nbsp;Emme vastaa kuljetusyhti\u00f6ist\u00e4 johtuvista viiv\u00e4stymisist\u00e4 tai viiv\u00e4stysten aiheuttamista v\u00e4lillisist\u00e4 haitoista. Toimitustapa Tuotteet toimitetaan asiakkaan valitsemalla kuljetustavalla Team Percheet varastolta. Saat ilmoituksen s\u00e4hk\u00f6postiin, kun tuote on noudettavissa tai saapumassa.&nbsp;Kuljetukset toimitetaan [&hellip;]\" \/>\n<meta property=\"og:url\" content=\"https:\/\/teampercheet.fi\/store\/tilaus-ja-maksuvahvistus\/\" \/>\n<meta property=\"og:site_name\" content=\"Team Percheet \u2013 Laadukkaat kalastustarvikkeet ja venevarusteet\" \/>\n<meta property=\"article:modified_time\" content=\"2025-05-14T23:12:51+00:00\" \/>\n<meta name=\"twitter:card\" content=\"summary_large_image\" \/>\n<meta name=\"twitter:label1\" content=\"Arvioitu lukuaika\" \/>\n\t<meta name=\"twitter:data1\" content=\"2 minuuttia\" \/>\n<script type=\"application\/ld+json\" class=\"yoast-schema-graph\">{\"@context\":\"https:\\\/\\\/schema.org\",\"@graph\":[{\"@type\":\"WebPage\",\"@id\":\"https:\\\/\\\/teampercheet.fi\\\/store\\\/tilaus-ja-maksuvahvistus\\\/\",\"url\":\"https:\\\/\\\/teampercheet.fi\\\/store\\\/tilaus-ja-maksuvahvistus\\\/\",\"name\":\"Tilaus- ja maksuehdot - Team Percheet \u2013 Laadukkaat kalastustarvikkeet ja venevarusteet\",\"isPartOf\":{\"@id\":\"https:\\\/\\\/teampercheet.fi\\\/store\\\/#website\"},\"datePublished\":\"2024-10-28T12:25:30+00:00\",\"dateModified\":\"2025-05-14T23:12:51+00:00\",\"breadcrumb\":{\"@id\":\"https:\\\/\\\/teampercheet.fi\\\/store\\\/tilaus-ja-maksuvahvistus\\\/#breadcrumb\"},\"inLanguage\":\"fi\",\"potentialAction\":[{\"@type\":\"ReadAction\",\"target\":[\"https:\\\/\\\/teampercheet.fi\\\/store\\\/tilaus-ja-maksuvahvistus\\\/\"]}]},{\"@type\":\"BreadcrumbList\",\"@id\":\"https:\\\/\\\/teampercheet.fi\\\/store\\\/tilaus-ja-maksuvahvistus\\\/#breadcrumb\",\"itemListElement\":[{\"@type\":\"ListItem\",\"position\":1,\"name\":\"Etusivu\",\"item\":\"https:\\\/\\\/teampercheet.fi\\\/store\\\/\"},{\"@type\":\"ListItem\",\"position\":2,\"name\":\"Tilaus- ja maksuehdot\"}]},{\"@type\":\"WebSite\",\"@id\":\"https:\\\/\\\/teampercheet.fi\\\/store\\\/#website\",\"url\":\"https:\\\/\\\/teampercheet.fi\\\/store\\\/\",\"name\":\"Team Percheet \u2013 Laadukkaat kalastustarvikkeet ja venevarusteet\",\"description\":\"Tutustu Percheet Gearin kattavaan valikoimaan. Kest\u00e4v\u00e4t venevarusteet, juomatelineet, anturikiinnikkeet ja anturisuojat veneilyyn ja\u00a0kalastukseen.\",\"publisher\":{\"@id\":\"https:\\\/\\\/teampercheet.fi\\\/store\\\/#organization\"},\"potentialAction\":[{\"@type\":\"SearchAction\",\"target\":{\"@type\":\"EntryPoint\",\"urlTemplate\":\"https:\\\/\\\/teampercheet.fi\\\/store\\\/?s={search_term_string}\"},\"query-input\":{\"@type\":\"PropertyValueSpecification\",\"valueRequired\":true,\"valueName\":\"search_term_string\"}}],\"inLanguage\":\"fi\"},{\"@type\":\"Organization\",\"@id\":\"https:\\\/\\\/teampercheet.fi\\\/store\\\/#organization\",\"name\":\"Team Percheet \u2013 Laadukkaat kalastustarvikkeet ja venevarusteet\",\"url\":\"https:\\\/\\\/teampercheet.fi\\\/store\\\/\",\"logo\":{\"@type\":\"ImageObject\",\"inLanguage\":\"fi\",\"@id\":\"https:\\\/\\\/teampercheet.fi\\\/store\\\/#\\\/schema\\\/logo\\\/image\\\/\",\"url\":\"https:\\\/\\\/teampercheet.fi\\\/store\\\/wp-content\\\/uploads\\\/2024\\\/10\\\/logo-tpc.png\",\"contentUrl\":\"https:\\\/\\\/teampercheet.fi\\\/store\\\/wp-content\\\/uploads\\\/2024\\\/10\\\/logo-tpc.png\",\"width\":1268,\"height\":211,\"caption\":\"Team Percheet \u2013 Laadukkaat kalastustarvikkeet ja venevarusteet\"},\"image\":{\"@id\":\"https:\\\/\\\/teampercheet.fi\\\/store\\\/#\\\/schema\\\/logo\\\/image\\\/\"}}]}<\/script>\n<!-- \/ Yoast SEO plugin. -->","yoast_head_json":{"title":"Tilaus- ja maksuehdot - Team Percheet \u2013 Laadukkaat kalastustarvikkeet ja venevarusteet","robots":{"index":"index","follow":"follow","max-snippet":"max-snippet:-1","max-image-preview":"max-image-preview:large","max-video-preview":"max-video-preview:-1"},"canonical":"https:\/\/teampercheet.fi\/store\/tilaus-ja-maksuvahvistus\/","og_locale":"fi_FI","og_type":"article","og_title":"Tilaus- ja maksuehdot - Team Percheet \u2013 Laadukkaat kalastustarvikkeet ja venevarusteet","og_description":"Tilaus- ja maksuvahvistus &nbsp; Toimitusaika Tuotteet toimitetaan aina mahdollisimman nopeasti tilausvahvistuksen saapumisesta. Toimitusaika on riippuvainen valitsemastanne kuljetusyhti\u00f6st\u00e4.&nbsp;Tuotteiden tavallinen toimitusaika suomessa on&nbsp;2-5 arkip\u00e4iv\u00e4\u00e4.&nbsp;Tuotteiden toimitusaika suomen ulkopuolelle on&nbsp;4-8 arkip\u00e4iv\u00e4\u00e4.&nbsp;Emme vastaa kuljetusyhti\u00f6ist\u00e4 johtuvista viiv\u00e4stymisist\u00e4 tai viiv\u00e4stysten aiheuttamista v\u00e4lillisist\u00e4 haitoista. Toimitustapa Tuotteet toimitetaan asiakkaan valitsemalla kuljetustavalla Team Percheet varastolta. Saat ilmoituksen s\u00e4hk\u00f6postiin, kun tuote on noudettavissa tai saapumassa.&nbsp;Kuljetukset toimitetaan [&hellip;]","og_url":"https:\/\/teampercheet.fi\/store\/tilaus-ja-maksuvahvistus\/","og_site_name":"Team Percheet \u2013 Laadukkaat kalastustarvikkeet ja venevarusteet","article_modified_time":"2025-05-14T23:12:51+00:00","twitter_card":"summary_large_image","twitter_misc":{"Arvioitu lukuaika":"2 minuuttia"},"schema":{"@context":"https:\/\/schema.org","@graph":[{"@type":"WebPage","@id":"https:\/\/teampercheet.fi\/store\/tilaus-ja-maksuvahvistus\/","url":"https:\/\/teampercheet.fi\/store\/tilaus-ja-maksuvahvistus\/","name":"Tilaus- ja maksuehdot - Team Percheet \u2013 Laadukkaat kalastustarvikkeet ja venevarusteet","isPartOf":{"@id":"https:\/\/teampercheet.fi\/store\/#website"},"datePublished":"2024-10-28T12:25:30+00:00","dateModified":"2025-05-14T23:12:51+00:00","breadcrumb":{"@id":"https:\/\/teampercheet.fi\/store\/tilaus-ja-maksuvahvistus\/#breadcrumb"},"inLanguage":"fi","potentialAction":[{"@type":"ReadAction","target":["https:\/\/teampercheet.fi\/store\/tilaus-ja-maksuvahvistus\/"]}]},{"@type":"BreadcrumbList","@id":"https:\/\/teampercheet.fi\/store\/tilaus-ja-maksuvahvistus\/#breadcrumb","itemListElement":[{"@type":"ListItem","position":1,"name":"Etusivu","item":"https:\/\/teampercheet.fi\/store\/"},{"@type":"ListItem","position":2,"name":"Tilaus- ja maksuehdot"}]},{"@type":"WebSite","@id":"https:\/\/teampercheet.fi\/store\/#website","url":"https:\/\/teampercheet.fi\/store\/","name":"Team Percheet \u2013 Laadukkaat kalastustarvikkeet ja venevarusteet","description":"Tutustu Percheet Gearin kattavaan valikoimaan. Kest\u00e4v\u00e4t venevarusteet, juomatelineet, anturikiinnikkeet ja anturisuojat veneilyyn ja\u00a0kalastukseen.","publisher":{"@id":"https:\/\/teampercheet.fi\/store\/#organization"},"potentialAction":[{"@type":"SearchAction","target":{"@type":"EntryPoint","urlTemplate":"https:\/\/teampercheet.fi\/store\/?s={search_term_string}"},"query-input":{"@type":"PropertyValueSpecification","valueRequired":true,"valueName":"search_term_string"}}],"inLanguage":"fi"},{"@type":"Organization","@id":"https:\/\/teampercheet.fi\/store\/#organization","name":"Team Percheet \u2013 Laadukkaat kalastustarvikkeet ja venevarusteet","url":"https:\/\/teampercheet.fi\/store\/","logo":{"@type":"ImageObject","inLanguage":"fi","@id":"https:\/\/teampercheet.fi\/store\/#\/schema\/logo\/image\/","url":"https:\/\/teampercheet.fi\/store\/wp-content\/uploads\/2024\/10\/logo-tpc.png","contentUrl":"https:\/\/teampercheet.fi\/store\/wp-content\/uploads\/2024\/10\/logo-tpc.png","width":1268,"height":211,"caption":"Team Percheet \u2013 Laadukkaat kalastustarvikkeet ja venevarusteet"},"image":{"@id":"https:\/\/teampercheet.fi\/store\/#\/schema\/logo\/image\/"}}]}},"_links":{"self":[{"href":"https:\/\/teampercheet.fi\/store\/wp-json\/wp\/v2\/pages\/874","targetHints":{"allow":["GET"]}}],"collection":[{"href":"https:\/\/teampercheet.fi\/store\/wp-json\/wp\/v2\/pages"}],"about":[{"href":"https:\/\/teampercheet.fi\/store\/wp-json\/wp\/v2\/types\/page"}],"author":[{"embeddable":true,"href":"https:\/\/teampercheet.fi\/store\/wp-json\/wp\/v2\/users\/1"}],"replies":[{"embeddable":true,"href":"https:\/\/teampercheet.fi\/store\/wp-json\/wp\/v2\/comments?post=874"}],"version-history":[{"count":27,"href":"https:\/\/teampercheet.fi\/store\/wp-json\/wp\/v2\/pages\/874\/revisions"}],"predecessor-version":[{"id":4315,"href":"https:\/\/teampercheet.fi\/store\/wp-json\/wp\/v2\/pages\/874\/revisions\/4315"}],"wp:attachment":[{"href":"https:\/\/teampercheet.fi\/store\/wp-json\/wp\/v2\/media?parent=874"}],"curies":[{"name":"wp","href":"https:\/\/api.w.org\/{rel}","templated":true}]}}