{"id":909,"date":"2024-10-28T19:37:08","date_gmt":"2024-10-28T17:37:08","guid":{"rendered":"https:\/\/teampercheet.fi\/store\/?page_id=909"},"modified":"2025-05-15T00:59:19","modified_gmt":"2025-05-14T21:59:19","slug":"tietosuoja","status":"publish","type":"page","link":"https:\/\/teampercheet.fi\/store\/tietosuoja\/","title":{"rendered":"Tietosuoja"},"content":{"rendered":"\t\t<div data-elementor-type=\"wp-page\" data-elementor-id=\"909\" class=\"elementor elementor-909\">\n\t\t\t\t<div class=\"elementor-element elementor-element-b3b070f e-flex e-con-boxed e-con e-parent\" data-id=\"b3b070f\" data-element_type=\"container\">\n\t\t\t\t\t<div class=\"e-con-inner\">\n\t\t\t\t<div class=\"elementor-element elementor-element-bb07bbf elementor-widget elementor-widget-heading\" data-id=\"bb07bbf\" data-element_type=\"widget\" data-widget_type=\"heading.default\">\n\t\t\t\t<div class=\"elementor-widget-container\">\n\t\t\t\t\t<h2 class=\"elementor-heading-title elementor-size-default\">Tietosuoja<\/h2>\t\t\t\t<\/div>\n\t\t\t\t<\/div>\n\t\t\t\t<div class=\"elementor-element elementor-element-ae2be94 elementor-widget elementor-widget-text-editor\" data-id=\"ae2be94\" data-element_type=\"widget\" data-widget_type=\"text-editor.default\">\n\t\t\t\t<div class=\"elementor-widget-container\">\n\t\t\t\t\t\t\t\t\t<p class=\"p1\"><b>TIETOSUOJA- JA REKISTERISELOSTE<\/b><br \/>Henkil\u00f6tietolain (523\/99) 10 \u00a7 ja EU:n tietosuoja-asetuksen (GDPR) mukainen tietosuoja- ja rekisteriseloste. Laatimisp\u00e4iv\u00e4m\u00e4\u00e4r\u00e4: 21.8.2024.<\/p><p class=\"p1\"><b>1. Rekisterin nimi<\/b><br \/>Team Percheet Oy- asiakasrekisteri<\/p><p class=\"p1\"><b>2. Rekisterin pit\u00e4j\u00e4<\/b><br \/>Team Percheet, asiakasrekisteri<\/p><p class=\"p1\"><b>3. Rekisterin yhteyshenkil\u00f6<\/b><br \/>Mikko Katajisto ja Roope Jakonen<br \/>Team Percheet Oy, 3491775-7<br \/>Osuusmyllynkatu 5, 33700 Tampere<br \/>teampercheet@gmail.com<\/p><p class=\"p1\"><b>4. Rekisteriss\u00e4 k\u00e4sitelt\u00e4v\u00e4t henkil\u00f6tiedot<\/b><br \/>Rekisteri sis\u00e4lt\u00e4\u00e4 seuraavan ryhmittelyn mukaiset tiedot asiakkaista:<br \/>\u2022 Etunimi<br \/>\u2022 Sukunimi<br \/>\u2022 Osoite<br \/>\u2022 Postinumero<br \/>\u2022 Paikkakunta<br \/>\u2022 Puhelinnumero<br \/>\u2022 Ostohistoria<br \/>\u2022 S\u00e4hk\u00f6postiosoite<\/p><p class=\"p1\"><b>5. Henkil\u00f6tietojen k\u00e4sittelyn tarkoitus<\/b><br \/>Team Percheet Oy yll\u00e4pit\u00e4\u00e4 asiakasrekisteri\u00e4 verkkokaupan asiakkaista ja tilaushistoriasta, sek\u00e4 my\u00f6s uutiskirjeen tilaajista.<\/p><p class=\"p1\">Verkkokauppaj\u00e4rjestelm\u00e4n ydinohjelma on WordPress<\/p><p class=\"p1\"><b>6. Henkil\u00f6tietojen s\u00e4ilytysaika<\/b><br \/>Henkil\u00f6tietoja s\u00e4ilytet\u00e4\u00e4n rekisteriss\u00e4 toistaiseksi. Rekisterist\u00e4 voidaan poistaa henkil\u00f6tietoja asiakkaan pyynn\u00f6st\u00e4.<\/p><p class=\"p1\"><b>7. S\u00e4\u00e4nn\u00f6nmukaiset tietol\u00e4hteet<\/b><br \/>Tietol\u00e4hteen\u00e4 ovat asiakkaan verkkolomakkeella antamat tiedot, jotka asiakas sy\u00f6tt\u00e4\u00e4 itse. Asiakastietoja voidaan pyynn\u00f6st\u00e4 p\u00e4ivitt\u00e4\u00e4 tai poistaa.<\/p><p class=\"p1\"><b>8. Henkil\u00f6tietojen s\u00e4\u00e4nn\u00f6nmukainen luovuttaminen<\/b><br \/>Henkil\u00f6tietoja ei luovuteta kolmannelle osapuolelle, paitsi Suomen viranomaistoimien niin edellytt\u00e4ess\u00e4. Henkil\u00f6tietoja ei koskaan luovuteta EU:hun tai Euroopan talousalueen ulkopuolelle.<\/p><p class=\"p1\"><b>9. Rekisterin suojauksen periaatteet<\/b><br \/>Asiakasrekisterin tietoturvallisuus varmistetaan tarkoituksenmukaisin teknisin ja hallinnollisin toimenpitein. Tietoja suojataan mm. palomuurin, fyysisten laitetilojen suojaamisen, kulunvalvonnan, k\u00e4ytt\u00f6oikeuksien ja salaustekniikoiden kautta. Henkil\u00f6tiedot s\u00e4ilytet\u00e4\u00e4n luottamuksellisina ja rekisteritietoja k\u00e4sittelev\u00e4t henkil\u00f6t ovat salassapitovelvollisuuden alaisia. P\u00e4\u00e4sy asiakasrekisterin tietokantaan on rajoitettu henkil\u00f6kohtaisilla k\u00e4ytt\u00e4j\u00e4oikeuksilla.<\/p><p class=\"p1\"><b>10. Henkil\u00f6tietojen tarkistusoikeus<\/b><br \/>Rekisteriin kuuluvilla on oikeus tarkistaa itse\u00e4\u00e4n koskevat tiedot ja vaatia virheellisen tiedon oikaisua. Tarkistaaksesi, mit\u00e4 henkil\u00f6tietoja sinusta on ker\u00e4tty rekisteriin, ota yhteys s\u00e4hk\u00f6postitse rekisterin yhteyshenkil\u00f6\u00f6n.<\/p><p class=\"p1\"><b>11. Oikeus kielt\u00e4\u00e4 tietojen k\u00e4ytt\u00f6 ja oikeus peruuttaa suostumus<\/b><br \/>Rekister\u00f6idyll\u00e4 on oikeus kielt\u00e4\u00e4 h\u00e4nt\u00e4 koskevien tietojen k\u00e4ytt\u00f6 ja vaatia tiedot poistettavaksi. T\u00e4m\u00e4 koskee tietoja, joiden k\u00e4sittely perustuu henkil\u00f6n antamaan suostumukseen.<\/p><p class=\"p1\"><b>12. Valitusoikeus<\/b><br \/>Rekister\u00f6idyll\u00e4 on oikeus valittaa valvontaviranomaiselle, jos rekister\u00f6ity katsoo, ett\u00e4 h\u00e4nt\u00e4 koskevien henkil\u00f6tietojen k\u00e4sittelyss\u00e4 rikotaan EU:n tietosuoja-asetusta.<\/p>\t\t\t\t\t\t\t\t<\/div>\n\t\t\t\t<\/div>\n\t\t\t\t<div class=\"elementor-element elementor-element-b8ee1a4 elementor-widget elementor-widget-text-editor\" data-id=\"b8ee1a4\" data-element_type=\"widget\" data-widget_type=\"text-editor.default\">\n\t\t\t\t<div class=\"elementor-widget-container\">\n\t\t\t\t\t\t\t\t\t<p class=\"p1\"><b>&nbsp;<\/b><\/p>\n<p class=\"p1\"><b>Ev\u00e4steet<br><\/b><br><span style=\"font-family: inherit; font-size: inherit; font-style: inherit; font-variant-ligatures: inherit; font-variant-caps: inherit; font-weight: inherit; text-align: var(--text-align); color: var(--theme-text-color); letter-spacing: var(--theme-letter-spacing); text-transform: var(--theme-text-transform);\">TeamPercheet-sivusto hy\u00f6dynt\u00e4\u00e4 ev\u00e4steit\u00e4 ja muita vastaavia selaintason teknologioita, kuten selaimen muistia. Ev\u00e4ste (cookie) on k\u00e4ytt\u00e4j\u00e4lle n\u00e4kym\u00e4t\u00f6n pieni tekstitiedosto, jonka TeamPercheet-sivusto luo parantaakseen k\u00e4ytt\u00e4j\u00e4kokemusta ja mahdollistaakseen paremmin toimivan verkkokaupan. Ev\u00e4steit\u00e4 k\u00e4ytet\u00e4\u00e4n esimerkiksi sivun tai ostoskorin toiminnallisuuksiin, k\u00e4ytt\u00e4j\u00e4n tunnistamiseen tai rekister\u00f6ityneen asiakkaan kirjautumiseen.&nbsp;<\/span><span style=\"font-family: inherit; font-size: inherit; font-style: inherit; font-variant-ligatures: inherit; font-variant-caps: inherit; font-weight: inherit;\">Ev\u00e4steet voidaan jaotella keston tai k\u00e4ytt\u00f6tarkoituksen mukaan. Istuntokohtaiset ev\u00e4steet toimivat selaimen k\u00e4ynnist\u00e4mishetkest\u00e4 sen sulkemiseen asti. Kun k\u00e4ytt\u00e4j\u00e4 sulkee selaimen, ev\u00e4steet poistetaan automaattisesti. Pysyvill\u00e4 ev\u00e4steill\u00e4 on ennalta m\u00e4\u00e4ritetty k\u00e4ytt\u00f6ik\u00e4 ja ne s\u00e4ilyv\u00e4t selaimessa, kunnes ne vanhenevat tai k\u00e4ytt\u00e4j\u00e4 poistaa ne itse. Ev\u00e4steiden ja niiden k\u00e4yt\u00f6n hyv\u00e4ksyminen on pakollista.&nbsp;<\/span><span style=\"font-family: inherit; font-size: inherit; font-style: inherit; font-variant-ligatures: inherit; font-variant-caps: inherit; font-weight: inherit;\">K\u00e4yt\u00e4mme ev\u00e4steit\u00e4 tarjoamamme sis\u00e4ll\u00f6n ja mainosten r\u00e4\u00e4t\u00e4l\u00f6imiseen, sosiaalisen median ominaisuuksien tukemiseen ja k\u00e4vij\u00e4m\u00e4\u00e4r\u00e4mme analysoimiseen. Lis\u00e4ksi jaamme sosiaalisen median, mainosalan ja analytiikka-alan kumppaneillemme tietoja siit\u00e4, miten k\u00e4yt\u00e4t sivustoamme. Kumppanimme voivat yhdist\u00e4\u00e4 n\u00e4it\u00e4 tietoja muihin tietoihin, joita olet antanut heille tai joita on ker\u00e4tty, kun olet k\u00e4ytt\u00e4nyt heid\u00e4n palvelujaan.&nbsp;<\/span><span style=\"font-family: inherit; font-size: inherit; font-style: inherit; font-variant-ligatures: inherit; font-variant-caps: inherit; font-weight: inherit;\">Verkkosivuston sis\u00e4ll\u00f6nhallinaj\u00e4rjestelm\u00e4n ev\u00e4steet, joiden avulla verkkosivuston sis\u00e4lt\u00f6j\u00e4 yll\u00e4pidet\u00e4\u00e4n ja esitet\u00e4\u00e4n k\u00e4ytt\u00e4j\u00e4lle. Ohjelmisto on v\u00e4ltt\u00e4m\u00e4t\u00f6n palvelun toiminnan kannalta. Sis\u00e4ll\u00f6nhallinaj\u00e4rjestelm\u00e4 ei tallenna sivuston k\u00e4ytt\u00e4jist\u00e4 henkil\u00f6tietoja, mutta se voi kuitenkin k\u00e4ytt\u00e4\u00e4 ensimm\u00e4isen osapuolen ev\u00e4steit\u00e4 teknisten toiminnallisuuksien toteuttamiseksi.&nbsp;<\/span><span style=\"font-family: inherit; font-size: inherit; font-style: inherit; font-variant-ligatures: inherit; font-variant-caps: inherit; font-weight: inherit;\">Voit halutessasi est\u00e4\u00e4 ev\u00e4steiden toiminnan muuttamalla omia selainasetuksiaan jolloin on mahdollista est\u00e4\u00e4 kaikki ev\u00e4steet. Ohjeet l\u00f6ytyv\u00e4t selaimen ohjesivulta. Mobiililaitteiden selaimet eiv\u00e4t aina tarjoa t\u00e4t\u00e4 mahdollisuutta, ja t\u00e4ll\u00f6in tulee tehd\u00e4 muutoksia puhelimen asetuksiin. K\u00e4ytt\u00e4j\u00e4n tulee kuitenkin huomioida, ett\u00e4 ev\u00e4steiden k\u00e4yt\u00f6n est\u00e4minen tai niiden poistaminen voi vaikuttaa haitallisesti verkkosivujen tai sen tiettyjen osioiden tai toimintojen k\u00e4ytt\u00e4miseen tai jopa est\u00e4\u00e4 sen kokonaan.&nbsp;<\/span><span style=\"font-family: inherit; font-size: inherit; font-style: inherit; font-variant-ligatures: inherit; font-variant-caps: inherit; font-weight: inherit;\">Yksityisen selaustilan (incognito) k\u00e4ytt\u00e4minen. T\u00e4m\u00e4n tilan k\u00e4ytt\u00e4minen est\u00e4\u00e4 selaushistorian ja muiden sivuston tietojen sek\u00e4 my\u00f6s pidempiaikaisten ev\u00e4steiden tallentumisen laitteelle. Joidenkin selainten yksityinen selaustila est\u00e4\u00e4 kolmansien osapuolten ev\u00e4steiden tallentumisen kokonaan. Ev\u00e4steit\u00e4 ja sivustojen dataa s\u00e4ilytet\u00e4\u00e4n selaimen v\u00e4limuistissa selaamisen ajan ja tiedot poistetaan vasta yksityisest\u00e4 selaustilasta poistumisen j\u00e4lkeen.<\/span><\/p>\t\t\t\t\t\t\t\t<\/div>\n\t\t\t\t<\/div>\n\t\t\t\t\t<\/div>\n\t\t\t\t<\/div>\n\t\t\t\t<\/div>\n\t\t","protected":false},"excerpt":{"rendered":"<p>Tietosuoja TIETOSUOJA- JA REKISTERISELOSTEHenkil\u00f6tietolain (523\/99) 10 \u00a7 ja EU:n tietosuoja-asetuksen (GDPR) mukainen tietosuoja- ja rekisteriseloste. Laatimisp\u00e4iv\u00e4m\u00e4\u00e4r\u00e4: 21.8.2024. 1. Rekisterin nimiTeam Percheet Oy- asiakasrekisteri 2. Rekisterin pit\u00e4j\u00e4Team Percheet, asiakasrekisteri 3. Rekisterin yhteyshenkil\u00f6Mikko Katajisto ja Roope JakonenTeam Percheet Oy, 3491775-7Osuusmyllynkatu 5, 33700 Tampereteampercheet@gmail.com 4. Rekisteriss\u00e4 k\u00e4sitelt\u00e4v\u00e4t henkil\u00f6tiedotRekisteri sis\u00e4lt\u00e4\u00e4 seuraavan ryhmittelyn mukaiset tiedot asiakkaista:\u2022 Etunimi\u2022 Sukunimi\u2022 Osoite\u2022 Postinumero\u2022 [&hellip;]<\/p>\n","protected":false},"author":1,"featured_media":0,"parent":0,"menu_order":0,"comment_status":"closed","ping_status":"closed","template":"","meta":{"footnotes":""},"class_list":["post-909","page","type-page","status-publish","hentry"],"blocksy_meta":[],"yoast_head":"<!-- This site is optimized with the Yoast SEO plugin v27.3 - https:\/\/yoast.com\/product\/yoast-seo-wordpress\/ -->\n<title>Tietosuoja - Team Percheet \u2013 Laadukkaat kalastustarvikkeet ja venevarusteet<\/title>\n<meta name=\"robots\" content=\"index, follow, max-snippet:-1, max-image-preview:large, max-video-preview:-1\" \/>\n<link rel=\"canonical\" href=\"https:\/\/teampercheet.fi\/store\/tietosuoja\/\" \/>\n<meta property=\"og:locale\" content=\"fi_FI\" \/>\n<meta property=\"og:type\" content=\"article\" \/>\n<meta property=\"og:title\" content=\"Tietosuoja - Team Percheet \u2013 Laadukkaat kalastustarvikkeet ja venevarusteet\" \/>\n<meta property=\"og:description\" content=\"Tietosuoja TIETOSUOJA- JA REKISTERISELOSTEHenkil\u00f6tietolain (523\/99) 10 \u00a7 ja EU:n tietosuoja-asetuksen (GDPR) mukainen tietosuoja- ja rekisteriseloste. Laatimisp\u00e4iv\u00e4m\u00e4\u00e4r\u00e4: 21.8.2024. 1. Rekisterin nimiTeam Percheet Oy- asiakasrekisteri 2. Rekisterin pit\u00e4j\u00e4Team Percheet, asiakasrekisteri 3. Rekisterin yhteyshenkil\u00f6Mikko Katajisto ja Roope JakonenTeam Percheet Oy, 3491775-7Osuusmyllynkatu 5, 33700 Tampereteampercheet@gmail.com 4. Rekisteriss\u00e4 k\u00e4sitelt\u00e4v\u00e4t henkil\u00f6tiedotRekisteri sis\u00e4lt\u00e4\u00e4 seuraavan ryhmittelyn mukaiset tiedot asiakkaista:\u2022 Etunimi\u2022 Sukunimi\u2022 Osoite\u2022 Postinumero\u2022 [&hellip;]\" \/>\n<meta property=\"og:url\" content=\"https:\/\/teampercheet.fi\/store\/tietosuoja\/\" \/>\n<meta property=\"og:site_name\" content=\"Team Percheet \u2013 Laadukkaat kalastustarvikkeet ja venevarusteet\" \/>\n<meta property=\"article:modified_time\" content=\"2025-05-14T21:59:19+00:00\" \/>\n<meta name=\"twitter:card\" content=\"summary_large_image\" \/>\n<meta name=\"twitter:label1\" content=\"Arvioitu lukuaika\" \/>\n\t<meta name=\"twitter:data1\" content=\"4 minuuttia\" \/>\n<script type=\"application\/ld+json\" class=\"yoast-schema-graph\">{\"@context\":\"https:\\\/\\\/schema.org\",\"@graph\":[{\"@type\":\"WebPage\",\"@id\":\"https:\\\/\\\/teampercheet.fi\\\/store\\\/tietosuoja\\\/\",\"url\":\"https:\\\/\\\/teampercheet.fi\\\/store\\\/tietosuoja\\\/\",\"name\":\"Tietosuoja - Team Percheet \u2013 Laadukkaat kalastustarvikkeet ja venevarusteet\",\"isPartOf\":{\"@id\":\"https:\\\/\\\/teampercheet.fi\\\/store\\\/#website\"},\"datePublished\":\"2024-10-28T17:37:08+00:00\",\"dateModified\":\"2025-05-14T21:59:19+00:00\",\"breadcrumb\":{\"@id\":\"https:\\\/\\\/teampercheet.fi\\\/store\\\/tietosuoja\\\/#breadcrumb\"},\"inLanguage\":\"fi\",\"potentialAction\":[{\"@type\":\"ReadAction\",\"target\":[\"https:\\\/\\\/teampercheet.fi\\\/store\\\/tietosuoja\\\/\"]}]},{\"@type\":\"BreadcrumbList\",\"@id\":\"https:\\\/\\\/teampercheet.fi\\\/store\\\/tietosuoja\\\/#breadcrumb\",\"itemListElement\":[{\"@type\":\"ListItem\",\"position\":1,\"name\":\"Etusivu\",\"item\":\"https:\\\/\\\/teampercheet.fi\\\/store\\\/\"},{\"@type\":\"ListItem\",\"position\":2,\"name\":\"Tietosuoja\"}]},{\"@type\":\"WebSite\",\"@id\":\"https:\\\/\\\/teampercheet.fi\\\/store\\\/#website\",\"url\":\"https:\\\/\\\/teampercheet.fi\\\/store\\\/\",\"name\":\"Team Percheet \u2013 Laadukkaat kalastustarvikkeet ja venevarusteet\",\"description\":\"Tutustu Percheet Gearin kattavaan valikoimaan. Kest\u00e4v\u00e4t venevarusteet, juomatelineet, anturikiinnikkeet ja anturisuojat veneilyyn ja\u00a0kalastukseen.\",\"publisher\":{\"@id\":\"https:\\\/\\\/teampercheet.fi\\\/store\\\/#organization\"},\"potentialAction\":[{\"@type\":\"SearchAction\",\"target\":{\"@type\":\"EntryPoint\",\"urlTemplate\":\"https:\\\/\\\/teampercheet.fi\\\/store\\\/?s={search_term_string}\"},\"query-input\":{\"@type\":\"PropertyValueSpecification\",\"valueRequired\":true,\"valueName\":\"search_term_string\"}}],\"inLanguage\":\"fi\"},{\"@type\":\"Organization\",\"@id\":\"https:\\\/\\\/teampercheet.fi\\\/store\\\/#organization\",\"name\":\"Team Percheet \u2013 Laadukkaat kalastustarvikkeet ja venevarusteet\",\"url\":\"https:\\\/\\\/teampercheet.fi\\\/store\\\/\",\"logo\":{\"@type\":\"ImageObject\",\"inLanguage\":\"fi\",\"@id\":\"https:\\\/\\\/teampercheet.fi\\\/store\\\/#\\\/schema\\\/logo\\\/image\\\/\",\"url\":\"https:\\\/\\\/teampercheet.fi\\\/store\\\/wp-content\\\/uploads\\\/2024\\\/10\\\/logo-tpc.png\",\"contentUrl\":\"https:\\\/\\\/teampercheet.fi\\\/store\\\/wp-content\\\/uploads\\\/2024\\\/10\\\/logo-tpc.png\",\"width\":1268,\"height\":211,\"caption\":\"Team Percheet \u2013 Laadukkaat kalastustarvikkeet ja venevarusteet\"},\"image\":{\"@id\":\"https:\\\/\\\/teampercheet.fi\\\/store\\\/#\\\/schema\\\/logo\\\/image\\\/\"}}]}<\/script>\n<!-- \/ Yoast SEO plugin. -->","yoast_head_json":{"title":"Tietosuoja - Team Percheet \u2013 Laadukkaat kalastustarvikkeet ja venevarusteet","robots":{"index":"index","follow":"follow","max-snippet":"max-snippet:-1","max-image-preview":"max-image-preview:large","max-video-preview":"max-video-preview:-1"},"canonical":"https:\/\/teampercheet.fi\/store\/tietosuoja\/","og_locale":"fi_FI","og_type":"article","og_title":"Tietosuoja - Team Percheet \u2013 Laadukkaat kalastustarvikkeet ja venevarusteet","og_description":"Tietosuoja TIETOSUOJA- JA REKISTERISELOSTEHenkil\u00f6tietolain (523\/99) 10 \u00a7 ja EU:n tietosuoja-asetuksen (GDPR) mukainen tietosuoja- ja rekisteriseloste. Laatimisp\u00e4iv\u00e4m\u00e4\u00e4r\u00e4: 21.8.2024. 1. Rekisterin nimiTeam Percheet Oy- asiakasrekisteri 2. Rekisterin pit\u00e4j\u00e4Team Percheet, asiakasrekisteri 3. Rekisterin yhteyshenkil\u00f6Mikko Katajisto ja Roope JakonenTeam Percheet Oy, 3491775-7Osuusmyllynkatu 5, 33700 Tampereteampercheet@gmail.com 4. Rekisteriss\u00e4 k\u00e4sitelt\u00e4v\u00e4t henkil\u00f6tiedotRekisteri sis\u00e4lt\u00e4\u00e4 seuraavan ryhmittelyn mukaiset tiedot asiakkaista:\u2022 Etunimi\u2022 Sukunimi\u2022 Osoite\u2022 Postinumero\u2022 [&hellip;]","og_url":"https:\/\/teampercheet.fi\/store\/tietosuoja\/","og_site_name":"Team Percheet \u2013 Laadukkaat kalastustarvikkeet ja venevarusteet","article_modified_time":"2025-05-14T21:59:19+00:00","twitter_card":"summary_large_image","twitter_misc":{"Arvioitu lukuaika":"4 minuuttia"},"schema":{"@context":"https:\/\/schema.org","@graph":[{"@type":"WebPage","@id":"https:\/\/teampercheet.fi\/store\/tietosuoja\/","url":"https:\/\/teampercheet.fi\/store\/tietosuoja\/","name":"Tietosuoja - Team Percheet \u2013 Laadukkaat kalastustarvikkeet ja venevarusteet","isPartOf":{"@id":"https:\/\/teampercheet.fi\/store\/#website"},"datePublished":"2024-10-28T17:37:08+00:00","dateModified":"2025-05-14T21:59:19+00:00","breadcrumb":{"@id":"https:\/\/teampercheet.fi\/store\/tietosuoja\/#breadcrumb"},"inLanguage":"fi","potentialAction":[{"@type":"ReadAction","target":["https:\/\/teampercheet.fi\/store\/tietosuoja\/"]}]},{"@type":"BreadcrumbList","@id":"https:\/\/teampercheet.fi\/store\/tietosuoja\/#breadcrumb","itemListElement":[{"@type":"ListItem","position":1,"name":"Etusivu","item":"https:\/\/teampercheet.fi\/store\/"},{"@type":"ListItem","position":2,"name":"Tietosuoja"}]},{"@type":"WebSite","@id":"https:\/\/teampercheet.fi\/store\/#website","url":"https:\/\/teampercheet.fi\/store\/","name":"Team Percheet \u2013 Laadukkaat kalastustarvikkeet ja venevarusteet","description":"Tutustu Percheet Gearin kattavaan valikoimaan. Kest\u00e4v\u00e4t venevarusteet, juomatelineet, anturikiinnikkeet ja anturisuojat veneilyyn ja\u00a0kalastukseen.","publisher":{"@id":"https:\/\/teampercheet.fi\/store\/#organization"},"potentialAction":[{"@type":"SearchAction","target":{"@type":"EntryPoint","urlTemplate":"https:\/\/teampercheet.fi\/store\/?s={search_term_string}"},"query-input":{"@type":"PropertyValueSpecification","valueRequired":true,"valueName":"search_term_string"}}],"inLanguage":"fi"},{"@type":"Organization","@id":"https:\/\/teampercheet.fi\/store\/#organization","name":"Team Percheet \u2013 Laadukkaat kalastustarvikkeet ja venevarusteet","url":"https:\/\/teampercheet.fi\/store\/","logo":{"@type":"ImageObject","inLanguage":"fi","@id":"https:\/\/teampercheet.fi\/store\/#\/schema\/logo\/image\/","url":"https:\/\/teampercheet.fi\/store\/wp-content\/uploads\/2024\/10\/logo-tpc.png","contentUrl":"https:\/\/teampercheet.fi\/store\/wp-content\/uploads\/2024\/10\/logo-tpc.png","width":1268,"height":211,"caption":"Team Percheet \u2013 Laadukkaat kalastustarvikkeet ja venevarusteet"},"image":{"@id":"https:\/\/teampercheet.fi\/store\/#\/schema\/logo\/image\/"}}]}},"_links":{"self":[{"href":"https:\/\/teampercheet.fi\/store\/wp-json\/wp\/v2\/pages\/909","targetHints":{"allow":["GET"]}}],"collection":[{"href":"https:\/\/teampercheet.fi\/store\/wp-json\/wp\/v2\/pages"}],"about":[{"href":"https:\/\/teampercheet.fi\/store\/wp-json\/wp\/v2\/types\/page"}],"author":[{"embeddable":true,"href":"https:\/\/teampercheet.fi\/store\/wp-json\/wp\/v2\/users\/1"}],"replies":[{"embeddable":true,"href":"https:\/\/teampercheet.fi\/store\/wp-json\/wp\/v2\/comments?post=909"}],"version-history":[{"count":23,"href":"https:\/\/teampercheet.fi\/store\/wp-json\/wp\/v2\/pages\/909\/revisions"}],"predecessor-version":[{"id":4304,"href":"https:\/\/teampercheet.fi\/store\/wp-json\/wp\/v2\/pages\/909\/revisions\/4304"}],"wp:attachment":[{"href":"https:\/\/teampercheet.fi\/store\/wp-json\/wp\/v2\/media?parent=909"}],"curies":[{"name":"wp","href":"https:\/\/api.w.org\/{rel}","templated":true}]}}