{"id":1580,"date":"2024-11-04T14:53:53","date_gmt":"2024-11-04T12:53:53","guid":{"rendered":"https:\/\/teampercheet.fi\/store\/?post_type=product&#038;p=1580"},"modified":"2026-04-02T00:40:14","modified_gmt":"2026-04-01T21:40:14","slug":"%f0%9f%94%a5-percheet-teline-nayttoon-l-g","status":"publish","type":"product","link":"https:\/\/teampercheet.fi\/store\/tuote\/%f0%9f%94%a5-percheet-teline-nayttoon-l-g\/","title":{"rendered":"\ud83d\udd25 PERCHEET teline n\u00e4ytt\u00f6\u00f6n"},"content":{"rendered":"","protected":false},"excerpt":{"rendered":"<p>T\u00e4m\u00e4 tuote on t\u00e4ydellinen ty\u00f6kalujen s\u00e4ilytysratkaisu veneen keulan\u00e4yt\u00f6n yhteyteen, mutta se sopii my\u00f6s mihin tahansa n\u00e4ytt\u00f6\u00f6n kiinnitett\u00e4v\u00e4ksi. Keulan\u00e4ytt\u00f6\u00f6n asennettava ty\u00f6kaluteline hy\u00f6dynt\u00e4\u00e4 veneen tilaa tehokkaasti, mik\u00e4 on erityisen t\u00e4rke\u00e4\u00e4 ahtaissa keulaosissa, joissa heittotasoa sek\u00e4 s\u00e4ilytystilaa voi olla v\u00e4hemm\u00e4n. T\u00e4ll\u00e4 telineell\u00e4 saat kaikki oleelliset ty\u00f6kalut organisoidusti ja helposti saataville.<\/p>\n<p>Koko: 11.5cm x 6.3cm.<\/p>\n","protected":false},"featured_media":1807,"comment_status":"open","ping_status":"closed","template":"","meta":[],"product_brand":[],"product_cat":[294],"product_tag":[39,130,102,43,65,41,40,99,79,80,131,35,42,31,133,132,73],"class_list":{"0":"post-1580","1":"product","2":"type-product","3":"status-publish","4":"has-post-thumbnail","6":"product_cat-tyokalutelineet","7":"product_tag-bass-boat-tool-holder","8":"product_tag-garmin","9":"product_tag-heittokalastus","10":"product_tag-jig-holder","11":"product_tag-jigholder","12":"product_tag-jigi-teline","13":"product_tag-jigiteline","14":"product_tag-kalastustarvikkeet","15":"product_tag-kalastusvene","16":"product_tag-kalastusveneen-rakentaminen","17":"product_tag-lowrance","18":"product_tag-team-percheet","19":"product_tag-team-percheet-oy","20":"product_tag-tyokaluteline","21":"product_tag-tyokaluteline-monitoiminayttoon","22":"product_tag-tyokaluteline-vene","23":"product_tag-veneen-kiinnike","25":"first","26":"instock","27":"taxable","28":"shipping-taxable","29":"purchasable","30":"product-type-simple"},"yoast_head":"<!-- This site is optimized with the Yoast SEO plugin v27.3 - https:\/\/yoast.com\/product\/yoast-seo-wordpress\/ -->\n<title>\ud83d\udd25 PERCHEET teline n\u00e4ytt\u00f6\u00f6n - Team Percheet \u2013 Laadukkaat kalastustarvikkeet ja venevarusteet<\/title>\n<meta name=\"robots\" content=\"index, follow, max-snippet:-1, max-image-preview:large, max-video-preview:-1\" \/>\n<link rel=\"canonical\" href=\"https:\/\/teampercheet.fi\/store\/tuote\/\ud83d\udd25-percheet-teline-nayttoon-l-g\/\" \/>\n<meta property=\"og:locale\" content=\"fi_FI\" \/>\n<meta property=\"og:type\" content=\"article\" \/>\n<meta property=\"og:title\" content=\"\ud83d\udd25 PERCHEET teline n\u00e4ytt\u00f6\u00f6n - Team Percheet \u2013 Laadukkaat kalastustarvikkeet ja venevarusteet\" \/>\n<meta property=\"og:description\" content=\"T\u00e4m\u00e4 tuote on t\u00e4ydellinen ty\u00f6kalujen s\u00e4ilytysratkaisu veneen keulan\u00e4yt\u00f6n yhteyteen, mutta se sopii my\u00f6s mihin tahansa n\u00e4ytt\u00f6\u00f6n kiinnitett\u00e4v\u00e4ksi. Keulan\u00e4ytt\u00f6\u00f6n asennettava ty\u00f6kaluteline hy\u00f6dynt\u00e4\u00e4 veneen tilaa tehokkaasti, mik\u00e4 on erityisen t\u00e4rke\u00e4\u00e4 ahtaissa keulaosissa, joissa heittotasoa sek\u00e4 s\u00e4ilytystilaa voi olla v\u00e4hemm\u00e4n. T\u00e4ll\u00e4 telineell\u00e4 saat kaikki oleelliset ty\u00f6kalut organisoidusti ja helposti saataville.  Koko: 11.5cm x 6.3cm.\" \/>\n<meta property=\"og:url\" content=\"https:\/\/teampercheet.fi\/store\/tuote\/\ud83d\udd25-percheet-teline-nayttoon-l-g\/\" \/>\n<meta property=\"og:site_name\" content=\"Team Percheet \u2013 Laadukkaat kalastustarvikkeet ja venevarusteet\" \/>\n<meta property=\"article:modified_time\" content=\"2026-04-01T21:40:14+00:00\" \/>\n<meta property=\"og:image\" content=\"https:\/\/teampercheet.fi\/store\/wp-content\/uploads\/2024\/11\/teline-nayttoon-remmilla-scaled.jpg\" \/>\n\t<meta property=\"og:image:width\" content=\"2560\" \/>\n\t<meta property=\"og:image:height\" content=\"2560\" \/>\n\t<meta property=\"og:image:type\" content=\"image\/jpeg\" \/>\n<meta name=\"twitter:card\" content=\"summary_large_image\" \/>\n<script type=\"application\/ld+json\" class=\"yoast-schema-graph\">{\"@context\":\"https:\\\/\\\/schema.org\",\"@graph\":[{\"@type\":\"WebPage\",\"@id\":\"https:\\\/\\\/teampercheet.fi\\\/store\\\/tuote\\\/%f0%9f%94%a5-percheet-teline-nayttoon-l-g\\\/\",\"url\":\"https:\\\/\\\/teampercheet.fi\\\/store\\\/tuote\\\/%f0%9f%94%a5-percheet-teline-nayttoon-l-g\\\/\",\"name\":\"\ud83d\udd25 PERCHEET teline n\u00e4ytt\u00f6\u00f6n - Team Percheet \u2013 Laadukkaat kalastustarvikkeet ja venevarusteet\",\"isPartOf\":{\"@id\":\"https:\\\/\\\/teampercheet.fi\\\/store\\\/#website\"},\"primaryImageOfPage\":{\"@id\":\"https:\\\/\\\/teampercheet.fi\\\/store\\\/tuote\\\/%f0%9f%94%a5-percheet-teline-nayttoon-l-g\\\/#primaryimage\"},\"image\":{\"@id\":\"https:\\\/\\\/teampercheet.fi\\\/store\\\/tuote\\\/%f0%9f%94%a5-percheet-teline-nayttoon-l-g\\\/#primaryimage\"},\"thumbnailUrl\":\"https:\\\/\\\/teampercheet.fi\\\/store\\\/wp-content\\\/uploads\\\/2024\\\/11\\\/teline-nayttoon-remmilla-scaled.jpg\",\"datePublished\":\"2024-11-04T12:53:53+00:00\",\"dateModified\":\"2026-04-01T21:40:14+00:00\",\"breadcrumb\":{\"@id\":\"https:\\\/\\\/teampercheet.fi\\\/store\\\/tuote\\\/%f0%9f%94%a5-percheet-teline-nayttoon-l-g\\\/#breadcrumb\"},\"inLanguage\":\"fi\",\"potentialAction\":[{\"@type\":\"ReadAction\",\"target\":[\"https:\\\/\\\/teampercheet.fi\\\/store\\\/tuote\\\/%f0%9f%94%a5-percheet-teline-nayttoon-l-g\\\/\"]}]},{\"@type\":\"ImageObject\",\"inLanguage\":\"fi\",\"@id\":\"https:\\\/\\\/teampercheet.fi\\\/store\\\/tuote\\\/%f0%9f%94%a5-percheet-teline-nayttoon-l-g\\\/#primaryimage\",\"url\":\"https:\\\/\\\/teampercheet.fi\\\/store\\\/wp-content\\\/uploads\\\/2024\\\/11\\\/teline-nayttoon-remmilla-scaled.jpg\",\"contentUrl\":\"https:\\\/\\\/teampercheet.fi\\\/store\\\/wp-content\\\/uploads\\\/2024\\\/11\\\/teline-nayttoon-remmilla-scaled.jpg\",\"width\":2560,\"height\":2560},{\"@type\":\"BreadcrumbList\",\"@id\":\"https:\\\/\\\/teampercheet.fi\\\/store\\\/tuote\\\/%f0%9f%94%a5-percheet-teline-nayttoon-l-g\\\/#breadcrumb\",\"itemListElement\":[{\"@type\":\"ListItem\",\"position\":1,\"name\":\"Etusivu\",\"item\":\"https:\\\/\\\/teampercheet.fi\\\/store\\\/\"},{\"@type\":\"ListItem\",\"position\":2,\"name\":\"Kauppa\",\"item\":\"https:\\\/\\\/teampercheet.fi\\\/store\\\/kauppa\\\/\"},{\"@type\":\"ListItem\",\"position\":3,\"name\":\"\ud83d\udd25 PERCHEET teline n\u00e4ytt\u00f6\u00f6n\"}]},{\"@type\":\"WebSite\",\"@id\":\"https:\\\/\\\/teampercheet.fi\\\/store\\\/#website\",\"url\":\"https:\\\/\\\/teampercheet.fi\\\/store\\\/\",\"name\":\"Team Percheet \u2013 Laadukkaat kalastustarvikkeet ja venevarusteet\",\"description\":\"Tutustu Percheet Gearin kattavaan valikoimaan. Kest\u00e4v\u00e4t venevarusteet, juomatelineet, anturikiinnikkeet ja anturisuojat veneilyyn ja\u00a0kalastukseen.\",\"publisher\":{\"@id\":\"https:\\\/\\\/teampercheet.fi\\\/store\\\/#organization\"},\"potentialAction\":[{\"@type\":\"SearchAction\",\"target\":{\"@type\":\"EntryPoint\",\"urlTemplate\":\"https:\\\/\\\/teampercheet.fi\\\/store\\\/?s={search_term_string}\"},\"query-input\":{\"@type\":\"PropertyValueSpecification\",\"valueRequired\":true,\"valueName\":\"search_term_string\"}}],\"inLanguage\":\"fi\"},{\"@type\":\"Organization\",\"@id\":\"https:\\\/\\\/teampercheet.fi\\\/store\\\/#organization\",\"name\":\"Team Percheet \u2013 Laadukkaat kalastustarvikkeet ja venevarusteet\",\"url\":\"https:\\\/\\\/teampercheet.fi\\\/store\\\/\",\"logo\":{\"@type\":\"ImageObject\",\"inLanguage\":\"fi\",\"@id\":\"https:\\\/\\\/teampercheet.fi\\\/store\\\/#\\\/schema\\\/logo\\\/image\\\/\",\"url\":\"https:\\\/\\\/teampercheet.fi\\\/store\\\/wp-content\\\/uploads\\\/2024\\\/10\\\/logo-tpc.png\",\"contentUrl\":\"https:\\\/\\\/teampercheet.fi\\\/store\\\/wp-content\\\/uploads\\\/2024\\\/10\\\/logo-tpc.png\",\"width\":1268,\"height\":211,\"caption\":\"Team Percheet \u2013 Laadukkaat kalastustarvikkeet ja venevarusteet\"},\"image\":{\"@id\":\"https:\\\/\\\/teampercheet.fi\\\/store\\\/#\\\/schema\\\/logo\\\/image\\\/\"}}]}<\/script>\n<!-- \/ Yoast SEO plugin. -->","yoast_head_json":{"title":"\ud83d\udd25 PERCHEET teline n\u00e4ytt\u00f6\u00f6n - Team Percheet \u2013 Laadukkaat kalastustarvikkeet ja venevarusteet","robots":{"index":"index","follow":"follow","max-snippet":"max-snippet:-1","max-image-preview":"max-image-preview:large","max-video-preview":"max-video-preview:-1"},"canonical":"https:\/\/teampercheet.fi\/store\/tuote\/\ud83d\udd25-percheet-teline-nayttoon-l-g\/","og_locale":"fi_FI","og_type":"article","og_title":"\ud83d\udd25 PERCHEET teline n\u00e4ytt\u00f6\u00f6n - Team Percheet \u2013 Laadukkaat kalastustarvikkeet ja venevarusteet","og_description":"T\u00e4m\u00e4 tuote on t\u00e4ydellinen ty\u00f6kalujen s\u00e4ilytysratkaisu veneen keulan\u00e4yt\u00f6n yhteyteen, mutta se sopii my\u00f6s mihin tahansa n\u00e4ytt\u00f6\u00f6n kiinnitett\u00e4v\u00e4ksi. Keulan\u00e4ytt\u00f6\u00f6n asennettava ty\u00f6kaluteline hy\u00f6dynt\u00e4\u00e4 veneen tilaa tehokkaasti, mik\u00e4 on erityisen t\u00e4rke\u00e4\u00e4 ahtaissa keulaosissa, joissa heittotasoa sek\u00e4 s\u00e4ilytystilaa voi olla v\u00e4hemm\u00e4n. T\u00e4ll\u00e4 telineell\u00e4 saat kaikki oleelliset ty\u00f6kalut organisoidusti ja helposti saataville.  Koko: 11.5cm x 6.3cm.","og_url":"https:\/\/teampercheet.fi\/store\/tuote\/\ud83d\udd25-percheet-teline-nayttoon-l-g\/","og_site_name":"Team Percheet \u2013 Laadukkaat kalastustarvikkeet ja venevarusteet","article_modified_time":"2026-04-01T21:40:14+00:00","og_image":[{"width":2560,"height":2560,"url":"https:\/\/teampercheet.fi\/store\/wp-content\/uploads\/2024\/11\/teline-nayttoon-remmilla-scaled.jpg","type":"image\/jpeg"}],"twitter_card":"summary_large_image","schema":{"@context":"https:\/\/schema.org","@graph":[{"@type":"WebPage","@id":"https:\/\/teampercheet.fi\/store\/tuote\/%f0%9f%94%a5-percheet-teline-nayttoon-l-g\/","url":"https:\/\/teampercheet.fi\/store\/tuote\/%f0%9f%94%a5-percheet-teline-nayttoon-l-g\/","name":"\ud83d\udd25 PERCHEET teline n\u00e4ytt\u00f6\u00f6n - Team Percheet \u2013 Laadukkaat kalastustarvikkeet ja venevarusteet","isPartOf":{"@id":"https:\/\/teampercheet.fi\/store\/#website"},"primaryImageOfPage":{"@id":"https:\/\/teampercheet.fi\/store\/tuote\/%f0%9f%94%a5-percheet-teline-nayttoon-l-g\/#primaryimage"},"image":{"@id":"https:\/\/teampercheet.fi\/store\/tuote\/%f0%9f%94%a5-percheet-teline-nayttoon-l-g\/#primaryimage"},"thumbnailUrl":"https:\/\/teampercheet.fi\/store\/wp-content\/uploads\/2024\/11\/teline-nayttoon-remmilla-scaled.jpg","datePublished":"2024-11-04T12:53:53+00:00","dateModified":"2026-04-01T21:40:14+00:00","breadcrumb":{"@id":"https:\/\/teampercheet.fi\/store\/tuote\/%f0%9f%94%a5-percheet-teline-nayttoon-l-g\/#breadcrumb"},"inLanguage":"fi","potentialAction":[{"@type":"ReadAction","target":["https:\/\/teampercheet.fi\/store\/tuote\/%f0%9f%94%a5-percheet-teline-nayttoon-l-g\/"]}]},{"@type":"ImageObject","inLanguage":"fi","@id":"https:\/\/teampercheet.fi\/store\/tuote\/%f0%9f%94%a5-percheet-teline-nayttoon-l-g\/#primaryimage","url":"https:\/\/teampercheet.fi\/store\/wp-content\/uploads\/2024\/11\/teline-nayttoon-remmilla-scaled.jpg","contentUrl":"https:\/\/teampercheet.fi\/store\/wp-content\/uploads\/2024\/11\/teline-nayttoon-remmilla-scaled.jpg","width":2560,"height":2560},{"@type":"BreadcrumbList","@id":"https:\/\/teampercheet.fi\/store\/tuote\/%f0%9f%94%a5-percheet-teline-nayttoon-l-g\/#breadcrumb","itemListElement":[{"@type":"ListItem","position":1,"name":"Etusivu","item":"https:\/\/teampercheet.fi\/store\/"},{"@type":"ListItem","position":2,"name":"Kauppa","item":"https:\/\/teampercheet.fi\/store\/kauppa\/"},{"@type":"ListItem","position":3,"name":"\ud83d\udd25 PERCHEET teline n\u00e4ytt\u00f6\u00f6n"}]},{"@type":"WebSite","@id":"https:\/\/teampercheet.fi\/store\/#website","url":"https:\/\/teampercheet.fi\/store\/","name":"Team Percheet \u2013 Laadukkaat kalastustarvikkeet ja venevarusteet","description":"Tutustu Percheet Gearin kattavaan valikoimaan. Kest\u00e4v\u00e4t venevarusteet, juomatelineet, anturikiinnikkeet ja anturisuojat veneilyyn ja\u00a0kalastukseen.","publisher":{"@id":"https:\/\/teampercheet.fi\/store\/#organization"},"potentialAction":[{"@type":"SearchAction","target":{"@type":"EntryPoint","urlTemplate":"https:\/\/teampercheet.fi\/store\/?s={search_term_string}"},"query-input":{"@type":"PropertyValueSpecification","valueRequired":true,"valueName":"search_term_string"}}],"inLanguage":"fi"},{"@type":"Organization","@id":"https:\/\/teampercheet.fi\/store\/#organization","name":"Team Percheet \u2013 Laadukkaat kalastustarvikkeet ja venevarusteet","url":"https:\/\/teampercheet.fi\/store\/","logo":{"@type":"ImageObject","inLanguage":"fi","@id":"https:\/\/teampercheet.fi\/store\/#\/schema\/logo\/image\/","url":"https:\/\/teampercheet.fi\/store\/wp-content\/uploads\/2024\/10\/logo-tpc.png","contentUrl":"https:\/\/teampercheet.fi\/store\/wp-content\/uploads\/2024\/10\/logo-tpc.png","width":1268,"height":211,"caption":"Team Percheet \u2013 Laadukkaat kalastustarvikkeet ja venevarusteet"},"image":{"@id":"https:\/\/teampercheet.fi\/store\/#\/schema\/logo\/image\/"}}]}},"_links":{"self":[{"href":"https:\/\/teampercheet.fi\/store\/wp-json\/wp\/v2\/product\/1580","targetHints":{"allow":["GET"]}}],"collection":[{"href":"https:\/\/teampercheet.fi\/store\/wp-json\/wp\/v2\/product"}],"about":[{"href":"https:\/\/teampercheet.fi\/store\/wp-json\/wp\/v2\/types\/product"}],"replies":[{"embeddable":true,"href":"https:\/\/teampercheet.fi\/store\/wp-json\/wp\/v2\/comments?post=1580"}],"wp:featuredmedia":[{"embeddable":true,"href":"https:\/\/teampercheet.fi\/store\/wp-json\/wp\/v2\/media\/1807"}],"wp:attachment":[{"href":"https:\/\/teampercheet.fi\/store\/wp-json\/wp\/v2\/media?parent=1580"}],"wp:term":[{"taxonomy":"product_brand","embeddable":true,"href":"https:\/\/teampercheet.fi\/store\/wp-json\/wp\/v2\/product_brand?post=1580"},{"taxonomy":"product_cat","embeddable":true,"href":"https:\/\/teampercheet.fi\/store\/wp-json\/wp\/v2\/product_cat?post=1580"},{"taxonomy":"product_tag","embeddable":true,"href":"https:\/\/teampercheet.fi\/store\/wp-json\/wp\/v2\/product_tag?post=1580"}],"curies":[{"name":"wp","href":"https:\/\/api.w.org\/{rel}","templated":true}]}}