{"id":2083,"date":"2024-12-02T08:40:50","date_gmt":"2024-12-02T06:40:50","guid":{"rendered":"https:\/\/teampercheet.fi\/store\/?post_type=product&#038;p=2083"},"modified":"2026-03-04T20:29:49","modified_gmt":"2026-03-04T18:29:49","slug":"percheet-pilkkianturiteline-%e2%9d%84%ef%b8%8f","status":"publish","type":"product","link":"https:\/\/teampercheet.fi\/store\/tuote\/percheet-pilkkianturiteline-%e2%9d%84%ef%b8%8f\/","title":{"rendered":"PERCHEET 2D pilkkianturiteline \u2744\ufe0f"},"content":{"rendered":"","protected":false},"excerpt":{"rendered":"<p class=\"p1\">T\u00e4m\u00e4 yksinkertainen teline on suunniteltu pilkkianturin s\u00e4ilytt\u00e4mist\u00e4 varten. Pilkkianturiteline ei pelk\u00e4st\u00e4\u00e4n suojaa anturiasi vaan my\u00f6s tuo k\u00e4ytt\u00f6mukavuutta pilkkimiseen pakkasella. Suuren avomaisen hexagon pohjan ansiosta anturiin kertynyt j\u00e4\u00e4 ja lumi kulkeutuu anturista pois.<\/p>\n<p class=\"p1\">Anturisuoja on 3D tulostettu vahvasta PETG-muovista jonka rakenne on erinomaisen luja, iskunkest\u00e4v\u00e4 sek\u00e4 l\u00e4mm\u00f6nsietokykyinen.<\/p>\n<p class=\"p1\">Helppo kiinnitys valittavalla PERCHEET kiinnitysruuvilla tai kanssa kalastajien toiveesta <strong>nyt my\u00f6s 3M Dual Lock- tarranauhalla<\/strong> jolloin ahkio pysyy vesitiiviin\u00e4 ja teline on helposti otettavissa irti halutessasi.<\/p>\n","protected":false},"featured_media":4998,"comment_status":"open","ping_status":"closed","template":"","meta":[],"product_brand":[],"product_cat":[298],"product_tag":[160,166,145,143,163,162,138,164,165],"class_list":{"0":"post-2083","1":"product","2":"type-product","3":"status-publish","4":"has-post-thumbnail","6":"product_cat-talvikalastus-pilkkiminen","7":"product_tag-kalastus","8":"product_tag-kalastuselektroniikka","9":"product_tag-pilkki","10":"product_tag-pilkkiahkio","11":"product_tag-pilkkianturi","12":"product_tag-pilkkianturiteline","13":"product_tag-pilkkiminen","14":"product_tag-pilkkiviistoanturi","15":"product_tag-viistoanturi","17":"first","18":"instock","19":"taxable","20":"shipping-taxable","21":"purchasable","22":"product-type-variable"},"yoast_head":"<!-- This site is optimized with the Yoast SEO plugin v27.3 - https:\/\/yoast.com\/product\/yoast-seo-wordpress\/ -->\n<title>PERCHEET 2D pilkkianturiteline \u2744\ufe0f - Team Percheet \u2013 Laadukkaat kalastustarvikkeet ja venevarusteet<\/title>\n<meta name=\"robots\" content=\"index, follow, max-snippet:-1, max-image-preview:large, max-video-preview:-1\" \/>\n<link rel=\"canonical\" href=\"https:\/\/teampercheet.fi\/store\/tuote\/percheet-pilkkianturiteline-\u2744\ufe0f\/\" \/>\n<meta property=\"og:locale\" content=\"fi_FI\" \/>\n<meta property=\"og:type\" content=\"article\" \/>\n<meta property=\"og:title\" content=\"PERCHEET 2D pilkkianturiteline \u2744\ufe0f - Team Percheet \u2013 Laadukkaat kalastustarvikkeet ja venevarusteet\" \/>\n<meta property=\"og:description\" content=\"T\u00e4m\u00e4 yksinkertainen teline on suunniteltu pilkkianturin s\u00e4ilytt\u00e4mist\u00e4 varten. Pilkkianturiteline ei pelk\u00e4st\u00e4\u00e4n suojaa anturiasi vaan my\u00f6s tuo k\u00e4ytt\u00f6mukavuutta pilkkimiseen pakkasella. Suuren avomaisen hexagon pohjan ansiosta anturiin kertynyt j\u00e4\u00e4 ja lumi kulkeutuu anturista pois. Anturisuoja on 3D tulostettu vahvasta PETG-muovista jonka rakenne on erinomaisen luja, iskunkest\u00e4v\u00e4 sek\u00e4 l\u00e4mm\u00f6nsietokykyinen. Helppo kiinnitys valittavalla PERCHEET kiinnitysruuvilla tai kanssa kalastajien toiveesta nyt my\u00f6s 3M Dual Lock- tarranauhalla jolloin ahkio pysyy vesitiiviin\u00e4 ja teline on helposti otettavissa irti halutessasi.\" \/>\n<meta property=\"og:url\" content=\"https:\/\/teampercheet.fi\/store\/tuote\/percheet-pilkkianturiteline-\u2744\ufe0f\/\" \/>\n<meta property=\"og:site_name\" content=\"Team Percheet \u2013 Laadukkaat kalastustarvikkeet ja venevarusteet\" \/>\n<meta property=\"article:modified_time\" content=\"2026-03-04T18:29:49+00:00\" \/>\n<meta property=\"og:image\" content=\"https:\/\/teampercheet.fi\/store\/wp-content\/uploads\/2024\/12\/Pilkkianturiteline-1-1-scaled-e1762580324524.jpg\" \/>\n\t<meta property=\"og:image:width\" content=\"1829\" \/>\n\t<meta property=\"og:image:height\" content=\"1830\" \/>\n\t<meta property=\"og:image:type\" content=\"image\/jpeg\" \/>\n<meta name=\"twitter:card\" content=\"summary_large_image\" \/>\n<script type=\"application\/ld+json\" class=\"yoast-schema-graph\">{\"@context\":\"https:\\\/\\\/schema.org\",\"@graph\":[{\"@type\":\"WebPage\",\"@id\":\"https:\\\/\\\/teampercheet.fi\\\/store\\\/tuote\\\/percheet-pilkkianturiteline-%e2%9d%84%ef%b8%8f\\\/\",\"url\":\"https:\\\/\\\/teampercheet.fi\\\/store\\\/tuote\\\/percheet-pilkkianturiteline-%e2%9d%84%ef%b8%8f\\\/\",\"name\":\"PERCHEET 2D pilkkianturiteline \u2744\ufe0f - Team Percheet \u2013 Laadukkaat kalastustarvikkeet ja venevarusteet\",\"isPartOf\":{\"@id\":\"https:\\\/\\\/teampercheet.fi\\\/store\\\/#website\"},\"primaryImageOfPage\":{\"@id\":\"https:\\\/\\\/teampercheet.fi\\\/store\\\/tuote\\\/percheet-pilkkianturiteline-%e2%9d%84%ef%b8%8f\\\/#primaryimage\"},\"image\":{\"@id\":\"https:\\\/\\\/teampercheet.fi\\\/store\\\/tuote\\\/percheet-pilkkianturiteline-%e2%9d%84%ef%b8%8f\\\/#primaryimage\"},\"thumbnailUrl\":\"https:\\\/\\\/teampercheet.fi\\\/store\\\/wp-content\\\/uploads\\\/2024\\\/12\\\/Pilkkianturiteline-1-1-scaled-e1762580324524.jpg\",\"datePublished\":\"2024-12-02T06:40:50+00:00\",\"dateModified\":\"2026-03-04T18:29:49+00:00\",\"breadcrumb\":{\"@id\":\"https:\\\/\\\/teampercheet.fi\\\/store\\\/tuote\\\/percheet-pilkkianturiteline-%e2%9d%84%ef%b8%8f\\\/#breadcrumb\"},\"inLanguage\":\"fi\",\"potentialAction\":[{\"@type\":\"ReadAction\",\"target\":[\"https:\\\/\\\/teampercheet.fi\\\/store\\\/tuote\\\/percheet-pilkkianturiteline-%e2%9d%84%ef%b8%8f\\\/\"]}]},{\"@type\":\"ImageObject\",\"inLanguage\":\"fi\",\"@id\":\"https:\\\/\\\/teampercheet.fi\\\/store\\\/tuote\\\/percheet-pilkkianturiteline-%e2%9d%84%ef%b8%8f\\\/#primaryimage\",\"url\":\"https:\\\/\\\/teampercheet.fi\\\/store\\\/wp-content\\\/uploads\\\/2024\\\/12\\\/Pilkkianturiteline-1-1-scaled-e1762580324524.jpg\",\"contentUrl\":\"https:\\\/\\\/teampercheet.fi\\\/store\\\/wp-content\\\/uploads\\\/2024\\\/12\\\/Pilkkianturiteline-1-1-scaled-e1762580324524.jpg\",\"width\":1829,\"height\":1830},{\"@type\":\"BreadcrumbList\",\"@id\":\"https:\\\/\\\/teampercheet.fi\\\/store\\\/tuote\\\/percheet-pilkkianturiteline-%e2%9d%84%ef%b8%8f\\\/#breadcrumb\",\"itemListElement\":[{\"@type\":\"ListItem\",\"position\":1,\"name\":\"Etusivu\",\"item\":\"https:\\\/\\\/teampercheet.fi\\\/store\\\/\"},{\"@type\":\"ListItem\",\"position\":2,\"name\":\"Kauppa\",\"item\":\"https:\\\/\\\/teampercheet.fi\\\/store\\\/kauppa\\\/\"},{\"@type\":\"ListItem\",\"position\":3,\"name\":\"PERCHEET 2D pilkkianturiteline \u2744\ufe0f\"}]},{\"@type\":\"WebSite\",\"@id\":\"https:\\\/\\\/teampercheet.fi\\\/store\\\/#website\",\"url\":\"https:\\\/\\\/teampercheet.fi\\\/store\\\/\",\"name\":\"Team Percheet \u2013 Laadukkaat kalastustarvikkeet ja venevarusteet\",\"description\":\"Tutustu Percheet Gearin kattavaan valikoimaan. Kest\u00e4v\u00e4t venevarusteet, juomatelineet, anturikiinnikkeet ja anturisuojat veneilyyn ja\u00a0kalastukseen.\",\"publisher\":{\"@id\":\"https:\\\/\\\/teampercheet.fi\\\/store\\\/#organization\"},\"potentialAction\":[{\"@type\":\"SearchAction\",\"target\":{\"@type\":\"EntryPoint\",\"urlTemplate\":\"https:\\\/\\\/teampercheet.fi\\\/store\\\/?s={search_term_string}\"},\"query-input\":{\"@type\":\"PropertyValueSpecification\",\"valueRequired\":true,\"valueName\":\"search_term_string\"}}],\"inLanguage\":\"fi\"},{\"@type\":\"Organization\",\"@id\":\"https:\\\/\\\/teampercheet.fi\\\/store\\\/#organization\",\"name\":\"Team Percheet \u2013 Laadukkaat kalastustarvikkeet ja venevarusteet\",\"url\":\"https:\\\/\\\/teampercheet.fi\\\/store\\\/\",\"logo\":{\"@type\":\"ImageObject\",\"inLanguage\":\"fi\",\"@id\":\"https:\\\/\\\/teampercheet.fi\\\/store\\\/#\\\/schema\\\/logo\\\/image\\\/\",\"url\":\"https:\\\/\\\/teampercheet.fi\\\/store\\\/wp-content\\\/uploads\\\/2024\\\/10\\\/logo-tpc.png\",\"contentUrl\":\"https:\\\/\\\/teampercheet.fi\\\/store\\\/wp-content\\\/uploads\\\/2024\\\/10\\\/logo-tpc.png\",\"width\":1268,\"height\":211,\"caption\":\"Team Percheet \u2013 Laadukkaat kalastustarvikkeet ja venevarusteet\"},\"image\":{\"@id\":\"https:\\\/\\\/teampercheet.fi\\\/store\\\/#\\\/schema\\\/logo\\\/image\\\/\"}}]}<\/script>\n<!-- \/ Yoast SEO plugin. -->","yoast_head_json":{"title":"PERCHEET 2D pilkkianturiteline \u2744\ufe0f - Team Percheet \u2013 Laadukkaat kalastustarvikkeet ja venevarusteet","robots":{"index":"index","follow":"follow","max-snippet":"max-snippet:-1","max-image-preview":"max-image-preview:large","max-video-preview":"max-video-preview:-1"},"canonical":"https:\/\/teampercheet.fi\/store\/tuote\/percheet-pilkkianturiteline-\u2744\ufe0f\/","og_locale":"fi_FI","og_type":"article","og_title":"PERCHEET 2D pilkkianturiteline \u2744\ufe0f - Team Percheet \u2013 Laadukkaat kalastustarvikkeet ja venevarusteet","og_description":"T\u00e4m\u00e4 yksinkertainen teline on suunniteltu pilkkianturin s\u00e4ilytt\u00e4mist\u00e4 varten. Pilkkianturiteline ei pelk\u00e4st\u00e4\u00e4n suojaa anturiasi vaan my\u00f6s tuo k\u00e4ytt\u00f6mukavuutta pilkkimiseen pakkasella. Suuren avomaisen hexagon pohjan ansiosta anturiin kertynyt j\u00e4\u00e4 ja lumi kulkeutuu anturista pois. Anturisuoja on 3D tulostettu vahvasta PETG-muovista jonka rakenne on erinomaisen luja, iskunkest\u00e4v\u00e4 sek\u00e4 l\u00e4mm\u00f6nsietokykyinen. Helppo kiinnitys valittavalla PERCHEET kiinnitysruuvilla tai kanssa kalastajien toiveesta nyt my\u00f6s 3M Dual Lock- tarranauhalla jolloin ahkio pysyy vesitiiviin\u00e4 ja teline on helposti otettavissa irti halutessasi.","og_url":"https:\/\/teampercheet.fi\/store\/tuote\/percheet-pilkkianturiteline-\u2744\ufe0f\/","og_site_name":"Team Percheet \u2013 Laadukkaat kalastustarvikkeet ja venevarusteet","article_modified_time":"2026-03-04T18:29:49+00:00","og_image":[{"width":1829,"height":1830,"url":"https:\/\/teampercheet.fi\/store\/wp-content\/uploads\/2024\/12\/Pilkkianturiteline-1-1-scaled-e1762580324524.jpg","type":"image\/jpeg"}],"twitter_card":"summary_large_image","schema":{"@context":"https:\/\/schema.org","@graph":[{"@type":"WebPage","@id":"https:\/\/teampercheet.fi\/store\/tuote\/percheet-pilkkianturiteline-%e2%9d%84%ef%b8%8f\/","url":"https:\/\/teampercheet.fi\/store\/tuote\/percheet-pilkkianturiteline-%e2%9d%84%ef%b8%8f\/","name":"PERCHEET 2D pilkkianturiteline \u2744\ufe0f - Team Percheet \u2013 Laadukkaat kalastustarvikkeet ja venevarusteet","isPartOf":{"@id":"https:\/\/teampercheet.fi\/store\/#website"},"primaryImageOfPage":{"@id":"https:\/\/teampercheet.fi\/store\/tuote\/percheet-pilkkianturiteline-%e2%9d%84%ef%b8%8f\/#primaryimage"},"image":{"@id":"https:\/\/teampercheet.fi\/store\/tuote\/percheet-pilkkianturiteline-%e2%9d%84%ef%b8%8f\/#primaryimage"},"thumbnailUrl":"https:\/\/teampercheet.fi\/store\/wp-content\/uploads\/2024\/12\/Pilkkianturiteline-1-1-scaled-e1762580324524.jpg","datePublished":"2024-12-02T06:40:50+00:00","dateModified":"2026-03-04T18:29:49+00:00","breadcrumb":{"@id":"https:\/\/teampercheet.fi\/store\/tuote\/percheet-pilkkianturiteline-%e2%9d%84%ef%b8%8f\/#breadcrumb"},"inLanguage":"fi","potentialAction":[{"@type":"ReadAction","target":["https:\/\/teampercheet.fi\/store\/tuote\/percheet-pilkkianturiteline-%e2%9d%84%ef%b8%8f\/"]}]},{"@type":"ImageObject","inLanguage":"fi","@id":"https:\/\/teampercheet.fi\/store\/tuote\/percheet-pilkkianturiteline-%e2%9d%84%ef%b8%8f\/#primaryimage","url":"https:\/\/teampercheet.fi\/store\/wp-content\/uploads\/2024\/12\/Pilkkianturiteline-1-1-scaled-e1762580324524.jpg","contentUrl":"https:\/\/teampercheet.fi\/store\/wp-content\/uploads\/2024\/12\/Pilkkianturiteline-1-1-scaled-e1762580324524.jpg","width":1829,"height":1830},{"@type":"BreadcrumbList","@id":"https:\/\/teampercheet.fi\/store\/tuote\/percheet-pilkkianturiteline-%e2%9d%84%ef%b8%8f\/#breadcrumb","itemListElement":[{"@type":"ListItem","position":1,"name":"Etusivu","item":"https:\/\/teampercheet.fi\/store\/"},{"@type":"ListItem","position":2,"name":"Kauppa","item":"https:\/\/teampercheet.fi\/store\/kauppa\/"},{"@type":"ListItem","position":3,"name":"PERCHEET 2D pilkkianturiteline \u2744\ufe0f"}]},{"@type":"WebSite","@id":"https:\/\/teampercheet.fi\/store\/#website","url":"https:\/\/teampercheet.fi\/store\/","name":"Team Percheet \u2013 Laadukkaat kalastustarvikkeet ja venevarusteet","description":"Tutustu Percheet Gearin kattavaan valikoimaan. Kest\u00e4v\u00e4t venevarusteet, juomatelineet, anturikiinnikkeet ja anturisuojat veneilyyn ja\u00a0kalastukseen.","publisher":{"@id":"https:\/\/teampercheet.fi\/store\/#organization"},"potentialAction":[{"@type":"SearchAction","target":{"@type":"EntryPoint","urlTemplate":"https:\/\/teampercheet.fi\/store\/?s={search_term_string}"},"query-input":{"@type":"PropertyValueSpecification","valueRequired":true,"valueName":"search_term_string"}}],"inLanguage":"fi"},{"@type":"Organization","@id":"https:\/\/teampercheet.fi\/store\/#organization","name":"Team Percheet \u2013 Laadukkaat kalastustarvikkeet ja venevarusteet","url":"https:\/\/teampercheet.fi\/store\/","logo":{"@type":"ImageObject","inLanguage":"fi","@id":"https:\/\/teampercheet.fi\/store\/#\/schema\/logo\/image\/","url":"https:\/\/teampercheet.fi\/store\/wp-content\/uploads\/2024\/10\/logo-tpc.png","contentUrl":"https:\/\/teampercheet.fi\/store\/wp-content\/uploads\/2024\/10\/logo-tpc.png","width":1268,"height":211,"caption":"Team Percheet \u2013 Laadukkaat kalastustarvikkeet ja venevarusteet"},"image":{"@id":"https:\/\/teampercheet.fi\/store\/#\/schema\/logo\/image\/"}}]}},"_links":{"self":[{"href":"https:\/\/teampercheet.fi\/store\/wp-json\/wp\/v2\/product\/2083","targetHints":{"allow":["GET"]}}],"collection":[{"href":"https:\/\/teampercheet.fi\/store\/wp-json\/wp\/v2\/product"}],"about":[{"href":"https:\/\/teampercheet.fi\/store\/wp-json\/wp\/v2\/types\/product"}],"replies":[{"embeddable":true,"href":"https:\/\/teampercheet.fi\/store\/wp-json\/wp\/v2\/comments?post=2083"}],"wp:featuredmedia":[{"embeddable":true,"href":"https:\/\/teampercheet.fi\/store\/wp-json\/wp\/v2\/media\/4998"}],"wp:attachment":[{"href":"https:\/\/teampercheet.fi\/store\/wp-json\/wp\/v2\/media?parent=2083"}],"wp:term":[{"taxonomy":"product_brand","embeddable":true,"href":"https:\/\/teampercheet.fi\/store\/wp-json\/wp\/v2\/product_brand?post=2083"},{"taxonomy":"product_cat","embeddable":true,"href":"https:\/\/teampercheet.fi\/store\/wp-json\/wp\/v2\/product_cat?post=2083"},{"taxonomy":"product_tag","embeddable":true,"href":"https:\/\/teampercheet.fi\/store\/wp-json\/wp\/v2\/product_tag?post=2083"}],"curies":[{"name":"wp","href":"https:\/\/api.w.org\/{rel}","templated":true}]}}