{"id":2216,"date":"2024-12-15T00:42:40","date_gmt":"2024-12-14T22:42:40","guid":{"rendered":"https:\/\/teampercheet.fi\/store\/?post_type=product&#038;p=2216"},"modified":"2026-04-08T18:15:37","modified_gmt":"2026-04-08T15:15:37","slug":"percheet-kairatelineet","status":"publish","type":"product","link":"https:\/\/teampercheet.fi\/store\/tuote\/percheet-kairatelineet\/","title":{"rendered":"PERCHEET Kairateline \u2744\ufe0f"},"content":{"rendered":"","protected":false},"excerpt":{"rendered":"<p>Nyt entist\u00e4kin j\u00e4mer\u00e4mpi kairateline (2kpl) jolla kuljetat kairan ahkiossa tukevasti ja vaivattomasti. Juuri oikealla kulmalla suunnitellut kairatelineet takaavat optimaalisen sijoittumisen ahkioon viem\u00e4tt\u00e4 ylim\u00e4\u00e4r\u00e4ist\u00e4 tilaa sek\u00e4 kaatamatta ahkiota. Kest\u00e4v\u00e4t remmit pit\u00e4v\u00e4t kairan tukevasti kiinnikkeiss\u00e4 ja remmien kumisesta k\u00e4sisijasta on helppo ottaa kiinni paksuillakin hanskoilla.<\/p>\n<p>Percheet kairatelineit\u00e4 voi hy\u00f6dynt\u00e4\u00e4 my\u00f6s muiden tavaroiden kuljettamiseen kuten sukset, sauvat, haavit jne.<\/p>\n<p>Kairatelineet soveltuu aina 10 tuuman kairaan asti. Hinta sis\u00e4lt\u00e4\u00e4 2kpl telineit\u00e4 ja kiinnitykseen tarvittavat mutterit, pultit ja prikat.<\/p>\n<p>.<\/p>\n","protected":false},"featured_media":4997,"comment_status":"open","ping_status":"closed","template":"","meta":[],"product_brand":[],"product_cat":[301,298],"product_tag":[92,193,197,196,151,195,192,166,99,143,194,138,35,42,198],"class_list":{"0":"post-2216","1":"product","2":"type-product","3":"status-publish","4":"has-post-thumbnail","6":"product_cat-myydyimmat","7":"product_cat-talvikalastus-pilkkiminen","8":"product_tag-3dtulostaminen","9":"product_tag-ahkio","10":"product_tag-ahkioteline","11":"product_tag-jaakaira","12":"product_tag-kaikuluotain","13":"product_tag-kaira","14":"product_tag-kairateline","15":"product_tag-kalastuselektroniikka","16":"product_tag-kalastustarvikkeet","17":"product_tag-pilkkiahkio","18":"product_tag-pilkkikaira","19":"product_tag-pilkkiminen","20":"product_tag-team-percheet","21":"product_tag-team-percheet-oy","22":"product_tag-teline-ahkioon","24":"first","25":"instock","26":"taxable","27":"shipping-taxable","28":"purchasable","29":"product-type-simple"},"yoast_head":"<!-- This site is optimized with the Yoast SEO plugin v27.3 - https:\/\/yoast.com\/product\/yoast-seo-wordpress\/ -->\n<title>PERCHEET Kairateline \u2744\ufe0f - Team Percheet \u2013 Laadukkaat kalastustarvikkeet ja venevarusteet<\/title>\n<meta name=\"robots\" content=\"index, follow, max-snippet:-1, max-image-preview:large, max-video-preview:-1\" \/>\n<link rel=\"canonical\" href=\"https:\/\/teampercheet.fi\/store\/tuote\/percheet-kairatelineet\/\" \/>\n<meta property=\"og:locale\" content=\"fi_FI\" \/>\n<meta property=\"og:type\" content=\"article\" \/>\n<meta property=\"og:title\" content=\"PERCHEET Kairateline \u2744\ufe0f - Team Percheet \u2013 Laadukkaat kalastustarvikkeet ja venevarusteet\" \/>\n<meta property=\"og:description\" content=\"Nyt entist\u00e4kin j\u00e4mer\u00e4mpi kairateline (2kpl) jolla kuljetat kairan ahkiossa tukevasti ja vaivattomasti. Juuri oikealla kulmalla suunnitellut kairatelineet takaavat optimaalisen sijoittumisen ahkioon viem\u00e4tt\u00e4 ylim\u00e4\u00e4r\u00e4ist\u00e4 tilaa sek\u00e4 kaatamatta ahkiota. Kest\u00e4v\u00e4t remmit pit\u00e4v\u00e4t kairan tukevasti kiinnikkeiss\u00e4 ja remmien kumisesta k\u00e4sisijasta on helppo ottaa kiinni paksuillakin hanskoilla.  Percheet kairatelineit\u00e4 voi hy\u00f6dynt\u00e4\u00e4 my\u00f6s muiden tavaroiden kuljettamiseen kuten sukset, sauvat, haavit jne.  Kairatelineet soveltuu aina 10 tuuman kairaan asti. Hinta sis\u00e4lt\u00e4\u00e4 2kpl telineit\u00e4 ja kiinnitykseen tarvittavat mutterit, pultit ja prikat.  .\" \/>\n<meta property=\"og:url\" content=\"https:\/\/teampercheet.fi\/store\/tuote\/percheet-kairatelineet\/\" \/>\n<meta property=\"og:site_name\" content=\"Team Percheet \u2013 Laadukkaat kalastustarvikkeet ja venevarusteet\" \/>\n<meta property=\"article:modified_time\" content=\"2026-04-08T15:15:37+00:00\" \/>\n<meta property=\"og:image\" content=\"https:\/\/teampercheet.fi\/store\/wp-content\/uploads\/2024\/12\/Kairateline-2048x2048-1-e1762450440345.jpg\" \/>\n\t<meta property=\"og:image:width\" content=\"1667\" \/>\n\t<meta property=\"og:image:height\" content=\"1670\" \/>\n\t<meta property=\"og:image:type\" content=\"image\/jpeg\" \/>\n<meta name=\"twitter:card\" content=\"summary_large_image\" \/>\n<script type=\"application\/ld+json\" class=\"yoast-schema-graph\">{\"@context\":\"https:\\\/\\\/schema.org\",\"@graph\":[{\"@type\":\"WebPage\",\"@id\":\"https:\\\/\\\/teampercheet.fi\\\/store\\\/tuote\\\/percheet-kairatelineet\\\/\",\"url\":\"https:\\\/\\\/teampercheet.fi\\\/store\\\/tuote\\\/percheet-kairatelineet\\\/\",\"name\":\"PERCHEET Kairateline \u2744\ufe0f - Team Percheet \u2013 Laadukkaat kalastustarvikkeet ja venevarusteet\",\"isPartOf\":{\"@id\":\"https:\\\/\\\/teampercheet.fi\\\/store\\\/#website\"},\"primaryImageOfPage\":{\"@id\":\"https:\\\/\\\/teampercheet.fi\\\/store\\\/tuote\\\/percheet-kairatelineet\\\/#primaryimage\"},\"image\":{\"@id\":\"https:\\\/\\\/teampercheet.fi\\\/store\\\/tuote\\\/percheet-kairatelineet\\\/#primaryimage\"},\"thumbnailUrl\":\"https:\\\/\\\/teampercheet.fi\\\/store\\\/wp-content\\\/uploads\\\/2024\\\/12\\\/Kairateline-2048x2048-1-e1762450440345.jpg\",\"datePublished\":\"2024-12-14T22:42:40+00:00\",\"dateModified\":\"2026-04-08T15:15:37+00:00\",\"breadcrumb\":{\"@id\":\"https:\\\/\\\/teampercheet.fi\\\/store\\\/tuote\\\/percheet-kairatelineet\\\/#breadcrumb\"},\"inLanguage\":\"fi\",\"potentialAction\":[{\"@type\":\"ReadAction\",\"target\":[\"https:\\\/\\\/teampercheet.fi\\\/store\\\/tuote\\\/percheet-kairatelineet\\\/\"]}]},{\"@type\":\"ImageObject\",\"inLanguage\":\"fi\",\"@id\":\"https:\\\/\\\/teampercheet.fi\\\/store\\\/tuote\\\/percheet-kairatelineet\\\/#primaryimage\",\"url\":\"https:\\\/\\\/teampercheet.fi\\\/store\\\/wp-content\\\/uploads\\\/2024\\\/12\\\/Kairateline-2048x2048-1-e1762450440345.jpg\",\"contentUrl\":\"https:\\\/\\\/teampercheet.fi\\\/store\\\/wp-content\\\/uploads\\\/2024\\\/12\\\/Kairateline-2048x2048-1-e1762450440345.jpg\",\"width\":1667,\"height\":1670},{\"@type\":\"BreadcrumbList\",\"@id\":\"https:\\\/\\\/teampercheet.fi\\\/store\\\/tuote\\\/percheet-kairatelineet\\\/#breadcrumb\",\"itemListElement\":[{\"@type\":\"ListItem\",\"position\":1,\"name\":\"Etusivu\",\"item\":\"https:\\\/\\\/teampercheet.fi\\\/store\\\/\"},{\"@type\":\"ListItem\",\"position\":2,\"name\":\"Kauppa\",\"item\":\"https:\\\/\\\/teampercheet.fi\\\/store\\\/kauppa\\\/\"},{\"@type\":\"ListItem\",\"position\":3,\"name\":\"PERCHEET Kairateline \u2744\ufe0f\"}]},{\"@type\":\"WebSite\",\"@id\":\"https:\\\/\\\/teampercheet.fi\\\/store\\\/#website\",\"url\":\"https:\\\/\\\/teampercheet.fi\\\/store\\\/\",\"name\":\"Team Percheet \u2013 Laadukkaat kalastustarvikkeet ja venevarusteet\",\"description\":\"Tutustu Percheet Gearin kattavaan valikoimaan. Kest\u00e4v\u00e4t venevarusteet, juomatelineet, anturikiinnikkeet ja anturisuojat veneilyyn ja\u00a0kalastukseen.\",\"publisher\":{\"@id\":\"https:\\\/\\\/teampercheet.fi\\\/store\\\/#organization\"},\"potentialAction\":[{\"@type\":\"SearchAction\",\"target\":{\"@type\":\"EntryPoint\",\"urlTemplate\":\"https:\\\/\\\/teampercheet.fi\\\/store\\\/?s={search_term_string}\"},\"query-input\":{\"@type\":\"PropertyValueSpecification\",\"valueRequired\":true,\"valueName\":\"search_term_string\"}}],\"inLanguage\":\"fi\"},{\"@type\":\"Organization\",\"@id\":\"https:\\\/\\\/teampercheet.fi\\\/store\\\/#organization\",\"name\":\"Team Percheet \u2013 Laadukkaat kalastustarvikkeet ja venevarusteet\",\"url\":\"https:\\\/\\\/teampercheet.fi\\\/store\\\/\",\"logo\":{\"@type\":\"ImageObject\",\"inLanguage\":\"fi\",\"@id\":\"https:\\\/\\\/teampercheet.fi\\\/store\\\/#\\\/schema\\\/logo\\\/image\\\/\",\"url\":\"https:\\\/\\\/teampercheet.fi\\\/store\\\/wp-content\\\/uploads\\\/2024\\\/10\\\/logo-tpc.png\",\"contentUrl\":\"https:\\\/\\\/teampercheet.fi\\\/store\\\/wp-content\\\/uploads\\\/2024\\\/10\\\/logo-tpc.png\",\"width\":1268,\"height\":211,\"caption\":\"Team Percheet \u2013 Laadukkaat kalastustarvikkeet ja venevarusteet\"},\"image\":{\"@id\":\"https:\\\/\\\/teampercheet.fi\\\/store\\\/#\\\/schema\\\/logo\\\/image\\\/\"}}]}<\/script>\n<!-- \/ Yoast SEO plugin. -->","yoast_head_json":{"title":"PERCHEET Kairateline \u2744\ufe0f - Team Percheet \u2013 Laadukkaat kalastustarvikkeet ja venevarusteet","robots":{"index":"index","follow":"follow","max-snippet":"max-snippet:-1","max-image-preview":"max-image-preview:large","max-video-preview":"max-video-preview:-1"},"canonical":"https:\/\/teampercheet.fi\/store\/tuote\/percheet-kairatelineet\/","og_locale":"fi_FI","og_type":"article","og_title":"PERCHEET Kairateline \u2744\ufe0f - Team Percheet \u2013 Laadukkaat kalastustarvikkeet ja venevarusteet","og_description":"Nyt entist\u00e4kin j\u00e4mer\u00e4mpi kairateline (2kpl) jolla kuljetat kairan ahkiossa tukevasti ja vaivattomasti. Juuri oikealla kulmalla suunnitellut kairatelineet takaavat optimaalisen sijoittumisen ahkioon viem\u00e4tt\u00e4 ylim\u00e4\u00e4r\u00e4ist\u00e4 tilaa sek\u00e4 kaatamatta ahkiota. Kest\u00e4v\u00e4t remmit pit\u00e4v\u00e4t kairan tukevasti kiinnikkeiss\u00e4 ja remmien kumisesta k\u00e4sisijasta on helppo ottaa kiinni paksuillakin hanskoilla.  Percheet kairatelineit\u00e4 voi hy\u00f6dynt\u00e4\u00e4 my\u00f6s muiden tavaroiden kuljettamiseen kuten sukset, sauvat, haavit jne.  Kairatelineet soveltuu aina 10 tuuman kairaan asti. Hinta sis\u00e4lt\u00e4\u00e4 2kpl telineit\u00e4 ja kiinnitykseen tarvittavat mutterit, pultit ja prikat.  .","og_url":"https:\/\/teampercheet.fi\/store\/tuote\/percheet-kairatelineet\/","og_site_name":"Team Percheet \u2013 Laadukkaat kalastustarvikkeet ja venevarusteet","article_modified_time":"2026-04-08T15:15:37+00:00","og_image":[{"width":1667,"height":1670,"url":"https:\/\/teampercheet.fi\/store\/wp-content\/uploads\/2024\/12\/Kairateline-2048x2048-1-e1762450440345.jpg","type":"image\/jpeg"}],"twitter_card":"summary_large_image","schema":{"@context":"https:\/\/schema.org","@graph":[{"@type":"WebPage","@id":"https:\/\/teampercheet.fi\/store\/tuote\/percheet-kairatelineet\/","url":"https:\/\/teampercheet.fi\/store\/tuote\/percheet-kairatelineet\/","name":"PERCHEET Kairateline \u2744\ufe0f - Team Percheet \u2013 Laadukkaat kalastustarvikkeet ja venevarusteet","isPartOf":{"@id":"https:\/\/teampercheet.fi\/store\/#website"},"primaryImageOfPage":{"@id":"https:\/\/teampercheet.fi\/store\/tuote\/percheet-kairatelineet\/#primaryimage"},"image":{"@id":"https:\/\/teampercheet.fi\/store\/tuote\/percheet-kairatelineet\/#primaryimage"},"thumbnailUrl":"https:\/\/teampercheet.fi\/store\/wp-content\/uploads\/2024\/12\/Kairateline-2048x2048-1-e1762450440345.jpg","datePublished":"2024-12-14T22:42:40+00:00","dateModified":"2026-04-08T15:15:37+00:00","breadcrumb":{"@id":"https:\/\/teampercheet.fi\/store\/tuote\/percheet-kairatelineet\/#breadcrumb"},"inLanguage":"fi","potentialAction":[{"@type":"ReadAction","target":["https:\/\/teampercheet.fi\/store\/tuote\/percheet-kairatelineet\/"]}]},{"@type":"ImageObject","inLanguage":"fi","@id":"https:\/\/teampercheet.fi\/store\/tuote\/percheet-kairatelineet\/#primaryimage","url":"https:\/\/teampercheet.fi\/store\/wp-content\/uploads\/2024\/12\/Kairateline-2048x2048-1-e1762450440345.jpg","contentUrl":"https:\/\/teampercheet.fi\/store\/wp-content\/uploads\/2024\/12\/Kairateline-2048x2048-1-e1762450440345.jpg","width":1667,"height":1670},{"@type":"BreadcrumbList","@id":"https:\/\/teampercheet.fi\/store\/tuote\/percheet-kairatelineet\/#breadcrumb","itemListElement":[{"@type":"ListItem","position":1,"name":"Etusivu","item":"https:\/\/teampercheet.fi\/store\/"},{"@type":"ListItem","position":2,"name":"Kauppa","item":"https:\/\/teampercheet.fi\/store\/kauppa\/"},{"@type":"ListItem","position":3,"name":"PERCHEET Kairateline \u2744\ufe0f"}]},{"@type":"WebSite","@id":"https:\/\/teampercheet.fi\/store\/#website","url":"https:\/\/teampercheet.fi\/store\/","name":"Team Percheet \u2013 Laadukkaat kalastustarvikkeet ja venevarusteet","description":"Tutustu Percheet Gearin kattavaan valikoimaan. Kest\u00e4v\u00e4t venevarusteet, juomatelineet, anturikiinnikkeet ja anturisuojat veneilyyn ja\u00a0kalastukseen.","publisher":{"@id":"https:\/\/teampercheet.fi\/store\/#organization"},"potentialAction":[{"@type":"SearchAction","target":{"@type":"EntryPoint","urlTemplate":"https:\/\/teampercheet.fi\/store\/?s={search_term_string}"},"query-input":{"@type":"PropertyValueSpecification","valueRequired":true,"valueName":"search_term_string"}}],"inLanguage":"fi"},{"@type":"Organization","@id":"https:\/\/teampercheet.fi\/store\/#organization","name":"Team Percheet \u2013 Laadukkaat kalastustarvikkeet ja venevarusteet","url":"https:\/\/teampercheet.fi\/store\/","logo":{"@type":"ImageObject","inLanguage":"fi","@id":"https:\/\/teampercheet.fi\/store\/#\/schema\/logo\/image\/","url":"https:\/\/teampercheet.fi\/store\/wp-content\/uploads\/2024\/10\/logo-tpc.png","contentUrl":"https:\/\/teampercheet.fi\/store\/wp-content\/uploads\/2024\/10\/logo-tpc.png","width":1268,"height":211,"caption":"Team Percheet \u2013 Laadukkaat kalastustarvikkeet ja venevarusteet"},"image":{"@id":"https:\/\/teampercheet.fi\/store\/#\/schema\/logo\/image\/"}}]}},"_links":{"self":[{"href":"https:\/\/teampercheet.fi\/store\/wp-json\/wp\/v2\/product\/2216","targetHints":{"allow":["GET"]}}],"collection":[{"href":"https:\/\/teampercheet.fi\/store\/wp-json\/wp\/v2\/product"}],"about":[{"href":"https:\/\/teampercheet.fi\/store\/wp-json\/wp\/v2\/types\/product"}],"replies":[{"embeddable":true,"href":"https:\/\/teampercheet.fi\/store\/wp-json\/wp\/v2\/comments?post=2216"}],"wp:featuredmedia":[{"embeddable":true,"href":"https:\/\/teampercheet.fi\/store\/wp-json\/wp\/v2\/media\/4997"}],"wp:attachment":[{"href":"https:\/\/teampercheet.fi\/store\/wp-json\/wp\/v2\/media?parent=2216"}],"wp:term":[{"taxonomy":"product_brand","embeddable":true,"href":"https:\/\/teampercheet.fi\/store\/wp-json\/wp\/v2\/product_brand?post=2216"},{"taxonomy":"product_cat","embeddable":true,"href":"https:\/\/teampercheet.fi\/store\/wp-json\/wp\/v2\/product_cat?post=2216"},{"taxonomy":"product_tag","embeddable":true,"href":"https:\/\/teampercheet.fi\/store\/wp-json\/wp\/v2\/product_tag?post=2216"}],"curies":[{"name":"wp","href":"https:\/\/api.w.org\/{rel}","templated":true}]}}