{"id":2219,"date":"2024-12-15T00:45:51","date_gmt":"2024-12-14T22:45:51","guid":{"rendered":"https:\/\/teampercheet.fi\/store\/?post_type=product&#038;p=2219"},"modified":"2026-04-22T14:21:26","modified_gmt":"2026-04-22T11:21:26","slug":"percheet-juomateline-l-syvennyksella","status":"publish","type":"product","link":"https:\/\/teampercheet.fi\/store\/tuote\/percheet-juomateline-l-syvennyksella\/","title":{"rendered":"PERCHEET juomateline X"},"content":{"rendered":"","protected":false},"excerpt":{"rendered":"<p><strong>Juomateline X <\/strong>pit\u00e4\u00e4 juomasi turvallisesti mukana kovemmassakin keliss\u00e4. Sen lis\u00e4ksi siit\u00e4 l\u00f6ytyy matalahko irrotettava syvennys esimerkiksi keulakoneen kaukkarin, jigip\u00e4iden, jigikumien tai muiden pientarvikkeiden s\u00e4ilytt\u00e4miseen. Telineen kuppiosa on suunniteltu niin ett\u00e4 se sopii kaikille yleisimmille juomapakkauksille mm. 250ml, 330ml ja 0.5l. <strong>T\u00e4m\u00e4 tuote on t\u00e4ydellinen valinta veneilij\u00f6ille, jotka arvostavat k\u00e4yt\u00e4nn\u00f6llisyytt\u00e4, j\u00e4rjestyst\u00e4 ja laatua!<\/strong><\/p>\n<p>Valmistettu kest\u00e4v\u00e4st\u00e4 ja korkealaatuisesta PETG-muovista, joka takaa tuotteen kest\u00e4vyyden ja pitk\u00e4ik\u00e4isyyden.<\/p>\n<p>Vakiokoko 21cm x 10cm x 10cm. Suositellaan asennettavaksi tasakantaisilla ruuveilla tai pulteilla.<\/p>\n<p><strong>Valikoimassa my\u00f6s t-pultit veneen alkuper\u00e4iseen kaideuraan!<\/strong><\/p>\n","protected":false},"featured_media":7555,"comment_status":"open","ping_status":"closed","template":"","meta":[],"product_brand":[],"product_cat":[293],"product_tag":[92,39,62,61,60,98,29,79,63,80,54,57,30,35,42,96,95,97],"class_list":{"0":"post-2219","1":"product","2":"type-product","3":"status-publish","4":"has-post-thumbnail","6":"product_cat-juoma-ja-tolkkitelineet","7":"product_tag-3dtulostaminen","8":"product_tag-bass-boat-tool-holder","9":"product_tag-cup-holder","10":"product_tag-cupholder","11":"product_tag-cuup","12":"product_tag-heittokalastusvene","13":"product_tag-juomateline","14":"product_tag-kalastusvene","15":"product_tag-kalastusveneen-juomateline","16":"product_tag-kalastusveneen-rakentaminen","17":"product_tag-muki","18":"product_tag-mukinpidike","19":"product_tag-mukiteline","20":"product_tag-team-percheet","21":"product_tag-team-percheet-oy","22":"product_tag-veneen-sailytys","23":"product_tag-veneen-sailytys-ratkaisut","24":"product_tag-vieherasia","26":"first","27":"instock","28":"taxable","29":"shipping-taxable","30":"purchasable","31":"product-type-simple"},"yoast_head":"<!-- This site is optimized with the Yoast SEO plugin v27.3 - https:\/\/yoast.com\/product\/yoast-seo-wordpress\/ -->\n<title>PERCHEET juomateline X - Team Percheet \u2013 Laadukkaat kalastustarvikkeet ja venevarusteet<\/title>\n<meta name=\"robots\" content=\"index, follow, max-snippet:-1, max-image-preview:large, max-video-preview:-1\" \/>\n<link rel=\"canonical\" href=\"https:\/\/teampercheet.fi\/store\/tuote\/percheet-juomateline-l-syvennyksella\/\" \/>\n<meta property=\"og:locale\" content=\"fi_FI\" \/>\n<meta property=\"og:type\" content=\"article\" \/>\n<meta property=\"og:title\" content=\"PERCHEET juomateline X - Team Percheet \u2013 Laadukkaat kalastustarvikkeet ja venevarusteet\" \/>\n<meta property=\"og:description\" content=\"Juomateline X pit\u00e4\u00e4 juomasi turvallisesti mukana kovemmassakin keliss\u00e4. Sen lis\u00e4ksi siit\u00e4 l\u00f6ytyy matalahko irrotettava syvennys esimerkiksi keulakoneen kaukkarin, jigip\u00e4iden, jigikumien tai muiden pientarvikkeiden s\u00e4ilytt\u00e4miseen. Telineen kuppiosa on suunniteltu niin ett\u00e4 se sopii kaikille yleisimmille juomapakkauksille mm. 250ml, 330ml ja 0.5l. T\u00e4m\u00e4 tuote on t\u00e4ydellinen valinta veneilij\u00f6ille, jotka arvostavat k\u00e4yt\u00e4nn\u00f6llisyytt\u00e4, j\u00e4rjestyst\u00e4 ja laatua!  Valmistettu kest\u00e4v\u00e4st\u00e4 ja korkealaatuisesta PETG-muovista, joka takaa tuotteen kest\u00e4vyyden ja pitk\u00e4ik\u00e4isyyden.  Vakiokoko 21cm x 10cm x 10cm. Suositellaan asennettavaksi tasakantaisilla ruuveilla tai pulteilla.  Valikoimassa my\u00f6s t-pultit veneen alkuper\u00e4iseen kaideuraan!\" \/>\n<meta property=\"og:url\" content=\"https:\/\/teampercheet.fi\/store\/tuote\/percheet-juomateline-l-syvennyksella\/\" \/>\n<meta property=\"og:site_name\" content=\"Team Percheet \u2013 Laadukkaat kalastustarvikkeet ja venevarusteet\" \/>\n<meta property=\"article:modified_time\" content=\"2026-04-22T11:21:26+00:00\" \/>\n<meta property=\"og:image\" content=\"https:\/\/teampercheet.fi\/store\/wp-content\/uploads\/2024\/12\/GB0A8621.jpg\" \/>\n\t<meta property=\"og:image:width\" content=\"1333\" \/>\n\t<meta property=\"og:image:height\" content=\"1333\" \/>\n\t<meta property=\"og:image:type\" content=\"image\/jpeg\" \/>\n<meta name=\"twitter:card\" content=\"summary_large_image\" \/>\n<meta name=\"twitter:label1\" content=\"Arvioitu lukuaika\" \/>\n\t<meta name=\"twitter:data1\" content=\"1 minuutti\" \/>\n<script type=\"application\/ld+json\" class=\"yoast-schema-graph\">{\"@context\":\"https:\\\/\\\/schema.org\",\"@graph\":[{\"@type\":\"WebPage\",\"@id\":\"https:\\\/\\\/teampercheet.fi\\\/store\\\/tuote\\\/percheet-juomateline-l-syvennyksella\\\/\",\"url\":\"https:\\\/\\\/teampercheet.fi\\\/store\\\/tuote\\\/percheet-juomateline-l-syvennyksella\\\/\",\"name\":\"PERCHEET juomateline X - Team Percheet \u2013 Laadukkaat kalastustarvikkeet ja venevarusteet\",\"isPartOf\":{\"@id\":\"https:\\\/\\\/teampercheet.fi\\\/store\\\/#website\"},\"primaryImageOfPage\":{\"@id\":\"https:\\\/\\\/teampercheet.fi\\\/store\\\/tuote\\\/percheet-juomateline-l-syvennyksella\\\/#primaryimage\"},\"image\":{\"@id\":\"https:\\\/\\\/teampercheet.fi\\\/store\\\/tuote\\\/percheet-juomateline-l-syvennyksella\\\/#primaryimage\"},\"thumbnailUrl\":\"https:\\\/\\\/teampercheet.fi\\\/store\\\/wp-content\\\/uploads\\\/2024\\\/12\\\/GB0A8621.jpg\",\"datePublished\":\"2024-12-14T22:45:51+00:00\",\"dateModified\":\"2026-04-22T11:21:26+00:00\",\"breadcrumb\":{\"@id\":\"https:\\\/\\\/teampercheet.fi\\\/store\\\/tuote\\\/percheet-juomateline-l-syvennyksella\\\/#breadcrumb\"},\"inLanguage\":\"fi\",\"potentialAction\":[{\"@type\":\"ReadAction\",\"target\":[\"https:\\\/\\\/teampercheet.fi\\\/store\\\/tuote\\\/percheet-juomateline-l-syvennyksella\\\/\"]}]},{\"@type\":\"ImageObject\",\"inLanguage\":\"fi\",\"@id\":\"https:\\\/\\\/teampercheet.fi\\\/store\\\/tuote\\\/percheet-juomateline-l-syvennyksella\\\/#primaryimage\",\"url\":\"https:\\\/\\\/teampercheet.fi\\\/store\\\/wp-content\\\/uploads\\\/2024\\\/12\\\/GB0A8621.jpg\",\"contentUrl\":\"https:\\\/\\\/teampercheet.fi\\\/store\\\/wp-content\\\/uploads\\\/2024\\\/12\\\/GB0A8621.jpg\",\"width\":1333,\"height\":1333},{\"@type\":\"BreadcrumbList\",\"@id\":\"https:\\\/\\\/teampercheet.fi\\\/store\\\/tuote\\\/percheet-juomateline-l-syvennyksella\\\/#breadcrumb\",\"itemListElement\":[{\"@type\":\"ListItem\",\"position\":1,\"name\":\"Etusivu\",\"item\":\"https:\\\/\\\/teampercheet.fi\\\/store\\\/\"},{\"@type\":\"ListItem\",\"position\":2,\"name\":\"Kauppa\",\"item\":\"https:\\\/\\\/teampercheet.fi\\\/store\\\/kauppa\\\/\"},{\"@type\":\"ListItem\",\"position\":3,\"name\":\"PERCHEET juomateline X\"}]},{\"@type\":\"WebSite\",\"@id\":\"https:\\\/\\\/teampercheet.fi\\\/store\\\/#website\",\"url\":\"https:\\\/\\\/teampercheet.fi\\\/store\\\/\",\"name\":\"Team Percheet \u2013 Laadukkaat kalastustarvikkeet ja venevarusteet\",\"description\":\"Tutustu Percheet Gearin kattavaan valikoimaan. Kest\u00e4v\u00e4t venevarusteet, juomatelineet, anturikiinnikkeet ja anturisuojat veneilyyn ja\u00a0kalastukseen.\",\"publisher\":{\"@id\":\"https:\\\/\\\/teampercheet.fi\\\/store\\\/#organization\"},\"potentialAction\":[{\"@type\":\"SearchAction\",\"target\":{\"@type\":\"EntryPoint\",\"urlTemplate\":\"https:\\\/\\\/teampercheet.fi\\\/store\\\/?s={search_term_string}\"},\"query-input\":{\"@type\":\"PropertyValueSpecification\",\"valueRequired\":true,\"valueName\":\"search_term_string\"}}],\"inLanguage\":\"fi\"},{\"@type\":\"Organization\",\"@id\":\"https:\\\/\\\/teampercheet.fi\\\/store\\\/#organization\",\"name\":\"Team Percheet \u2013 Laadukkaat kalastustarvikkeet ja venevarusteet\",\"url\":\"https:\\\/\\\/teampercheet.fi\\\/store\\\/\",\"logo\":{\"@type\":\"ImageObject\",\"inLanguage\":\"fi\",\"@id\":\"https:\\\/\\\/teampercheet.fi\\\/store\\\/#\\\/schema\\\/logo\\\/image\\\/\",\"url\":\"https:\\\/\\\/teampercheet.fi\\\/store\\\/wp-content\\\/uploads\\\/2024\\\/10\\\/logo-tpc.png\",\"contentUrl\":\"https:\\\/\\\/teampercheet.fi\\\/store\\\/wp-content\\\/uploads\\\/2024\\\/10\\\/logo-tpc.png\",\"width\":1268,\"height\":211,\"caption\":\"Team Percheet \u2013 Laadukkaat kalastustarvikkeet ja venevarusteet\"},\"image\":{\"@id\":\"https:\\\/\\\/teampercheet.fi\\\/store\\\/#\\\/schema\\\/logo\\\/image\\\/\"}}]}<\/script>\n<!-- \/ Yoast SEO plugin. -->","yoast_head_json":{"title":"PERCHEET juomateline X - Team Percheet \u2013 Laadukkaat kalastustarvikkeet ja venevarusteet","robots":{"index":"index","follow":"follow","max-snippet":"max-snippet:-1","max-image-preview":"max-image-preview:large","max-video-preview":"max-video-preview:-1"},"canonical":"https:\/\/teampercheet.fi\/store\/tuote\/percheet-juomateline-l-syvennyksella\/","og_locale":"fi_FI","og_type":"article","og_title":"PERCHEET juomateline X - Team Percheet \u2013 Laadukkaat kalastustarvikkeet ja venevarusteet","og_description":"Juomateline X pit\u00e4\u00e4 juomasi turvallisesti mukana kovemmassakin keliss\u00e4. Sen lis\u00e4ksi siit\u00e4 l\u00f6ytyy matalahko irrotettava syvennys esimerkiksi keulakoneen kaukkarin, jigip\u00e4iden, jigikumien tai muiden pientarvikkeiden s\u00e4ilytt\u00e4miseen. Telineen kuppiosa on suunniteltu niin ett\u00e4 se sopii kaikille yleisimmille juomapakkauksille mm. 250ml, 330ml ja 0.5l. T\u00e4m\u00e4 tuote on t\u00e4ydellinen valinta veneilij\u00f6ille, jotka arvostavat k\u00e4yt\u00e4nn\u00f6llisyytt\u00e4, j\u00e4rjestyst\u00e4 ja laatua!  Valmistettu kest\u00e4v\u00e4st\u00e4 ja korkealaatuisesta PETG-muovista, joka takaa tuotteen kest\u00e4vyyden ja pitk\u00e4ik\u00e4isyyden.  Vakiokoko 21cm x 10cm x 10cm. Suositellaan asennettavaksi tasakantaisilla ruuveilla tai pulteilla.  Valikoimassa my\u00f6s t-pultit veneen alkuper\u00e4iseen kaideuraan!","og_url":"https:\/\/teampercheet.fi\/store\/tuote\/percheet-juomateline-l-syvennyksella\/","og_site_name":"Team Percheet \u2013 Laadukkaat kalastustarvikkeet ja venevarusteet","article_modified_time":"2026-04-22T11:21:26+00:00","og_image":[{"width":1333,"height":1333,"url":"https:\/\/teampercheet.fi\/store\/wp-content\/uploads\/2024\/12\/GB0A8621.jpg","type":"image\/jpeg"}],"twitter_card":"summary_large_image","twitter_misc":{"Arvioitu lukuaika":"1 minuutti"},"schema":{"@context":"https:\/\/schema.org","@graph":[{"@type":"WebPage","@id":"https:\/\/teampercheet.fi\/store\/tuote\/percheet-juomateline-l-syvennyksella\/","url":"https:\/\/teampercheet.fi\/store\/tuote\/percheet-juomateline-l-syvennyksella\/","name":"PERCHEET juomateline X - Team Percheet \u2013 Laadukkaat kalastustarvikkeet ja venevarusteet","isPartOf":{"@id":"https:\/\/teampercheet.fi\/store\/#website"},"primaryImageOfPage":{"@id":"https:\/\/teampercheet.fi\/store\/tuote\/percheet-juomateline-l-syvennyksella\/#primaryimage"},"image":{"@id":"https:\/\/teampercheet.fi\/store\/tuote\/percheet-juomateline-l-syvennyksella\/#primaryimage"},"thumbnailUrl":"https:\/\/teampercheet.fi\/store\/wp-content\/uploads\/2024\/12\/GB0A8621.jpg","datePublished":"2024-12-14T22:45:51+00:00","dateModified":"2026-04-22T11:21:26+00:00","breadcrumb":{"@id":"https:\/\/teampercheet.fi\/store\/tuote\/percheet-juomateline-l-syvennyksella\/#breadcrumb"},"inLanguage":"fi","potentialAction":[{"@type":"ReadAction","target":["https:\/\/teampercheet.fi\/store\/tuote\/percheet-juomateline-l-syvennyksella\/"]}]},{"@type":"ImageObject","inLanguage":"fi","@id":"https:\/\/teampercheet.fi\/store\/tuote\/percheet-juomateline-l-syvennyksella\/#primaryimage","url":"https:\/\/teampercheet.fi\/store\/wp-content\/uploads\/2024\/12\/GB0A8621.jpg","contentUrl":"https:\/\/teampercheet.fi\/store\/wp-content\/uploads\/2024\/12\/GB0A8621.jpg","width":1333,"height":1333},{"@type":"BreadcrumbList","@id":"https:\/\/teampercheet.fi\/store\/tuote\/percheet-juomateline-l-syvennyksella\/#breadcrumb","itemListElement":[{"@type":"ListItem","position":1,"name":"Etusivu","item":"https:\/\/teampercheet.fi\/store\/"},{"@type":"ListItem","position":2,"name":"Kauppa","item":"https:\/\/teampercheet.fi\/store\/kauppa\/"},{"@type":"ListItem","position":3,"name":"PERCHEET juomateline X"}]},{"@type":"WebSite","@id":"https:\/\/teampercheet.fi\/store\/#website","url":"https:\/\/teampercheet.fi\/store\/","name":"Team Percheet \u2013 Laadukkaat kalastustarvikkeet ja venevarusteet","description":"Tutustu Percheet Gearin kattavaan valikoimaan. Kest\u00e4v\u00e4t venevarusteet, juomatelineet, anturikiinnikkeet ja anturisuojat veneilyyn ja\u00a0kalastukseen.","publisher":{"@id":"https:\/\/teampercheet.fi\/store\/#organization"},"potentialAction":[{"@type":"SearchAction","target":{"@type":"EntryPoint","urlTemplate":"https:\/\/teampercheet.fi\/store\/?s={search_term_string}"},"query-input":{"@type":"PropertyValueSpecification","valueRequired":true,"valueName":"search_term_string"}}],"inLanguage":"fi"},{"@type":"Organization","@id":"https:\/\/teampercheet.fi\/store\/#organization","name":"Team Percheet \u2013 Laadukkaat kalastustarvikkeet ja venevarusteet","url":"https:\/\/teampercheet.fi\/store\/","logo":{"@type":"ImageObject","inLanguage":"fi","@id":"https:\/\/teampercheet.fi\/store\/#\/schema\/logo\/image\/","url":"https:\/\/teampercheet.fi\/store\/wp-content\/uploads\/2024\/10\/logo-tpc.png","contentUrl":"https:\/\/teampercheet.fi\/store\/wp-content\/uploads\/2024\/10\/logo-tpc.png","width":1268,"height":211,"caption":"Team Percheet \u2013 Laadukkaat kalastustarvikkeet ja venevarusteet"},"image":{"@id":"https:\/\/teampercheet.fi\/store\/#\/schema\/logo\/image\/"}}]}},"_links":{"self":[{"href":"https:\/\/teampercheet.fi\/store\/wp-json\/wp\/v2\/product\/2219","targetHints":{"allow":["GET"]}}],"collection":[{"href":"https:\/\/teampercheet.fi\/store\/wp-json\/wp\/v2\/product"}],"about":[{"href":"https:\/\/teampercheet.fi\/store\/wp-json\/wp\/v2\/types\/product"}],"replies":[{"embeddable":true,"href":"https:\/\/teampercheet.fi\/store\/wp-json\/wp\/v2\/comments?post=2219"}],"wp:featuredmedia":[{"embeddable":true,"href":"https:\/\/teampercheet.fi\/store\/wp-json\/wp\/v2\/media\/7555"}],"wp:attachment":[{"href":"https:\/\/teampercheet.fi\/store\/wp-json\/wp\/v2\/media?parent=2219"}],"wp:term":[{"taxonomy":"product_brand","embeddable":true,"href":"https:\/\/teampercheet.fi\/store\/wp-json\/wp\/v2\/product_brand?post=2219"},{"taxonomy":"product_cat","embeddable":true,"href":"https:\/\/teampercheet.fi\/store\/wp-json\/wp\/v2\/product_cat?post=2219"},{"taxonomy":"product_tag","embeddable":true,"href":"https:\/\/teampercheet.fi\/store\/wp-json\/wp\/v2\/product_tag?post=2219"}],"curies":[{"name":"wp","href":"https:\/\/api.w.org\/{rel}","templated":true}]}}