{"id":2257,"date":"2024-12-24T21:23:14","date_gmt":"2024-12-24T19:23:14","guid":{"rendered":"https:\/\/teampercheet.fi\/store\/?post_type=product&#038;p=2257"},"modified":"2026-03-17T18:16:06","modified_gmt":"2026-03-17T16:16:06","slug":"percheet-vapaholderi","status":"publish","type":"product","link":"https:\/\/teampercheet.fi\/store\/tuote\/percheet-vapaholderi\/","title":{"rendered":"PERCHEET Vapaholderi \u2744\ufe0f"},"content":{"rendered":"","protected":false},"excerpt":{"rendered":"<p>PERCHEET vapaholderi pit\u00e4\u00e4 eri merkkiset ja malliset pilkkivavat ryhdikk\u00e4\u00e4sti ahkiossa. N\u00e4ill\u00e4 yksitt\u00e4isill\u00e4 vapatelineill\u00e4 rytmittelet vavat haluamaasi j\u00e4rjestykseen ahkiossasi tai esimerkiksi kylm\u00e4laukun kyljess\u00e4.<\/p>\n<p>Vapaholderin sis\u00e4mitta on 3cm ja korkeus 10cm. Vapaholderi sis\u00e4lt\u00e4\u00e4 tarvittavat ruuvit kiinnityst\u00e4 varten ahkioon.<\/p>\n<div class=\"ct-product-add-to-cart\">\n<div class=\"ct-cart-actions\">\n<h6 data-start=\"478\" data-end=\"862\"><em>Tuotekuvissa n\u00e4kyv\u00e4t vavat ovat ainoastaan esillepanoa varten eiv\u00e4tk\u00e4 sis\u00e4lly tuotteen hintaan tai toimitukseen.<\/em><\/h6>\n<\/div>\n<\/div>\n","protected":false},"featured_media":5853,"comment_status":"open","ping_status":"closed","template":"","meta":[],"product_brand":[],"product_cat":[298],"product_tag":[201,138,140,139,199,146,144,200],"class_list":{"0":"post-2257","1":"product","2":"type-product","3":"status-publish","4":"has-post-thumbnail","6":"product_cat-talvikalastus-pilkkiminen","7":"product_tag-ahkion-vapateline","8":"product_tag-pilkkiminen","9":"product_tag-pilkkivapa","10":"product_tag-pilkkivapateline","11":"product_tag-rod-holder","12":"product_tag-talvikalastus","13":"product_tag-vapateline","14":"product_tag-vapateline-ahkioon","16":"first","17":"instock","18":"taxable","19":"shipping-taxable","20":"purchasable","21":"product-type-simple"},"yoast_head":"<!-- This site is optimized with the Yoast SEO plugin v27.3 - https:\/\/yoast.com\/product\/yoast-seo-wordpress\/ -->\n<title>PERCHEET Vapaholderi \u2744\ufe0f - Team Percheet \u2013 Laadukkaat kalastustarvikkeet ja venevarusteet<\/title>\n<meta name=\"robots\" content=\"index, follow, max-snippet:-1, max-image-preview:large, max-video-preview:-1\" \/>\n<link rel=\"canonical\" href=\"https:\/\/teampercheet.fi\/store\/tuote\/percheet-vapaholderi\/\" \/>\n<meta property=\"og:locale\" content=\"fi_FI\" \/>\n<meta property=\"og:type\" content=\"article\" \/>\n<meta property=\"og:title\" content=\"PERCHEET Vapaholderi \u2744\ufe0f - Team Percheet \u2013 Laadukkaat kalastustarvikkeet ja venevarusteet\" \/>\n<meta property=\"og:description\" content=\"PERCHEET vapaholderi pit\u00e4\u00e4 eri merkkiset ja malliset pilkkivavat ryhdikk\u00e4\u00e4sti ahkiossa. N\u00e4ill\u00e4 yksitt\u00e4isill\u00e4 vapatelineill\u00e4 rytmittelet vavat haluamaasi j\u00e4rjestykseen ahkiossasi tai esimerkiksi kylm\u00e4laukun kyljess\u00e4.  Vapaholderin sis\u00e4mitta on 3cm ja korkeus 10cm. Vapaholderi sis\u00e4lt\u00e4\u00e4 tarvittavat ruuvit kiinnityst\u00e4 varten ahkioon.   Tuotekuvissa n\u00e4kyv\u00e4t vavat ovat ainoastaan esillepanoa varten eiv\u00e4tk\u00e4 sis\u00e4lly tuotteen hintaan tai toimitukseen.\" \/>\n<meta property=\"og:url\" content=\"https:\/\/teampercheet.fi\/store\/tuote\/percheet-vapaholderi\/\" \/>\n<meta property=\"og:site_name\" content=\"Team Percheet \u2013 Laadukkaat kalastustarvikkeet ja venevarusteet\" \/>\n<meta property=\"article:modified_time\" content=\"2026-03-17T16:16:06+00:00\" \/>\n<meta property=\"og:image\" content=\"https:\/\/teampercheet.fi\/store\/wp-content\/uploads\/2024\/12\/Percheet-pilkkivapateline-scaled-e1764792637851.jpg\" \/>\n\t<meta property=\"og:image:width\" content=\"2095\" \/>\n\t<meta property=\"og:image:height\" content=\"2095\" \/>\n\t<meta property=\"og:image:type\" content=\"image\/jpeg\" \/>\n<meta name=\"twitter:card\" content=\"summary_large_image\" \/>\n<script type=\"application\/ld+json\" class=\"yoast-schema-graph\">{\"@context\":\"https:\\\/\\\/schema.org\",\"@graph\":[{\"@type\":\"WebPage\",\"@id\":\"https:\\\/\\\/teampercheet.fi\\\/store\\\/tuote\\\/percheet-vapaholderi\\\/\",\"url\":\"https:\\\/\\\/teampercheet.fi\\\/store\\\/tuote\\\/percheet-vapaholderi\\\/\",\"name\":\"PERCHEET Vapaholderi \u2744\ufe0f - Team Percheet \u2013 Laadukkaat kalastustarvikkeet ja venevarusteet\",\"isPartOf\":{\"@id\":\"https:\\\/\\\/teampercheet.fi\\\/store\\\/#website\"},\"primaryImageOfPage\":{\"@id\":\"https:\\\/\\\/teampercheet.fi\\\/store\\\/tuote\\\/percheet-vapaholderi\\\/#primaryimage\"},\"image\":{\"@id\":\"https:\\\/\\\/teampercheet.fi\\\/store\\\/tuote\\\/percheet-vapaholderi\\\/#primaryimage\"},\"thumbnailUrl\":\"https:\\\/\\\/teampercheet.fi\\\/store\\\/wp-content\\\/uploads\\\/2024\\\/12\\\/Percheet-pilkkivapateline-scaled-e1764792637851.jpg\",\"datePublished\":\"2024-12-24T19:23:14+00:00\",\"dateModified\":\"2026-03-17T16:16:06+00:00\",\"breadcrumb\":{\"@id\":\"https:\\\/\\\/teampercheet.fi\\\/store\\\/tuote\\\/percheet-vapaholderi\\\/#breadcrumb\"},\"inLanguage\":\"fi\",\"potentialAction\":[{\"@type\":\"ReadAction\",\"target\":[\"https:\\\/\\\/teampercheet.fi\\\/store\\\/tuote\\\/percheet-vapaholderi\\\/\"]}]},{\"@type\":\"ImageObject\",\"inLanguage\":\"fi\",\"@id\":\"https:\\\/\\\/teampercheet.fi\\\/store\\\/tuote\\\/percheet-vapaholderi\\\/#primaryimage\",\"url\":\"https:\\\/\\\/teampercheet.fi\\\/store\\\/wp-content\\\/uploads\\\/2024\\\/12\\\/Percheet-pilkkivapateline-scaled-e1764792637851.jpg\",\"contentUrl\":\"https:\\\/\\\/teampercheet.fi\\\/store\\\/wp-content\\\/uploads\\\/2024\\\/12\\\/Percheet-pilkkivapateline-scaled-e1764792637851.jpg\",\"width\":2095,\"height\":2095},{\"@type\":\"BreadcrumbList\",\"@id\":\"https:\\\/\\\/teampercheet.fi\\\/store\\\/tuote\\\/percheet-vapaholderi\\\/#breadcrumb\",\"itemListElement\":[{\"@type\":\"ListItem\",\"position\":1,\"name\":\"Etusivu\",\"item\":\"https:\\\/\\\/teampercheet.fi\\\/store\\\/\"},{\"@type\":\"ListItem\",\"position\":2,\"name\":\"Kauppa\",\"item\":\"https:\\\/\\\/teampercheet.fi\\\/store\\\/kauppa\\\/\"},{\"@type\":\"ListItem\",\"position\":3,\"name\":\"PERCHEET Vapaholderi \u2744\ufe0f\"}]},{\"@type\":\"WebSite\",\"@id\":\"https:\\\/\\\/teampercheet.fi\\\/store\\\/#website\",\"url\":\"https:\\\/\\\/teampercheet.fi\\\/store\\\/\",\"name\":\"Team Percheet \u2013 Laadukkaat kalastustarvikkeet ja venevarusteet\",\"description\":\"Tutustu Percheet Gearin kattavaan valikoimaan. Kest\u00e4v\u00e4t venevarusteet, juomatelineet, anturikiinnikkeet ja anturisuojat veneilyyn ja\u00a0kalastukseen.\",\"publisher\":{\"@id\":\"https:\\\/\\\/teampercheet.fi\\\/store\\\/#organization\"},\"potentialAction\":[{\"@type\":\"SearchAction\",\"target\":{\"@type\":\"EntryPoint\",\"urlTemplate\":\"https:\\\/\\\/teampercheet.fi\\\/store\\\/?s={search_term_string}\"},\"query-input\":{\"@type\":\"PropertyValueSpecification\",\"valueRequired\":true,\"valueName\":\"search_term_string\"}}],\"inLanguage\":\"fi\"},{\"@type\":\"Organization\",\"@id\":\"https:\\\/\\\/teampercheet.fi\\\/store\\\/#organization\",\"name\":\"Team Percheet \u2013 Laadukkaat kalastustarvikkeet ja venevarusteet\",\"url\":\"https:\\\/\\\/teampercheet.fi\\\/store\\\/\",\"logo\":{\"@type\":\"ImageObject\",\"inLanguage\":\"fi\",\"@id\":\"https:\\\/\\\/teampercheet.fi\\\/store\\\/#\\\/schema\\\/logo\\\/image\\\/\",\"url\":\"https:\\\/\\\/teampercheet.fi\\\/store\\\/wp-content\\\/uploads\\\/2024\\\/10\\\/logo-tpc.png\",\"contentUrl\":\"https:\\\/\\\/teampercheet.fi\\\/store\\\/wp-content\\\/uploads\\\/2024\\\/10\\\/logo-tpc.png\",\"width\":1268,\"height\":211,\"caption\":\"Team Percheet \u2013 Laadukkaat kalastustarvikkeet ja venevarusteet\"},\"image\":{\"@id\":\"https:\\\/\\\/teampercheet.fi\\\/store\\\/#\\\/schema\\\/logo\\\/image\\\/\"}}]}<\/script>\n<!-- \/ Yoast SEO plugin. -->","yoast_head_json":{"title":"PERCHEET Vapaholderi \u2744\ufe0f - Team Percheet \u2013 Laadukkaat kalastustarvikkeet ja venevarusteet","robots":{"index":"index","follow":"follow","max-snippet":"max-snippet:-1","max-image-preview":"max-image-preview:large","max-video-preview":"max-video-preview:-1"},"canonical":"https:\/\/teampercheet.fi\/store\/tuote\/percheet-vapaholderi\/","og_locale":"fi_FI","og_type":"article","og_title":"PERCHEET Vapaholderi \u2744\ufe0f - Team Percheet \u2013 Laadukkaat kalastustarvikkeet ja venevarusteet","og_description":"PERCHEET vapaholderi pit\u00e4\u00e4 eri merkkiset ja malliset pilkkivavat ryhdikk\u00e4\u00e4sti ahkiossa. N\u00e4ill\u00e4 yksitt\u00e4isill\u00e4 vapatelineill\u00e4 rytmittelet vavat haluamaasi j\u00e4rjestykseen ahkiossasi tai esimerkiksi kylm\u00e4laukun kyljess\u00e4.  Vapaholderin sis\u00e4mitta on 3cm ja korkeus 10cm. Vapaholderi sis\u00e4lt\u00e4\u00e4 tarvittavat ruuvit kiinnityst\u00e4 varten ahkioon.   Tuotekuvissa n\u00e4kyv\u00e4t vavat ovat ainoastaan esillepanoa varten eiv\u00e4tk\u00e4 sis\u00e4lly tuotteen hintaan tai toimitukseen.","og_url":"https:\/\/teampercheet.fi\/store\/tuote\/percheet-vapaholderi\/","og_site_name":"Team Percheet \u2013 Laadukkaat kalastustarvikkeet ja venevarusteet","article_modified_time":"2026-03-17T16:16:06+00:00","og_image":[{"width":2095,"height":2095,"url":"https:\/\/teampercheet.fi\/store\/wp-content\/uploads\/2024\/12\/Percheet-pilkkivapateline-scaled-e1764792637851.jpg","type":"image\/jpeg"}],"twitter_card":"summary_large_image","schema":{"@context":"https:\/\/schema.org","@graph":[{"@type":"WebPage","@id":"https:\/\/teampercheet.fi\/store\/tuote\/percheet-vapaholderi\/","url":"https:\/\/teampercheet.fi\/store\/tuote\/percheet-vapaholderi\/","name":"PERCHEET Vapaholderi \u2744\ufe0f - Team Percheet \u2013 Laadukkaat kalastustarvikkeet ja venevarusteet","isPartOf":{"@id":"https:\/\/teampercheet.fi\/store\/#website"},"primaryImageOfPage":{"@id":"https:\/\/teampercheet.fi\/store\/tuote\/percheet-vapaholderi\/#primaryimage"},"image":{"@id":"https:\/\/teampercheet.fi\/store\/tuote\/percheet-vapaholderi\/#primaryimage"},"thumbnailUrl":"https:\/\/teampercheet.fi\/store\/wp-content\/uploads\/2024\/12\/Percheet-pilkkivapateline-scaled-e1764792637851.jpg","datePublished":"2024-12-24T19:23:14+00:00","dateModified":"2026-03-17T16:16:06+00:00","breadcrumb":{"@id":"https:\/\/teampercheet.fi\/store\/tuote\/percheet-vapaholderi\/#breadcrumb"},"inLanguage":"fi","potentialAction":[{"@type":"ReadAction","target":["https:\/\/teampercheet.fi\/store\/tuote\/percheet-vapaholderi\/"]}]},{"@type":"ImageObject","inLanguage":"fi","@id":"https:\/\/teampercheet.fi\/store\/tuote\/percheet-vapaholderi\/#primaryimage","url":"https:\/\/teampercheet.fi\/store\/wp-content\/uploads\/2024\/12\/Percheet-pilkkivapateline-scaled-e1764792637851.jpg","contentUrl":"https:\/\/teampercheet.fi\/store\/wp-content\/uploads\/2024\/12\/Percheet-pilkkivapateline-scaled-e1764792637851.jpg","width":2095,"height":2095},{"@type":"BreadcrumbList","@id":"https:\/\/teampercheet.fi\/store\/tuote\/percheet-vapaholderi\/#breadcrumb","itemListElement":[{"@type":"ListItem","position":1,"name":"Etusivu","item":"https:\/\/teampercheet.fi\/store\/"},{"@type":"ListItem","position":2,"name":"Kauppa","item":"https:\/\/teampercheet.fi\/store\/kauppa\/"},{"@type":"ListItem","position":3,"name":"PERCHEET Vapaholderi \u2744\ufe0f"}]},{"@type":"WebSite","@id":"https:\/\/teampercheet.fi\/store\/#website","url":"https:\/\/teampercheet.fi\/store\/","name":"Team Percheet \u2013 Laadukkaat kalastustarvikkeet ja venevarusteet","description":"Tutustu Percheet Gearin kattavaan valikoimaan. Kest\u00e4v\u00e4t venevarusteet, juomatelineet, anturikiinnikkeet ja anturisuojat veneilyyn ja\u00a0kalastukseen.","publisher":{"@id":"https:\/\/teampercheet.fi\/store\/#organization"},"potentialAction":[{"@type":"SearchAction","target":{"@type":"EntryPoint","urlTemplate":"https:\/\/teampercheet.fi\/store\/?s={search_term_string}"},"query-input":{"@type":"PropertyValueSpecification","valueRequired":true,"valueName":"search_term_string"}}],"inLanguage":"fi"},{"@type":"Organization","@id":"https:\/\/teampercheet.fi\/store\/#organization","name":"Team Percheet \u2013 Laadukkaat kalastustarvikkeet ja venevarusteet","url":"https:\/\/teampercheet.fi\/store\/","logo":{"@type":"ImageObject","inLanguage":"fi","@id":"https:\/\/teampercheet.fi\/store\/#\/schema\/logo\/image\/","url":"https:\/\/teampercheet.fi\/store\/wp-content\/uploads\/2024\/10\/logo-tpc.png","contentUrl":"https:\/\/teampercheet.fi\/store\/wp-content\/uploads\/2024\/10\/logo-tpc.png","width":1268,"height":211,"caption":"Team Percheet \u2013 Laadukkaat kalastustarvikkeet ja venevarusteet"},"image":{"@id":"https:\/\/teampercheet.fi\/store\/#\/schema\/logo\/image\/"}}]}},"_links":{"self":[{"href":"https:\/\/teampercheet.fi\/store\/wp-json\/wp\/v2\/product\/2257","targetHints":{"allow":["GET"]}}],"collection":[{"href":"https:\/\/teampercheet.fi\/store\/wp-json\/wp\/v2\/product"}],"about":[{"href":"https:\/\/teampercheet.fi\/store\/wp-json\/wp\/v2\/types\/product"}],"replies":[{"embeddable":true,"href":"https:\/\/teampercheet.fi\/store\/wp-json\/wp\/v2\/comments?post=2257"}],"wp:featuredmedia":[{"embeddable":true,"href":"https:\/\/teampercheet.fi\/store\/wp-json\/wp\/v2\/media\/5853"}],"wp:attachment":[{"href":"https:\/\/teampercheet.fi\/store\/wp-json\/wp\/v2\/media?parent=2257"}],"wp:term":[{"taxonomy":"product_brand","embeddable":true,"href":"https:\/\/teampercheet.fi\/store\/wp-json\/wp\/v2\/product_brand?post=2257"},{"taxonomy":"product_cat","embeddable":true,"href":"https:\/\/teampercheet.fi\/store\/wp-json\/wp\/v2\/product_cat?post=2257"},{"taxonomy":"product_tag","embeddable":true,"href":"https:\/\/teampercheet.fi\/store\/wp-json\/wp\/v2\/product_tag?post=2257"}],"curies":[{"name":"wp","href":"https:\/\/api.w.org\/{rel}","templated":true}]}}