{"id":3373,"date":"2025-02-03T10:14:57","date_gmt":"2025-02-03T08:14:57","guid":{"rendered":"https:\/\/teampercheet.fi\/store\/?post_type=product&#038;p=3373"},"modified":"2026-04-13T16:45:26","modified_gmt":"2026-04-13T13:45:26","slug":"percheet-3-johdon-kaapelikampa-kpf-liveanturiteline","status":"publish","type":"product","link":"https:\/\/teampercheet.fi\/store\/tuote\/percheet-3-johdon-kaapelikampa-kpf-liveanturiteline\/","title":{"rendered":"PERCHEET kaapelikiinnike 21.3\/22mm (KPF Liveanturiteline)"},"content":{"rendered":"","protected":false},"excerpt":{"rendered":"<p>Ensimm\u00e4isen\u00e4 markkinoille j\u00e4mer\u00e4 <strong>PERCHEET<\/strong> 21.3\/22mm kaapelikampa joka on suunniteltu <strong>KPF<\/strong> aka Kalle Paavola Fishing \u2013 360 Liveanturitelineeseen. T\u00e4ll\u00e4 kolmen johdon kaapelikammalla kiinnit\u00e4t tukevasti niin perspective anturin, s\u00e4hk\u00f6isen scout-s\u00e4\u00e4timen sek\u00e4 liveluotaimen johdot livetelineen putkeen. Hinta sis\u00e4lt\u00e4\u00e4 2kpl kaapelikampoja.<\/p>\n<p>Yl\u00e4putkeen sopivat<strong>\u00a0<a href=\"https:\/\/teampercheet.fi\/store\/tuote\/percheeet-kaapelisukkakiinnike-21-3-22mm-kpf-liveanturiteline\/\">PERCHEET 30mm kaapelikiinnikkeet T\u00c4ST\u00c4!<\/a><\/strong><\/p>\n<p><strong>Saatavilla vain meilt\u00e4! <\/strong><\/p>\n<div class=\"ct-product-add-to-cart\"><\/div>\n","protected":false},"featured_media":3374,"comment_status":"open","ping_status":"closed","template":"","meta":[],"product_brand":[],"product_cat":[296],"product_tag":[67,235,234,236,232,231,174,233,35,89],"class_list":{"0":"post-3373","1":"product","2":"type-product","3":"status-publish","4":"has-post-thumbnail","6":"product_cat-elektroniikan-asennus","7":"product_tag-kaapelikampa","8":"product_tag-kalle-paavola-fishing","9":"product_tag-kpf","10":"product_tag-kpf-fishing","11":"product_tag-live-kalastaminen","12":"product_tag-liveluotaus","13":"product_tag-livescope","14":"product_tag-liveteline","15":"product_tag-team-percheet","16":"product_tag-veneenvarustelu","18":"first","19":"instock","20":"taxable","21":"shipping-taxable","22":"purchasable","23":"product-type-simple"},"yoast_head":"<!-- This site is optimized with the Yoast SEO plugin v27.3 - https:\/\/yoast.com\/product\/yoast-seo-wordpress\/ -->\n<title>PERCHEET kaapelikiinnike 21.3\/22mm (KPF Liveanturiteline) - Team Percheet \u2013 Laadukkaat kalastustarvikkeet ja venevarusteet<\/title>\n<meta name=\"robots\" content=\"index, follow, max-snippet:-1, max-image-preview:large, max-video-preview:-1\" \/>\n<link rel=\"canonical\" href=\"https:\/\/teampercheet.fi\/store\/tuote\/percheet-3-johdon-kaapelikampa-kpf-liveanturiteline\/\" \/>\n<meta property=\"og:locale\" content=\"fi_FI\" \/>\n<meta property=\"og:type\" content=\"article\" \/>\n<meta property=\"og:title\" content=\"PERCHEET kaapelikiinnike 21.3\/22mm (KPF Liveanturiteline) - Team Percheet \u2013 Laadukkaat kalastustarvikkeet ja venevarusteet\" \/>\n<meta property=\"og:description\" content=\"Ensimm\u00e4isen\u00e4 markkinoille j\u00e4mer\u00e4 PERCHEET 21.3\/22mm kaapelikampa joka on suunniteltu KPF aka Kalle Paavola Fishing \u2013 360 Liveanturitelineeseen. T\u00e4ll\u00e4 kolmen johdon kaapelikammalla kiinnit\u00e4t tukevasti niin perspective anturin, s\u00e4hk\u00f6isen scout-s\u00e4\u00e4timen sek\u00e4 liveluotaimen johdot livetelineen putkeen. Hinta sis\u00e4lt\u00e4\u00e4 2kpl kaapelikampoja.  Yl\u00e4putkeen sopivat\u00a0PERCHEET 30mm kaapelikiinnikkeet T\u00c4ST\u00c4!  Saatavilla vain meilt\u00e4!\" \/>\n<meta property=\"og:url\" content=\"https:\/\/teampercheet.fi\/store\/tuote\/percheet-3-johdon-kaapelikampa-kpf-liveanturiteline\/\" \/>\n<meta property=\"og:site_name\" content=\"Team Percheet \u2013 Laadukkaat kalastustarvikkeet ja venevarusteet\" \/>\n<meta property=\"article:modified_time\" content=\"2026-04-13T13:45:26+00:00\" \/>\n<meta property=\"og:image\" content=\"https:\/\/teampercheet.fi\/store\/wp-content\/uploads\/2025\/02\/Percheet-KPF-Kalle-Paavola-kaapelikampa-.jpg\" \/>\n\t<meta property=\"og:image:width\" content=\"2342\" \/>\n\t<meta property=\"og:image:height\" content=\"2342\" \/>\n\t<meta property=\"og:image:type\" content=\"image\/jpeg\" \/>\n<meta name=\"twitter:card\" content=\"summary_large_image\" \/>\n<script type=\"application\/ld+json\" class=\"yoast-schema-graph\">{\"@context\":\"https:\\\/\\\/schema.org\",\"@graph\":[{\"@type\":\"WebPage\",\"@id\":\"https:\\\/\\\/teampercheet.fi\\\/store\\\/tuote\\\/percheet-3-johdon-kaapelikampa-kpf-liveanturiteline\\\/\",\"url\":\"https:\\\/\\\/teampercheet.fi\\\/store\\\/tuote\\\/percheet-3-johdon-kaapelikampa-kpf-liveanturiteline\\\/\",\"name\":\"PERCHEET kaapelikiinnike 21.3\\\/22mm (KPF Liveanturiteline) - Team Percheet \u2013 Laadukkaat kalastustarvikkeet ja venevarusteet\",\"isPartOf\":{\"@id\":\"https:\\\/\\\/teampercheet.fi\\\/store\\\/#website\"},\"primaryImageOfPage\":{\"@id\":\"https:\\\/\\\/teampercheet.fi\\\/store\\\/tuote\\\/percheet-3-johdon-kaapelikampa-kpf-liveanturiteline\\\/#primaryimage\"},\"image\":{\"@id\":\"https:\\\/\\\/teampercheet.fi\\\/store\\\/tuote\\\/percheet-3-johdon-kaapelikampa-kpf-liveanturiteline\\\/#primaryimage\"},\"thumbnailUrl\":\"https:\\\/\\\/teampercheet.fi\\\/store\\\/wp-content\\\/uploads\\\/2025\\\/02\\\/Percheet-KPF-Kalle-Paavola-kaapelikampa-.jpg\",\"datePublished\":\"2025-02-03T08:14:57+00:00\",\"dateModified\":\"2026-04-13T13:45:26+00:00\",\"breadcrumb\":{\"@id\":\"https:\\\/\\\/teampercheet.fi\\\/store\\\/tuote\\\/percheet-3-johdon-kaapelikampa-kpf-liveanturiteline\\\/#breadcrumb\"},\"inLanguage\":\"fi\",\"potentialAction\":[{\"@type\":\"ReadAction\",\"target\":[\"https:\\\/\\\/teampercheet.fi\\\/store\\\/tuote\\\/percheet-3-johdon-kaapelikampa-kpf-liveanturiteline\\\/\"]}]},{\"@type\":\"ImageObject\",\"inLanguage\":\"fi\",\"@id\":\"https:\\\/\\\/teampercheet.fi\\\/store\\\/tuote\\\/percheet-3-johdon-kaapelikampa-kpf-liveanturiteline\\\/#primaryimage\",\"url\":\"https:\\\/\\\/teampercheet.fi\\\/store\\\/wp-content\\\/uploads\\\/2025\\\/02\\\/Percheet-KPF-Kalle-Paavola-kaapelikampa-.jpg\",\"contentUrl\":\"https:\\\/\\\/teampercheet.fi\\\/store\\\/wp-content\\\/uploads\\\/2025\\\/02\\\/Percheet-KPF-Kalle-Paavola-kaapelikampa-.jpg\",\"width\":2342,\"height\":2342},{\"@type\":\"BreadcrumbList\",\"@id\":\"https:\\\/\\\/teampercheet.fi\\\/store\\\/tuote\\\/percheet-3-johdon-kaapelikampa-kpf-liveanturiteline\\\/#breadcrumb\",\"itemListElement\":[{\"@type\":\"ListItem\",\"position\":1,\"name\":\"Etusivu\",\"item\":\"https:\\\/\\\/teampercheet.fi\\\/store\\\/\"},{\"@type\":\"ListItem\",\"position\":2,\"name\":\"Kauppa\",\"item\":\"https:\\\/\\\/teampercheet.fi\\\/store\\\/kauppa\\\/\"},{\"@type\":\"ListItem\",\"position\":3,\"name\":\"PERCHEET kaapelikiinnike 21.3\\\/22mm (KPF Liveanturiteline)\"}]},{\"@type\":\"WebSite\",\"@id\":\"https:\\\/\\\/teampercheet.fi\\\/store\\\/#website\",\"url\":\"https:\\\/\\\/teampercheet.fi\\\/store\\\/\",\"name\":\"Team Percheet \u2013 Laadukkaat kalastustarvikkeet ja venevarusteet\",\"description\":\"Tutustu Percheet Gearin kattavaan valikoimaan. Kest\u00e4v\u00e4t venevarusteet, juomatelineet, anturikiinnikkeet ja anturisuojat veneilyyn ja\u00a0kalastukseen.\",\"publisher\":{\"@id\":\"https:\\\/\\\/teampercheet.fi\\\/store\\\/#organization\"},\"potentialAction\":[{\"@type\":\"SearchAction\",\"target\":{\"@type\":\"EntryPoint\",\"urlTemplate\":\"https:\\\/\\\/teampercheet.fi\\\/store\\\/?s={search_term_string}\"},\"query-input\":{\"@type\":\"PropertyValueSpecification\",\"valueRequired\":true,\"valueName\":\"search_term_string\"}}],\"inLanguage\":\"fi\"},{\"@type\":\"Organization\",\"@id\":\"https:\\\/\\\/teampercheet.fi\\\/store\\\/#organization\",\"name\":\"Team Percheet \u2013 Laadukkaat kalastustarvikkeet ja venevarusteet\",\"url\":\"https:\\\/\\\/teampercheet.fi\\\/store\\\/\",\"logo\":{\"@type\":\"ImageObject\",\"inLanguage\":\"fi\",\"@id\":\"https:\\\/\\\/teampercheet.fi\\\/store\\\/#\\\/schema\\\/logo\\\/image\\\/\",\"url\":\"https:\\\/\\\/teampercheet.fi\\\/store\\\/wp-content\\\/uploads\\\/2024\\\/10\\\/logo-tpc.png\",\"contentUrl\":\"https:\\\/\\\/teampercheet.fi\\\/store\\\/wp-content\\\/uploads\\\/2024\\\/10\\\/logo-tpc.png\",\"width\":1268,\"height\":211,\"caption\":\"Team Percheet \u2013 Laadukkaat kalastustarvikkeet ja venevarusteet\"},\"image\":{\"@id\":\"https:\\\/\\\/teampercheet.fi\\\/store\\\/#\\\/schema\\\/logo\\\/image\\\/\"}}]}<\/script>\n<!-- \/ Yoast SEO plugin. -->","yoast_head_json":{"title":"PERCHEET kaapelikiinnike 21.3\/22mm (KPF Liveanturiteline) - Team Percheet \u2013 Laadukkaat kalastustarvikkeet ja venevarusteet","robots":{"index":"index","follow":"follow","max-snippet":"max-snippet:-1","max-image-preview":"max-image-preview:large","max-video-preview":"max-video-preview:-1"},"canonical":"https:\/\/teampercheet.fi\/store\/tuote\/percheet-3-johdon-kaapelikampa-kpf-liveanturiteline\/","og_locale":"fi_FI","og_type":"article","og_title":"PERCHEET kaapelikiinnike 21.3\/22mm (KPF Liveanturiteline) - Team Percheet \u2013 Laadukkaat kalastustarvikkeet ja venevarusteet","og_description":"Ensimm\u00e4isen\u00e4 markkinoille j\u00e4mer\u00e4 PERCHEET 21.3\/22mm kaapelikampa joka on suunniteltu KPF aka Kalle Paavola Fishing \u2013 360 Liveanturitelineeseen. T\u00e4ll\u00e4 kolmen johdon kaapelikammalla kiinnit\u00e4t tukevasti niin perspective anturin, s\u00e4hk\u00f6isen scout-s\u00e4\u00e4timen sek\u00e4 liveluotaimen johdot livetelineen putkeen. Hinta sis\u00e4lt\u00e4\u00e4 2kpl kaapelikampoja.  Yl\u00e4putkeen sopivat\u00a0PERCHEET 30mm kaapelikiinnikkeet T\u00c4ST\u00c4!  Saatavilla vain meilt\u00e4!","og_url":"https:\/\/teampercheet.fi\/store\/tuote\/percheet-3-johdon-kaapelikampa-kpf-liveanturiteline\/","og_site_name":"Team Percheet \u2013 Laadukkaat kalastustarvikkeet ja venevarusteet","article_modified_time":"2026-04-13T13:45:26+00:00","og_image":[{"width":2342,"height":2342,"url":"https:\/\/teampercheet.fi\/store\/wp-content\/uploads\/2025\/02\/Percheet-KPF-Kalle-Paavola-kaapelikampa-.jpg","type":"image\/jpeg"}],"twitter_card":"summary_large_image","schema":{"@context":"https:\/\/schema.org","@graph":[{"@type":"WebPage","@id":"https:\/\/teampercheet.fi\/store\/tuote\/percheet-3-johdon-kaapelikampa-kpf-liveanturiteline\/","url":"https:\/\/teampercheet.fi\/store\/tuote\/percheet-3-johdon-kaapelikampa-kpf-liveanturiteline\/","name":"PERCHEET kaapelikiinnike 21.3\/22mm (KPF Liveanturiteline) - Team Percheet \u2013 Laadukkaat kalastustarvikkeet ja venevarusteet","isPartOf":{"@id":"https:\/\/teampercheet.fi\/store\/#website"},"primaryImageOfPage":{"@id":"https:\/\/teampercheet.fi\/store\/tuote\/percheet-3-johdon-kaapelikampa-kpf-liveanturiteline\/#primaryimage"},"image":{"@id":"https:\/\/teampercheet.fi\/store\/tuote\/percheet-3-johdon-kaapelikampa-kpf-liveanturiteline\/#primaryimage"},"thumbnailUrl":"https:\/\/teampercheet.fi\/store\/wp-content\/uploads\/2025\/02\/Percheet-KPF-Kalle-Paavola-kaapelikampa-.jpg","datePublished":"2025-02-03T08:14:57+00:00","dateModified":"2026-04-13T13:45:26+00:00","breadcrumb":{"@id":"https:\/\/teampercheet.fi\/store\/tuote\/percheet-3-johdon-kaapelikampa-kpf-liveanturiteline\/#breadcrumb"},"inLanguage":"fi","potentialAction":[{"@type":"ReadAction","target":["https:\/\/teampercheet.fi\/store\/tuote\/percheet-3-johdon-kaapelikampa-kpf-liveanturiteline\/"]}]},{"@type":"ImageObject","inLanguage":"fi","@id":"https:\/\/teampercheet.fi\/store\/tuote\/percheet-3-johdon-kaapelikampa-kpf-liveanturiteline\/#primaryimage","url":"https:\/\/teampercheet.fi\/store\/wp-content\/uploads\/2025\/02\/Percheet-KPF-Kalle-Paavola-kaapelikampa-.jpg","contentUrl":"https:\/\/teampercheet.fi\/store\/wp-content\/uploads\/2025\/02\/Percheet-KPF-Kalle-Paavola-kaapelikampa-.jpg","width":2342,"height":2342},{"@type":"BreadcrumbList","@id":"https:\/\/teampercheet.fi\/store\/tuote\/percheet-3-johdon-kaapelikampa-kpf-liveanturiteline\/#breadcrumb","itemListElement":[{"@type":"ListItem","position":1,"name":"Etusivu","item":"https:\/\/teampercheet.fi\/store\/"},{"@type":"ListItem","position":2,"name":"Kauppa","item":"https:\/\/teampercheet.fi\/store\/kauppa\/"},{"@type":"ListItem","position":3,"name":"PERCHEET kaapelikiinnike 21.3\/22mm (KPF Liveanturiteline)"}]},{"@type":"WebSite","@id":"https:\/\/teampercheet.fi\/store\/#website","url":"https:\/\/teampercheet.fi\/store\/","name":"Team Percheet \u2013 Laadukkaat kalastustarvikkeet ja venevarusteet","description":"Tutustu Percheet Gearin kattavaan valikoimaan. Kest\u00e4v\u00e4t venevarusteet, juomatelineet, anturikiinnikkeet ja anturisuojat veneilyyn ja\u00a0kalastukseen.","publisher":{"@id":"https:\/\/teampercheet.fi\/store\/#organization"},"potentialAction":[{"@type":"SearchAction","target":{"@type":"EntryPoint","urlTemplate":"https:\/\/teampercheet.fi\/store\/?s={search_term_string}"},"query-input":{"@type":"PropertyValueSpecification","valueRequired":true,"valueName":"search_term_string"}}],"inLanguage":"fi"},{"@type":"Organization","@id":"https:\/\/teampercheet.fi\/store\/#organization","name":"Team Percheet \u2013 Laadukkaat kalastustarvikkeet ja venevarusteet","url":"https:\/\/teampercheet.fi\/store\/","logo":{"@type":"ImageObject","inLanguage":"fi","@id":"https:\/\/teampercheet.fi\/store\/#\/schema\/logo\/image\/","url":"https:\/\/teampercheet.fi\/store\/wp-content\/uploads\/2024\/10\/logo-tpc.png","contentUrl":"https:\/\/teampercheet.fi\/store\/wp-content\/uploads\/2024\/10\/logo-tpc.png","width":1268,"height":211,"caption":"Team Percheet \u2013 Laadukkaat kalastustarvikkeet ja venevarusteet"},"image":{"@id":"https:\/\/teampercheet.fi\/store\/#\/schema\/logo\/image\/"}}]}},"_links":{"self":[{"href":"https:\/\/teampercheet.fi\/store\/wp-json\/wp\/v2\/product\/3373","targetHints":{"allow":["GET"]}}],"collection":[{"href":"https:\/\/teampercheet.fi\/store\/wp-json\/wp\/v2\/product"}],"about":[{"href":"https:\/\/teampercheet.fi\/store\/wp-json\/wp\/v2\/types\/product"}],"replies":[{"embeddable":true,"href":"https:\/\/teampercheet.fi\/store\/wp-json\/wp\/v2\/comments?post=3373"}],"wp:featuredmedia":[{"embeddable":true,"href":"https:\/\/teampercheet.fi\/store\/wp-json\/wp\/v2\/media\/3374"}],"wp:attachment":[{"href":"https:\/\/teampercheet.fi\/store\/wp-json\/wp\/v2\/media?parent=3373"}],"wp:term":[{"taxonomy":"product_brand","embeddable":true,"href":"https:\/\/teampercheet.fi\/store\/wp-json\/wp\/v2\/product_brand?post=3373"},{"taxonomy":"product_cat","embeddable":true,"href":"https:\/\/teampercheet.fi\/store\/wp-json\/wp\/v2\/product_cat?post=3373"},{"taxonomy":"product_tag","embeddable":true,"href":"https:\/\/teampercheet.fi\/store\/wp-json\/wp\/v2\/product_tag?post=3373"}],"curies":[{"name":"wp","href":"https:\/\/api.w.org\/{rel}","templated":true}]}}