{"id":3375,"date":"2025-02-14T17:17:09","date_gmt":"2025-02-14T15:17:09","guid":{"rendered":"https:\/\/teampercheet.fi\/store\/?post_type=product&#038;p=3375"},"modified":"2026-04-02T00:38:41","modified_gmt":"2026-04-01T21:38:41","slug":"percheet-360-live-pilkkianturiteline","status":"publish","type":"product","link":"https:\/\/teampercheet.fi\/store\/tuote\/percheet-360-live-pilkkianturiteline\/","title":{"rendered":"PERCHEET 360 Live Pilkkianturiteline 2.0 \u2744\ufe0f"},"content":{"rendered":"","protected":false},"excerpt":{"rendered":"<p>PERCHEET 360 Live Pilkkianturiteline 2.0 on paranneltu ja vahvistettu versio viime vuoden mallista.<\/p>\n<p>Se on markkinoiden ainoa kuulalaakeroitu 360 Live Pilkkianturiteline, joka takaa v\u00e4lyksett\u00f6m\u00e4n sek\u00e4 t\u00e4ydellisen 360 asteen py\u00f6ritett\u00e4vyyden. T\u00e4m\u00e4 premium luokan pilkkilivekeppi on valinta niille pilkkij\u00f6ille jotka haluavat maksimoida livekalastuksen tehokkuuden sek\u00e4 k\u00e4ytt\u00f6mukavuuden pilkkimisen yhteydess\u00e4. <strong>Pilkkilivekepin<\/strong> avain ominaisuuksia ovat sen universaali anturikiinnike, <strong>kuulalaakerointi<\/strong>, portaaton pituuden s\u00e4\u00e4t\u00f6, <strong>s\u00e4\u00e4dett\u00e4v\u00e4 py\u00f6rityksen vastus<\/strong> sek\u00e4 s\u00e4\u00e4dett\u00e4v\u00e4 ja k\u00e4\u00e4nnett\u00e4v\u00e4 suunnan osoitin. Pitk\u00e4n teleskooppi vartensa ansiosta t\u00e4t\u00e4 telinett\u00e4 voidaan k\u00e4ytt\u00e4\u00e4 niin etel\u00e4ss\u00e4 kuin pohjoisessa paksusta j\u00e4\u00e4st\u00e4 huolimatta. Maksimi j\u00e4\u00e4npaksuus 90cm.<\/p>\n<p><strong>RST-pultit\/mutterit ja alumiininen teleskooppiputki!<\/strong><\/p>\n<p>Putken paksuus 22\/25mm Sopivat kaapelikammat <strong><a href=\"https:\/\/teampercheet.fi\/store\/tuote\/percheet-kaapelikampa-2kpl\/\">T\u00c4ST\u00c4<\/a><\/strong><strong>!<\/strong><\/p>\n<p>T\u00e4m\u00e4 live-antureille tarkoitettu livekeppi sopii Lowrance Active Target 1 ja 2, Garmin Livescope 32 &amp; 34 sek\u00e4 muihin yleisimpiin antureihin.<\/p>\n<p class=\"p1\">Muoviosat valmistettu PETG muovista. Myyd\u00e4\u00e4n valmiiksi kasattuna.<\/p>\n<p class=\"p1\">Kyseess\u00e4 on ahkeran kehityksen lopputulos joka puhuttelee puolestaan!<\/p>\n<p class=\"p1\">Valmistettu Suomessa.<\/p>\n<p class=\"p1\">Kokonaispituus 150cm<\/p>\n<p class=\"p1\">Kuljetuspituus 98cm<\/p>\n<p class=\"p1\">Ahkiokiinnikkeet pilkkilivetelineelle <strong><a href=\"https:\/\/teampercheet.fi\/store\/tuote\/percheet-pilkkianturitelineen-kiinnikkeet-ahkioon\/\">T\u00c4ST\u00c4!<\/a><\/strong><\/p>\n","protected":false},"featured_media":5082,"comment_status":"open","ping_status":"closed","template":"","meta":[],"product_brand":[],"product_cat":[301,298],"product_tag":[255,256,254,253,233,252,162,250,138,257,251,258,35,42],"class_list":{"0":"post-3375","1":"product","2":"type-product","3":"status-publish","4":"has-post-thumbnail","6":"product_cat-myydyimmat","7":"product_cat-talvikalastus-pilkkiminen","8":"product_tag-360-pilkkiteline-pro","9":"product_tag-anturitelineet","10":"product_tag-live-360-pilkkiliveteline","11":"product_tag-live-360-pilkkiteline","12":"product_tag-liveteline","13":"product_tag-pilkki-360-liveteline","14":"product_tag-pilkkianturiteline","15":"product_tag-pilkkiliveteline","16":"product_tag-pilkkiminen","17":"product_tag-pilkkitarvikkeet","18":"product_tag-pilkkiteline","19":"product_tag-pilkkivarusteet","20":"product_tag-team-percheet","21":"product_tag-team-percheet-oy","23":"first","24":"outofstock","25":"taxable","26":"shipping-taxable","27":"purchasable","28":"product-type-variable"},"yoast_head":"<!-- This site is optimized with the Yoast SEO plugin v27.3 - https:\/\/yoast.com\/product\/yoast-seo-wordpress\/ -->\n<title>PERCHEET 360 Live Pilkkianturiteline 2.0 \u2744\ufe0f - Team Percheet \u2013 Laadukkaat kalastustarvikkeet ja venevarusteet<\/title>\n<meta name=\"robots\" content=\"index, follow, max-snippet:-1, max-image-preview:large, max-video-preview:-1\" \/>\n<link rel=\"canonical\" href=\"https:\/\/teampercheet.fi\/store\/tuote\/percheet-360-live-pilkkianturiteline\/\" \/>\n<meta property=\"og:locale\" content=\"fi_FI\" \/>\n<meta property=\"og:type\" content=\"article\" \/>\n<meta property=\"og:title\" content=\"PERCHEET 360 Live Pilkkianturiteline 2.0 \u2744\ufe0f - Team Percheet \u2013 Laadukkaat kalastustarvikkeet ja venevarusteet\" \/>\n<meta property=\"og:description\" content=\"PERCHEET 360 Live Pilkkianturiteline 2.0 on paranneltu ja vahvistettu versio viime vuoden mallista.  Se on markkinoiden ainoa kuulalaakeroitu 360 Live Pilkkianturiteline, joka takaa v\u00e4lyksett\u00f6m\u00e4n sek\u00e4 t\u00e4ydellisen 360 asteen py\u00f6ritett\u00e4vyyden. T\u00e4m\u00e4 premium luokan pilkkilivekeppi on valinta niille pilkkij\u00f6ille jotka haluavat maksimoida livekalastuksen tehokkuuden sek\u00e4 k\u00e4ytt\u00f6mukavuuden pilkkimisen yhteydess\u00e4. Pilkkilivekepin avain ominaisuuksia ovat sen universaali anturikiinnike, kuulalaakerointi, portaaton pituuden s\u00e4\u00e4t\u00f6, s\u00e4\u00e4dett\u00e4v\u00e4 py\u00f6rityksen vastus sek\u00e4 s\u00e4\u00e4dett\u00e4v\u00e4 ja k\u00e4\u00e4nnett\u00e4v\u00e4 suunnan osoitin. Pitk\u00e4n teleskooppi vartensa ansiosta t\u00e4t\u00e4 telinett\u00e4 voidaan k\u00e4ytt\u00e4\u00e4 niin etel\u00e4ss\u00e4 kuin pohjoisessa paksusta j\u00e4\u00e4st\u00e4 huolimatta. Maksimi j\u00e4\u00e4npaksuus 90cm.  RST-pultit\/mutterit ja alumiininen teleskooppiputki!  Putken paksuus 22\/25mm Sopivat kaapelikammat T\u00c4ST\u00c4!  T\u00e4m\u00e4 live-antureille tarkoitettu livekeppi sopii Lowrance Active Target 1 ja 2, Garmin Livescope 32 &amp; 34 sek\u00e4 muihin yleisimpiin antureihin. Muoviosat valmistettu PETG muovista. Myyd\u00e4\u00e4n valmiiksi kasattuna. Kyseess\u00e4 on ahkeran kehityksen lopputulos joka puhuttelee puolestaan! Valmistettu Suomessa. Kokonaispituus 150cm Kuljetuspituus 98cm Ahkiokiinnikkeet pilkkilivetelineelle T\u00c4ST\u00c4!\" \/>\n<meta property=\"og:url\" content=\"https:\/\/teampercheet.fi\/store\/tuote\/percheet-360-live-pilkkianturiteline\/\" \/>\n<meta property=\"og:site_name\" content=\"Team Percheet \u2013 Laadukkaat kalastustarvikkeet ja venevarusteet\" \/>\n<meta property=\"article:modified_time\" content=\"2026-04-01T21:38:41+00:00\" \/>\n<meta property=\"og:image\" content=\"https:\/\/teampercheet.fi\/store\/wp-content\/uploads\/2025\/02\/Pilkkiliveteline-kopio-scaled.jpg\" \/>\n\t<meta property=\"og:image:width\" content=\"2560\" \/>\n\t<meta property=\"og:image:height\" content=\"2560\" \/>\n\t<meta property=\"og:image:type\" content=\"image\/jpeg\" \/>\n<meta name=\"twitter:card\" content=\"summary_large_image\" \/>\n<script type=\"application\/ld+json\" class=\"yoast-schema-graph\">{\"@context\":\"https:\\\/\\\/schema.org\",\"@graph\":[{\"@type\":\"WebPage\",\"@id\":\"https:\\\/\\\/teampercheet.fi\\\/store\\\/tuote\\\/percheet-360-live-pilkkianturiteline\\\/\",\"url\":\"https:\\\/\\\/teampercheet.fi\\\/store\\\/tuote\\\/percheet-360-live-pilkkianturiteline\\\/\",\"name\":\"PERCHEET 360 Live Pilkkianturiteline 2.0 \u2744\ufe0f - Team Percheet \u2013 Laadukkaat kalastustarvikkeet ja venevarusteet\",\"isPartOf\":{\"@id\":\"https:\\\/\\\/teampercheet.fi\\\/store\\\/#website\"},\"primaryImageOfPage\":{\"@id\":\"https:\\\/\\\/teampercheet.fi\\\/store\\\/tuote\\\/percheet-360-live-pilkkianturiteline\\\/#primaryimage\"},\"image\":{\"@id\":\"https:\\\/\\\/teampercheet.fi\\\/store\\\/tuote\\\/percheet-360-live-pilkkianturiteline\\\/#primaryimage\"},\"thumbnailUrl\":\"https:\\\/\\\/teampercheet.fi\\\/store\\\/wp-content\\\/uploads\\\/2025\\\/02\\\/Pilkkiliveteline-kopio-scaled.jpg\",\"datePublished\":\"2025-02-14T15:17:09+00:00\",\"dateModified\":\"2026-04-01T21:38:41+00:00\",\"breadcrumb\":{\"@id\":\"https:\\\/\\\/teampercheet.fi\\\/store\\\/tuote\\\/percheet-360-live-pilkkianturiteline\\\/#breadcrumb\"},\"inLanguage\":\"fi\",\"potentialAction\":[{\"@type\":\"ReadAction\",\"target\":[\"https:\\\/\\\/teampercheet.fi\\\/store\\\/tuote\\\/percheet-360-live-pilkkianturiteline\\\/\"]}]},{\"@type\":\"ImageObject\",\"inLanguage\":\"fi\",\"@id\":\"https:\\\/\\\/teampercheet.fi\\\/store\\\/tuote\\\/percheet-360-live-pilkkianturiteline\\\/#primaryimage\",\"url\":\"https:\\\/\\\/teampercheet.fi\\\/store\\\/wp-content\\\/uploads\\\/2025\\\/02\\\/Pilkkiliveteline-kopio-scaled.jpg\",\"contentUrl\":\"https:\\\/\\\/teampercheet.fi\\\/store\\\/wp-content\\\/uploads\\\/2025\\\/02\\\/Pilkkiliveteline-kopio-scaled.jpg\",\"width\":2560,\"height\":2560},{\"@type\":\"BreadcrumbList\",\"@id\":\"https:\\\/\\\/teampercheet.fi\\\/store\\\/tuote\\\/percheet-360-live-pilkkianturiteline\\\/#breadcrumb\",\"itemListElement\":[{\"@type\":\"ListItem\",\"position\":1,\"name\":\"Etusivu\",\"item\":\"https:\\\/\\\/teampercheet.fi\\\/store\\\/\"},{\"@type\":\"ListItem\",\"position\":2,\"name\":\"Kauppa\",\"item\":\"https:\\\/\\\/teampercheet.fi\\\/store\\\/kauppa\\\/\"},{\"@type\":\"ListItem\",\"position\":3,\"name\":\"PERCHEET 360 Live Pilkkianturiteline 2.0 \u2744\ufe0f\"}]},{\"@type\":\"WebSite\",\"@id\":\"https:\\\/\\\/teampercheet.fi\\\/store\\\/#website\",\"url\":\"https:\\\/\\\/teampercheet.fi\\\/store\\\/\",\"name\":\"Team Percheet \u2013 Laadukkaat kalastustarvikkeet ja venevarusteet\",\"description\":\"Tutustu Percheet Gearin kattavaan valikoimaan. Kest\u00e4v\u00e4t venevarusteet, juomatelineet, anturikiinnikkeet ja anturisuojat veneilyyn ja\u00a0kalastukseen.\",\"publisher\":{\"@id\":\"https:\\\/\\\/teampercheet.fi\\\/store\\\/#organization\"},\"potentialAction\":[{\"@type\":\"SearchAction\",\"target\":{\"@type\":\"EntryPoint\",\"urlTemplate\":\"https:\\\/\\\/teampercheet.fi\\\/store\\\/?s={search_term_string}\"},\"query-input\":{\"@type\":\"PropertyValueSpecification\",\"valueRequired\":true,\"valueName\":\"search_term_string\"}}],\"inLanguage\":\"fi\"},{\"@type\":\"Organization\",\"@id\":\"https:\\\/\\\/teampercheet.fi\\\/store\\\/#organization\",\"name\":\"Team Percheet \u2013 Laadukkaat kalastustarvikkeet ja venevarusteet\",\"url\":\"https:\\\/\\\/teampercheet.fi\\\/store\\\/\",\"logo\":{\"@type\":\"ImageObject\",\"inLanguage\":\"fi\",\"@id\":\"https:\\\/\\\/teampercheet.fi\\\/store\\\/#\\\/schema\\\/logo\\\/image\\\/\",\"url\":\"https:\\\/\\\/teampercheet.fi\\\/store\\\/wp-content\\\/uploads\\\/2024\\\/10\\\/logo-tpc.png\",\"contentUrl\":\"https:\\\/\\\/teampercheet.fi\\\/store\\\/wp-content\\\/uploads\\\/2024\\\/10\\\/logo-tpc.png\",\"width\":1268,\"height\":211,\"caption\":\"Team Percheet \u2013 Laadukkaat kalastustarvikkeet ja venevarusteet\"},\"image\":{\"@id\":\"https:\\\/\\\/teampercheet.fi\\\/store\\\/#\\\/schema\\\/logo\\\/image\\\/\"}}]}<\/script>\n<!-- \/ Yoast SEO plugin. -->","yoast_head_json":{"title":"PERCHEET 360 Live Pilkkianturiteline 2.0 \u2744\ufe0f - Team Percheet \u2013 Laadukkaat kalastustarvikkeet ja venevarusteet","robots":{"index":"index","follow":"follow","max-snippet":"max-snippet:-1","max-image-preview":"max-image-preview:large","max-video-preview":"max-video-preview:-1"},"canonical":"https:\/\/teampercheet.fi\/store\/tuote\/percheet-360-live-pilkkianturiteline\/","og_locale":"fi_FI","og_type":"article","og_title":"PERCHEET 360 Live Pilkkianturiteline 2.0 \u2744\ufe0f - Team Percheet \u2013 Laadukkaat kalastustarvikkeet ja venevarusteet","og_description":"PERCHEET 360 Live Pilkkianturiteline 2.0 on paranneltu ja vahvistettu versio viime vuoden mallista.  Se on markkinoiden ainoa kuulalaakeroitu 360 Live Pilkkianturiteline, joka takaa v\u00e4lyksett\u00f6m\u00e4n sek\u00e4 t\u00e4ydellisen 360 asteen py\u00f6ritett\u00e4vyyden. T\u00e4m\u00e4 premium luokan pilkkilivekeppi on valinta niille pilkkij\u00f6ille jotka haluavat maksimoida livekalastuksen tehokkuuden sek\u00e4 k\u00e4ytt\u00f6mukavuuden pilkkimisen yhteydess\u00e4. Pilkkilivekepin avain ominaisuuksia ovat sen universaali anturikiinnike, kuulalaakerointi, portaaton pituuden s\u00e4\u00e4t\u00f6, s\u00e4\u00e4dett\u00e4v\u00e4 py\u00f6rityksen vastus sek\u00e4 s\u00e4\u00e4dett\u00e4v\u00e4 ja k\u00e4\u00e4nnett\u00e4v\u00e4 suunnan osoitin. Pitk\u00e4n teleskooppi vartensa ansiosta t\u00e4t\u00e4 telinett\u00e4 voidaan k\u00e4ytt\u00e4\u00e4 niin etel\u00e4ss\u00e4 kuin pohjoisessa paksusta j\u00e4\u00e4st\u00e4 huolimatta. Maksimi j\u00e4\u00e4npaksuus 90cm.  RST-pultit\/mutterit ja alumiininen teleskooppiputki!  Putken paksuus 22\/25mm Sopivat kaapelikammat T\u00c4ST\u00c4!  T\u00e4m\u00e4 live-antureille tarkoitettu livekeppi sopii Lowrance Active Target 1 ja 2, Garmin Livescope 32 &amp; 34 sek\u00e4 muihin yleisimpiin antureihin. Muoviosat valmistettu PETG muovista. Myyd\u00e4\u00e4n valmiiksi kasattuna. Kyseess\u00e4 on ahkeran kehityksen lopputulos joka puhuttelee puolestaan! Valmistettu Suomessa. Kokonaispituus 150cm Kuljetuspituus 98cm Ahkiokiinnikkeet pilkkilivetelineelle T\u00c4ST\u00c4!","og_url":"https:\/\/teampercheet.fi\/store\/tuote\/percheet-360-live-pilkkianturiteline\/","og_site_name":"Team Percheet \u2013 Laadukkaat kalastustarvikkeet ja venevarusteet","article_modified_time":"2026-04-01T21:38:41+00:00","og_image":[{"width":2560,"height":2560,"url":"https:\/\/teampercheet.fi\/store\/wp-content\/uploads\/2025\/02\/Pilkkiliveteline-kopio-scaled.jpg","type":"image\/jpeg"}],"twitter_card":"summary_large_image","schema":{"@context":"https:\/\/schema.org","@graph":[{"@type":"WebPage","@id":"https:\/\/teampercheet.fi\/store\/tuote\/percheet-360-live-pilkkianturiteline\/","url":"https:\/\/teampercheet.fi\/store\/tuote\/percheet-360-live-pilkkianturiteline\/","name":"PERCHEET 360 Live Pilkkianturiteline 2.0 \u2744\ufe0f - Team Percheet \u2013 Laadukkaat kalastustarvikkeet ja venevarusteet","isPartOf":{"@id":"https:\/\/teampercheet.fi\/store\/#website"},"primaryImageOfPage":{"@id":"https:\/\/teampercheet.fi\/store\/tuote\/percheet-360-live-pilkkianturiteline\/#primaryimage"},"image":{"@id":"https:\/\/teampercheet.fi\/store\/tuote\/percheet-360-live-pilkkianturiteline\/#primaryimage"},"thumbnailUrl":"https:\/\/teampercheet.fi\/store\/wp-content\/uploads\/2025\/02\/Pilkkiliveteline-kopio-scaled.jpg","datePublished":"2025-02-14T15:17:09+00:00","dateModified":"2026-04-01T21:38:41+00:00","breadcrumb":{"@id":"https:\/\/teampercheet.fi\/store\/tuote\/percheet-360-live-pilkkianturiteline\/#breadcrumb"},"inLanguage":"fi","potentialAction":[{"@type":"ReadAction","target":["https:\/\/teampercheet.fi\/store\/tuote\/percheet-360-live-pilkkianturiteline\/"]}]},{"@type":"ImageObject","inLanguage":"fi","@id":"https:\/\/teampercheet.fi\/store\/tuote\/percheet-360-live-pilkkianturiteline\/#primaryimage","url":"https:\/\/teampercheet.fi\/store\/wp-content\/uploads\/2025\/02\/Pilkkiliveteline-kopio-scaled.jpg","contentUrl":"https:\/\/teampercheet.fi\/store\/wp-content\/uploads\/2025\/02\/Pilkkiliveteline-kopio-scaled.jpg","width":2560,"height":2560},{"@type":"BreadcrumbList","@id":"https:\/\/teampercheet.fi\/store\/tuote\/percheet-360-live-pilkkianturiteline\/#breadcrumb","itemListElement":[{"@type":"ListItem","position":1,"name":"Etusivu","item":"https:\/\/teampercheet.fi\/store\/"},{"@type":"ListItem","position":2,"name":"Kauppa","item":"https:\/\/teampercheet.fi\/store\/kauppa\/"},{"@type":"ListItem","position":3,"name":"PERCHEET 360 Live Pilkkianturiteline 2.0 \u2744\ufe0f"}]},{"@type":"WebSite","@id":"https:\/\/teampercheet.fi\/store\/#website","url":"https:\/\/teampercheet.fi\/store\/","name":"Team Percheet \u2013 Laadukkaat kalastustarvikkeet ja venevarusteet","description":"Tutustu Percheet Gearin kattavaan valikoimaan. Kest\u00e4v\u00e4t venevarusteet, juomatelineet, anturikiinnikkeet ja anturisuojat veneilyyn ja\u00a0kalastukseen.","publisher":{"@id":"https:\/\/teampercheet.fi\/store\/#organization"},"potentialAction":[{"@type":"SearchAction","target":{"@type":"EntryPoint","urlTemplate":"https:\/\/teampercheet.fi\/store\/?s={search_term_string}"},"query-input":{"@type":"PropertyValueSpecification","valueRequired":true,"valueName":"search_term_string"}}],"inLanguage":"fi"},{"@type":"Organization","@id":"https:\/\/teampercheet.fi\/store\/#organization","name":"Team Percheet \u2013 Laadukkaat kalastustarvikkeet ja venevarusteet","url":"https:\/\/teampercheet.fi\/store\/","logo":{"@type":"ImageObject","inLanguage":"fi","@id":"https:\/\/teampercheet.fi\/store\/#\/schema\/logo\/image\/","url":"https:\/\/teampercheet.fi\/store\/wp-content\/uploads\/2024\/10\/logo-tpc.png","contentUrl":"https:\/\/teampercheet.fi\/store\/wp-content\/uploads\/2024\/10\/logo-tpc.png","width":1268,"height":211,"caption":"Team Percheet \u2013 Laadukkaat kalastustarvikkeet ja venevarusteet"},"image":{"@id":"https:\/\/teampercheet.fi\/store\/#\/schema\/logo\/image\/"}}]}},"_links":{"self":[{"href":"https:\/\/teampercheet.fi\/store\/wp-json\/wp\/v2\/product\/3375","targetHints":{"allow":["GET"]}}],"collection":[{"href":"https:\/\/teampercheet.fi\/store\/wp-json\/wp\/v2\/product"}],"about":[{"href":"https:\/\/teampercheet.fi\/store\/wp-json\/wp\/v2\/types\/product"}],"replies":[{"embeddable":true,"href":"https:\/\/teampercheet.fi\/store\/wp-json\/wp\/v2\/comments?post=3375"}],"wp:featuredmedia":[{"embeddable":true,"href":"https:\/\/teampercheet.fi\/store\/wp-json\/wp\/v2\/media\/5082"}],"wp:attachment":[{"href":"https:\/\/teampercheet.fi\/store\/wp-json\/wp\/v2\/media?parent=3375"}],"wp:term":[{"taxonomy":"product_brand","embeddable":true,"href":"https:\/\/teampercheet.fi\/store\/wp-json\/wp\/v2\/product_brand?post=3375"},{"taxonomy":"product_cat","embeddable":true,"href":"https:\/\/teampercheet.fi\/store\/wp-json\/wp\/v2\/product_cat?post=3375"},{"taxonomy":"product_tag","embeddable":true,"href":"https:\/\/teampercheet.fi\/store\/wp-json\/wp\/v2\/product_tag?post=3375"}],"curies":[{"name":"wp","href":"https:\/\/api.w.org\/{rel}","templated":true}]}}