{"id":3556,"date":"2025-02-14T17:16:38","date_gmt":"2025-02-14T15:16:38","guid":{"rendered":"https:\/\/teampercheet.fi\/store\/?post_type=product&#038;p=3556"},"modified":"2026-04-02T00:39:03","modified_gmt":"2026-04-01T21:39:03","slug":"percheet-pilkkianturitelineen-kiinnikkeet-ahkioon","status":"publish","type":"product","link":"https:\/\/teampercheet.fi\/store\/tuote\/percheet-pilkkianturitelineen-kiinnikkeet-ahkioon\/","title":{"rendered":"PERCHEET Pilkkianturitelineen kiinnikkeet ahkioon"},"content":{"rendered":"","protected":false},"excerpt":{"rendered":"<p>N\u00e4ill\u00e4 kiinnikkeill\u00e4 kuljetat PERCHEET Pilkkianturiteline 2.0 ahkiossasi turvallisesti. Telineet asennetaan ahkion laidalle jolloin ahkion pohjalle vapautuu lis\u00e4\u00e4 tilaa. Napsauta Pilkkiliveteline napakkoihin kiinnikkeisiin ja se pysyy siin\u00e4 tukevasti paikoillaan. Kiinnikkeet kiinnitet\u00e4\u00e4n mukana tulevilla pulteilla kolmesta kohtaan ahkion laitaan kuten Kairatelineetkin.<\/p>\n<p>Hintaan sis\u00e4ltyy 25mm ja 22mm kiinnikeet sek\u00e4 kiinnitystarvikkeet.<\/p>\n","protected":false},"featured_media":4984,"comment_status":"open","ping_status":"closed","template":"","meta":[],"product_brand":[],"product_cat":[301,298],"product_tag":[226,260,162,250,259,146],"class_list":{"0":"post-3556","1":"product","2":"type-product","3":"status-publish","4":"has-post-thumbnail","6":"product_cat-myydyimmat","7":"product_cat-talvikalastus-pilkkiminen","8":"product_tag-ahkion-varustelu","9":"product_tag-kiinnike-ahkioon","10":"product_tag-pilkkianturiteline","11":"product_tag-pilkkiliveteline","12":"product_tag-pilkkilivetelineen-kiinnikkeet","13":"product_tag-talvikalastus","15":"first","16":"instock","17":"taxable","18":"shipping-taxable","19":"purchasable","20":"product-type-simple"},"yoast_head":"<!-- This site is optimized with the Yoast SEO plugin v27.3 - https:\/\/yoast.com\/product\/yoast-seo-wordpress\/ -->\n<title>PERCHEET Pilkkianturitelineen kiinnikkeet ahkioon - Team Percheet \u2013 Laadukkaat kalastustarvikkeet ja venevarusteet<\/title>\n<meta name=\"robots\" content=\"index, follow, max-snippet:-1, max-image-preview:large, max-video-preview:-1\" \/>\n<link rel=\"canonical\" href=\"https:\/\/teampercheet.fi\/store\/tuote\/percheet-pilkkianturitelineen-kiinnikkeet-ahkioon\/\" \/>\n<meta property=\"og:locale\" content=\"fi_FI\" \/>\n<meta property=\"og:type\" content=\"article\" \/>\n<meta property=\"og:title\" content=\"PERCHEET Pilkkianturitelineen kiinnikkeet ahkioon - Team Percheet \u2013 Laadukkaat kalastustarvikkeet ja venevarusteet\" \/>\n<meta property=\"og:description\" content=\"N\u00e4ill\u00e4 kiinnikkeill\u00e4 kuljetat PERCHEET Pilkkianturiteline 2.0 ahkiossasi turvallisesti. Telineet asennetaan ahkion laidalle jolloin ahkion pohjalle vapautuu lis\u00e4\u00e4 tilaa. Napsauta Pilkkiliveteline napakkoihin kiinnikkeisiin ja se pysyy siin\u00e4 tukevasti paikoillaan. Kiinnikkeet kiinnitet\u00e4\u00e4n mukana tulevilla pulteilla kolmesta kohtaan ahkion laitaan kuten Kairatelineetkin.  Hintaan sis\u00e4ltyy 25mm ja 22mm kiinnikeet sek\u00e4 kiinnitystarvikkeet.\" \/>\n<meta property=\"og:url\" content=\"https:\/\/teampercheet.fi\/store\/tuote\/percheet-pilkkianturitelineen-kiinnikkeet-ahkioon\/\" \/>\n<meta property=\"og:site_name\" content=\"Team Percheet \u2013 Laadukkaat kalastustarvikkeet ja venevarusteet\" \/>\n<meta property=\"article:modified_time\" content=\"2026-04-01T21:39:03+00:00\" \/>\n<meta property=\"og:image\" content=\"https:\/\/teampercheet.fi\/store\/wp-content\/uploads\/2025\/02\/Pilkkilivetelineen-kiinnikkeet-ahkioon-scaled-e1762450636821.jpg\" \/>\n\t<meta property=\"og:image:width\" content=\"1826\" \/>\n\t<meta property=\"og:image:height\" content=\"1826\" \/>\n\t<meta property=\"og:image:type\" content=\"image\/jpeg\" \/>\n<meta name=\"twitter:card\" content=\"summary_large_image\" \/>\n<script type=\"application\/ld+json\" class=\"yoast-schema-graph\">{\"@context\":\"https:\\\/\\\/schema.org\",\"@graph\":[{\"@type\":\"WebPage\",\"@id\":\"https:\\\/\\\/teampercheet.fi\\\/store\\\/tuote\\\/percheet-pilkkianturitelineen-kiinnikkeet-ahkioon\\\/\",\"url\":\"https:\\\/\\\/teampercheet.fi\\\/store\\\/tuote\\\/percheet-pilkkianturitelineen-kiinnikkeet-ahkioon\\\/\",\"name\":\"PERCHEET Pilkkianturitelineen kiinnikkeet ahkioon - Team Percheet \u2013 Laadukkaat kalastustarvikkeet ja venevarusteet\",\"isPartOf\":{\"@id\":\"https:\\\/\\\/teampercheet.fi\\\/store\\\/#website\"},\"primaryImageOfPage\":{\"@id\":\"https:\\\/\\\/teampercheet.fi\\\/store\\\/tuote\\\/percheet-pilkkianturitelineen-kiinnikkeet-ahkioon\\\/#primaryimage\"},\"image\":{\"@id\":\"https:\\\/\\\/teampercheet.fi\\\/store\\\/tuote\\\/percheet-pilkkianturitelineen-kiinnikkeet-ahkioon\\\/#primaryimage\"},\"thumbnailUrl\":\"https:\\\/\\\/teampercheet.fi\\\/store\\\/wp-content\\\/uploads\\\/2025\\\/02\\\/Pilkkilivetelineen-kiinnikkeet-ahkioon-scaled-e1762450636821.jpg\",\"datePublished\":\"2025-02-14T15:16:38+00:00\",\"dateModified\":\"2026-04-01T21:39:03+00:00\",\"breadcrumb\":{\"@id\":\"https:\\\/\\\/teampercheet.fi\\\/store\\\/tuote\\\/percheet-pilkkianturitelineen-kiinnikkeet-ahkioon\\\/#breadcrumb\"},\"inLanguage\":\"fi\",\"potentialAction\":[{\"@type\":\"ReadAction\",\"target\":[\"https:\\\/\\\/teampercheet.fi\\\/store\\\/tuote\\\/percheet-pilkkianturitelineen-kiinnikkeet-ahkioon\\\/\"]}]},{\"@type\":\"ImageObject\",\"inLanguage\":\"fi\",\"@id\":\"https:\\\/\\\/teampercheet.fi\\\/store\\\/tuote\\\/percheet-pilkkianturitelineen-kiinnikkeet-ahkioon\\\/#primaryimage\",\"url\":\"https:\\\/\\\/teampercheet.fi\\\/store\\\/wp-content\\\/uploads\\\/2025\\\/02\\\/Pilkkilivetelineen-kiinnikkeet-ahkioon-scaled-e1762450636821.jpg\",\"contentUrl\":\"https:\\\/\\\/teampercheet.fi\\\/store\\\/wp-content\\\/uploads\\\/2025\\\/02\\\/Pilkkilivetelineen-kiinnikkeet-ahkioon-scaled-e1762450636821.jpg\",\"width\":1826,\"height\":1826},{\"@type\":\"BreadcrumbList\",\"@id\":\"https:\\\/\\\/teampercheet.fi\\\/store\\\/tuote\\\/percheet-pilkkianturitelineen-kiinnikkeet-ahkioon\\\/#breadcrumb\",\"itemListElement\":[{\"@type\":\"ListItem\",\"position\":1,\"name\":\"Etusivu\",\"item\":\"https:\\\/\\\/teampercheet.fi\\\/store\\\/\"},{\"@type\":\"ListItem\",\"position\":2,\"name\":\"Kauppa\",\"item\":\"https:\\\/\\\/teampercheet.fi\\\/store\\\/kauppa\\\/\"},{\"@type\":\"ListItem\",\"position\":3,\"name\":\"PERCHEET Pilkkianturitelineen kiinnikkeet ahkioon\"}]},{\"@type\":\"WebSite\",\"@id\":\"https:\\\/\\\/teampercheet.fi\\\/store\\\/#website\",\"url\":\"https:\\\/\\\/teampercheet.fi\\\/store\\\/\",\"name\":\"Team Percheet \u2013 Laadukkaat kalastustarvikkeet ja venevarusteet\",\"description\":\"Tutustu Percheet Gearin kattavaan valikoimaan. Kest\u00e4v\u00e4t venevarusteet, juomatelineet, anturikiinnikkeet ja anturisuojat veneilyyn ja\u00a0kalastukseen.\",\"publisher\":{\"@id\":\"https:\\\/\\\/teampercheet.fi\\\/store\\\/#organization\"},\"potentialAction\":[{\"@type\":\"SearchAction\",\"target\":{\"@type\":\"EntryPoint\",\"urlTemplate\":\"https:\\\/\\\/teampercheet.fi\\\/store\\\/?s={search_term_string}\"},\"query-input\":{\"@type\":\"PropertyValueSpecification\",\"valueRequired\":true,\"valueName\":\"search_term_string\"}}],\"inLanguage\":\"fi\"},{\"@type\":\"Organization\",\"@id\":\"https:\\\/\\\/teampercheet.fi\\\/store\\\/#organization\",\"name\":\"Team Percheet \u2013 Laadukkaat kalastustarvikkeet ja venevarusteet\",\"url\":\"https:\\\/\\\/teampercheet.fi\\\/store\\\/\",\"logo\":{\"@type\":\"ImageObject\",\"inLanguage\":\"fi\",\"@id\":\"https:\\\/\\\/teampercheet.fi\\\/store\\\/#\\\/schema\\\/logo\\\/image\\\/\",\"url\":\"https:\\\/\\\/teampercheet.fi\\\/store\\\/wp-content\\\/uploads\\\/2024\\\/10\\\/logo-tpc.png\",\"contentUrl\":\"https:\\\/\\\/teampercheet.fi\\\/store\\\/wp-content\\\/uploads\\\/2024\\\/10\\\/logo-tpc.png\",\"width\":1268,\"height\":211,\"caption\":\"Team Percheet \u2013 Laadukkaat kalastustarvikkeet ja venevarusteet\"},\"image\":{\"@id\":\"https:\\\/\\\/teampercheet.fi\\\/store\\\/#\\\/schema\\\/logo\\\/image\\\/\"}}]}<\/script>\n<!-- \/ Yoast SEO plugin. -->","yoast_head_json":{"title":"PERCHEET Pilkkianturitelineen kiinnikkeet ahkioon - Team Percheet \u2013 Laadukkaat kalastustarvikkeet ja venevarusteet","robots":{"index":"index","follow":"follow","max-snippet":"max-snippet:-1","max-image-preview":"max-image-preview:large","max-video-preview":"max-video-preview:-1"},"canonical":"https:\/\/teampercheet.fi\/store\/tuote\/percheet-pilkkianturitelineen-kiinnikkeet-ahkioon\/","og_locale":"fi_FI","og_type":"article","og_title":"PERCHEET Pilkkianturitelineen kiinnikkeet ahkioon - Team Percheet \u2013 Laadukkaat kalastustarvikkeet ja venevarusteet","og_description":"N\u00e4ill\u00e4 kiinnikkeill\u00e4 kuljetat PERCHEET Pilkkianturiteline 2.0 ahkiossasi turvallisesti. Telineet asennetaan ahkion laidalle jolloin ahkion pohjalle vapautuu lis\u00e4\u00e4 tilaa. Napsauta Pilkkiliveteline napakkoihin kiinnikkeisiin ja se pysyy siin\u00e4 tukevasti paikoillaan. Kiinnikkeet kiinnitet\u00e4\u00e4n mukana tulevilla pulteilla kolmesta kohtaan ahkion laitaan kuten Kairatelineetkin.  Hintaan sis\u00e4ltyy 25mm ja 22mm kiinnikeet sek\u00e4 kiinnitystarvikkeet.","og_url":"https:\/\/teampercheet.fi\/store\/tuote\/percheet-pilkkianturitelineen-kiinnikkeet-ahkioon\/","og_site_name":"Team Percheet \u2013 Laadukkaat kalastustarvikkeet ja venevarusteet","article_modified_time":"2026-04-01T21:39:03+00:00","og_image":[{"width":1826,"height":1826,"url":"https:\/\/teampercheet.fi\/store\/wp-content\/uploads\/2025\/02\/Pilkkilivetelineen-kiinnikkeet-ahkioon-scaled-e1762450636821.jpg","type":"image\/jpeg"}],"twitter_card":"summary_large_image","schema":{"@context":"https:\/\/schema.org","@graph":[{"@type":"WebPage","@id":"https:\/\/teampercheet.fi\/store\/tuote\/percheet-pilkkianturitelineen-kiinnikkeet-ahkioon\/","url":"https:\/\/teampercheet.fi\/store\/tuote\/percheet-pilkkianturitelineen-kiinnikkeet-ahkioon\/","name":"PERCHEET Pilkkianturitelineen kiinnikkeet ahkioon - Team Percheet \u2013 Laadukkaat kalastustarvikkeet ja venevarusteet","isPartOf":{"@id":"https:\/\/teampercheet.fi\/store\/#website"},"primaryImageOfPage":{"@id":"https:\/\/teampercheet.fi\/store\/tuote\/percheet-pilkkianturitelineen-kiinnikkeet-ahkioon\/#primaryimage"},"image":{"@id":"https:\/\/teampercheet.fi\/store\/tuote\/percheet-pilkkianturitelineen-kiinnikkeet-ahkioon\/#primaryimage"},"thumbnailUrl":"https:\/\/teampercheet.fi\/store\/wp-content\/uploads\/2025\/02\/Pilkkilivetelineen-kiinnikkeet-ahkioon-scaled-e1762450636821.jpg","datePublished":"2025-02-14T15:16:38+00:00","dateModified":"2026-04-01T21:39:03+00:00","breadcrumb":{"@id":"https:\/\/teampercheet.fi\/store\/tuote\/percheet-pilkkianturitelineen-kiinnikkeet-ahkioon\/#breadcrumb"},"inLanguage":"fi","potentialAction":[{"@type":"ReadAction","target":["https:\/\/teampercheet.fi\/store\/tuote\/percheet-pilkkianturitelineen-kiinnikkeet-ahkioon\/"]}]},{"@type":"ImageObject","inLanguage":"fi","@id":"https:\/\/teampercheet.fi\/store\/tuote\/percheet-pilkkianturitelineen-kiinnikkeet-ahkioon\/#primaryimage","url":"https:\/\/teampercheet.fi\/store\/wp-content\/uploads\/2025\/02\/Pilkkilivetelineen-kiinnikkeet-ahkioon-scaled-e1762450636821.jpg","contentUrl":"https:\/\/teampercheet.fi\/store\/wp-content\/uploads\/2025\/02\/Pilkkilivetelineen-kiinnikkeet-ahkioon-scaled-e1762450636821.jpg","width":1826,"height":1826},{"@type":"BreadcrumbList","@id":"https:\/\/teampercheet.fi\/store\/tuote\/percheet-pilkkianturitelineen-kiinnikkeet-ahkioon\/#breadcrumb","itemListElement":[{"@type":"ListItem","position":1,"name":"Etusivu","item":"https:\/\/teampercheet.fi\/store\/"},{"@type":"ListItem","position":2,"name":"Kauppa","item":"https:\/\/teampercheet.fi\/store\/kauppa\/"},{"@type":"ListItem","position":3,"name":"PERCHEET Pilkkianturitelineen kiinnikkeet ahkioon"}]},{"@type":"WebSite","@id":"https:\/\/teampercheet.fi\/store\/#website","url":"https:\/\/teampercheet.fi\/store\/","name":"Team Percheet \u2013 Laadukkaat kalastustarvikkeet ja venevarusteet","description":"Tutustu Percheet Gearin kattavaan valikoimaan. Kest\u00e4v\u00e4t venevarusteet, juomatelineet, anturikiinnikkeet ja anturisuojat veneilyyn ja\u00a0kalastukseen.","publisher":{"@id":"https:\/\/teampercheet.fi\/store\/#organization"},"potentialAction":[{"@type":"SearchAction","target":{"@type":"EntryPoint","urlTemplate":"https:\/\/teampercheet.fi\/store\/?s={search_term_string}"},"query-input":{"@type":"PropertyValueSpecification","valueRequired":true,"valueName":"search_term_string"}}],"inLanguage":"fi"},{"@type":"Organization","@id":"https:\/\/teampercheet.fi\/store\/#organization","name":"Team Percheet \u2013 Laadukkaat kalastustarvikkeet ja venevarusteet","url":"https:\/\/teampercheet.fi\/store\/","logo":{"@type":"ImageObject","inLanguage":"fi","@id":"https:\/\/teampercheet.fi\/store\/#\/schema\/logo\/image\/","url":"https:\/\/teampercheet.fi\/store\/wp-content\/uploads\/2024\/10\/logo-tpc.png","contentUrl":"https:\/\/teampercheet.fi\/store\/wp-content\/uploads\/2024\/10\/logo-tpc.png","width":1268,"height":211,"caption":"Team Percheet \u2013 Laadukkaat kalastustarvikkeet ja venevarusteet"},"image":{"@id":"https:\/\/teampercheet.fi\/store\/#\/schema\/logo\/image\/"}}]}},"_links":{"self":[{"href":"https:\/\/teampercheet.fi\/store\/wp-json\/wp\/v2\/product\/3556","targetHints":{"allow":["GET"]}}],"collection":[{"href":"https:\/\/teampercheet.fi\/store\/wp-json\/wp\/v2\/product"}],"about":[{"href":"https:\/\/teampercheet.fi\/store\/wp-json\/wp\/v2\/types\/product"}],"replies":[{"embeddable":true,"href":"https:\/\/teampercheet.fi\/store\/wp-json\/wp\/v2\/comments?post=3556"}],"wp:featuredmedia":[{"embeddable":true,"href":"https:\/\/teampercheet.fi\/store\/wp-json\/wp\/v2\/media\/4984"}],"wp:attachment":[{"href":"https:\/\/teampercheet.fi\/store\/wp-json\/wp\/v2\/media?parent=3556"}],"wp:term":[{"taxonomy":"product_brand","embeddable":true,"href":"https:\/\/teampercheet.fi\/store\/wp-json\/wp\/v2\/product_brand?post=3556"},{"taxonomy":"product_cat","embeddable":true,"href":"https:\/\/teampercheet.fi\/store\/wp-json\/wp\/v2\/product_cat?post=3556"},{"taxonomy":"product_tag","embeddable":true,"href":"https:\/\/teampercheet.fi\/store\/wp-json\/wp\/v2\/product_tag?post=3556"}],"curies":[{"name":"wp","href":"https:\/\/api.w.org\/{rel}","templated":true}]}}