{"id":3863,"date":"2025-03-24T07:02:28","date_gmt":"2025-03-24T05:02:28","guid":{"rendered":"https:\/\/teampercheet.fi\/store\/?post_type=product&#038;p=3863"},"modified":"2026-05-01T18:05:46","modified_gmt":"2026-05-01T15:05:46","slug":"percheet-haukikumiteline","status":"publish","type":"product","link":"https:\/\/teampercheet.fi\/store\/tuote\/percheet-haukikumiteline\/","title":{"rendered":"PERCHEET Haukikumiteline"},"content":{"rendered":"","protected":false},"excerpt":{"rendered":"<p>PERCHEET Haukikumiteline on innovatiivisin tuotteemme joka sai alkunsa kalakaverimme ehdotuksesta. Haistoimme ehdotuksessa potenttiaalia ja l\u00e4hdimme v\u00e4litt\u00f6m\u00e4sti suunnittelemaan telinett\u00e4 jossa isommat vieheet ja uistimet kuten haukikumit sek\u00e4 jerkit ripustetaan viehetelineeseen jigiruuvista napsauttamalla paikalleen sek\u00e4 pysyv\u00e4t kovassakin aallokossa paikallaan.<\/p>\n<p>Haukikumitelineess\u00e4 ei ole muodosta poikkeavia \u201dkoukkuja\u201d joissa vaate repeytyisi herk\u00e4sti. Haukikumiteline on suunniteltu asennettavaksi kummin p\u00e4in tahansa veneen laitaan versatrack kiinnityksell\u00e4 t-pulteilla tai poraruuveilla perinteisesti. Haukikumitelineeseen voidaan ripustaa viisi iso profiilista haukikumia tai useampi sirompi viehe per\u00e4kk\u00e4in samaan loveen.<\/p>\n<p>Haukikumitelineen pituus on 20cm.<\/p>\n<h6 data-start=\"478\" data-end=\"862\"><em>Tuotekuvissa n\u00e4kyv\u00e4t haukikumit ovat ainoastaan esillepanoa varten eiv\u00e4tk\u00e4 sis\u00e4lly tuotteen hintaan tai toimitukseen.<\/em><\/h6>\n","protected":false},"featured_media":3870,"comment_status":"open","ping_status":"closed","template":"","meta":[],"product_brand":[],"product_cat":[292,778],"product_tag":[284,285,281,40,35,282,283,286,32],"class_list":{"0":"post-3863","1":"product","2":"type-product","3":"status-publish","4":"has-post-thumbnail","6":"product_cat-jigi-ja-viehetelineet","7":"product_cat-suosittelemme","8":"product_tag-evabaits","9":"product_tag-haukikumit","10":"product_tag-haukikumiteline","11":"product_tag-jigiteline","12":"product_tag-team-percheet","13":"product_tag-teline-haukikumeille","14":"product_tag-teline-vieheille","15":"product_tag-telineeseen","16":"product_tag-vieheteline","18":"first","19":"instock","20":"taxable","21":"shipping-taxable","22":"purchasable","23":"product-type-simple"},"yoast_head":"<!-- This site is optimized with the Yoast SEO plugin v27.3 - https:\/\/yoast.com\/product\/yoast-seo-wordpress\/ -->\n<title>PERCHEET Haukikumiteline - Team Percheet \u2013 Laadukkaat kalastustarvikkeet ja venevarusteet<\/title>\n<meta name=\"robots\" content=\"index, follow, max-snippet:-1, max-image-preview:large, max-video-preview:-1\" \/>\n<link rel=\"canonical\" href=\"https:\/\/teampercheet.fi\/store\/tuote\/percheet-haukikumiteline\/\" \/>\n<meta property=\"og:locale\" content=\"fi_FI\" \/>\n<meta property=\"og:type\" content=\"article\" \/>\n<meta property=\"og:title\" content=\"PERCHEET Haukikumiteline - Team Percheet \u2013 Laadukkaat kalastustarvikkeet ja venevarusteet\" \/>\n<meta property=\"og:description\" content=\"PERCHEET Haukikumiteline on innovatiivisin tuotteemme joka sai alkunsa kalakaverimme ehdotuksesta. Haistoimme ehdotuksessa potenttiaalia ja l\u00e4hdimme v\u00e4litt\u00f6m\u00e4sti suunnittelemaan telinett\u00e4 jossa isommat vieheet ja uistimet kuten haukikumit sek\u00e4 jerkit ripustetaan viehetelineeseen jigiruuvista napsauttamalla paikalleen sek\u00e4 pysyv\u00e4t kovassakin aallokossa paikallaan.  Haukikumitelineess\u00e4 ei ole muodosta poikkeavia \u201dkoukkuja\u201d joissa vaate repeytyisi herk\u00e4sti. Haukikumiteline on suunniteltu asennettavaksi kummin p\u00e4in tahansa veneen laitaan versatrack kiinnityksell\u00e4 t-pulteilla tai poraruuveilla perinteisesti. Haukikumitelineeseen voidaan ripustaa viisi iso profiilista haukikumia tai useampi sirompi viehe per\u00e4kk\u00e4in samaan loveen.  Haukikumitelineen pituus on 20cm. Tuotekuvissa n\u00e4kyv\u00e4t haukikumit ovat ainoastaan esillepanoa varten eiv\u00e4tk\u00e4 sis\u00e4lly tuotteen hintaan tai toimitukseen.\" \/>\n<meta property=\"og:url\" content=\"https:\/\/teampercheet.fi\/store\/tuote\/percheet-haukikumiteline\/\" \/>\n<meta property=\"og:site_name\" content=\"Team Percheet \u2013 Laadukkaat kalastustarvikkeet ja venevarusteet\" \/>\n<meta property=\"article:modified_time\" content=\"2026-05-01T15:05:46+00:00\" \/>\n<meta property=\"og:image\" content=\"https:\/\/teampercheet.fi\/store\/wp-content\/uploads\/2025\/03\/Haukikumiteline-scaled.jpg\" \/>\n\t<meta property=\"og:image:width\" content=\"2560\" \/>\n\t<meta property=\"og:image:height\" content=\"2560\" \/>\n\t<meta property=\"og:image:type\" content=\"image\/jpeg\" \/>\n<meta name=\"twitter:card\" content=\"summary_large_image\" \/>\n<script type=\"application\/ld+json\" class=\"yoast-schema-graph\">{\"@context\":\"https:\\\/\\\/schema.org\",\"@graph\":[{\"@type\":\"WebPage\",\"@id\":\"https:\\\/\\\/teampercheet.fi\\\/store\\\/tuote\\\/percheet-haukikumiteline\\\/\",\"url\":\"https:\\\/\\\/teampercheet.fi\\\/store\\\/tuote\\\/percheet-haukikumiteline\\\/\",\"name\":\"PERCHEET Haukikumiteline - Team Percheet \u2013 Laadukkaat kalastustarvikkeet ja venevarusteet\",\"isPartOf\":{\"@id\":\"https:\\\/\\\/teampercheet.fi\\\/store\\\/#website\"},\"primaryImageOfPage\":{\"@id\":\"https:\\\/\\\/teampercheet.fi\\\/store\\\/tuote\\\/percheet-haukikumiteline\\\/#primaryimage\"},\"image\":{\"@id\":\"https:\\\/\\\/teampercheet.fi\\\/store\\\/tuote\\\/percheet-haukikumiteline\\\/#primaryimage\"},\"thumbnailUrl\":\"https:\\\/\\\/teampercheet.fi\\\/store\\\/wp-content\\\/uploads\\\/2025\\\/03\\\/Haukikumiteline-scaled.jpg\",\"datePublished\":\"2025-03-24T05:02:28+00:00\",\"dateModified\":\"2026-05-01T15:05:46+00:00\",\"breadcrumb\":{\"@id\":\"https:\\\/\\\/teampercheet.fi\\\/store\\\/tuote\\\/percheet-haukikumiteline\\\/#breadcrumb\"},\"inLanguage\":\"fi\",\"potentialAction\":[{\"@type\":\"ReadAction\",\"target\":[\"https:\\\/\\\/teampercheet.fi\\\/store\\\/tuote\\\/percheet-haukikumiteline\\\/\"]}]},{\"@type\":\"ImageObject\",\"inLanguage\":\"fi\",\"@id\":\"https:\\\/\\\/teampercheet.fi\\\/store\\\/tuote\\\/percheet-haukikumiteline\\\/#primaryimage\",\"url\":\"https:\\\/\\\/teampercheet.fi\\\/store\\\/wp-content\\\/uploads\\\/2025\\\/03\\\/Haukikumiteline-scaled.jpg\",\"contentUrl\":\"https:\\\/\\\/teampercheet.fi\\\/store\\\/wp-content\\\/uploads\\\/2025\\\/03\\\/Haukikumiteline-scaled.jpg\",\"width\":2560,\"height\":2560},{\"@type\":\"BreadcrumbList\",\"@id\":\"https:\\\/\\\/teampercheet.fi\\\/store\\\/tuote\\\/percheet-haukikumiteline\\\/#breadcrumb\",\"itemListElement\":[{\"@type\":\"ListItem\",\"position\":1,\"name\":\"Etusivu\",\"item\":\"https:\\\/\\\/teampercheet.fi\\\/store\\\/\"},{\"@type\":\"ListItem\",\"position\":2,\"name\":\"Kauppa\",\"item\":\"https:\\\/\\\/teampercheet.fi\\\/store\\\/kauppa\\\/\"},{\"@type\":\"ListItem\",\"position\":3,\"name\":\"PERCHEET Haukikumiteline\"}]},{\"@type\":\"WebSite\",\"@id\":\"https:\\\/\\\/teampercheet.fi\\\/store\\\/#website\",\"url\":\"https:\\\/\\\/teampercheet.fi\\\/store\\\/\",\"name\":\"Team Percheet \u2013 Laadukkaat kalastustarvikkeet ja venevarusteet\",\"description\":\"Tutustu Percheet Gearin kattavaan valikoimaan. Kest\u00e4v\u00e4t venevarusteet, juomatelineet, anturikiinnikkeet ja anturisuojat veneilyyn ja\u00a0kalastukseen.\",\"publisher\":{\"@id\":\"https:\\\/\\\/teampercheet.fi\\\/store\\\/#organization\"},\"potentialAction\":[{\"@type\":\"SearchAction\",\"target\":{\"@type\":\"EntryPoint\",\"urlTemplate\":\"https:\\\/\\\/teampercheet.fi\\\/store\\\/?s={search_term_string}\"},\"query-input\":{\"@type\":\"PropertyValueSpecification\",\"valueRequired\":true,\"valueName\":\"search_term_string\"}}],\"inLanguage\":\"fi\"},{\"@type\":\"Organization\",\"@id\":\"https:\\\/\\\/teampercheet.fi\\\/store\\\/#organization\",\"name\":\"Team Percheet \u2013 Laadukkaat kalastustarvikkeet ja venevarusteet\",\"url\":\"https:\\\/\\\/teampercheet.fi\\\/store\\\/\",\"logo\":{\"@type\":\"ImageObject\",\"inLanguage\":\"fi\",\"@id\":\"https:\\\/\\\/teampercheet.fi\\\/store\\\/#\\\/schema\\\/logo\\\/image\\\/\",\"url\":\"https:\\\/\\\/teampercheet.fi\\\/store\\\/wp-content\\\/uploads\\\/2024\\\/10\\\/logo-tpc.png\",\"contentUrl\":\"https:\\\/\\\/teampercheet.fi\\\/store\\\/wp-content\\\/uploads\\\/2024\\\/10\\\/logo-tpc.png\",\"width\":1268,\"height\":211,\"caption\":\"Team Percheet \u2013 Laadukkaat kalastustarvikkeet ja venevarusteet\"},\"image\":{\"@id\":\"https:\\\/\\\/teampercheet.fi\\\/store\\\/#\\\/schema\\\/logo\\\/image\\\/\"}}]}<\/script>\n<!-- \/ Yoast SEO plugin. -->","yoast_head_json":{"title":"PERCHEET Haukikumiteline - Team Percheet \u2013 Laadukkaat kalastustarvikkeet ja venevarusteet","robots":{"index":"index","follow":"follow","max-snippet":"max-snippet:-1","max-image-preview":"max-image-preview:large","max-video-preview":"max-video-preview:-1"},"canonical":"https:\/\/teampercheet.fi\/store\/tuote\/percheet-haukikumiteline\/","og_locale":"fi_FI","og_type":"article","og_title":"PERCHEET Haukikumiteline - Team Percheet \u2013 Laadukkaat kalastustarvikkeet ja venevarusteet","og_description":"PERCHEET Haukikumiteline on innovatiivisin tuotteemme joka sai alkunsa kalakaverimme ehdotuksesta. Haistoimme ehdotuksessa potenttiaalia ja l\u00e4hdimme v\u00e4litt\u00f6m\u00e4sti suunnittelemaan telinett\u00e4 jossa isommat vieheet ja uistimet kuten haukikumit sek\u00e4 jerkit ripustetaan viehetelineeseen jigiruuvista napsauttamalla paikalleen sek\u00e4 pysyv\u00e4t kovassakin aallokossa paikallaan.  Haukikumitelineess\u00e4 ei ole muodosta poikkeavia \u201dkoukkuja\u201d joissa vaate repeytyisi herk\u00e4sti. Haukikumiteline on suunniteltu asennettavaksi kummin p\u00e4in tahansa veneen laitaan versatrack kiinnityksell\u00e4 t-pulteilla tai poraruuveilla perinteisesti. Haukikumitelineeseen voidaan ripustaa viisi iso profiilista haukikumia tai useampi sirompi viehe per\u00e4kk\u00e4in samaan loveen.  Haukikumitelineen pituus on 20cm. Tuotekuvissa n\u00e4kyv\u00e4t haukikumit ovat ainoastaan esillepanoa varten eiv\u00e4tk\u00e4 sis\u00e4lly tuotteen hintaan tai toimitukseen.","og_url":"https:\/\/teampercheet.fi\/store\/tuote\/percheet-haukikumiteline\/","og_site_name":"Team Percheet \u2013 Laadukkaat kalastustarvikkeet ja venevarusteet","article_modified_time":"2026-05-01T15:05:46+00:00","og_image":[{"width":2560,"height":2560,"url":"https:\/\/teampercheet.fi\/store\/wp-content\/uploads\/2025\/03\/Haukikumiteline-scaled.jpg","type":"image\/jpeg"}],"twitter_card":"summary_large_image","schema":{"@context":"https:\/\/schema.org","@graph":[{"@type":"WebPage","@id":"https:\/\/teampercheet.fi\/store\/tuote\/percheet-haukikumiteline\/","url":"https:\/\/teampercheet.fi\/store\/tuote\/percheet-haukikumiteline\/","name":"PERCHEET Haukikumiteline - Team Percheet \u2013 Laadukkaat kalastustarvikkeet ja venevarusteet","isPartOf":{"@id":"https:\/\/teampercheet.fi\/store\/#website"},"primaryImageOfPage":{"@id":"https:\/\/teampercheet.fi\/store\/tuote\/percheet-haukikumiteline\/#primaryimage"},"image":{"@id":"https:\/\/teampercheet.fi\/store\/tuote\/percheet-haukikumiteline\/#primaryimage"},"thumbnailUrl":"https:\/\/teampercheet.fi\/store\/wp-content\/uploads\/2025\/03\/Haukikumiteline-scaled.jpg","datePublished":"2025-03-24T05:02:28+00:00","dateModified":"2026-05-01T15:05:46+00:00","breadcrumb":{"@id":"https:\/\/teampercheet.fi\/store\/tuote\/percheet-haukikumiteline\/#breadcrumb"},"inLanguage":"fi","potentialAction":[{"@type":"ReadAction","target":["https:\/\/teampercheet.fi\/store\/tuote\/percheet-haukikumiteline\/"]}]},{"@type":"ImageObject","inLanguage":"fi","@id":"https:\/\/teampercheet.fi\/store\/tuote\/percheet-haukikumiteline\/#primaryimage","url":"https:\/\/teampercheet.fi\/store\/wp-content\/uploads\/2025\/03\/Haukikumiteline-scaled.jpg","contentUrl":"https:\/\/teampercheet.fi\/store\/wp-content\/uploads\/2025\/03\/Haukikumiteline-scaled.jpg","width":2560,"height":2560},{"@type":"BreadcrumbList","@id":"https:\/\/teampercheet.fi\/store\/tuote\/percheet-haukikumiteline\/#breadcrumb","itemListElement":[{"@type":"ListItem","position":1,"name":"Etusivu","item":"https:\/\/teampercheet.fi\/store\/"},{"@type":"ListItem","position":2,"name":"Kauppa","item":"https:\/\/teampercheet.fi\/store\/kauppa\/"},{"@type":"ListItem","position":3,"name":"PERCHEET Haukikumiteline"}]},{"@type":"WebSite","@id":"https:\/\/teampercheet.fi\/store\/#website","url":"https:\/\/teampercheet.fi\/store\/","name":"Team Percheet \u2013 Laadukkaat kalastustarvikkeet ja venevarusteet","description":"Tutustu Percheet Gearin kattavaan valikoimaan. Kest\u00e4v\u00e4t venevarusteet, juomatelineet, anturikiinnikkeet ja anturisuojat veneilyyn ja\u00a0kalastukseen.","publisher":{"@id":"https:\/\/teampercheet.fi\/store\/#organization"},"potentialAction":[{"@type":"SearchAction","target":{"@type":"EntryPoint","urlTemplate":"https:\/\/teampercheet.fi\/store\/?s={search_term_string}"},"query-input":{"@type":"PropertyValueSpecification","valueRequired":true,"valueName":"search_term_string"}}],"inLanguage":"fi"},{"@type":"Organization","@id":"https:\/\/teampercheet.fi\/store\/#organization","name":"Team Percheet \u2013 Laadukkaat kalastustarvikkeet ja venevarusteet","url":"https:\/\/teampercheet.fi\/store\/","logo":{"@type":"ImageObject","inLanguage":"fi","@id":"https:\/\/teampercheet.fi\/store\/#\/schema\/logo\/image\/","url":"https:\/\/teampercheet.fi\/store\/wp-content\/uploads\/2024\/10\/logo-tpc.png","contentUrl":"https:\/\/teampercheet.fi\/store\/wp-content\/uploads\/2024\/10\/logo-tpc.png","width":1268,"height":211,"caption":"Team Percheet \u2013 Laadukkaat kalastustarvikkeet ja venevarusteet"},"image":{"@id":"https:\/\/teampercheet.fi\/store\/#\/schema\/logo\/image\/"}}]}},"_links":{"self":[{"href":"https:\/\/teampercheet.fi\/store\/wp-json\/wp\/v2\/product\/3863","targetHints":{"allow":["GET"]}}],"collection":[{"href":"https:\/\/teampercheet.fi\/store\/wp-json\/wp\/v2\/product"}],"about":[{"href":"https:\/\/teampercheet.fi\/store\/wp-json\/wp\/v2\/types\/product"}],"replies":[{"embeddable":true,"href":"https:\/\/teampercheet.fi\/store\/wp-json\/wp\/v2\/comments?post=3863"}],"wp:featuredmedia":[{"embeddable":true,"href":"https:\/\/teampercheet.fi\/store\/wp-json\/wp\/v2\/media\/3870"}],"wp:attachment":[{"href":"https:\/\/teampercheet.fi\/store\/wp-json\/wp\/v2\/media?parent=3863"}],"wp:term":[{"taxonomy":"product_brand","embeddable":true,"href":"https:\/\/teampercheet.fi\/store\/wp-json\/wp\/v2\/product_brand?post=3863"},{"taxonomy":"product_cat","embeddable":true,"href":"https:\/\/teampercheet.fi\/store\/wp-json\/wp\/v2\/product_cat?post=3863"},{"taxonomy":"product_tag","embeddable":true,"href":"https:\/\/teampercheet.fi\/store\/wp-json\/wp\/v2\/product_tag?post=3863"}],"curies":[{"name":"wp","href":"https:\/\/api.w.org\/{rel}","templated":true}]}}