{"id":4084,"date":"2025-04-23T19:25:40","date_gmt":"2025-04-23T16:25:40","guid":{"rendered":"https:\/\/teampercheet.fi\/store\/?post_type=product&#038;p=4084"},"modified":"2026-04-02T00:44:25","modified_gmt":"2026-04-01T21:44:25","slug":"percheet-tyokaluteline-upotettava","status":"publish","type":"product","link":"https:\/\/teampercheet.fi\/store\/tuote\/percheet-tyokaluteline-upotettava\/","title":{"rendered":"PERCHEET Ty\u00f6kaluteline upotettava"},"content":{"rendered":"","protected":false},"excerpt":{"rendered":"<p>Harrastajien pyynn\u00f6st\u00e4 tyylik\u00e4s k\u00e4tev\u00e4 ja kompakti <strong>PERCHEET ty\u00f6kaluteline upotettava<\/strong> joka voidaan asentaa muun muassa heittotasoihin tai pulpetteihin. Ty\u00f6kalutelineeseen mahtuu kolme ty\u00f6kalua samanaikaisesti s\u00e4ilytykseen.<\/p>\n<div class=\"woocommerce-product-details__short-description\">\n<p><strong>Valittavissa teline + sapluuna helpottamaan tuotteen asennusta! <\/strong><\/p>\n<p>Yhdell\u00e4 sapluunalla saa usean telineen asennettua!<\/p>\n<p>Hinta sis\u00e4lt\u00e4\u00e4 pultit ja mutterit kiinnityst\u00e4 varten.<\/p>\n<p>Koko: 11.8cm x 6.9cm x 1.3cm<\/p>\n<\/div>\n<h6 data-start=\"478\" data-end=\"862\"><em>Tuotekuvissa n\u00e4kyv\u00e4t ty\u00f6kalut ovat ainoastaan esillepanoa varten eiv\u00e4tk\u00e4 sis\u00e4lly tuotteen hintaan tai toimitukseen.<\/em><\/h6>\n<div class=\"ct-product-add-to-cart\"><\/div>\n","protected":false},"featured_media":4087,"comment_status":"open","ping_status":"closed","template":"","meta":[],"product_brand":[],"product_cat":[294],"product_tag":[39,130,102,43,65,41,40,99,79,80,131,35,42,31,133,132,73],"class_list":{"0":"post-4084","1":"product","2":"type-product","3":"status-publish","4":"has-post-thumbnail","6":"product_cat-tyokalutelineet","7":"product_tag-bass-boat-tool-holder","8":"product_tag-garmin","9":"product_tag-heittokalastus","10":"product_tag-jig-holder","11":"product_tag-jigholder","12":"product_tag-jigi-teline","13":"product_tag-jigiteline","14":"product_tag-kalastustarvikkeet","15":"product_tag-kalastusvene","16":"product_tag-kalastusveneen-rakentaminen","17":"product_tag-lowrance","18":"product_tag-team-percheet","19":"product_tag-team-percheet-oy","20":"product_tag-tyokaluteline","21":"product_tag-tyokaluteline-monitoiminayttoon","22":"product_tag-tyokaluteline-vene","23":"product_tag-veneen-kiinnike","25":"first","26":"instock","27":"taxable","28":"shipping-taxable","29":"purchasable","30":"product-type-variable","31":"has-default-attributes"},"yoast_head":"<!-- This site is optimized with the Yoast SEO plugin v27.3 - https:\/\/yoast.com\/product\/yoast-seo-wordpress\/ -->\n<title>PERCHEET Ty\u00f6kaluteline upotettava - Team Percheet \u2013 Laadukkaat kalastustarvikkeet ja venevarusteet<\/title>\n<meta name=\"robots\" content=\"index, follow, max-snippet:-1, max-image-preview:large, max-video-preview:-1\" \/>\n<link rel=\"canonical\" href=\"https:\/\/teampercheet.fi\/store\/tuote\/percheet-tyokaluteline-upotettava\/\" \/>\n<meta property=\"og:locale\" content=\"fi_FI\" \/>\n<meta property=\"og:type\" content=\"article\" \/>\n<meta property=\"og:title\" content=\"PERCHEET Ty\u00f6kaluteline upotettava - Team Percheet \u2013 Laadukkaat kalastustarvikkeet ja venevarusteet\" \/>\n<meta property=\"og:description\" content=\"Harrastajien pyynn\u00f6st\u00e4 tyylik\u00e4s k\u00e4tev\u00e4 ja kompakti PERCHEET ty\u00f6kaluteline upotettava joka voidaan asentaa muun muassa heittotasoihin tai pulpetteihin. Ty\u00f6kalutelineeseen mahtuu kolme ty\u00f6kalua samanaikaisesti s\u00e4ilytykseen.   Valittavissa teline + sapluuna helpottamaan tuotteen asennusta!   Yhdell\u00e4 sapluunalla saa usean telineen asennettua!  Hinta sis\u00e4lt\u00e4\u00e4 pultit ja mutterit kiinnityst\u00e4 varten.  Koko: 11.8cm x 6.9cm x 1.3cm   Tuotekuvissa n\u00e4kyv\u00e4t ty\u00f6kalut ovat ainoastaan esillepanoa varten eiv\u00e4tk\u00e4 sis\u00e4lly tuotteen hintaan tai toimitukseen.\" \/>\n<meta property=\"og:url\" content=\"https:\/\/teampercheet.fi\/store\/tuote\/percheet-tyokaluteline-upotettava\/\" \/>\n<meta property=\"og:site_name\" content=\"Team Percheet \u2013 Laadukkaat kalastustarvikkeet ja venevarusteet\" \/>\n<meta property=\"article:modified_time\" content=\"2026-04-01T21:44:25+00:00\" \/>\n<meta property=\"og:image\" content=\"https:\/\/teampercheet.fi\/store\/wp-content\/uploads\/2025\/04\/Team-Percheet-Oy13-scaled.jpg\" \/>\n\t<meta property=\"og:image:width\" content=\"2560\" \/>\n\t<meta property=\"og:image:height\" content=\"2560\" \/>\n\t<meta property=\"og:image:type\" content=\"image\/jpeg\" \/>\n<meta name=\"twitter:card\" content=\"summary_large_image\" \/>\n<script type=\"application\/ld+json\" class=\"yoast-schema-graph\">{\"@context\":\"https:\\\/\\\/schema.org\",\"@graph\":[{\"@type\":\"WebPage\",\"@id\":\"https:\\\/\\\/teampercheet.fi\\\/store\\\/tuote\\\/percheet-tyokaluteline-upotettava\\\/\",\"url\":\"https:\\\/\\\/teampercheet.fi\\\/store\\\/tuote\\\/percheet-tyokaluteline-upotettava\\\/\",\"name\":\"PERCHEET Ty\u00f6kaluteline upotettava - Team Percheet \u2013 Laadukkaat kalastustarvikkeet ja venevarusteet\",\"isPartOf\":{\"@id\":\"https:\\\/\\\/teampercheet.fi\\\/store\\\/#website\"},\"primaryImageOfPage\":{\"@id\":\"https:\\\/\\\/teampercheet.fi\\\/store\\\/tuote\\\/percheet-tyokaluteline-upotettava\\\/#primaryimage\"},\"image\":{\"@id\":\"https:\\\/\\\/teampercheet.fi\\\/store\\\/tuote\\\/percheet-tyokaluteline-upotettava\\\/#primaryimage\"},\"thumbnailUrl\":\"https:\\\/\\\/teampercheet.fi\\\/store\\\/wp-content\\\/uploads\\\/2025\\\/04\\\/Team-Percheet-Oy13-scaled.jpg\",\"datePublished\":\"2025-04-23T16:25:40+00:00\",\"dateModified\":\"2026-04-01T21:44:25+00:00\",\"breadcrumb\":{\"@id\":\"https:\\\/\\\/teampercheet.fi\\\/store\\\/tuote\\\/percheet-tyokaluteline-upotettava\\\/#breadcrumb\"},\"inLanguage\":\"fi\",\"potentialAction\":[{\"@type\":\"ReadAction\",\"target\":[\"https:\\\/\\\/teampercheet.fi\\\/store\\\/tuote\\\/percheet-tyokaluteline-upotettava\\\/\"]}]},{\"@type\":\"ImageObject\",\"inLanguage\":\"fi\",\"@id\":\"https:\\\/\\\/teampercheet.fi\\\/store\\\/tuote\\\/percheet-tyokaluteline-upotettava\\\/#primaryimage\",\"url\":\"https:\\\/\\\/teampercheet.fi\\\/store\\\/wp-content\\\/uploads\\\/2025\\\/04\\\/Team-Percheet-Oy13-scaled.jpg\",\"contentUrl\":\"https:\\\/\\\/teampercheet.fi\\\/store\\\/wp-content\\\/uploads\\\/2025\\\/04\\\/Team-Percheet-Oy13-scaled.jpg\",\"width\":2560,\"height\":2560},{\"@type\":\"BreadcrumbList\",\"@id\":\"https:\\\/\\\/teampercheet.fi\\\/store\\\/tuote\\\/percheet-tyokaluteline-upotettava\\\/#breadcrumb\",\"itemListElement\":[{\"@type\":\"ListItem\",\"position\":1,\"name\":\"Etusivu\",\"item\":\"https:\\\/\\\/teampercheet.fi\\\/store\\\/\"},{\"@type\":\"ListItem\",\"position\":2,\"name\":\"Kauppa\",\"item\":\"https:\\\/\\\/teampercheet.fi\\\/store\\\/kauppa\\\/\"},{\"@type\":\"ListItem\",\"position\":3,\"name\":\"PERCHEET Ty\u00f6kaluteline upotettava\"}]},{\"@type\":\"WebSite\",\"@id\":\"https:\\\/\\\/teampercheet.fi\\\/store\\\/#website\",\"url\":\"https:\\\/\\\/teampercheet.fi\\\/store\\\/\",\"name\":\"Team Percheet \u2013 Laadukkaat kalastustarvikkeet ja venevarusteet\",\"description\":\"Tutustu Percheet Gearin kattavaan valikoimaan. Kest\u00e4v\u00e4t venevarusteet, juomatelineet, anturikiinnikkeet ja anturisuojat veneilyyn ja\u00a0kalastukseen.\",\"publisher\":{\"@id\":\"https:\\\/\\\/teampercheet.fi\\\/store\\\/#organization\"},\"potentialAction\":[{\"@type\":\"SearchAction\",\"target\":{\"@type\":\"EntryPoint\",\"urlTemplate\":\"https:\\\/\\\/teampercheet.fi\\\/store\\\/?s={search_term_string}\"},\"query-input\":{\"@type\":\"PropertyValueSpecification\",\"valueRequired\":true,\"valueName\":\"search_term_string\"}}],\"inLanguage\":\"fi\"},{\"@type\":\"Organization\",\"@id\":\"https:\\\/\\\/teampercheet.fi\\\/store\\\/#organization\",\"name\":\"Team Percheet \u2013 Laadukkaat kalastustarvikkeet ja venevarusteet\",\"url\":\"https:\\\/\\\/teampercheet.fi\\\/store\\\/\",\"logo\":{\"@type\":\"ImageObject\",\"inLanguage\":\"fi\",\"@id\":\"https:\\\/\\\/teampercheet.fi\\\/store\\\/#\\\/schema\\\/logo\\\/image\\\/\",\"url\":\"https:\\\/\\\/teampercheet.fi\\\/store\\\/wp-content\\\/uploads\\\/2024\\\/10\\\/logo-tpc.png\",\"contentUrl\":\"https:\\\/\\\/teampercheet.fi\\\/store\\\/wp-content\\\/uploads\\\/2024\\\/10\\\/logo-tpc.png\",\"width\":1268,\"height\":211,\"caption\":\"Team Percheet \u2013 Laadukkaat kalastustarvikkeet ja venevarusteet\"},\"image\":{\"@id\":\"https:\\\/\\\/teampercheet.fi\\\/store\\\/#\\\/schema\\\/logo\\\/image\\\/\"}}]}<\/script>\n<!-- \/ Yoast SEO plugin. -->","yoast_head_json":{"title":"PERCHEET Ty\u00f6kaluteline upotettava - Team Percheet \u2013 Laadukkaat kalastustarvikkeet ja venevarusteet","robots":{"index":"index","follow":"follow","max-snippet":"max-snippet:-1","max-image-preview":"max-image-preview:large","max-video-preview":"max-video-preview:-1"},"canonical":"https:\/\/teampercheet.fi\/store\/tuote\/percheet-tyokaluteline-upotettava\/","og_locale":"fi_FI","og_type":"article","og_title":"PERCHEET Ty\u00f6kaluteline upotettava - Team Percheet \u2013 Laadukkaat kalastustarvikkeet ja venevarusteet","og_description":"Harrastajien pyynn\u00f6st\u00e4 tyylik\u00e4s k\u00e4tev\u00e4 ja kompakti PERCHEET ty\u00f6kaluteline upotettava joka voidaan asentaa muun muassa heittotasoihin tai pulpetteihin. Ty\u00f6kalutelineeseen mahtuu kolme ty\u00f6kalua samanaikaisesti s\u00e4ilytykseen.   Valittavissa teline + sapluuna helpottamaan tuotteen asennusta!   Yhdell\u00e4 sapluunalla saa usean telineen asennettua!  Hinta sis\u00e4lt\u00e4\u00e4 pultit ja mutterit kiinnityst\u00e4 varten.  Koko: 11.8cm x 6.9cm x 1.3cm   Tuotekuvissa n\u00e4kyv\u00e4t ty\u00f6kalut ovat ainoastaan esillepanoa varten eiv\u00e4tk\u00e4 sis\u00e4lly tuotteen hintaan tai toimitukseen.","og_url":"https:\/\/teampercheet.fi\/store\/tuote\/percheet-tyokaluteline-upotettava\/","og_site_name":"Team Percheet \u2013 Laadukkaat kalastustarvikkeet ja venevarusteet","article_modified_time":"2026-04-01T21:44:25+00:00","og_image":[{"width":2560,"height":2560,"url":"https:\/\/teampercheet.fi\/store\/wp-content\/uploads\/2025\/04\/Team-Percheet-Oy13-scaled.jpg","type":"image\/jpeg"}],"twitter_card":"summary_large_image","schema":{"@context":"https:\/\/schema.org","@graph":[{"@type":"WebPage","@id":"https:\/\/teampercheet.fi\/store\/tuote\/percheet-tyokaluteline-upotettava\/","url":"https:\/\/teampercheet.fi\/store\/tuote\/percheet-tyokaluteline-upotettava\/","name":"PERCHEET Ty\u00f6kaluteline upotettava - Team Percheet \u2013 Laadukkaat kalastustarvikkeet ja venevarusteet","isPartOf":{"@id":"https:\/\/teampercheet.fi\/store\/#website"},"primaryImageOfPage":{"@id":"https:\/\/teampercheet.fi\/store\/tuote\/percheet-tyokaluteline-upotettava\/#primaryimage"},"image":{"@id":"https:\/\/teampercheet.fi\/store\/tuote\/percheet-tyokaluteline-upotettava\/#primaryimage"},"thumbnailUrl":"https:\/\/teampercheet.fi\/store\/wp-content\/uploads\/2025\/04\/Team-Percheet-Oy13-scaled.jpg","datePublished":"2025-04-23T16:25:40+00:00","dateModified":"2026-04-01T21:44:25+00:00","breadcrumb":{"@id":"https:\/\/teampercheet.fi\/store\/tuote\/percheet-tyokaluteline-upotettava\/#breadcrumb"},"inLanguage":"fi","potentialAction":[{"@type":"ReadAction","target":["https:\/\/teampercheet.fi\/store\/tuote\/percheet-tyokaluteline-upotettava\/"]}]},{"@type":"ImageObject","inLanguage":"fi","@id":"https:\/\/teampercheet.fi\/store\/tuote\/percheet-tyokaluteline-upotettava\/#primaryimage","url":"https:\/\/teampercheet.fi\/store\/wp-content\/uploads\/2025\/04\/Team-Percheet-Oy13-scaled.jpg","contentUrl":"https:\/\/teampercheet.fi\/store\/wp-content\/uploads\/2025\/04\/Team-Percheet-Oy13-scaled.jpg","width":2560,"height":2560},{"@type":"BreadcrumbList","@id":"https:\/\/teampercheet.fi\/store\/tuote\/percheet-tyokaluteline-upotettava\/#breadcrumb","itemListElement":[{"@type":"ListItem","position":1,"name":"Etusivu","item":"https:\/\/teampercheet.fi\/store\/"},{"@type":"ListItem","position":2,"name":"Kauppa","item":"https:\/\/teampercheet.fi\/store\/kauppa\/"},{"@type":"ListItem","position":3,"name":"PERCHEET Ty\u00f6kaluteline upotettava"}]},{"@type":"WebSite","@id":"https:\/\/teampercheet.fi\/store\/#website","url":"https:\/\/teampercheet.fi\/store\/","name":"Team Percheet \u2013 Laadukkaat kalastustarvikkeet ja venevarusteet","description":"Tutustu Percheet Gearin kattavaan valikoimaan. Kest\u00e4v\u00e4t venevarusteet, juomatelineet, anturikiinnikkeet ja anturisuojat veneilyyn ja\u00a0kalastukseen.","publisher":{"@id":"https:\/\/teampercheet.fi\/store\/#organization"},"potentialAction":[{"@type":"SearchAction","target":{"@type":"EntryPoint","urlTemplate":"https:\/\/teampercheet.fi\/store\/?s={search_term_string}"},"query-input":{"@type":"PropertyValueSpecification","valueRequired":true,"valueName":"search_term_string"}}],"inLanguage":"fi"},{"@type":"Organization","@id":"https:\/\/teampercheet.fi\/store\/#organization","name":"Team Percheet \u2013 Laadukkaat kalastustarvikkeet ja venevarusteet","url":"https:\/\/teampercheet.fi\/store\/","logo":{"@type":"ImageObject","inLanguage":"fi","@id":"https:\/\/teampercheet.fi\/store\/#\/schema\/logo\/image\/","url":"https:\/\/teampercheet.fi\/store\/wp-content\/uploads\/2024\/10\/logo-tpc.png","contentUrl":"https:\/\/teampercheet.fi\/store\/wp-content\/uploads\/2024\/10\/logo-tpc.png","width":1268,"height":211,"caption":"Team Percheet \u2013 Laadukkaat kalastustarvikkeet ja venevarusteet"},"image":{"@id":"https:\/\/teampercheet.fi\/store\/#\/schema\/logo\/image\/"}}]}},"_links":{"self":[{"href":"https:\/\/teampercheet.fi\/store\/wp-json\/wp\/v2\/product\/4084","targetHints":{"allow":["GET"]}}],"collection":[{"href":"https:\/\/teampercheet.fi\/store\/wp-json\/wp\/v2\/product"}],"about":[{"href":"https:\/\/teampercheet.fi\/store\/wp-json\/wp\/v2\/types\/product"}],"replies":[{"embeddable":true,"href":"https:\/\/teampercheet.fi\/store\/wp-json\/wp\/v2\/comments?post=4084"}],"wp:featuredmedia":[{"embeddable":true,"href":"https:\/\/teampercheet.fi\/store\/wp-json\/wp\/v2\/media\/4087"}],"wp:attachment":[{"href":"https:\/\/teampercheet.fi\/store\/wp-json\/wp\/v2\/media?parent=4084"}],"wp:term":[{"taxonomy":"product_brand","embeddable":true,"href":"https:\/\/teampercheet.fi\/store\/wp-json\/wp\/v2\/product_brand?post=4084"},{"taxonomy":"product_cat","embeddable":true,"href":"https:\/\/teampercheet.fi\/store\/wp-json\/wp\/v2\/product_cat?post=4084"},{"taxonomy":"product_tag","embeddable":true,"href":"https:\/\/teampercheet.fi\/store\/wp-json\/wp\/v2\/product_tag?post=4084"}],"curies":[{"name":"wp","href":"https:\/\/api.w.org\/{rel}","templated":true}]}}