{"id":4391,"date":"2025-06-04T18:49:22","date_gmt":"2025-06-04T15:49:22","guid":{"rendered":"https:\/\/teampercheet.fi\/store\/?post_type=product&#038;p=4391"},"modified":"2026-02-03T09:49:25","modified_gmt":"2026-02-03T07:49:25","slug":"percheet-kaapelilapivienti-7cm","status":"publish","type":"product","link":"https:\/\/teampercheet.fi\/store\/tuote\/percheet-kaapelilapivienti-7cm\/","title":{"rendered":"PERCHEET Kaapelil\u00e4pivienti 7cm"},"content":{"rendered":"","protected":false},"excerpt":{"rendered":"<p>T\u00e4m\u00e4 tuote on suunniteltu helpottamaan kaapeleiden asennusta siististi. Vain 5.6mm korkeutensa ansiosta t\u00e4m\u00e4 matalaprofiilinen kaapelil\u00e4pivienti on yksinkertainen, helppo ja nopea asentaa <b>mukana tulevilla M5 20mm pulteilla<\/b> esimerkiksi veneen keulaan tai pulpettiin keulamoottorin tai kaikuluotainten johtojen l\u00e4piviemiseksi. Yksityiskohtainen suunnittelu takaa k\u00e4yt\u00e4nn\u00f6llisyyden sek\u00e4 tyylikk\u00e4\u00e4n muotoilun. Sis\u00e4rei\u00e4n halkaisija 40mm. Valmistettu 3D tulostamalla PETG -muovista joka kest\u00e4\u00e4 ulkoilman eri vaihtelut, uv-s\u00e4teilyt sek\u00e4 k\u00e4ytt\u00f6rasitukset.<\/p>\n<p>Mitat: 70mm x 70mm x 5,6mm<\/p>\n","protected":false},"featured_media":4392,"comment_status":"open","ping_status":"closed","template":"","meta":[],"product_brand":[],"product_cat":[296],"product_tag":[276,311,306,175,79,310,35,42,309,307,308,207,205],"class_list":{"0":"post-4391","1":"product","2":"type-product","3":"status-publish","4":"has-post-thumbnail","6":"product_cat-elektroniikan-asennus","7":"product_tag-gearmarket","8":"product_tag-gearmarket-fi","9":"product_tag-johtojen-asennus","10":"product_tag-kaapelilapivienti","11":"product_tag-kalastusvene","12":"product_tag-kiinnikekauppa","13":"product_tag-team-percheet","14":"product_tag-team-percheet-oy","15":"product_tag-vene-elektroniikka","16":"product_tag-veneen-elektronikka","17":"product_tag-veneen-rakentaminen","18":"product_tag-veneen-sahkot","19":"product_tag-veneen-varustelu","21":"first","22":"instock","23":"taxable","24":"shipping-taxable","25":"purchasable","26":"product-type-simple"},"yoast_head":"<!-- This site is optimized with the Yoast SEO plugin v27.3 - https:\/\/yoast.com\/product\/yoast-seo-wordpress\/ -->\n<title>PERCHEET Kaapelil\u00e4pivienti 7cm - Team Percheet \u2013 Laadukkaat kalastustarvikkeet ja venevarusteet<\/title>\n<meta name=\"robots\" content=\"index, follow, max-snippet:-1, max-image-preview:large, max-video-preview:-1\" \/>\n<link rel=\"canonical\" href=\"https:\/\/teampercheet.fi\/store\/tuote\/percheet-kaapelilapivienti-7cm\/\" \/>\n<meta property=\"og:locale\" content=\"fi_FI\" \/>\n<meta property=\"og:type\" content=\"article\" \/>\n<meta property=\"og:title\" content=\"PERCHEET Kaapelil\u00e4pivienti 7cm - Team Percheet \u2013 Laadukkaat kalastustarvikkeet ja venevarusteet\" \/>\n<meta property=\"og:description\" content=\"T\u00e4m\u00e4 tuote on suunniteltu helpottamaan kaapeleiden asennusta siististi. Vain 5.6mm korkeutensa ansiosta t\u00e4m\u00e4 matalaprofiilinen kaapelil\u00e4pivienti on yksinkertainen, helppo ja nopea asentaa mukana tulevilla M5 20mm pulteilla esimerkiksi veneen keulaan tai pulpettiin keulamoottorin tai kaikuluotainten johtojen l\u00e4piviemiseksi. Yksityiskohtainen suunnittelu takaa k\u00e4yt\u00e4nn\u00f6llisyyden sek\u00e4 tyylikk\u00e4\u00e4n muotoilun. Sis\u00e4rei\u00e4n halkaisija 40mm. Valmistettu 3D tulostamalla PETG -muovista joka kest\u00e4\u00e4 ulkoilman eri vaihtelut, uv-s\u00e4teilyt sek\u00e4 k\u00e4ytt\u00f6rasitukset.  Mitat: 70mm x 70mm x 5,6mm\" \/>\n<meta property=\"og:url\" content=\"https:\/\/teampercheet.fi\/store\/tuote\/percheet-kaapelilapivienti-7cm\/\" \/>\n<meta property=\"og:site_name\" content=\"Team Percheet \u2013 Laadukkaat kalastustarvikkeet ja venevarusteet\" \/>\n<meta property=\"article:modified_time\" content=\"2026-02-03T07:49:25+00:00\" \/>\n<meta property=\"og:image\" content=\"https:\/\/teampercheet.fi\/store\/wp-content\/uploads\/2025\/06\/Percheet-Kaapelilapivienti-7cm-scaled.jpg\" \/>\n\t<meta property=\"og:image:width\" content=\"2560\" \/>\n\t<meta property=\"og:image:height\" content=\"2560\" \/>\n\t<meta property=\"og:image:type\" content=\"image\/jpeg\" \/>\n<meta name=\"twitter:card\" content=\"summary_large_image\" \/>\n<script type=\"application\/ld+json\" class=\"yoast-schema-graph\">{\"@context\":\"https:\\\/\\\/schema.org\",\"@graph\":[{\"@type\":\"WebPage\",\"@id\":\"https:\\\/\\\/teampercheet.fi\\\/store\\\/tuote\\\/percheet-kaapelilapivienti-7cm\\\/\",\"url\":\"https:\\\/\\\/teampercheet.fi\\\/store\\\/tuote\\\/percheet-kaapelilapivienti-7cm\\\/\",\"name\":\"PERCHEET Kaapelil\u00e4pivienti 7cm - Team Percheet \u2013 Laadukkaat kalastustarvikkeet ja venevarusteet\",\"isPartOf\":{\"@id\":\"https:\\\/\\\/teampercheet.fi\\\/store\\\/#website\"},\"primaryImageOfPage\":{\"@id\":\"https:\\\/\\\/teampercheet.fi\\\/store\\\/tuote\\\/percheet-kaapelilapivienti-7cm\\\/#primaryimage\"},\"image\":{\"@id\":\"https:\\\/\\\/teampercheet.fi\\\/store\\\/tuote\\\/percheet-kaapelilapivienti-7cm\\\/#primaryimage\"},\"thumbnailUrl\":\"https:\\\/\\\/teampercheet.fi\\\/store\\\/wp-content\\\/uploads\\\/2025\\\/06\\\/Percheet-Kaapelilapivienti-7cm-scaled.jpg\",\"datePublished\":\"2025-06-04T15:49:22+00:00\",\"dateModified\":\"2026-02-03T07:49:25+00:00\",\"breadcrumb\":{\"@id\":\"https:\\\/\\\/teampercheet.fi\\\/store\\\/tuote\\\/percheet-kaapelilapivienti-7cm\\\/#breadcrumb\"},\"inLanguage\":\"fi\",\"potentialAction\":[{\"@type\":\"ReadAction\",\"target\":[\"https:\\\/\\\/teampercheet.fi\\\/store\\\/tuote\\\/percheet-kaapelilapivienti-7cm\\\/\"]}]},{\"@type\":\"ImageObject\",\"inLanguage\":\"fi\",\"@id\":\"https:\\\/\\\/teampercheet.fi\\\/store\\\/tuote\\\/percheet-kaapelilapivienti-7cm\\\/#primaryimage\",\"url\":\"https:\\\/\\\/teampercheet.fi\\\/store\\\/wp-content\\\/uploads\\\/2025\\\/06\\\/Percheet-Kaapelilapivienti-7cm-scaled.jpg\",\"contentUrl\":\"https:\\\/\\\/teampercheet.fi\\\/store\\\/wp-content\\\/uploads\\\/2025\\\/06\\\/Percheet-Kaapelilapivienti-7cm-scaled.jpg\",\"width\":2560,\"height\":2560},{\"@type\":\"BreadcrumbList\",\"@id\":\"https:\\\/\\\/teampercheet.fi\\\/store\\\/tuote\\\/percheet-kaapelilapivienti-7cm\\\/#breadcrumb\",\"itemListElement\":[{\"@type\":\"ListItem\",\"position\":1,\"name\":\"Etusivu\",\"item\":\"https:\\\/\\\/teampercheet.fi\\\/store\\\/\"},{\"@type\":\"ListItem\",\"position\":2,\"name\":\"Kauppa\",\"item\":\"https:\\\/\\\/teampercheet.fi\\\/store\\\/kauppa\\\/\"},{\"@type\":\"ListItem\",\"position\":3,\"name\":\"PERCHEET Kaapelil\u00e4pivienti 7cm\"}]},{\"@type\":\"WebSite\",\"@id\":\"https:\\\/\\\/teampercheet.fi\\\/store\\\/#website\",\"url\":\"https:\\\/\\\/teampercheet.fi\\\/store\\\/\",\"name\":\"Team Percheet \u2013 Laadukkaat kalastustarvikkeet ja venevarusteet\",\"description\":\"Tutustu Percheet Gearin kattavaan valikoimaan. Kest\u00e4v\u00e4t venevarusteet, juomatelineet, anturikiinnikkeet ja anturisuojat veneilyyn ja\u00a0kalastukseen.\",\"publisher\":{\"@id\":\"https:\\\/\\\/teampercheet.fi\\\/store\\\/#organization\"},\"potentialAction\":[{\"@type\":\"SearchAction\",\"target\":{\"@type\":\"EntryPoint\",\"urlTemplate\":\"https:\\\/\\\/teampercheet.fi\\\/store\\\/?s={search_term_string}\"},\"query-input\":{\"@type\":\"PropertyValueSpecification\",\"valueRequired\":true,\"valueName\":\"search_term_string\"}}],\"inLanguage\":\"fi\"},{\"@type\":\"Organization\",\"@id\":\"https:\\\/\\\/teampercheet.fi\\\/store\\\/#organization\",\"name\":\"Team Percheet \u2013 Laadukkaat kalastustarvikkeet ja venevarusteet\",\"url\":\"https:\\\/\\\/teampercheet.fi\\\/store\\\/\",\"logo\":{\"@type\":\"ImageObject\",\"inLanguage\":\"fi\",\"@id\":\"https:\\\/\\\/teampercheet.fi\\\/store\\\/#\\\/schema\\\/logo\\\/image\\\/\",\"url\":\"https:\\\/\\\/teampercheet.fi\\\/store\\\/wp-content\\\/uploads\\\/2024\\\/10\\\/logo-tpc.png\",\"contentUrl\":\"https:\\\/\\\/teampercheet.fi\\\/store\\\/wp-content\\\/uploads\\\/2024\\\/10\\\/logo-tpc.png\",\"width\":1268,\"height\":211,\"caption\":\"Team Percheet \u2013 Laadukkaat kalastustarvikkeet ja venevarusteet\"},\"image\":{\"@id\":\"https:\\\/\\\/teampercheet.fi\\\/store\\\/#\\\/schema\\\/logo\\\/image\\\/\"}}]}<\/script>\n<!-- \/ Yoast SEO plugin. -->","yoast_head_json":{"title":"PERCHEET Kaapelil\u00e4pivienti 7cm - Team Percheet \u2013 Laadukkaat kalastustarvikkeet ja venevarusteet","robots":{"index":"index","follow":"follow","max-snippet":"max-snippet:-1","max-image-preview":"max-image-preview:large","max-video-preview":"max-video-preview:-1"},"canonical":"https:\/\/teampercheet.fi\/store\/tuote\/percheet-kaapelilapivienti-7cm\/","og_locale":"fi_FI","og_type":"article","og_title":"PERCHEET Kaapelil\u00e4pivienti 7cm - Team Percheet \u2013 Laadukkaat kalastustarvikkeet ja venevarusteet","og_description":"T\u00e4m\u00e4 tuote on suunniteltu helpottamaan kaapeleiden asennusta siististi. Vain 5.6mm korkeutensa ansiosta t\u00e4m\u00e4 matalaprofiilinen kaapelil\u00e4pivienti on yksinkertainen, helppo ja nopea asentaa mukana tulevilla M5 20mm pulteilla esimerkiksi veneen keulaan tai pulpettiin keulamoottorin tai kaikuluotainten johtojen l\u00e4piviemiseksi. Yksityiskohtainen suunnittelu takaa k\u00e4yt\u00e4nn\u00f6llisyyden sek\u00e4 tyylikk\u00e4\u00e4n muotoilun. Sis\u00e4rei\u00e4n halkaisija 40mm. Valmistettu 3D tulostamalla PETG -muovista joka kest\u00e4\u00e4 ulkoilman eri vaihtelut, uv-s\u00e4teilyt sek\u00e4 k\u00e4ytt\u00f6rasitukset.  Mitat: 70mm x 70mm x 5,6mm","og_url":"https:\/\/teampercheet.fi\/store\/tuote\/percheet-kaapelilapivienti-7cm\/","og_site_name":"Team Percheet \u2013 Laadukkaat kalastustarvikkeet ja venevarusteet","article_modified_time":"2026-02-03T07:49:25+00:00","og_image":[{"width":2560,"height":2560,"url":"https:\/\/teampercheet.fi\/store\/wp-content\/uploads\/2025\/06\/Percheet-Kaapelilapivienti-7cm-scaled.jpg","type":"image\/jpeg"}],"twitter_card":"summary_large_image","schema":{"@context":"https:\/\/schema.org","@graph":[{"@type":"WebPage","@id":"https:\/\/teampercheet.fi\/store\/tuote\/percheet-kaapelilapivienti-7cm\/","url":"https:\/\/teampercheet.fi\/store\/tuote\/percheet-kaapelilapivienti-7cm\/","name":"PERCHEET Kaapelil\u00e4pivienti 7cm - Team Percheet \u2013 Laadukkaat kalastustarvikkeet ja venevarusteet","isPartOf":{"@id":"https:\/\/teampercheet.fi\/store\/#website"},"primaryImageOfPage":{"@id":"https:\/\/teampercheet.fi\/store\/tuote\/percheet-kaapelilapivienti-7cm\/#primaryimage"},"image":{"@id":"https:\/\/teampercheet.fi\/store\/tuote\/percheet-kaapelilapivienti-7cm\/#primaryimage"},"thumbnailUrl":"https:\/\/teampercheet.fi\/store\/wp-content\/uploads\/2025\/06\/Percheet-Kaapelilapivienti-7cm-scaled.jpg","datePublished":"2025-06-04T15:49:22+00:00","dateModified":"2026-02-03T07:49:25+00:00","breadcrumb":{"@id":"https:\/\/teampercheet.fi\/store\/tuote\/percheet-kaapelilapivienti-7cm\/#breadcrumb"},"inLanguage":"fi","potentialAction":[{"@type":"ReadAction","target":["https:\/\/teampercheet.fi\/store\/tuote\/percheet-kaapelilapivienti-7cm\/"]}]},{"@type":"ImageObject","inLanguage":"fi","@id":"https:\/\/teampercheet.fi\/store\/tuote\/percheet-kaapelilapivienti-7cm\/#primaryimage","url":"https:\/\/teampercheet.fi\/store\/wp-content\/uploads\/2025\/06\/Percheet-Kaapelilapivienti-7cm-scaled.jpg","contentUrl":"https:\/\/teampercheet.fi\/store\/wp-content\/uploads\/2025\/06\/Percheet-Kaapelilapivienti-7cm-scaled.jpg","width":2560,"height":2560},{"@type":"BreadcrumbList","@id":"https:\/\/teampercheet.fi\/store\/tuote\/percheet-kaapelilapivienti-7cm\/#breadcrumb","itemListElement":[{"@type":"ListItem","position":1,"name":"Etusivu","item":"https:\/\/teampercheet.fi\/store\/"},{"@type":"ListItem","position":2,"name":"Kauppa","item":"https:\/\/teampercheet.fi\/store\/kauppa\/"},{"@type":"ListItem","position":3,"name":"PERCHEET Kaapelil\u00e4pivienti 7cm"}]},{"@type":"WebSite","@id":"https:\/\/teampercheet.fi\/store\/#website","url":"https:\/\/teampercheet.fi\/store\/","name":"Team Percheet \u2013 Laadukkaat kalastustarvikkeet ja venevarusteet","description":"Tutustu Percheet Gearin kattavaan valikoimaan. Kest\u00e4v\u00e4t venevarusteet, juomatelineet, anturikiinnikkeet ja anturisuojat veneilyyn ja\u00a0kalastukseen.","publisher":{"@id":"https:\/\/teampercheet.fi\/store\/#organization"},"potentialAction":[{"@type":"SearchAction","target":{"@type":"EntryPoint","urlTemplate":"https:\/\/teampercheet.fi\/store\/?s={search_term_string}"},"query-input":{"@type":"PropertyValueSpecification","valueRequired":true,"valueName":"search_term_string"}}],"inLanguage":"fi"},{"@type":"Organization","@id":"https:\/\/teampercheet.fi\/store\/#organization","name":"Team Percheet \u2013 Laadukkaat kalastustarvikkeet ja venevarusteet","url":"https:\/\/teampercheet.fi\/store\/","logo":{"@type":"ImageObject","inLanguage":"fi","@id":"https:\/\/teampercheet.fi\/store\/#\/schema\/logo\/image\/","url":"https:\/\/teampercheet.fi\/store\/wp-content\/uploads\/2024\/10\/logo-tpc.png","contentUrl":"https:\/\/teampercheet.fi\/store\/wp-content\/uploads\/2024\/10\/logo-tpc.png","width":1268,"height":211,"caption":"Team Percheet \u2013 Laadukkaat kalastustarvikkeet ja venevarusteet"},"image":{"@id":"https:\/\/teampercheet.fi\/store\/#\/schema\/logo\/image\/"}}]}},"_links":{"self":[{"href":"https:\/\/teampercheet.fi\/store\/wp-json\/wp\/v2\/product\/4391","targetHints":{"allow":["GET"]}}],"collection":[{"href":"https:\/\/teampercheet.fi\/store\/wp-json\/wp\/v2\/product"}],"about":[{"href":"https:\/\/teampercheet.fi\/store\/wp-json\/wp\/v2\/types\/product"}],"replies":[{"embeddable":true,"href":"https:\/\/teampercheet.fi\/store\/wp-json\/wp\/v2\/comments?post=4391"}],"wp:featuredmedia":[{"embeddable":true,"href":"https:\/\/teampercheet.fi\/store\/wp-json\/wp\/v2\/media\/4392"}],"wp:attachment":[{"href":"https:\/\/teampercheet.fi\/store\/wp-json\/wp\/v2\/media?parent=4391"}],"wp:term":[{"taxonomy":"product_brand","embeddable":true,"href":"https:\/\/teampercheet.fi\/store\/wp-json\/wp\/v2\/product_brand?post=4391"},{"taxonomy":"product_cat","embeddable":true,"href":"https:\/\/teampercheet.fi\/store\/wp-json\/wp\/v2\/product_cat?post=4391"},{"taxonomy":"product_tag","embeddable":true,"href":"https:\/\/teampercheet.fi\/store\/wp-json\/wp\/v2\/product_tag?post=4391"}],"curies":[{"name":"wp","href":"https:\/\/api.w.org\/{rel}","templated":true}]}}