{"id":4412,"date":"2025-06-07T23:25:34","date_gmt":"2025-06-07T20:25:34","guid":{"rendered":"https:\/\/teampercheet.fi\/store\/?post_type=product&#038;p=4412"},"modified":"2026-04-13T16:45:26","modified_gmt":"2026-04-13T13:45:26","slug":"percheeet-kaapelisukkakiinnike-21-3-22mm-kpf-liveanturiteline","status":"publish","type":"product","link":"https:\/\/teampercheet.fi\/store\/tuote\/percheeet-kaapelisukkakiinnike-21-3-22mm-kpf-liveanturiteline\/","title":{"rendered":"PERCHEET 30mm kaapelikiinnike"},"content":{"rendered":"","protected":false},"excerpt":{"rendered":"<p>T\u00e4ll\u00e4 kaapelikiinnikkeell\u00e4 kiinnit\u00e4t my\u00f6s kaapelisukkaan vedetyt kaapelit liveanturitelineeseen siististi.<\/p>\n<p>Sopii halkaisijaltaan 30mm liveanturitelineeseen.<\/p>\n<p>Esimerkkikuvassa nylonsukan sis\u00e4ss\u00e4 kulkee 3 johtoa.<\/p>\n<p>KPF liveanturitelineeseen suosittelemme 30mm yl\u00e4putken kiinnikkeiden lis\u00e4ksi <strong><a href=\"https:\/\/teampercheet.fi\/store\/tuote\/percheet-3-johdon-kaapelikampa-kpf-liveanturiteline\/\" target=\"_blank\" rel=\"noopener\">PERCHEET 21.3 kaapelikiinnikkeit\u00e4 T\u00c4ST\u00c4!<\/a><\/strong><\/p>\n<p>Hinta sis\u00e4lt\u00e4\u00e4 2 kappaletta kaapelikiinnikkeit\u00e4.<\/p>\n<p>Tuote on kaksi osainen ja kiinnitet\u00e4\u00e4n toisiinsa painamalla urat vastakkain, kun taas irrotetaan vet\u00e4m\u00e4ll\u00e4 tai liu&#8217;uttamalla toisistaan irti.<\/p>\n","protected":false},"featured_media":4430,"comment_status":"open","ping_status":"closed","template":"","meta":[],"product_brand":[],"product_cat":[296],"product_tag":[276,311,306,175,79,310,35,42,309,307,308,207,205],"class_list":{"0":"post-4412","1":"product","2":"type-product","3":"status-publish","4":"has-post-thumbnail","6":"product_cat-elektroniikan-asennus","7":"product_tag-gearmarket","8":"product_tag-gearmarket-fi","9":"product_tag-johtojen-asennus","10":"product_tag-kaapelilapivienti","11":"product_tag-kalastusvene","12":"product_tag-kiinnikekauppa","13":"product_tag-team-percheet","14":"product_tag-team-percheet-oy","15":"product_tag-vene-elektroniikka","16":"product_tag-veneen-elektronikka","17":"product_tag-veneen-rakentaminen","18":"product_tag-veneen-sahkot","19":"product_tag-veneen-varustelu","21":"first","22":"instock","23":"taxable","24":"shipping-taxable","25":"purchasable","26":"product-type-simple"},"yoast_head":"<!-- This site is optimized with the Yoast SEO plugin v27.3 - https:\/\/yoast.com\/product\/yoast-seo-wordpress\/ -->\n<title>PERCHEET 30mm kaapelikiinnike - Team Percheet \u2013 Laadukkaat kalastustarvikkeet ja venevarusteet<\/title>\n<meta name=\"robots\" content=\"index, follow, max-snippet:-1, max-image-preview:large, max-video-preview:-1\" \/>\n<link rel=\"canonical\" href=\"https:\/\/teampercheet.fi\/store\/tuote\/percheeet-kaapelisukkakiinnike-21-3-22mm-kpf-liveanturiteline\/\" \/>\n<meta property=\"og:locale\" content=\"fi_FI\" \/>\n<meta property=\"og:type\" content=\"article\" \/>\n<meta property=\"og:title\" content=\"PERCHEET 30mm kaapelikiinnike - Team Percheet \u2013 Laadukkaat kalastustarvikkeet ja venevarusteet\" \/>\n<meta property=\"og:description\" content=\"T\u00e4ll\u00e4 kaapelikiinnikkeell\u00e4 kiinnit\u00e4t my\u00f6s kaapelisukkaan vedetyt kaapelit liveanturitelineeseen siististi.  Sopii halkaisijaltaan 30mm liveanturitelineeseen.  Esimerkkikuvassa nylonsukan sis\u00e4ss\u00e4 kulkee 3 johtoa.  KPF liveanturitelineeseen suosittelemme 30mm yl\u00e4putken kiinnikkeiden lis\u00e4ksi PERCHEET 21.3 kaapelikiinnikkeit\u00e4 T\u00c4ST\u00c4!  Hinta sis\u00e4lt\u00e4\u00e4 2 kappaletta kaapelikiinnikkeit\u00e4.  Tuote on kaksi osainen ja kiinnitet\u00e4\u00e4n toisiinsa painamalla urat vastakkain, kun taas irrotetaan vet\u00e4m\u00e4ll\u00e4 tai liu&#039;uttamalla toisistaan irti.\" \/>\n<meta property=\"og:url\" content=\"https:\/\/teampercheet.fi\/store\/tuote\/percheeet-kaapelisukkakiinnike-21-3-22mm-kpf-liveanturiteline\/\" \/>\n<meta property=\"og:site_name\" content=\"Team Percheet \u2013 Laadukkaat kalastustarvikkeet ja venevarusteet\" \/>\n<meta property=\"article:modified_time\" content=\"2026-04-13T13:45:26+00:00\" \/>\n<meta property=\"og:image\" content=\"https:\/\/teampercheet.fi\/store\/wp-content\/uploads\/2025\/06\/Johtopidike1-1-scaled.jpg\" \/>\n\t<meta property=\"og:image:width\" content=\"2560\" \/>\n\t<meta property=\"og:image:height\" content=\"2560\" \/>\n\t<meta property=\"og:image:type\" content=\"image\/jpeg\" \/>\n<meta name=\"twitter:card\" content=\"summary_large_image\" \/>\n<script type=\"application\/ld+json\" class=\"yoast-schema-graph\">{\"@context\":\"https:\\\/\\\/schema.org\",\"@graph\":[{\"@type\":\"WebPage\",\"@id\":\"https:\\\/\\\/teampercheet.fi\\\/store\\\/tuote\\\/percheeet-kaapelisukkakiinnike-21-3-22mm-kpf-liveanturiteline\\\/\",\"url\":\"https:\\\/\\\/teampercheet.fi\\\/store\\\/tuote\\\/percheeet-kaapelisukkakiinnike-21-3-22mm-kpf-liveanturiteline\\\/\",\"name\":\"PERCHEET 30mm kaapelikiinnike - Team Percheet \u2013 Laadukkaat kalastustarvikkeet ja venevarusteet\",\"isPartOf\":{\"@id\":\"https:\\\/\\\/teampercheet.fi\\\/store\\\/#website\"},\"primaryImageOfPage\":{\"@id\":\"https:\\\/\\\/teampercheet.fi\\\/store\\\/tuote\\\/percheeet-kaapelisukkakiinnike-21-3-22mm-kpf-liveanturiteline\\\/#primaryimage\"},\"image\":{\"@id\":\"https:\\\/\\\/teampercheet.fi\\\/store\\\/tuote\\\/percheeet-kaapelisukkakiinnike-21-3-22mm-kpf-liveanturiteline\\\/#primaryimage\"},\"thumbnailUrl\":\"https:\\\/\\\/teampercheet.fi\\\/store\\\/wp-content\\\/uploads\\\/2025\\\/06\\\/Johtopidike1-1-scaled.jpg\",\"datePublished\":\"2025-06-07T20:25:34+00:00\",\"dateModified\":\"2026-04-13T13:45:26+00:00\",\"breadcrumb\":{\"@id\":\"https:\\\/\\\/teampercheet.fi\\\/store\\\/tuote\\\/percheeet-kaapelisukkakiinnike-21-3-22mm-kpf-liveanturiteline\\\/#breadcrumb\"},\"inLanguage\":\"fi\",\"potentialAction\":[{\"@type\":\"ReadAction\",\"target\":[\"https:\\\/\\\/teampercheet.fi\\\/store\\\/tuote\\\/percheeet-kaapelisukkakiinnike-21-3-22mm-kpf-liveanturiteline\\\/\"]}]},{\"@type\":\"ImageObject\",\"inLanguage\":\"fi\",\"@id\":\"https:\\\/\\\/teampercheet.fi\\\/store\\\/tuote\\\/percheeet-kaapelisukkakiinnike-21-3-22mm-kpf-liveanturiteline\\\/#primaryimage\",\"url\":\"https:\\\/\\\/teampercheet.fi\\\/store\\\/wp-content\\\/uploads\\\/2025\\\/06\\\/Johtopidike1-1-scaled.jpg\",\"contentUrl\":\"https:\\\/\\\/teampercheet.fi\\\/store\\\/wp-content\\\/uploads\\\/2025\\\/06\\\/Johtopidike1-1-scaled.jpg\",\"width\":2560,\"height\":2560},{\"@type\":\"BreadcrumbList\",\"@id\":\"https:\\\/\\\/teampercheet.fi\\\/store\\\/tuote\\\/percheeet-kaapelisukkakiinnike-21-3-22mm-kpf-liveanturiteline\\\/#breadcrumb\",\"itemListElement\":[{\"@type\":\"ListItem\",\"position\":1,\"name\":\"Etusivu\",\"item\":\"https:\\\/\\\/teampercheet.fi\\\/store\\\/\"},{\"@type\":\"ListItem\",\"position\":2,\"name\":\"Kauppa\",\"item\":\"https:\\\/\\\/teampercheet.fi\\\/store\\\/kauppa\\\/\"},{\"@type\":\"ListItem\",\"position\":3,\"name\":\"PERCHEET 30mm kaapelikiinnike\"}]},{\"@type\":\"WebSite\",\"@id\":\"https:\\\/\\\/teampercheet.fi\\\/store\\\/#website\",\"url\":\"https:\\\/\\\/teampercheet.fi\\\/store\\\/\",\"name\":\"Team Percheet \u2013 Laadukkaat kalastustarvikkeet ja venevarusteet\",\"description\":\"Tutustu Percheet Gearin kattavaan valikoimaan. Kest\u00e4v\u00e4t venevarusteet, juomatelineet, anturikiinnikkeet ja anturisuojat veneilyyn ja\u00a0kalastukseen.\",\"publisher\":{\"@id\":\"https:\\\/\\\/teampercheet.fi\\\/store\\\/#organization\"},\"potentialAction\":[{\"@type\":\"SearchAction\",\"target\":{\"@type\":\"EntryPoint\",\"urlTemplate\":\"https:\\\/\\\/teampercheet.fi\\\/store\\\/?s={search_term_string}\"},\"query-input\":{\"@type\":\"PropertyValueSpecification\",\"valueRequired\":true,\"valueName\":\"search_term_string\"}}],\"inLanguage\":\"fi\"},{\"@type\":\"Organization\",\"@id\":\"https:\\\/\\\/teampercheet.fi\\\/store\\\/#organization\",\"name\":\"Team Percheet \u2013 Laadukkaat kalastustarvikkeet ja venevarusteet\",\"url\":\"https:\\\/\\\/teampercheet.fi\\\/store\\\/\",\"logo\":{\"@type\":\"ImageObject\",\"inLanguage\":\"fi\",\"@id\":\"https:\\\/\\\/teampercheet.fi\\\/store\\\/#\\\/schema\\\/logo\\\/image\\\/\",\"url\":\"https:\\\/\\\/teampercheet.fi\\\/store\\\/wp-content\\\/uploads\\\/2024\\\/10\\\/logo-tpc.png\",\"contentUrl\":\"https:\\\/\\\/teampercheet.fi\\\/store\\\/wp-content\\\/uploads\\\/2024\\\/10\\\/logo-tpc.png\",\"width\":1268,\"height\":211,\"caption\":\"Team Percheet \u2013 Laadukkaat kalastustarvikkeet ja venevarusteet\"},\"image\":{\"@id\":\"https:\\\/\\\/teampercheet.fi\\\/store\\\/#\\\/schema\\\/logo\\\/image\\\/\"}}]}<\/script>\n<!-- \/ Yoast SEO plugin. -->","yoast_head_json":{"title":"PERCHEET 30mm kaapelikiinnike - Team Percheet \u2013 Laadukkaat kalastustarvikkeet ja venevarusteet","robots":{"index":"index","follow":"follow","max-snippet":"max-snippet:-1","max-image-preview":"max-image-preview:large","max-video-preview":"max-video-preview:-1"},"canonical":"https:\/\/teampercheet.fi\/store\/tuote\/percheeet-kaapelisukkakiinnike-21-3-22mm-kpf-liveanturiteline\/","og_locale":"fi_FI","og_type":"article","og_title":"PERCHEET 30mm kaapelikiinnike - Team Percheet \u2013 Laadukkaat kalastustarvikkeet ja venevarusteet","og_description":"T\u00e4ll\u00e4 kaapelikiinnikkeell\u00e4 kiinnit\u00e4t my\u00f6s kaapelisukkaan vedetyt kaapelit liveanturitelineeseen siististi.  Sopii halkaisijaltaan 30mm liveanturitelineeseen.  Esimerkkikuvassa nylonsukan sis\u00e4ss\u00e4 kulkee 3 johtoa.  KPF liveanturitelineeseen suosittelemme 30mm yl\u00e4putken kiinnikkeiden lis\u00e4ksi PERCHEET 21.3 kaapelikiinnikkeit\u00e4 T\u00c4ST\u00c4!  Hinta sis\u00e4lt\u00e4\u00e4 2 kappaletta kaapelikiinnikkeit\u00e4.  Tuote on kaksi osainen ja kiinnitet\u00e4\u00e4n toisiinsa painamalla urat vastakkain, kun taas irrotetaan vet\u00e4m\u00e4ll\u00e4 tai liu'uttamalla toisistaan irti.","og_url":"https:\/\/teampercheet.fi\/store\/tuote\/percheeet-kaapelisukkakiinnike-21-3-22mm-kpf-liveanturiteline\/","og_site_name":"Team Percheet \u2013 Laadukkaat kalastustarvikkeet ja venevarusteet","article_modified_time":"2026-04-13T13:45:26+00:00","og_image":[{"width":2560,"height":2560,"url":"https:\/\/teampercheet.fi\/store\/wp-content\/uploads\/2025\/06\/Johtopidike1-1-scaled.jpg","type":"image\/jpeg"}],"twitter_card":"summary_large_image","schema":{"@context":"https:\/\/schema.org","@graph":[{"@type":"WebPage","@id":"https:\/\/teampercheet.fi\/store\/tuote\/percheeet-kaapelisukkakiinnike-21-3-22mm-kpf-liveanturiteline\/","url":"https:\/\/teampercheet.fi\/store\/tuote\/percheeet-kaapelisukkakiinnike-21-3-22mm-kpf-liveanturiteline\/","name":"PERCHEET 30mm kaapelikiinnike - Team Percheet \u2013 Laadukkaat kalastustarvikkeet ja venevarusteet","isPartOf":{"@id":"https:\/\/teampercheet.fi\/store\/#website"},"primaryImageOfPage":{"@id":"https:\/\/teampercheet.fi\/store\/tuote\/percheeet-kaapelisukkakiinnike-21-3-22mm-kpf-liveanturiteline\/#primaryimage"},"image":{"@id":"https:\/\/teampercheet.fi\/store\/tuote\/percheeet-kaapelisukkakiinnike-21-3-22mm-kpf-liveanturiteline\/#primaryimage"},"thumbnailUrl":"https:\/\/teampercheet.fi\/store\/wp-content\/uploads\/2025\/06\/Johtopidike1-1-scaled.jpg","datePublished":"2025-06-07T20:25:34+00:00","dateModified":"2026-04-13T13:45:26+00:00","breadcrumb":{"@id":"https:\/\/teampercheet.fi\/store\/tuote\/percheeet-kaapelisukkakiinnike-21-3-22mm-kpf-liveanturiteline\/#breadcrumb"},"inLanguage":"fi","potentialAction":[{"@type":"ReadAction","target":["https:\/\/teampercheet.fi\/store\/tuote\/percheeet-kaapelisukkakiinnike-21-3-22mm-kpf-liveanturiteline\/"]}]},{"@type":"ImageObject","inLanguage":"fi","@id":"https:\/\/teampercheet.fi\/store\/tuote\/percheeet-kaapelisukkakiinnike-21-3-22mm-kpf-liveanturiteline\/#primaryimage","url":"https:\/\/teampercheet.fi\/store\/wp-content\/uploads\/2025\/06\/Johtopidike1-1-scaled.jpg","contentUrl":"https:\/\/teampercheet.fi\/store\/wp-content\/uploads\/2025\/06\/Johtopidike1-1-scaled.jpg","width":2560,"height":2560},{"@type":"BreadcrumbList","@id":"https:\/\/teampercheet.fi\/store\/tuote\/percheeet-kaapelisukkakiinnike-21-3-22mm-kpf-liveanturiteline\/#breadcrumb","itemListElement":[{"@type":"ListItem","position":1,"name":"Etusivu","item":"https:\/\/teampercheet.fi\/store\/"},{"@type":"ListItem","position":2,"name":"Kauppa","item":"https:\/\/teampercheet.fi\/store\/kauppa\/"},{"@type":"ListItem","position":3,"name":"PERCHEET 30mm kaapelikiinnike"}]},{"@type":"WebSite","@id":"https:\/\/teampercheet.fi\/store\/#website","url":"https:\/\/teampercheet.fi\/store\/","name":"Team Percheet \u2013 Laadukkaat kalastustarvikkeet ja venevarusteet","description":"Tutustu Percheet Gearin kattavaan valikoimaan. Kest\u00e4v\u00e4t venevarusteet, juomatelineet, anturikiinnikkeet ja anturisuojat veneilyyn ja\u00a0kalastukseen.","publisher":{"@id":"https:\/\/teampercheet.fi\/store\/#organization"},"potentialAction":[{"@type":"SearchAction","target":{"@type":"EntryPoint","urlTemplate":"https:\/\/teampercheet.fi\/store\/?s={search_term_string}"},"query-input":{"@type":"PropertyValueSpecification","valueRequired":true,"valueName":"search_term_string"}}],"inLanguage":"fi"},{"@type":"Organization","@id":"https:\/\/teampercheet.fi\/store\/#organization","name":"Team Percheet \u2013 Laadukkaat kalastustarvikkeet ja venevarusteet","url":"https:\/\/teampercheet.fi\/store\/","logo":{"@type":"ImageObject","inLanguage":"fi","@id":"https:\/\/teampercheet.fi\/store\/#\/schema\/logo\/image\/","url":"https:\/\/teampercheet.fi\/store\/wp-content\/uploads\/2024\/10\/logo-tpc.png","contentUrl":"https:\/\/teampercheet.fi\/store\/wp-content\/uploads\/2024\/10\/logo-tpc.png","width":1268,"height":211,"caption":"Team Percheet \u2013 Laadukkaat kalastustarvikkeet ja venevarusteet"},"image":{"@id":"https:\/\/teampercheet.fi\/store\/#\/schema\/logo\/image\/"}}]}},"_links":{"self":[{"href":"https:\/\/teampercheet.fi\/store\/wp-json\/wp\/v2\/product\/4412","targetHints":{"allow":["GET"]}}],"collection":[{"href":"https:\/\/teampercheet.fi\/store\/wp-json\/wp\/v2\/product"}],"about":[{"href":"https:\/\/teampercheet.fi\/store\/wp-json\/wp\/v2\/types\/product"}],"replies":[{"embeddable":true,"href":"https:\/\/teampercheet.fi\/store\/wp-json\/wp\/v2\/comments?post=4412"}],"wp:featuredmedia":[{"embeddable":true,"href":"https:\/\/teampercheet.fi\/store\/wp-json\/wp\/v2\/media\/4430"}],"wp:attachment":[{"href":"https:\/\/teampercheet.fi\/store\/wp-json\/wp\/v2\/media?parent=4412"}],"wp:term":[{"taxonomy":"product_brand","embeddable":true,"href":"https:\/\/teampercheet.fi\/store\/wp-json\/wp\/v2\/product_brand?post=4412"},{"taxonomy":"product_cat","embeddable":true,"href":"https:\/\/teampercheet.fi\/store\/wp-json\/wp\/v2\/product_cat?post=4412"},{"taxonomy":"product_tag","embeddable":true,"href":"https:\/\/teampercheet.fi\/store\/wp-json\/wp\/v2\/product_tag?post=4412"}],"curies":[{"name":"wp","href":"https:\/\/api.w.org\/{rel}","templated":true}]}}