{"id":4459,"date":"2025-06-09T23:49:25","date_gmt":"2025-06-09T20:49:25","guid":{"rendered":"https:\/\/teampercheet.fi\/store\/?post_type=product&#038;p=4459"},"modified":"2026-03-25T08:26:28","modified_gmt":"2026-03-25T06:26:28","slug":"l","status":"publish","type":"product","link":"https:\/\/teampercheet.fi\/store\/tuote\/l\/","title":{"rendered":"PERCHEET Anturisuoja Garmin LVS32"},"content":{"rendered":"","protected":false},"excerpt":{"rendered":"<p class=\"p1\">SAATAVILLA VAIN MEILT\u00c4!<\/p>\n<p class=\"p1\">Suojaa liveanturi tyylikk\u00e4\u00e4sti omalla logolla tai tekstill\u00e4 varustetulla uniikilla anturisuojalla. Halutessasi voit tilata anturisuojan sellaisenaan ilman painatusta.<\/p>\n<p class=\"p1\">T\u00e4m\u00e4 anturisuoja sopii Garmin Livescope LVS32 kaikuanturiin. Hinta sis\u00e4lt\u00e4\u00e4 yhden logon tai teksti sijoittamisen anturisuojan kummallekin sivuille tai p\u00e4\u00e4tyyn. Tp:n logo sijaitsee aina samassa kohtaa anturisuojaa kummassakin p\u00e4\u00e4dyss\u00e4!<\/p>\n<p class=\"p1\">Logollista anturisuojaa varten tarvitsemme valmiin logon png, jpeg, vector tai pdf tiedostona. <b>Emme tee logo suunnittelua!\u00a0<\/b><\/p>\n<p class=\"p1\">Tuote l\u00e4hetet\u00e4\u00e4n 2-3 arkip\u00e4iv\u00e4n sis\u00e4ll\u00e4 asiakkaalla hyv\u00e4ksytyst\u00e4 luonnoksesta.<\/p>\n<p>Anturisuoja toimitetaan kahden tarranauhan kanssa!<\/p>\n<p class=\"p1\">Yleist\u00e4 anturisuojista: <i>T\u00e4m\u00e4 anturisuoja suojaa liveanturisi kuljetuksen aikana lentelevilt\u00e4 kivilt\u00e4, p\u00f6lylt\u00e4 sek\u00e4 s\u00e4ilytyksess\u00e4 altistuvilta naarmuilta ja kolhuilta. Helposti kiinnitett\u00e4v\u00e4 ja irroitettava. Tilaus sis\u00e4lt\u00e4\u00e4 tarraremmin anturisuojan kiinnitt\u00e4mist\u00e4 varten.<\/i><\/p>\n<p class=\"p1\"><b>LUE HUOLELLISETI ENNEN TILAUSTA!\u00a0<\/b><\/p>\n<ol class=\"ol1\">\n<li class=\"li1\"><b>Huomioithan, ett\u00e4 hinta ei sis\u00e4ll\u00e4 logon suunnittelua.<\/b> Vaan sinulla tulee olla toimittaa valmis logo png, jpeg, vector tai pdf tiedostona!<\/li>\n<li class=\"li1\">T\u00e4yt\u00e4 yhteystietosi huolella, <b>my\u00f6s s\u00e4hk\u00f6postiosoite<\/b> jolla otamme sinuun yhteytt\u00e4!<\/li>\n<li class=\"li1\">Suorita tilaus normaalisti loppuun.<\/li>\n<li class=\"li1\">Otamme sinuun yhteytt\u00e4 viipym\u00e4tt\u00e4 s\u00e4hk\u00f6postitse suunnitellaksemme kustomoidun anturisuojan.<\/li>\n<li class=\"li1\">Asiakkaalla on yksi kommentointi kierros jonka j\u00e4lkeen valmistamme tuotteen ja postitamme sen 2-3 arkip\u00e4iv\u00e4n kuluessa hyv\u00e4ksynn\u00e4st\u00e4!<\/li>\n<\/ol>\n","protected":false},"featured_media":4467,"comment_status":"open","ping_status":"closed","template":"","meta":[],"product_brand":[],"product_cat":[314],"product_tag":[249,172,244,240,245,130,247,169,248,241,242,131,168,246,243,35],"class_list":{"0":"post-4459","1":"product","2":"type-product","3":"status-publish","4":"has-post-thumbnail","6":"product_cat-anturisuojat","7":"product_tag-antureiden-suojia","8":"product_tag-anturisuoja","9":"product_tag-anturisuoja-omalla-logolla","10":"product_tag-anturisuojat","11":"product_tag-anturisuojus","12":"product_tag-garmin","13":"product_tag-garmin-anturisuojus","14":"product_tag-garmin-livescope","15":"product_tag-live-kaikuanturin-suoja","16":"product_tag-liveanturi","17":"product_tag-liveanturinsuoja","18":"product_tag-lowrance","19":"product_tag-lowrance-active-target","20":"product_tag-lowrance-anturisuojus","21":"product_tag-omalla-logolla","22":"product_tag-team-percheet","24":"first","25":"instock","26":"taxable","27":"shipping-taxable","28":"purchasable","29":"product-type-variable"},"yoast_head":"<!-- This site is optimized with the Yoast SEO plugin v27.3 - https:\/\/yoast.com\/product\/yoast-seo-wordpress\/ -->\n<title>PERCHEET Anturisuoja Garmin LVS32 - Team Percheet \u2013 Laadukkaat kalastustarvikkeet ja venevarusteet<\/title>\n<meta name=\"robots\" content=\"index, follow, max-snippet:-1, max-image-preview:large, max-video-preview:-1\" \/>\n<link rel=\"canonical\" href=\"https:\/\/teampercheet.fi\/store\/tuote\/l\/\" \/>\n<meta property=\"og:locale\" content=\"fi_FI\" \/>\n<meta property=\"og:type\" content=\"article\" \/>\n<meta property=\"og:title\" content=\"PERCHEET Anturisuoja Garmin LVS32 - Team Percheet \u2013 Laadukkaat kalastustarvikkeet ja venevarusteet\" \/>\n<meta property=\"og:description\" content=\"SAATAVILLA VAIN MEILT\u00c4! Suojaa liveanturi tyylikk\u00e4\u00e4sti omalla logolla tai tekstill\u00e4 varustetulla uniikilla anturisuojalla. Halutessasi voit tilata anturisuojan sellaisenaan ilman painatusta. T\u00e4m\u00e4 anturisuoja sopii Garmin Livescope LVS32 kaikuanturiin. Hinta sis\u00e4lt\u00e4\u00e4 yhden logon tai teksti sijoittamisen anturisuojan kummallekin sivuille tai p\u00e4\u00e4tyyn. Tp:n logo sijaitsee aina samassa kohtaa anturisuojaa kummassakin p\u00e4\u00e4dyss\u00e4! Logollista anturisuojaa varten tarvitsemme valmiin logon png, jpeg, vector tai pdf tiedostona. Emme tee logo suunnittelua!\u00a0 Tuote l\u00e4hetet\u00e4\u00e4n 2-3 arkip\u00e4iv\u00e4n sis\u00e4ll\u00e4 asiakkaalla hyv\u00e4ksytyst\u00e4 luonnoksesta. Anturisuoja toimitetaan kahden tarranauhan kanssa! Yleist\u00e4 anturisuojista: T\u00e4m\u00e4 anturisuoja suojaa liveanturisi kuljetuksen aikana lentelevilt\u00e4 kivilt\u00e4, p\u00f6lylt\u00e4 sek\u00e4 s\u00e4ilytyksess\u00e4 altistuvilta naarmuilta ja kolhuilta. Helposti kiinnitett\u00e4v\u00e4 ja irroitettava. Tilaus sis\u00e4lt\u00e4\u00e4 tarraremmin anturisuojan kiinnitt\u00e4mist\u00e4 varten. LUE HUOLELLISETI ENNEN TILAUSTA!\u00a0    Huomioithan, ett\u00e4 hinta ei sis\u00e4ll\u00e4 logon suunnittelua. Vaan sinulla tulee olla toimittaa valmis logo png, jpeg, vector tai pdf tiedostona!  T\u00e4yt\u00e4 yhteystietosi huolella, my\u00f6s s\u00e4hk\u00f6postiosoite jolla otamme sinuun yhteytt\u00e4!  Suorita tilaus normaalisti loppuun.  Otamme sinuun yhteytt\u00e4 viipym\u00e4tt\u00e4 s\u00e4hk\u00f6postitse suunnitellaksemme kustomoidun anturisuojan.  Asiakkaalla on yksi kommentointi kierros jonka j\u00e4lkeen valmistamme tuotteen ja postitamme sen 2-3 arkip\u00e4iv\u00e4n kuluessa hyv\u00e4ksynn\u00e4st\u00e4!\" \/>\n<meta property=\"og:url\" content=\"https:\/\/teampercheet.fi\/store\/tuote\/l\/\" \/>\n<meta property=\"og:site_name\" content=\"Team Percheet \u2013 Laadukkaat kalastustarvikkeet ja venevarusteet\" \/>\n<meta property=\"article:modified_time\" content=\"2026-03-25T06:26:28+00:00\" \/>\n<meta property=\"og:image\" content=\"https:\/\/teampercheet.fi\/store\/wp-content\/uploads\/2025\/06\/PERCHEET-Garmin-LVS32-Anturisuoja-scaled.jpg\" \/>\n\t<meta property=\"og:image:width\" content=\"2560\" \/>\n\t<meta property=\"og:image:height\" content=\"2560\" \/>\n\t<meta property=\"og:image:type\" content=\"image\/jpeg\" \/>\n<meta name=\"twitter:card\" content=\"summary_large_image\" \/>\n<script type=\"application\/ld+json\" class=\"yoast-schema-graph\">{\"@context\":\"https:\\\/\\\/schema.org\",\"@graph\":[{\"@type\":\"WebPage\",\"@id\":\"https:\\\/\\\/teampercheet.fi\\\/store\\\/tuote\\\/l\\\/\",\"url\":\"https:\\\/\\\/teampercheet.fi\\\/store\\\/tuote\\\/l\\\/\",\"name\":\"PERCHEET Anturisuoja Garmin LVS32 - Team Percheet \u2013 Laadukkaat kalastustarvikkeet ja venevarusteet\",\"isPartOf\":{\"@id\":\"https:\\\/\\\/teampercheet.fi\\\/store\\\/#website\"},\"primaryImageOfPage\":{\"@id\":\"https:\\\/\\\/teampercheet.fi\\\/store\\\/tuote\\\/l\\\/#primaryimage\"},\"image\":{\"@id\":\"https:\\\/\\\/teampercheet.fi\\\/store\\\/tuote\\\/l\\\/#primaryimage\"},\"thumbnailUrl\":\"https:\\\/\\\/teampercheet.fi\\\/store\\\/wp-content\\\/uploads\\\/2025\\\/06\\\/PERCHEET-Garmin-LVS32-Anturisuoja-scaled.jpg\",\"datePublished\":\"2025-06-09T20:49:25+00:00\",\"dateModified\":\"2026-03-25T06:26:28+00:00\",\"breadcrumb\":{\"@id\":\"https:\\\/\\\/teampercheet.fi\\\/store\\\/tuote\\\/l\\\/#breadcrumb\"},\"inLanguage\":\"fi\",\"potentialAction\":[{\"@type\":\"ReadAction\",\"target\":[\"https:\\\/\\\/teampercheet.fi\\\/store\\\/tuote\\\/l\\\/\"]}]},{\"@type\":\"ImageObject\",\"inLanguage\":\"fi\",\"@id\":\"https:\\\/\\\/teampercheet.fi\\\/store\\\/tuote\\\/l\\\/#primaryimage\",\"url\":\"https:\\\/\\\/teampercheet.fi\\\/store\\\/wp-content\\\/uploads\\\/2025\\\/06\\\/PERCHEET-Garmin-LVS32-Anturisuoja-scaled.jpg\",\"contentUrl\":\"https:\\\/\\\/teampercheet.fi\\\/store\\\/wp-content\\\/uploads\\\/2025\\\/06\\\/PERCHEET-Garmin-LVS32-Anturisuoja-scaled.jpg\",\"width\":2560,\"height\":2560},{\"@type\":\"BreadcrumbList\",\"@id\":\"https:\\\/\\\/teampercheet.fi\\\/store\\\/tuote\\\/l\\\/#breadcrumb\",\"itemListElement\":[{\"@type\":\"ListItem\",\"position\":1,\"name\":\"Etusivu\",\"item\":\"https:\\\/\\\/teampercheet.fi\\\/store\\\/\"},{\"@type\":\"ListItem\",\"position\":2,\"name\":\"Kauppa\",\"item\":\"https:\\\/\\\/teampercheet.fi\\\/store\\\/kauppa\\\/\"},{\"@type\":\"ListItem\",\"position\":3,\"name\":\"PERCHEET Anturisuoja Garmin LVS32\"}]},{\"@type\":\"WebSite\",\"@id\":\"https:\\\/\\\/teampercheet.fi\\\/store\\\/#website\",\"url\":\"https:\\\/\\\/teampercheet.fi\\\/store\\\/\",\"name\":\"Team Percheet \u2013 Laadukkaat kalastustarvikkeet ja venevarusteet\",\"description\":\"Tutustu Percheet Gearin kattavaan valikoimaan. Kest\u00e4v\u00e4t venevarusteet, juomatelineet, anturikiinnikkeet ja anturisuojat veneilyyn ja\u00a0kalastukseen.\",\"publisher\":{\"@id\":\"https:\\\/\\\/teampercheet.fi\\\/store\\\/#organization\"},\"potentialAction\":[{\"@type\":\"SearchAction\",\"target\":{\"@type\":\"EntryPoint\",\"urlTemplate\":\"https:\\\/\\\/teampercheet.fi\\\/store\\\/?s={search_term_string}\"},\"query-input\":{\"@type\":\"PropertyValueSpecification\",\"valueRequired\":true,\"valueName\":\"search_term_string\"}}],\"inLanguage\":\"fi\"},{\"@type\":\"Organization\",\"@id\":\"https:\\\/\\\/teampercheet.fi\\\/store\\\/#organization\",\"name\":\"Team Percheet \u2013 Laadukkaat kalastustarvikkeet ja venevarusteet\",\"url\":\"https:\\\/\\\/teampercheet.fi\\\/store\\\/\",\"logo\":{\"@type\":\"ImageObject\",\"inLanguage\":\"fi\",\"@id\":\"https:\\\/\\\/teampercheet.fi\\\/store\\\/#\\\/schema\\\/logo\\\/image\\\/\",\"url\":\"https:\\\/\\\/teampercheet.fi\\\/store\\\/wp-content\\\/uploads\\\/2024\\\/10\\\/logo-tpc.png\",\"contentUrl\":\"https:\\\/\\\/teampercheet.fi\\\/store\\\/wp-content\\\/uploads\\\/2024\\\/10\\\/logo-tpc.png\",\"width\":1268,\"height\":211,\"caption\":\"Team Percheet \u2013 Laadukkaat kalastustarvikkeet ja venevarusteet\"},\"image\":{\"@id\":\"https:\\\/\\\/teampercheet.fi\\\/store\\\/#\\\/schema\\\/logo\\\/image\\\/\"}}]}<\/script>\n<!-- \/ Yoast SEO plugin. -->","yoast_head_json":{"title":"PERCHEET Anturisuoja Garmin LVS32 - Team Percheet \u2013 Laadukkaat kalastustarvikkeet ja venevarusteet","robots":{"index":"index","follow":"follow","max-snippet":"max-snippet:-1","max-image-preview":"max-image-preview:large","max-video-preview":"max-video-preview:-1"},"canonical":"https:\/\/teampercheet.fi\/store\/tuote\/l\/","og_locale":"fi_FI","og_type":"article","og_title":"PERCHEET Anturisuoja Garmin LVS32 - Team Percheet \u2013 Laadukkaat kalastustarvikkeet ja venevarusteet","og_description":"SAATAVILLA VAIN MEILT\u00c4! Suojaa liveanturi tyylikk\u00e4\u00e4sti omalla logolla tai tekstill\u00e4 varustetulla uniikilla anturisuojalla. Halutessasi voit tilata anturisuojan sellaisenaan ilman painatusta. T\u00e4m\u00e4 anturisuoja sopii Garmin Livescope LVS32 kaikuanturiin. Hinta sis\u00e4lt\u00e4\u00e4 yhden logon tai teksti sijoittamisen anturisuojan kummallekin sivuille tai p\u00e4\u00e4tyyn. Tp:n logo sijaitsee aina samassa kohtaa anturisuojaa kummassakin p\u00e4\u00e4dyss\u00e4! Logollista anturisuojaa varten tarvitsemme valmiin logon png, jpeg, vector tai pdf tiedostona. Emme tee logo suunnittelua!\u00a0 Tuote l\u00e4hetet\u00e4\u00e4n 2-3 arkip\u00e4iv\u00e4n sis\u00e4ll\u00e4 asiakkaalla hyv\u00e4ksytyst\u00e4 luonnoksesta. Anturisuoja toimitetaan kahden tarranauhan kanssa! Yleist\u00e4 anturisuojista: T\u00e4m\u00e4 anturisuoja suojaa liveanturisi kuljetuksen aikana lentelevilt\u00e4 kivilt\u00e4, p\u00f6lylt\u00e4 sek\u00e4 s\u00e4ilytyksess\u00e4 altistuvilta naarmuilta ja kolhuilta. Helposti kiinnitett\u00e4v\u00e4 ja irroitettava. Tilaus sis\u00e4lt\u00e4\u00e4 tarraremmin anturisuojan kiinnitt\u00e4mist\u00e4 varten. LUE HUOLELLISETI ENNEN TILAUSTA!\u00a0    Huomioithan, ett\u00e4 hinta ei sis\u00e4ll\u00e4 logon suunnittelua. Vaan sinulla tulee olla toimittaa valmis logo png, jpeg, vector tai pdf tiedostona!  T\u00e4yt\u00e4 yhteystietosi huolella, my\u00f6s s\u00e4hk\u00f6postiosoite jolla otamme sinuun yhteytt\u00e4!  Suorita tilaus normaalisti loppuun.  Otamme sinuun yhteytt\u00e4 viipym\u00e4tt\u00e4 s\u00e4hk\u00f6postitse suunnitellaksemme kustomoidun anturisuojan.  Asiakkaalla on yksi kommentointi kierros jonka j\u00e4lkeen valmistamme tuotteen ja postitamme sen 2-3 arkip\u00e4iv\u00e4n kuluessa hyv\u00e4ksynn\u00e4st\u00e4!","og_url":"https:\/\/teampercheet.fi\/store\/tuote\/l\/","og_site_name":"Team Percheet \u2013 Laadukkaat kalastustarvikkeet ja venevarusteet","article_modified_time":"2026-03-25T06:26:28+00:00","og_image":[{"width":2560,"height":2560,"url":"https:\/\/teampercheet.fi\/store\/wp-content\/uploads\/2025\/06\/PERCHEET-Garmin-LVS32-Anturisuoja-scaled.jpg","type":"image\/jpeg"}],"twitter_card":"summary_large_image","schema":{"@context":"https:\/\/schema.org","@graph":[{"@type":"WebPage","@id":"https:\/\/teampercheet.fi\/store\/tuote\/l\/","url":"https:\/\/teampercheet.fi\/store\/tuote\/l\/","name":"PERCHEET Anturisuoja Garmin LVS32 - Team Percheet \u2013 Laadukkaat kalastustarvikkeet ja venevarusteet","isPartOf":{"@id":"https:\/\/teampercheet.fi\/store\/#website"},"primaryImageOfPage":{"@id":"https:\/\/teampercheet.fi\/store\/tuote\/l\/#primaryimage"},"image":{"@id":"https:\/\/teampercheet.fi\/store\/tuote\/l\/#primaryimage"},"thumbnailUrl":"https:\/\/teampercheet.fi\/store\/wp-content\/uploads\/2025\/06\/PERCHEET-Garmin-LVS32-Anturisuoja-scaled.jpg","datePublished":"2025-06-09T20:49:25+00:00","dateModified":"2026-03-25T06:26:28+00:00","breadcrumb":{"@id":"https:\/\/teampercheet.fi\/store\/tuote\/l\/#breadcrumb"},"inLanguage":"fi","potentialAction":[{"@type":"ReadAction","target":["https:\/\/teampercheet.fi\/store\/tuote\/l\/"]}]},{"@type":"ImageObject","inLanguage":"fi","@id":"https:\/\/teampercheet.fi\/store\/tuote\/l\/#primaryimage","url":"https:\/\/teampercheet.fi\/store\/wp-content\/uploads\/2025\/06\/PERCHEET-Garmin-LVS32-Anturisuoja-scaled.jpg","contentUrl":"https:\/\/teampercheet.fi\/store\/wp-content\/uploads\/2025\/06\/PERCHEET-Garmin-LVS32-Anturisuoja-scaled.jpg","width":2560,"height":2560},{"@type":"BreadcrumbList","@id":"https:\/\/teampercheet.fi\/store\/tuote\/l\/#breadcrumb","itemListElement":[{"@type":"ListItem","position":1,"name":"Etusivu","item":"https:\/\/teampercheet.fi\/store\/"},{"@type":"ListItem","position":2,"name":"Kauppa","item":"https:\/\/teampercheet.fi\/store\/kauppa\/"},{"@type":"ListItem","position":3,"name":"PERCHEET Anturisuoja Garmin LVS32"}]},{"@type":"WebSite","@id":"https:\/\/teampercheet.fi\/store\/#website","url":"https:\/\/teampercheet.fi\/store\/","name":"Team Percheet \u2013 Laadukkaat kalastustarvikkeet ja venevarusteet","description":"Tutustu Percheet Gearin kattavaan valikoimaan. Kest\u00e4v\u00e4t venevarusteet, juomatelineet, anturikiinnikkeet ja anturisuojat veneilyyn ja\u00a0kalastukseen.","publisher":{"@id":"https:\/\/teampercheet.fi\/store\/#organization"},"potentialAction":[{"@type":"SearchAction","target":{"@type":"EntryPoint","urlTemplate":"https:\/\/teampercheet.fi\/store\/?s={search_term_string}"},"query-input":{"@type":"PropertyValueSpecification","valueRequired":true,"valueName":"search_term_string"}}],"inLanguage":"fi"},{"@type":"Organization","@id":"https:\/\/teampercheet.fi\/store\/#organization","name":"Team Percheet \u2013 Laadukkaat kalastustarvikkeet ja venevarusteet","url":"https:\/\/teampercheet.fi\/store\/","logo":{"@type":"ImageObject","inLanguage":"fi","@id":"https:\/\/teampercheet.fi\/store\/#\/schema\/logo\/image\/","url":"https:\/\/teampercheet.fi\/store\/wp-content\/uploads\/2024\/10\/logo-tpc.png","contentUrl":"https:\/\/teampercheet.fi\/store\/wp-content\/uploads\/2024\/10\/logo-tpc.png","width":1268,"height":211,"caption":"Team Percheet \u2013 Laadukkaat kalastustarvikkeet ja venevarusteet"},"image":{"@id":"https:\/\/teampercheet.fi\/store\/#\/schema\/logo\/image\/"}}]}},"_links":{"self":[{"href":"https:\/\/teampercheet.fi\/store\/wp-json\/wp\/v2\/product\/4459","targetHints":{"allow":["GET"]}}],"collection":[{"href":"https:\/\/teampercheet.fi\/store\/wp-json\/wp\/v2\/product"}],"about":[{"href":"https:\/\/teampercheet.fi\/store\/wp-json\/wp\/v2\/types\/product"}],"replies":[{"embeddable":true,"href":"https:\/\/teampercheet.fi\/store\/wp-json\/wp\/v2\/comments?post=4459"}],"wp:featuredmedia":[{"embeddable":true,"href":"https:\/\/teampercheet.fi\/store\/wp-json\/wp\/v2\/media\/4467"}],"wp:attachment":[{"href":"https:\/\/teampercheet.fi\/store\/wp-json\/wp\/v2\/media?parent=4459"}],"wp:term":[{"taxonomy":"product_brand","embeddable":true,"href":"https:\/\/teampercheet.fi\/store\/wp-json\/wp\/v2\/product_brand?post=4459"},{"taxonomy":"product_cat","embeddable":true,"href":"https:\/\/teampercheet.fi\/store\/wp-json\/wp\/v2\/product_cat?post=4459"},{"taxonomy":"product_tag","embeddable":true,"href":"https:\/\/teampercheet.fi\/store\/wp-json\/wp\/v2\/product_tag?post=4459"}],"curies":[{"name":"wp","href":"https:\/\/api.w.org\/{rel}","templated":true}]}}