{"id":4474,"date":"2025-06-16T23:01:26","date_gmt":"2025-06-16T20:01:26","guid":{"rendered":"https:\/\/teampercheet.fi\/store\/?post_type=product&#038;p=4474"},"modified":"2025-11-24T15:07:47","modified_gmt":"2025-11-24T13:07:47","slug":"percheet-vapateline-s","status":"publish","type":"product","link":"https:\/\/teampercheet.fi\/store\/tuote\/percheet-vapateline-s\/","title":{"rendered":"PERCHEET Vapateline S"},"content":{"rendered":"","protected":false},"excerpt":{"rendered":"<p class=\"p1\">T\u00e4m\u00e4 PERCHEET Vapateline veneeseen on kest\u00e4v\u00e4 ja varmatoiminen vapojen s\u00e4ilytys ratkaisu. T\u00e4ll\u00e4 pid\u00e4t vavat turvallisesti j\u00e4rjestyksess\u00e4 sek\u00e4 helposti saatavilla. T\u00e4m\u00e4 yksitt\u00e4inen vapateline on ihanteellinen, kun sijoituskohde on haasteellinen tilan takia tai haluat koota mieleisesi kokoonpanon vapatelineit\u00e4 eripuolille venett\u00e4.<\/p>\n<p class=\"p1\">Vapateline on suunniteltu siten, ett\u00e4 se pit\u00e4\u00e4 l\u00e4hes tulkoon kaikki vavat tukevasti paikoillaan. Vapatelineess\u00e4 oleva upotus hahlo lukitsee kelasta riippuen vavat paikoilleen pit\u00e4en ne kovemmassakin keliss\u00e4 ryhdiss\u00e4\u00e4n.<\/p>\n<p class=\"p1\">Vapateline on helppo asentaa veneeseen joko ruuvaamalla, pulttaamalla, t-pultilla versatrackiin tai laidan putkeen PERCHEET Putkikiinnikkeell\u00e4.<\/p>\n<p class=\"p1\">Mitat: K 20cm, L 10cm ja putken sis\u00e4halkaisija 48mm.<\/p>\n","protected":false},"featured_media":4475,"comment_status":"open","ping_status":"closed","template":"","meta":[],"product_brand":[],"product_cat":[295],"product_tag":[102,98,318,99,199,317,35,42,316,144,315,205,319],"class_list":{"0":"post-4474","1":"product","2":"type-product","3":"status-publish","4":"has-post-thumbnail","6":"product_cat-telineet","7":"product_tag-heittokalastus","8":"product_tag-heittokalastusvene","9":"product_tag-kalastus-varusteet","10":"product_tag-kalastustarvikkeet","11":"product_tag-rod-holder","12":"product_tag-rodholder","13":"product_tag-team-percheet","14":"product_tag-team-percheet-oy","15":"product_tag-vapapidike","16":"product_tag-vapateline","17":"product_tag-vapatelineet","18":"product_tag-veneen-varustelu","19":"product_tag-venevarusteet","21":"first","22":"instock","23":"taxable","24":"shipping-taxable","25":"purchasable","26":"product-type-simple"},"yoast_head":"<!-- This site is optimized with the Yoast SEO plugin v27.3 - https:\/\/yoast.com\/product\/yoast-seo-wordpress\/ -->\n<title>PERCHEET Vapateline S - Team Percheet \u2013 Laadukkaat kalastustarvikkeet ja venevarusteet<\/title>\n<meta name=\"robots\" content=\"index, follow, max-snippet:-1, max-image-preview:large, max-video-preview:-1\" \/>\n<link rel=\"canonical\" href=\"https:\/\/teampercheet.fi\/store\/tuote\/percheet-vapateline-s\/\" \/>\n<meta property=\"og:locale\" content=\"fi_FI\" \/>\n<meta property=\"og:type\" content=\"article\" \/>\n<meta property=\"og:title\" content=\"PERCHEET Vapateline S - Team Percheet \u2013 Laadukkaat kalastustarvikkeet ja venevarusteet\" \/>\n<meta property=\"og:description\" content=\"T\u00e4m\u00e4 PERCHEET Vapateline veneeseen on kest\u00e4v\u00e4 ja varmatoiminen vapojen s\u00e4ilytys ratkaisu. T\u00e4ll\u00e4 pid\u00e4t vavat turvallisesti j\u00e4rjestyksess\u00e4 sek\u00e4 helposti saatavilla. T\u00e4m\u00e4 yksitt\u00e4inen vapateline on ihanteellinen, kun sijoituskohde on haasteellinen tilan takia tai haluat koota mieleisesi kokoonpanon vapatelineit\u00e4 eripuolille venett\u00e4. Vapateline on suunniteltu siten, ett\u00e4 se pit\u00e4\u00e4 l\u00e4hes tulkoon kaikki vavat tukevasti paikoillaan. Vapatelineess\u00e4 oleva upotus hahlo lukitsee kelasta riippuen vavat paikoilleen pit\u00e4en ne kovemmassakin keliss\u00e4 ryhdiss\u00e4\u00e4n. Vapateline on helppo asentaa veneeseen joko ruuvaamalla, pulttaamalla, t-pultilla versatrackiin tai laidan putkeen PERCHEET Putkikiinnikkeell\u00e4. Mitat: K 20cm, L 10cm ja putken sis\u00e4halkaisija 48mm.\" \/>\n<meta property=\"og:url\" content=\"https:\/\/teampercheet.fi\/store\/tuote\/percheet-vapateline-s\/\" \/>\n<meta property=\"og:site_name\" content=\"Team Percheet \u2013 Laadukkaat kalastustarvikkeet ja venevarusteet\" \/>\n<meta property=\"article:modified_time\" content=\"2025-11-24T13:07:47+00:00\" \/>\n<meta property=\"og:image\" content=\"https:\/\/teampercheet.fi\/store\/wp-content\/uploads\/2025\/06\/PERCHEET-Vapateline-I-scaled.jpg\" \/>\n\t<meta property=\"og:image:width\" content=\"2560\" \/>\n\t<meta property=\"og:image:height\" content=\"2560\" \/>\n\t<meta property=\"og:image:type\" content=\"image\/jpeg\" \/>\n<meta name=\"twitter:card\" content=\"summary_large_image\" \/>\n<script type=\"application\/ld+json\" class=\"yoast-schema-graph\">{\"@context\":\"https:\\\/\\\/schema.org\",\"@graph\":[{\"@type\":\"WebPage\",\"@id\":\"https:\\\/\\\/teampercheet.fi\\\/store\\\/tuote\\\/percheet-vapateline-s\\\/\",\"url\":\"https:\\\/\\\/teampercheet.fi\\\/store\\\/tuote\\\/percheet-vapateline-s\\\/\",\"name\":\"PERCHEET Vapateline S - Team Percheet \u2013 Laadukkaat kalastustarvikkeet ja venevarusteet\",\"isPartOf\":{\"@id\":\"https:\\\/\\\/teampercheet.fi\\\/store\\\/#website\"},\"primaryImageOfPage\":{\"@id\":\"https:\\\/\\\/teampercheet.fi\\\/store\\\/tuote\\\/percheet-vapateline-s\\\/#primaryimage\"},\"image\":{\"@id\":\"https:\\\/\\\/teampercheet.fi\\\/store\\\/tuote\\\/percheet-vapateline-s\\\/#primaryimage\"},\"thumbnailUrl\":\"https:\\\/\\\/teampercheet.fi\\\/store\\\/wp-content\\\/uploads\\\/2025\\\/06\\\/PERCHEET-Vapateline-I-scaled.jpg\",\"datePublished\":\"2025-06-16T20:01:26+00:00\",\"dateModified\":\"2025-11-24T13:07:47+00:00\",\"breadcrumb\":{\"@id\":\"https:\\\/\\\/teampercheet.fi\\\/store\\\/tuote\\\/percheet-vapateline-s\\\/#breadcrumb\"},\"inLanguage\":\"fi\",\"potentialAction\":[{\"@type\":\"ReadAction\",\"target\":[\"https:\\\/\\\/teampercheet.fi\\\/store\\\/tuote\\\/percheet-vapateline-s\\\/\"]}]},{\"@type\":\"ImageObject\",\"inLanguage\":\"fi\",\"@id\":\"https:\\\/\\\/teampercheet.fi\\\/store\\\/tuote\\\/percheet-vapateline-s\\\/#primaryimage\",\"url\":\"https:\\\/\\\/teampercheet.fi\\\/store\\\/wp-content\\\/uploads\\\/2025\\\/06\\\/PERCHEET-Vapateline-I-scaled.jpg\",\"contentUrl\":\"https:\\\/\\\/teampercheet.fi\\\/store\\\/wp-content\\\/uploads\\\/2025\\\/06\\\/PERCHEET-Vapateline-I-scaled.jpg\",\"width\":2560,\"height\":2560},{\"@type\":\"BreadcrumbList\",\"@id\":\"https:\\\/\\\/teampercheet.fi\\\/store\\\/tuote\\\/percheet-vapateline-s\\\/#breadcrumb\",\"itemListElement\":[{\"@type\":\"ListItem\",\"position\":1,\"name\":\"Etusivu\",\"item\":\"https:\\\/\\\/teampercheet.fi\\\/store\\\/\"},{\"@type\":\"ListItem\",\"position\":2,\"name\":\"Kauppa\",\"item\":\"https:\\\/\\\/teampercheet.fi\\\/store\\\/kauppa\\\/\"},{\"@type\":\"ListItem\",\"position\":3,\"name\":\"PERCHEET Vapateline S\"}]},{\"@type\":\"WebSite\",\"@id\":\"https:\\\/\\\/teampercheet.fi\\\/store\\\/#website\",\"url\":\"https:\\\/\\\/teampercheet.fi\\\/store\\\/\",\"name\":\"Team Percheet \u2013 Laadukkaat kalastustarvikkeet ja venevarusteet\",\"description\":\"Tutustu Percheet Gearin kattavaan valikoimaan. Kest\u00e4v\u00e4t venevarusteet, juomatelineet, anturikiinnikkeet ja anturisuojat veneilyyn ja\u00a0kalastukseen.\",\"publisher\":{\"@id\":\"https:\\\/\\\/teampercheet.fi\\\/store\\\/#organization\"},\"potentialAction\":[{\"@type\":\"SearchAction\",\"target\":{\"@type\":\"EntryPoint\",\"urlTemplate\":\"https:\\\/\\\/teampercheet.fi\\\/store\\\/?s={search_term_string}\"},\"query-input\":{\"@type\":\"PropertyValueSpecification\",\"valueRequired\":true,\"valueName\":\"search_term_string\"}}],\"inLanguage\":\"fi\"},{\"@type\":\"Organization\",\"@id\":\"https:\\\/\\\/teampercheet.fi\\\/store\\\/#organization\",\"name\":\"Team Percheet \u2013 Laadukkaat kalastustarvikkeet ja venevarusteet\",\"url\":\"https:\\\/\\\/teampercheet.fi\\\/store\\\/\",\"logo\":{\"@type\":\"ImageObject\",\"inLanguage\":\"fi\",\"@id\":\"https:\\\/\\\/teampercheet.fi\\\/store\\\/#\\\/schema\\\/logo\\\/image\\\/\",\"url\":\"https:\\\/\\\/teampercheet.fi\\\/store\\\/wp-content\\\/uploads\\\/2024\\\/10\\\/logo-tpc.png\",\"contentUrl\":\"https:\\\/\\\/teampercheet.fi\\\/store\\\/wp-content\\\/uploads\\\/2024\\\/10\\\/logo-tpc.png\",\"width\":1268,\"height\":211,\"caption\":\"Team Percheet \u2013 Laadukkaat kalastustarvikkeet ja venevarusteet\"},\"image\":{\"@id\":\"https:\\\/\\\/teampercheet.fi\\\/store\\\/#\\\/schema\\\/logo\\\/image\\\/\"}}]}<\/script>\n<!-- \/ Yoast SEO plugin. -->","yoast_head_json":{"title":"PERCHEET Vapateline S - Team Percheet \u2013 Laadukkaat kalastustarvikkeet ja venevarusteet","robots":{"index":"index","follow":"follow","max-snippet":"max-snippet:-1","max-image-preview":"max-image-preview:large","max-video-preview":"max-video-preview:-1"},"canonical":"https:\/\/teampercheet.fi\/store\/tuote\/percheet-vapateline-s\/","og_locale":"fi_FI","og_type":"article","og_title":"PERCHEET Vapateline S - Team Percheet \u2013 Laadukkaat kalastustarvikkeet ja venevarusteet","og_description":"T\u00e4m\u00e4 PERCHEET Vapateline veneeseen on kest\u00e4v\u00e4 ja varmatoiminen vapojen s\u00e4ilytys ratkaisu. T\u00e4ll\u00e4 pid\u00e4t vavat turvallisesti j\u00e4rjestyksess\u00e4 sek\u00e4 helposti saatavilla. T\u00e4m\u00e4 yksitt\u00e4inen vapateline on ihanteellinen, kun sijoituskohde on haasteellinen tilan takia tai haluat koota mieleisesi kokoonpanon vapatelineit\u00e4 eripuolille venett\u00e4. Vapateline on suunniteltu siten, ett\u00e4 se pit\u00e4\u00e4 l\u00e4hes tulkoon kaikki vavat tukevasti paikoillaan. Vapatelineess\u00e4 oleva upotus hahlo lukitsee kelasta riippuen vavat paikoilleen pit\u00e4en ne kovemmassakin keliss\u00e4 ryhdiss\u00e4\u00e4n. Vapateline on helppo asentaa veneeseen joko ruuvaamalla, pulttaamalla, t-pultilla versatrackiin tai laidan putkeen PERCHEET Putkikiinnikkeell\u00e4. Mitat: K 20cm, L 10cm ja putken sis\u00e4halkaisija 48mm.","og_url":"https:\/\/teampercheet.fi\/store\/tuote\/percheet-vapateline-s\/","og_site_name":"Team Percheet \u2013 Laadukkaat kalastustarvikkeet ja venevarusteet","article_modified_time":"2025-11-24T13:07:47+00:00","og_image":[{"width":2560,"height":2560,"url":"https:\/\/teampercheet.fi\/store\/wp-content\/uploads\/2025\/06\/PERCHEET-Vapateline-I-scaled.jpg","type":"image\/jpeg"}],"twitter_card":"summary_large_image","schema":{"@context":"https:\/\/schema.org","@graph":[{"@type":"WebPage","@id":"https:\/\/teampercheet.fi\/store\/tuote\/percheet-vapateline-s\/","url":"https:\/\/teampercheet.fi\/store\/tuote\/percheet-vapateline-s\/","name":"PERCHEET Vapateline S - Team Percheet \u2013 Laadukkaat kalastustarvikkeet ja venevarusteet","isPartOf":{"@id":"https:\/\/teampercheet.fi\/store\/#website"},"primaryImageOfPage":{"@id":"https:\/\/teampercheet.fi\/store\/tuote\/percheet-vapateline-s\/#primaryimage"},"image":{"@id":"https:\/\/teampercheet.fi\/store\/tuote\/percheet-vapateline-s\/#primaryimage"},"thumbnailUrl":"https:\/\/teampercheet.fi\/store\/wp-content\/uploads\/2025\/06\/PERCHEET-Vapateline-I-scaled.jpg","datePublished":"2025-06-16T20:01:26+00:00","dateModified":"2025-11-24T13:07:47+00:00","breadcrumb":{"@id":"https:\/\/teampercheet.fi\/store\/tuote\/percheet-vapateline-s\/#breadcrumb"},"inLanguage":"fi","potentialAction":[{"@type":"ReadAction","target":["https:\/\/teampercheet.fi\/store\/tuote\/percheet-vapateline-s\/"]}]},{"@type":"ImageObject","inLanguage":"fi","@id":"https:\/\/teampercheet.fi\/store\/tuote\/percheet-vapateline-s\/#primaryimage","url":"https:\/\/teampercheet.fi\/store\/wp-content\/uploads\/2025\/06\/PERCHEET-Vapateline-I-scaled.jpg","contentUrl":"https:\/\/teampercheet.fi\/store\/wp-content\/uploads\/2025\/06\/PERCHEET-Vapateline-I-scaled.jpg","width":2560,"height":2560},{"@type":"BreadcrumbList","@id":"https:\/\/teampercheet.fi\/store\/tuote\/percheet-vapateline-s\/#breadcrumb","itemListElement":[{"@type":"ListItem","position":1,"name":"Etusivu","item":"https:\/\/teampercheet.fi\/store\/"},{"@type":"ListItem","position":2,"name":"Kauppa","item":"https:\/\/teampercheet.fi\/store\/kauppa\/"},{"@type":"ListItem","position":3,"name":"PERCHEET Vapateline S"}]},{"@type":"WebSite","@id":"https:\/\/teampercheet.fi\/store\/#website","url":"https:\/\/teampercheet.fi\/store\/","name":"Team Percheet \u2013 Laadukkaat kalastustarvikkeet ja venevarusteet","description":"Tutustu Percheet Gearin kattavaan valikoimaan. Kest\u00e4v\u00e4t venevarusteet, juomatelineet, anturikiinnikkeet ja anturisuojat veneilyyn ja\u00a0kalastukseen.","publisher":{"@id":"https:\/\/teampercheet.fi\/store\/#organization"},"potentialAction":[{"@type":"SearchAction","target":{"@type":"EntryPoint","urlTemplate":"https:\/\/teampercheet.fi\/store\/?s={search_term_string}"},"query-input":{"@type":"PropertyValueSpecification","valueRequired":true,"valueName":"search_term_string"}}],"inLanguage":"fi"},{"@type":"Organization","@id":"https:\/\/teampercheet.fi\/store\/#organization","name":"Team Percheet \u2013 Laadukkaat kalastustarvikkeet ja venevarusteet","url":"https:\/\/teampercheet.fi\/store\/","logo":{"@type":"ImageObject","inLanguage":"fi","@id":"https:\/\/teampercheet.fi\/store\/#\/schema\/logo\/image\/","url":"https:\/\/teampercheet.fi\/store\/wp-content\/uploads\/2024\/10\/logo-tpc.png","contentUrl":"https:\/\/teampercheet.fi\/store\/wp-content\/uploads\/2024\/10\/logo-tpc.png","width":1268,"height":211,"caption":"Team Percheet \u2013 Laadukkaat kalastustarvikkeet ja venevarusteet"},"image":{"@id":"https:\/\/teampercheet.fi\/store\/#\/schema\/logo\/image\/"}}]}},"_links":{"self":[{"href":"https:\/\/teampercheet.fi\/store\/wp-json\/wp\/v2\/product\/4474","targetHints":{"allow":["GET"]}}],"collection":[{"href":"https:\/\/teampercheet.fi\/store\/wp-json\/wp\/v2\/product"}],"about":[{"href":"https:\/\/teampercheet.fi\/store\/wp-json\/wp\/v2\/types\/product"}],"replies":[{"embeddable":true,"href":"https:\/\/teampercheet.fi\/store\/wp-json\/wp\/v2\/comments?post=4474"}],"wp:featuredmedia":[{"embeddable":true,"href":"https:\/\/teampercheet.fi\/store\/wp-json\/wp\/v2\/media\/4475"}],"wp:attachment":[{"href":"https:\/\/teampercheet.fi\/store\/wp-json\/wp\/v2\/media?parent=4474"}],"wp:term":[{"taxonomy":"product_brand","embeddable":true,"href":"https:\/\/teampercheet.fi\/store\/wp-json\/wp\/v2\/product_brand?post=4474"},{"taxonomy":"product_cat","embeddable":true,"href":"https:\/\/teampercheet.fi\/store\/wp-json\/wp\/v2\/product_cat?post=4474"},{"taxonomy":"product_tag","embeddable":true,"href":"https:\/\/teampercheet.fi\/store\/wp-json\/wp\/v2\/product_tag?post=4474"}],"curies":[{"name":"wp","href":"https:\/\/api.w.org\/{rel}","templated":true}]}}