{"id":4849,"date":"2025-08-16T20:40:21","date_gmt":"2025-08-16T17:40:21","guid":{"rendered":"https:\/\/teampercheet.fi\/store\/?post_type=product&#038;p=4849"},"modified":"2026-04-15T13:40:19","modified_gmt":"2026-04-15T10:40:19","slug":"percheet-i-pilot-link-bt-teline-ohjaimelle","status":"publish","type":"product","link":"https:\/\/teampercheet.fi\/store\/tuote\/percheet-i-pilot-link-bt-teline-ohjaimelle\/","title":{"rendered":"PERCHEET Minn Kota I-Pilot Link BT kaukos\u00e4\u00e4dinteline"},"content":{"rendered":"","protected":false},"excerpt":{"rendered":"<p data-start=\"90\" data-end=\"476\">MINN KOTA I-PILOT LINK BT -kaukos\u00e4\u00e4timelle suunniteltu teline on valmistettu millintarkasti juuri t\u00e4t\u00e4 mallia varten. Jokainen teline on muotoiltu takaamaan t\u00e4ydellinen sopivuus \u2013 kaukos\u00e4\u00e4din istuu telineess\u00e4 j\u00e4m\u00e4k\u00e4sti ja pysyy tukevasti paikoillaan my\u00f6s kovassakin aallokossa. Telineen suunnittelussa on huomioitu my\u00f6s tila mahdolliselle kaulahihnalle, mik\u00e4 tekee k\u00e4yt\u00f6st\u00e4 entist\u00e4 vaivattomampaa.<\/p>\n<p data-start=\"478\" data-end=\"862\" data-is-last-node=\"\" data-is-only-node=\"\">T\u00e4m\u00e4 teline on suunniteltu asennettavaksi esimerkiksi pulpettiin tai muulle tasapinnalle.<\/p>\n<h6 data-start=\"478\" data-end=\"862\"><em>Tuotekuvissa n\u00e4kyv\u00e4t kaukos\u00e4\u00e4timet ovat ainoastaan esillepanoa varten eiv\u00e4tk\u00e4 sis\u00e4lly tuotteen hintaan tai toimitukseen.<\/em><\/h6>\n","protected":false},"featured_media":4850,"comment_status":"open","ping_status":"closed","template":"","meta":[],"product_brand":[],"product_cat":[360],"product_tag":[321,320,322,329,326,324,325,323,327,328,223],"class_list":{"0":"post-4849","1":"product","2":"type-product","3":"status-publish","4":"has-post-thumbnail","6":"product_cat-keulamoottorin-tarvikkeet","7":"product_tag-i-pilot-link-bt","8":"product_tag-i-pilot-link-bt-kaukosaatimelle","9":"product_tag-kaukkariteline","10":"product_tag-keulakoneet","11":"product_tag-minn-kota","12":"product_tag-minn-kota-i-pilot-link-bluetooth","13":"product_tag-minn-kota-i-pilot-link-bluetooth-kaukosaatiminn-kota-i-pilot-link","14":"product_tag-minn-kota-i-pilot-link-bluetooth-kaukosaatin","15":"product_tag-ruoto-kalastuskauppa","16":"product_tag-team-pecheet","17":"product_tag-venetarvikkeet","19":"first","20":"instock","21":"taxable","22":"shipping-taxable","23":"purchasable","24":"product-type-simple"},"yoast_head":"<!-- This site is optimized with the Yoast SEO plugin v27.3 - https:\/\/yoast.com\/product\/yoast-seo-wordpress\/ -->\n<title>PERCHEET Minn Kota I-Pilot Link BT kaukos\u00e4\u00e4dinteline - Team Percheet \u2013 Laadukkaat kalastustarvikkeet ja venevarusteet<\/title>\n<meta name=\"robots\" content=\"index, follow, max-snippet:-1, max-image-preview:large, max-video-preview:-1\" \/>\n<link rel=\"canonical\" href=\"https:\/\/teampercheet.fi\/store\/tuote\/percheet-i-pilot-link-bt-teline-ohjaimelle\/\" \/>\n<meta property=\"og:locale\" content=\"fi_FI\" \/>\n<meta property=\"og:type\" content=\"article\" \/>\n<meta property=\"og:title\" content=\"PERCHEET Minn Kota I-Pilot Link BT kaukos\u00e4\u00e4dinteline - Team Percheet \u2013 Laadukkaat kalastustarvikkeet ja venevarusteet\" \/>\n<meta property=\"og:description\" content=\"MINN KOTA I-PILOT LINK BT -kaukos\u00e4\u00e4timelle suunniteltu teline on valmistettu millintarkasti juuri t\u00e4t\u00e4 mallia varten. Jokainen teline on muotoiltu takaamaan t\u00e4ydellinen sopivuus \u2013 kaukos\u00e4\u00e4din istuu telineess\u00e4 j\u00e4m\u00e4k\u00e4sti ja pysyy tukevasti paikoillaan my\u00f6s kovassakin aallokossa. Telineen suunnittelussa on huomioitu my\u00f6s tila mahdolliselle kaulahihnalle, mik\u00e4 tekee k\u00e4yt\u00f6st\u00e4 entist\u00e4 vaivattomampaa. T\u00e4m\u00e4 teline on suunniteltu asennettavaksi esimerkiksi pulpettiin tai muulle tasapinnalle. Tuotekuvissa n\u00e4kyv\u00e4t kaukos\u00e4\u00e4timet ovat ainoastaan esillepanoa varten eiv\u00e4tk\u00e4 sis\u00e4lly tuotteen hintaan tai toimitukseen.\" \/>\n<meta property=\"og:url\" content=\"https:\/\/teampercheet.fi\/store\/tuote\/percheet-i-pilot-link-bt-teline-ohjaimelle\/\" \/>\n<meta property=\"og:site_name\" content=\"Team Percheet \u2013 Laadukkaat kalastustarvikkeet ja venevarusteet\" \/>\n<meta property=\"article:modified_time\" content=\"2026-04-15T10:40:19+00:00\" \/>\n<meta property=\"og:image\" content=\"https:\/\/teampercheet.fi\/store\/wp-content\/uploads\/2025\/08\/Minnkota-I-pilot-link-BT-kaukkariteline-1.jpg\" \/>\n\t<meta property=\"og:image:width\" content=\"2400\" \/>\n\t<meta property=\"og:image:height\" content=\"2400\" \/>\n\t<meta property=\"og:image:type\" content=\"image\/jpeg\" \/>\n<meta name=\"twitter:card\" content=\"summary_large_image\" \/>\n<script type=\"application\/ld+json\" class=\"yoast-schema-graph\">{\"@context\":\"https:\\\/\\\/schema.org\",\"@graph\":[{\"@type\":\"WebPage\",\"@id\":\"https:\\\/\\\/teampercheet.fi\\\/store\\\/tuote\\\/percheet-i-pilot-link-bt-teline-ohjaimelle\\\/\",\"url\":\"https:\\\/\\\/teampercheet.fi\\\/store\\\/tuote\\\/percheet-i-pilot-link-bt-teline-ohjaimelle\\\/\",\"name\":\"PERCHEET Minn Kota I-Pilot Link BT kaukos\u00e4\u00e4dinteline - Team Percheet \u2013 Laadukkaat kalastustarvikkeet ja venevarusteet\",\"isPartOf\":{\"@id\":\"https:\\\/\\\/teampercheet.fi\\\/store\\\/#website\"},\"primaryImageOfPage\":{\"@id\":\"https:\\\/\\\/teampercheet.fi\\\/store\\\/tuote\\\/percheet-i-pilot-link-bt-teline-ohjaimelle\\\/#primaryimage\"},\"image\":{\"@id\":\"https:\\\/\\\/teampercheet.fi\\\/store\\\/tuote\\\/percheet-i-pilot-link-bt-teline-ohjaimelle\\\/#primaryimage\"},\"thumbnailUrl\":\"https:\\\/\\\/teampercheet.fi\\\/store\\\/wp-content\\\/uploads\\\/2025\\\/08\\\/Minnkota-I-pilot-link-BT-kaukkariteline-1.jpg\",\"datePublished\":\"2025-08-16T17:40:21+00:00\",\"dateModified\":\"2026-04-15T10:40:19+00:00\",\"breadcrumb\":{\"@id\":\"https:\\\/\\\/teampercheet.fi\\\/store\\\/tuote\\\/percheet-i-pilot-link-bt-teline-ohjaimelle\\\/#breadcrumb\"},\"inLanguage\":\"fi\",\"potentialAction\":[{\"@type\":\"ReadAction\",\"target\":[\"https:\\\/\\\/teampercheet.fi\\\/store\\\/tuote\\\/percheet-i-pilot-link-bt-teline-ohjaimelle\\\/\"]}]},{\"@type\":\"ImageObject\",\"inLanguage\":\"fi\",\"@id\":\"https:\\\/\\\/teampercheet.fi\\\/store\\\/tuote\\\/percheet-i-pilot-link-bt-teline-ohjaimelle\\\/#primaryimage\",\"url\":\"https:\\\/\\\/teampercheet.fi\\\/store\\\/wp-content\\\/uploads\\\/2025\\\/08\\\/Minnkota-I-pilot-link-BT-kaukkariteline-1.jpg\",\"contentUrl\":\"https:\\\/\\\/teampercheet.fi\\\/store\\\/wp-content\\\/uploads\\\/2025\\\/08\\\/Minnkota-I-pilot-link-BT-kaukkariteline-1.jpg\",\"width\":2400,\"height\":2400},{\"@type\":\"BreadcrumbList\",\"@id\":\"https:\\\/\\\/teampercheet.fi\\\/store\\\/tuote\\\/percheet-i-pilot-link-bt-teline-ohjaimelle\\\/#breadcrumb\",\"itemListElement\":[{\"@type\":\"ListItem\",\"position\":1,\"name\":\"Etusivu\",\"item\":\"https:\\\/\\\/teampercheet.fi\\\/store\\\/\"},{\"@type\":\"ListItem\",\"position\":2,\"name\":\"Kauppa\",\"item\":\"https:\\\/\\\/teampercheet.fi\\\/store\\\/kauppa\\\/\"},{\"@type\":\"ListItem\",\"position\":3,\"name\":\"PERCHEET Minn Kota I-Pilot Link BT kaukos\u00e4\u00e4dinteline\"}]},{\"@type\":\"WebSite\",\"@id\":\"https:\\\/\\\/teampercheet.fi\\\/store\\\/#website\",\"url\":\"https:\\\/\\\/teampercheet.fi\\\/store\\\/\",\"name\":\"Team Percheet \u2013 Laadukkaat kalastustarvikkeet ja venevarusteet\",\"description\":\"Tutustu Percheet Gearin kattavaan valikoimaan. Kest\u00e4v\u00e4t venevarusteet, juomatelineet, anturikiinnikkeet ja anturisuojat veneilyyn ja\u00a0kalastukseen.\",\"publisher\":{\"@id\":\"https:\\\/\\\/teampercheet.fi\\\/store\\\/#organization\"},\"potentialAction\":[{\"@type\":\"SearchAction\",\"target\":{\"@type\":\"EntryPoint\",\"urlTemplate\":\"https:\\\/\\\/teampercheet.fi\\\/store\\\/?s={search_term_string}\"},\"query-input\":{\"@type\":\"PropertyValueSpecification\",\"valueRequired\":true,\"valueName\":\"search_term_string\"}}],\"inLanguage\":\"fi\"},{\"@type\":\"Organization\",\"@id\":\"https:\\\/\\\/teampercheet.fi\\\/store\\\/#organization\",\"name\":\"Team Percheet \u2013 Laadukkaat kalastustarvikkeet ja venevarusteet\",\"url\":\"https:\\\/\\\/teampercheet.fi\\\/store\\\/\",\"logo\":{\"@type\":\"ImageObject\",\"inLanguage\":\"fi\",\"@id\":\"https:\\\/\\\/teampercheet.fi\\\/store\\\/#\\\/schema\\\/logo\\\/image\\\/\",\"url\":\"https:\\\/\\\/teampercheet.fi\\\/store\\\/wp-content\\\/uploads\\\/2024\\\/10\\\/logo-tpc.png\",\"contentUrl\":\"https:\\\/\\\/teampercheet.fi\\\/store\\\/wp-content\\\/uploads\\\/2024\\\/10\\\/logo-tpc.png\",\"width\":1268,\"height\":211,\"caption\":\"Team Percheet \u2013 Laadukkaat kalastustarvikkeet ja venevarusteet\"},\"image\":{\"@id\":\"https:\\\/\\\/teampercheet.fi\\\/store\\\/#\\\/schema\\\/logo\\\/image\\\/\"}}]}<\/script>\n<!-- \/ Yoast SEO plugin. -->","yoast_head_json":{"title":"PERCHEET Minn Kota I-Pilot Link BT kaukos\u00e4\u00e4dinteline - Team Percheet \u2013 Laadukkaat kalastustarvikkeet ja venevarusteet","robots":{"index":"index","follow":"follow","max-snippet":"max-snippet:-1","max-image-preview":"max-image-preview:large","max-video-preview":"max-video-preview:-1"},"canonical":"https:\/\/teampercheet.fi\/store\/tuote\/percheet-i-pilot-link-bt-teline-ohjaimelle\/","og_locale":"fi_FI","og_type":"article","og_title":"PERCHEET Minn Kota I-Pilot Link BT kaukos\u00e4\u00e4dinteline - Team Percheet \u2013 Laadukkaat kalastustarvikkeet ja venevarusteet","og_description":"MINN KOTA I-PILOT LINK BT -kaukos\u00e4\u00e4timelle suunniteltu teline on valmistettu millintarkasti juuri t\u00e4t\u00e4 mallia varten. Jokainen teline on muotoiltu takaamaan t\u00e4ydellinen sopivuus \u2013 kaukos\u00e4\u00e4din istuu telineess\u00e4 j\u00e4m\u00e4k\u00e4sti ja pysyy tukevasti paikoillaan my\u00f6s kovassakin aallokossa. Telineen suunnittelussa on huomioitu my\u00f6s tila mahdolliselle kaulahihnalle, mik\u00e4 tekee k\u00e4yt\u00f6st\u00e4 entist\u00e4 vaivattomampaa. T\u00e4m\u00e4 teline on suunniteltu asennettavaksi esimerkiksi pulpettiin tai muulle tasapinnalle. Tuotekuvissa n\u00e4kyv\u00e4t kaukos\u00e4\u00e4timet ovat ainoastaan esillepanoa varten eiv\u00e4tk\u00e4 sis\u00e4lly tuotteen hintaan tai toimitukseen.","og_url":"https:\/\/teampercheet.fi\/store\/tuote\/percheet-i-pilot-link-bt-teline-ohjaimelle\/","og_site_name":"Team Percheet \u2013 Laadukkaat kalastustarvikkeet ja venevarusteet","article_modified_time":"2026-04-15T10:40:19+00:00","og_image":[{"width":2400,"height":2400,"url":"https:\/\/teampercheet.fi\/store\/wp-content\/uploads\/2025\/08\/Minnkota-I-pilot-link-BT-kaukkariteline-1.jpg","type":"image\/jpeg"}],"twitter_card":"summary_large_image","schema":{"@context":"https:\/\/schema.org","@graph":[{"@type":"WebPage","@id":"https:\/\/teampercheet.fi\/store\/tuote\/percheet-i-pilot-link-bt-teline-ohjaimelle\/","url":"https:\/\/teampercheet.fi\/store\/tuote\/percheet-i-pilot-link-bt-teline-ohjaimelle\/","name":"PERCHEET Minn Kota I-Pilot Link BT kaukos\u00e4\u00e4dinteline - Team Percheet \u2013 Laadukkaat kalastustarvikkeet ja venevarusteet","isPartOf":{"@id":"https:\/\/teampercheet.fi\/store\/#website"},"primaryImageOfPage":{"@id":"https:\/\/teampercheet.fi\/store\/tuote\/percheet-i-pilot-link-bt-teline-ohjaimelle\/#primaryimage"},"image":{"@id":"https:\/\/teampercheet.fi\/store\/tuote\/percheet-i-pilot-link-bt-teline-ohjaimelle\/#primaryimage"},"thumbnailUrl":"https:\/\/teampercheet.fi\/store\/wp-content\/uploads\/2025\/08\/Minnkota-I-pilot-link-BT-kaukkariteline-1.jpg","datePublished":"2025-08-16T17:40:21+00:00","dateModified":"2026-04-15T10:40:19+00:00","breadcrumb":{"@id":"https:\/\/teampercheet.fi\/store\/tuote\/percheet-i-pilot-link-bt-teline-ohjaimelle\/#breadcrumb"},"inLanguage":"fi","potentialAction":[{"@type":"ReadAction","target":["https:\/\/teampercheet.fi\/store\/tuote\/percheet-i-pilot-link-bt-teline-ohjaimelle\/"]}]},{"@type":"ImageObject","inLanguage":"fi","@id":"https:\/\/teampercheet.fi\/store\/tuote\/percheet-i-pilot-link-bt-teline-ohjaimelle\/#primaryimage","url":"https:\/\/teampercheet.fi\/store\/wp-content\/uploads\/2025\/08\/Minnkota-I-pilot-link-BT-kaukkariteline-1.jpg","contentUrl":"https:\/\/teampercheet.fi\/store\/wp-content\/uploads\/2025\/08\/Minnkota-I-pilot-link-BT-kaukkariteline-1.jpg","width":2400,"height":2400},{"@type":"BreadcrumbList","@id":"https:\/\/teampercheet.fi\/store\/tuote\/percheet-i-pilot-link-bt-teline-ohjaimelle\/#breadcrumb","itemListElement":[{"@type":"ListItem","position":1,"name":"Etusivu","item":"https:\/\/teampercheet.fi\/store\/"},{"@type":"ListItem","position":2,"name":"Kauppa","item":"https:\/\/teampercheet.fi\/store\/kauppa\/"},{"@type":"ListItem","position":3,"name":"PERCHEET Minn Kota I-Pilot Link BT kaukos\u00e4\u00e4dinteline"}]},{"@type":"WebSite","@id":"https:\/\/teampercheet.fi\/store\/#website","url":"https:\/\/teampercheet.fi\/store\/","name":"Team Percheet \u2013 Laadukkaat kalastustarvikkeet ja venevarusteet","description":"Tutustu Percheet Gearin kattavaan valikoimaan. Kest\u00e4v\u00e4t venevarusteet, juomatelineet, anturikiinnikkeet ja anturisuojat veneilyyn ja\u00a0kalastukseen.","publisher":{"@id":"https:\/\/teampercheet.fi\/store\/#organization"},"potentialAction":[{"@type":"SearchAction","target":{"@type":"EntryPoint","urlTemplate":"https:\/\/teampercheet.fi\/store\/?s={search_term_string}"},"query-input":{"@type":"PropertyValueSpecification","valueRequired":true,"valueName":"search_term_string"}}],"inLanguage":"fi"},{"@type":"Organization","@id":"https:\/\/teampercheet.fi\/store\/#organization","name":"Team Percheet \u2013 Laadukkaat kalastustarvikkeet ja venevarusteet","url":"https:\/\/teampercheet.fi\/store\/","logo":{"@type":"ImageObject","inLanguage":"fi","@id":"https:\/\/teampercheet.fi\/store\/#\/schema\/logo\/image\/","url":"https:\/\/teampercheet.fi\/store\/wp-content\/uploads\/2024\/10\/logo-tpc.png","contentUrl":"https:\/\/teampercheet.fi\/store\/wp-content\/uploads\/2024\/10\/logo-tpc.png","width":1268,"height":211,"caption":"Team Percheet \u2013 Laadukkaat kalastustarvikkeet ja venevarusteet"},"image":{"@id":"https:\/\/teampercheet.fi\/store\/#\/schema\/logo\/image\/"}}]}},"_links":{"self":[{"href":"https:\/\/teampercheet.fi\/store\/wp-json\/wp\/v2\/product\/4849","targetHints":{"allow":["GET"]}}],"collection":[{"href":"https:\/\/teampercheet.fi\/store\/wp-json\/wp\/v2\/product"}],"about":[{"href":"https:\/\/teampercheet.fi\/store\/wp-json\/wp\/v2\/types\/product"}],"replies":[{"embeddable":true,"href":"https:\/\/teampercheet.fi\/store\/wp-json\/wp\/v2\/comments?post=4849"}],"wp:featuredmedia":[{"embeddable":true,"href":"https:\/\/teampercheet.fi\/store\/wp-json\/wp\/v2\/media\/4850"}],"wp:attachment":[{"href":"https:\/\/teampercheet.fi\/store\/wp-json\/wp\/v2\/media?parent=4849"}],"wp:term":[{"taxonomy":"product_brand","embeddable":true,"href":"https:\/\/teampercheet.fi\/store\/wp-json\/wp\/v2\/product_brand?post=4849"},{"taxonomy":"product_cat","embeddable":true,"href":"https:\/\/teampercheet.fi\/store\/wp-json\/wp\/v2\/product_cat?post=4849"},{"taxonomy":"product_tag","embeddable":true,"href":"https:\/\/teampercheet.fi\/store\/wp-json\/wp\/v2\/product_tag?post=4849"}],"curies":[{"name":"wp","href":"https:\/\/api.w.org\/{rel}","templated":true}]}}