{"id":4962,"date":"2025-09-28T20:36:17","date_gmt":"2025-09-28T17:36:17","guid":{"rendered":"https:\/\/teampercheet.fi\/store\/?post_type=product&#038;p=4962"},"modified":"2026-03-22T10:00:27","modified_gmt":"2026-03-22T08:00:27","slug":"percheet-pilkkivapateline-31-5","status":"publish","type":"product","link":"https:\/\/teampercheet.fi\/store\/tuote\/percheet-pilkkivapateline-31-5\/","title":{"rendered":"PERCHEET Pilkkivapateline Kirpunvavoille \u00f831.5 \u2744\ufe0f"},"content":{"rendered":"","protected":false},"excerpt":{"rendered":"<p><strong>\u00c4l\u00e4 anna pilkkivapojen lumettua \u2013 hanki PERCHEET pilkkivapateline ja tee pilkkimisest\u00e4 mukavampaa!<\/strong><\/p>\n<p>T\u00e4ll\u00e4 tukevalla ja helppok\u00e4ytt\u00f6isell\u00e4 pilkkivapatelineell\u00e4 pid\u00e4t pilkkivavat j\u00e4rjestyksess\u00e4 ja helposti saatavilla. Telineess\u00e4 paikka viidelle vavalle. Teline on suunniteltu erityisesti Kirpunvavoille joiden kahvaosan paksuus on maksimissaan 31.5mm. Soveltuu my\u00f6s k\u00e4ytett\u00e4v\u00e4ksi muiden vapojen kanssa. Pilkkivapateline kiinnitet\u00e4\u00e4n ahkion laitaan. Erinomaisesti suunnitellun telineen rakenne varmistaa, ett\u00e4 vavat pysyv\u00e4t tukevasti paikoillaan ep\u00e4tasaisessakin maastossa. Pilkkivapateline on valmistettu PETG- muovista joka kest\u00e4\u00e4 \u00e4\u00e4riolosuhteet erinomaisesti.<\/p>\n<p>Koko: 28xm x 5cm x 5cm<\/p>\n<h6 data-start=\"478\" data-end=\"862\"><em>Tuotekuvissa n\u00e4kyv\u00e4t vavat ovat ainoastaan esillepanoa varten eiv\u00e4tk\u00e4 sis\u00e4lly tuotteen hintaan tai toimitukseen.<\/em><\/h6>\n","protected":false},"featured_media":6860,"comment_status":"open","ping_status":"closed","template":"","meta":[],"product_brand":[],"product_cat":[15,301,298],"product_tag":[147,141,142,331,330,145,143,138,140,139,146,144],"class_list":{"0":"post-4962","1":"product","2":"type-product","3":"status-publish","4":"has-post-thumbnail","6":"product_cat-yleinen","7":"product_cat-myydyimmat","8":"product_cat-talvikalastus-pilkkiminen","9":"product_tag-delfinvapa","10":"product_tag-ice-fishing-holder","11":"product_tag-ice-fishing-rod-holder","12":"product_tag-kirppu","13":"product_tag-kirpunvapa","14":"product_tag-pilkki","15":"product_tag-pilkkiahkio","16":"product_tag-pilkkiminen","17":"product_tag-pilkkivapa","18":"product_tag-pilkkivapateline","19":"product_tag-talvikalastus","20":"product_tag-vapateline","22":"first","23":"instock","24":"taxable","25":"shipping-taxable","26":"purchasable","27":"product-type-simple"},"yoast_head":"<!-- This site is optimized with the Yoast SEO plugin v27.3 - https:\/\/yoast.com\/product\/yoast-seo-wordpress\/ -->\n<title>PERCHEET Pilkkivapateline Kirpunvavoille \u00f831.5 \u2744\ufe0f - Team Percheet \u2013 Laadukkaat kalastustarvikkeet ja venevarusteet<\/title>\n<meta name=\"robots\" content=\"index, follow, max-snippet:-1, max-image-preview:large, max-video-preview:-1\" \/>\n<link rel=\"canonical\" href=\"https:\/\/teampercheet.fi\/store\/tuote\/percheet-pilkkivapateline-31-5\/\" \/>\n<meta property=\"og:locale\" content=\"fi_FI\" \/>\n<meta property=\"og:type\" content=\"article\" \/>\n<meta property=\"og:title\" content=\"PERCHEET Pilkkivapateline Kirpunvavoille \u00f831.5 \u2744\ufe0f - Team Percheet \u2013 Laadukkaat kalastustarvikkeet ja venevarusteet\" \/>\n<meta property=\"og:description\" content=\"\u00c4l\u00e4 anna pilkkivapojen lumettua \u2013 hanki PERCHEET pilkkivapateline ja tee pilkkimisest\u00e4 mukavampaa!  T\u00e4ll\u00e4 tukevalla ja helppok\u00e4ytt\u00f6isell\u00e4 pilkkivapatelineell\u00e4 pid\u00e4t pilkkivavat j\u00e4rjestyksess\u00e4 ja helposti saatavilla. Telineess\u00e4 paikka viidelle vavalle. Teline on suunniteltu erityisesti Kirpunvavoille joiden kahvaosan paksuus on maksimissaan 31.5mm. Soveltuu my\u00f6s k\u00e4ytett\u00e4v\u00e4ksi muiden vapojen kanssa. Pilkkivapateline kiinnitet\u00e4\u00e4n ahkion laitaan. Erinomaisesti suunnitellun telineen rakenne varmistaa, ett\u00e4 vavat pysyv\u00e4t tukevasti paikoillaan ep\u00e4tasaisessakin maastossa. Pilkkivapateline on valmistettu PETG- muovista joka kest\u00e4\u00e4 \u00e4\u00e4riolosuhteet erinomaisesti.  Koko: 28xm x 5cm x 5cm Tuotekuvissa n\u00e4kyv\u00e4t vavat ovat ainoastaan esillepanoa varten eiv\u00e4tk\u00e4 sis\u00e4lly tuotteen hintaan tai toimitukseen.\" \/>\n<meta property=\"og:url\" content=\"https:\/\/teampercheet.fi\/store\/tuote\/percheet-pilkkivapateline-31-5\/\" \/>\n<meta property=\"og:site_name\" content=\"Team Percheet \u2013 Laadukkaat kalastustarvikkeet ja venevarusteet\" \/>\n<meta property=\"article:modified_time\" content=\"2026-03-22T08:00:27+00:00\" \/>\n<meta property=\"og:image\" content=\"https:\/\/teampercheet.fi\/store\/wp-content\/uploads\/2025\/09\/Percheet-Pilkkivapateline-Kirppuvapa-scaled.jpg\" \/>\n\t<meta property=\"og:image:width\" content=\"2560\" \/>\n\t<meta property=\"og:image:height\" content=\"2560\" \/>\n\t<meta property=\"og:image:type\" content=\"image\/jpeg\" \/>\n<meta name=\"twitter:card\" content=\"summary_large_image\" \/>\n<script type=\"application\/ld+json\" class=\"yoast-schema-graph\">{\"@context\":\"https:\\\/\\\/schema.org\",\"@graph\":[{\"@type\":\"WebPage\",\"@id\":\"https:\\\/\\\/teampercheet.fi\\\/store\\\/tuote\\\/percheet-pilkkivapateline-31-5\\\/\",\"url\":\"https:\\\/\\\/teampercheet.fi\\\/store\\\/tuote\\\/percheet-pilkkivapateline-31-5\\\/\",\"name\":\"PERCHEET Pilkkivapateline Kirpunvavoille \u00f831.5 \u2744\ufe0f - Team Percheet \u2013 Laadukkaat kalastustarvikkeet ja venevarusteet\",\"isPartOf\":{\"@id\":\"https:\\\/\\\/teampercheet.fi\\\/store\\\/#website\"},\"primaryImageOfPage\":{\"@id\":\"https:\\\/\\\/teampercheet.fi\\\/store\\\/tuote\\\/percheet-pilkkivapateline-31-5\\\/#primaryimage\"},\"image\":{\"@id\":\"https:\\\/\\\/teampercheet.fi\\\/store\\\/tuote\\\/percheet-pilkkivapateline-31-5\\\/#primaryimage\"},\"thumbnailUrl\":\"https:\\\/\\\/teampercheet.fi\\\/store\\\/wp-content\\\/uploads\\\/2025\\\/09\\\/Percheet-Pilkkivapateline-Kirppuvapa-scaled.jpg\",\"datePublished\":\"2025-09-28T17:36:17+00:00\",\"dateModified\":\"2026-03-22T08:00:27+00:00\",\"breadcrumb\":{\"@id\":\"https:\\\/\\\/teampercheet.fi\\\/store\\\/tuote\\\/percheet-pilkkivapateline-31-5\\\/#breadcrumb\"},\"inLanguage\":\"fi\",\"potentialAction\":[{\"@type\":\"ReadAction\",\"target\":[\"https:\\\/\\\/teampercheet.fi\\\/store\\\/tuote\\\/percheet-pilkkivapateline-31-5\\\/\"]}]},{\"@type\":\"ImageObject\",\"inLanguage\":\"fi\",\"@id\":\"https:\\\/\\\/teampercheet.fi\\\/store\\\/tuote\\\/percheet-pilkkivapateline-31-5\\\/#primaryimage\",\"url\":\"https:\\\/\\\/teampercheet.fi\\\/store\\\/wp-content\\\/uploads\\\/2025\\\/09\\\/Percheet-Pilkkivapateline-Kirppuvapa-scaled.jpg\",\"contentUrl\":\"https:\\\/\\\/teampercheet.fi\\\/store\\\/wp-content\\\/uploads\\\/2025\\\/09\\\/Percheet-Pilkkivapateline-Kirppuvapa-scaled.jpg\",\"width\":2560,\"height\":2560},{\"@type\":\"BreadcrumbList\",\"@id\":\"https:\\\/\\\/teampercheet.fi\\\/store\\\/tuote\\\/percheet-pilkkivapateline-31-5\\\/#breadcrumb\",\"itemListElement\":[{\"@type\":\"ListItem\",\"position\":1,\"name\":\"Etusivu\",\"item\":\"https:\\\/\\\/teampercheet.fi\\\/store\\\/\"},{\"@type\":\"ListItem\",\"position\":2,\"name\":\"Kauppa\",\"item\":\"https:\\\/\\\/teampercheet.fi\\\/store\\\/kauppa\\\/\"},{\"@type\":\"ListItem\",\"position\":3,\"name\":\"PERCHEET Pilkkivapateline Kirpunvavoille \u00f831.5 \u2744\ufe0f\"}]},{\"@type\":\"WebSite\",\"@id\":\"https:\\\/\\\/teampercheet.fi\\\/store\\\/#website\",\"url\":\"https:\\\/\\\/teampercheet.fi\\\/store\\\/\",\"name\":\"Team Percheet \u2013 Laadukkaat kalastustarvikkeet ja venevarusteet\",\"description\":\"Tutustu Percheet Gearin kattavaan valikoimaan. Kest\u00e4v\u00e4t venevarusteet, juomatelineet, anturikiinnikkeet ja anturisuojat veneilyyn ja\u00a0kalastukseen.\",\"publisher\":{\"@id\":\"https:\\\/\\\/teampercheet.fi\\\/store\\\/#organization\"},\"potentialAction\":[{\"@type\":\"SearchAction\",\"target\":{\"@type\":\"EntryPoint\",\"urlTemplate\":\"https:\\\/\\\/teampercheet.fi\\\/store\\\/?s={search_term_string}\"},\"query-input\":{\"@type\":\"PropertyValueSpecification\",\"valueRequired\":true,\"valueName\":\"search_term_string\"}}],\"inLanguage\":\"fi\"},{\"@type\":\"Organization\",\"@id\":\"https:\\\/\\\/teampercheet.fi\\\/store\\\/#organization\",\"name\":\"Team Percheet \u2013 Laadukkaat kalastustarvikkeet ja venevarusteet\",\"url\":\"https:\\\/\\\/teampercheet.fi\\\/store\\\/\",\"logo\":{\"@type\":\"ImageObject\",\"inLanguage\":\"fi\",\"@id\":\"https:\\\/\\\/teampercheet.fi\\\/store\\\/#\\\/schema\\\/logo\\\/image\\\/\",\"url\":\"https:\\\/\\\/teampercheet.fi\\\/store\\\/wp-content\\\/uploads\\\/2024\\\/10\\\/logo-tpc.png\",\"contentUrl\":\"https:\\\/\\\/teampercheet.fi\\\/store\\\/wp-content\\\/uploads\\\/2024\\\/10\\\/logo-tpc.png\",\"width\":1268,\"height\":211,\"caption\":\"Team Percheet \u2013 Laadukkaat kalastustarvikkeet ja venevarusteet\"},\"image\":{\"@id\":\"https:\\\/\\\/teampercheet.fi\\\/store\\\/#\\\/schema\\\/logo\\\/image\\\/\"}}]}<\/script>\n<!-- \/ Yoast SEO plugin. -->","yoast_head_json":{"title":"PERCHEET Pilkkivapateline Kirpunvavoille \u00f831.5 \u2744\ufe0f - Team Percheet \u2013 Laadukkaat kalastustarvikkeet ja venevarusteet","robots":{"index":"index","follow":"follow","max-snippet":"max-snippet:-1","max-image-preview":"max-image-preview:large","max-video-preview":"max-video-preview:-1"},"canonical":"https:\/\/teampercheet.fi\/store\/tuote\/percheet-pilkkivapateline-31-5\/","og_locale":"fi_FI","og_type":"article","og_title":"PERCHEET Pilkkivapateline Kirpunvavoille \u00f831.5 \u2744\ufe0f - Team Percheet \u2013 Laadukkaat kalastustarvikkeet ja venevarusteet","og_description":"\u00c4l\u00e4 anna pilkkivapojen lumettua \u2013 hanki PERCHEET pilkkivapateline ja tee pilkkimisest\u00e4 mukavampaa!  T\u00e4ll\u00e4 tukevalla ja helppok\u00e4ytt\u00f6isell\u00e4 pilkkivapatelineell\u00e4 pid\u00e4t pilkkivavat j\u00e4rjestyksess\u00e4 ja helposti saatavilla. Telineess\u00e4 paikka viidelle vavalle. Teline on suunniteltu erityisesti Kirpunvavoille joiden kahvaosan paksuus on maksimissaan 31.5mm. Soveltuu my\u00f6s k\u00e4ytett\u00e4v\u00e4ksi muiden vapojen kanssa. Pilkkivapateline kiinnitet\u00e4\u00e4n ahkion laitaan. Erinomaisesti suunnitellun telineen rakenne varmistaa, ett\u00e4 vavat pysyv\u00e4t tukevasti paikoillaan ep\u00e4tasaisessakin maastossa. Pilkkivapateline on valmistettu PETG- muovista joka kest\u00e4\u00e4 \u00e4\u00e4riolosuhteet erinomaisesti.  Koko: 28xm x 5cm x 5cm Tuotekuvissa n\u00e4kyv\u00e4t vavat ovat ainoastaan esillepanoa varten eiv\u00e4tk\u00e4 sis\u00e4lly tuotteen hintaan tai toimitukseen.","og_url":"https:\/\/teampercheet.fi\/store\/tuote\/percheet-pilkkivapateline-31-5\/","og_site_name":"Team Percheet \u2013 Laadukkaat kalastustarvikkeet ja venevarusteet","article_modified_time":"2026-03-22T08:00:27+00:00","og_image":[{"width":2560,"height":2560,"url":"https:\/\/teampercheet.fi\/store\/wp-content\/uploads\/2025\/09\/Percheet-Pilkkivapateline-Kirppuvapa-scaled.jpg","type":"image\/jpeg"}],"twitter_card":"summary_large_image","schema":{"@context":"https:\/\/schema.org","@graph":[{"@type":"WebPage","@id":"https:\/\/teampercheet.fi\/store\/tuote\/percheet-pilkkivapateline-31-5\/","url":"https:\/\/teampercheet.fi\/store\/tuote\/percheet-pilkkivapateline-31-5\/","name":"PERCHEET Pilkkivapateline Kirpunvavoille \u00f831.5 \u2744\ufe0f - Team Percheet \u2013 Laadukkaat kalastustarvikkeet ja venevarusteet","isPartOf":{"@id":"https:\/\/teampercheet.fi\/store\/#website"},"primaryImageOfPage":{"@id":"https:\/\/teampercheet.fi\/store\/tuote\/percheet-pilkkivapateline-31-5\/#primaryimage"},"image":{"@id":"https:\/\/teampercheet.fi\/store\/tuote\/percheet-pilkkivapateline-31-5\/#primaryimage"},"thumbnailUrl":"https:\/\/teampercheet.fi\/store\/wp-content\/uploads\/2025\/09\/Percheet-Pilkkivapateline-Kirppuvapa-scaled.jpg","datePublished":"2025-09-28T17:36:17+00:00","dateModified":"2026-03-22T08:00:27+00:00","breadcrumb":{"@id":"https:\/\/teampercheet.fi\/store\/tuote\/percheet-pilkkivapateline-31-5\/#breadcrumb"},"inLanguage":"fi","potentialAction":[{"@type":"ReadAction","target":["https:\/\/teampercheet.fi\/store\/tuote\/percheet-pilkkivapateline-31-5\/"]}]},{"@type":"ImageObject","inLanguage":"fi","@id":"https:\/\/teampercheet.fi\/store\/tuote\/percheet-pilkkivapateline-31-5\/#primaryimage","url":"https:\/\/teampercheet.fi\/store\/wp-content\/uploads\/2025\/09\/Percheet-Pilkkivapateline-Kirppuvapa-scaled.jpg","contentUrl":"https:\/\/teampercheet.fi\/store\/wp-content\/uploads\/2025\/09\/Percheet-Pilkkivapateline-Kirppuvapa-scaled.jpg","width":2560,"height":2560},{"@type":"BreadcrumbList","@id":"https:\/\/teampercheet.fi\/store\/tuote\/percheet-pilkkivapateline-31-5\/#breadcrumb","itemListElement":[{"@type":"ListItem","position":1,"name":"Etusivu","item":"https:\/\/teampercheet.fi\/store\/"},{"@type":"ListItem","position":2,"name":"Kauppa","item":"https:\/\/teampercheet.fi\/store\/kauppa\/"},{"@type":"ListItem","position":3,"name":"PERCHEET Pilkkivapateline Kirpunvavoille \u00f831.5 \u2744\ufe0f"}]},{"@type":"WebSite","@id":"https:\/\/teampercheet.fi\/store\/#website","url":"https:\/\/teampercheet.fi\/store\/","name":"Team Percheet \u2013 Laadukkaat kalastustarvikkeet ja venevarusteet","description":"Tutustu Percheet Gearin kattavaan valikoimaan. Kest\u00e4v\u00e4t venevarusteet, juomatelineet, anturikiinnikkeet ja anturisuojat veneilyyn ja\u00a0kalastukseen.","publisher":{"@id":"https:\/\/teampercheet.fi\/store\/#organization"},"potentialAction":[{"@type":"SearchAction","target":{"@type":"EntryPoint","urlTemplate":"https:\/\/teampercheet.fi\/store\/?s={search_term_string}"},"query-input":{"@type":"PropertyValueSpecification","valueRequired":true,"valueName":"search_term_string"}}],"inLanguage":"fi"},{"@type":"Organization","@id":"https:\/\/teampercheet.fi\/store\/#organization","name":"Team Percheet \u2013 Laadukkaat kalastustarvikkeet ja venevarusteet","url":"https:\/\/teampercheet.fi\/store\/","logo":{"@type":"ImageObject","inLanguage":"fi","@id":"https:\/\/teampercheet.fi\/store\/#\/schema\/logo\/image\/","url":"https:\/\/teampercheet.fi\/store\/wp-content\/uploads\/2024\/10\/logo-tpc.png","contentUrl":"https:\/\/teampercheet.fi\/store\/wp-content\/uploads\/2024\/10\/logo-tpc.png","width":1268,"height":211,"caption":"Team Percheet \u2013 Laadukkaat kalastustarvikkeet ja venevarusteet"},"image":{"@id":"https:\/\/teampercheet.fi\/store\/#\/schema\/logo\/image\/"}}]}},"_links":{"self":[{"href":"https:\/\/teampercheet.fi\/store\/wp-json\/wp\/v2\/product\/4962","targetHints":{"allow":["GET"]}}],"collection":[{"href":"https:\/\/teampercheet.fi\/store\/wp-json\/wp\/v2\/product"}],"about":[{"href":"https:\/\/teampercheet.fi\/store\/wp-json\/wp\/v2\/types\/product"}],"replies":[{"embeddable":true,"href":"https:\/\/teampercheet.fi\/store\/wp-json\/wp\/v2\/comments?post=4962"}],"wp:featuredmedia":[{"embeddable":true,"href":"https:\/\/teampercheet.fi\/store\/wp-json\/wp\/v2\/media\/6860"}],"wp:attachment":[{"href":"https:\/\/teampercheet.fi\/store\/wp-json\/wp\/v2\/media?parent=4962"}],"wp:term":[{"taxonomy":"product_brand","embeddable":true,"href":"https:\/\/teampercheet.fi\/store\/wp-json\/wp\/v2\/product_brand?post=4962"},{"taxonomy":"product_cat","embeddable":true,"href":"https:\/\/teampercheet.fi\/store\/wp-json\/wp\/v2\/product_cat?post=4962"},{"taxonomy":"product_tag","embeddable":true,"href":"https:\/\/teampercheet.fi\/store\/wp-json\/wp\/v2\/product_tag?post=4962"}],"curies":[{"name":"wp","href":"https:\/\/api.w.org\/{rel}","templated":true}]}}