{"id":5204,"date":"2025-10-16T22:44:35","date_gmt":"2025-10-16T19:44:35","guid":{"rendered":"https:\/\/teampercheet.fi\/store\/?post_type=product&#038;p=5204"},"modified":"2026-04-22T09:15:44","modified_gmt":"2026-04-22T06:15:44","slug":"percheet-vapateline-4lle-vavalle-2","status":"publish","type":"product","link":"https:\/\/teampercheet.fi\/store\/tuote\/percheet-vapateline-4lle-vavalle-2\/","title":{"rendered":"PERCHEET Vapateline 4:lle vavalle"},"content":{"rendered":"","protected":false},"excerpt":{"rendered":"<p class=\"p1\"><b>Kanssa harrastajien toiveiden mukaan suunniteltu kompakti vapateline nelj\u00e4lle vavalle. Voidaan kiinnitt\u00e4\u00e4 veneen versatrack kiskoon valittavissa olevalla kiskopalolla tai tasaiselle pinnalle tasokiinnikepallolla. Vapateline on suunnattavissa s\u00e4\u00e4dett\u00e4v\u00e4n kiinnityksen ansiosta jokaisen haluamalla tavalla korkealaatuisen metalli kiinnitysvarren ja pallokiinnityksien ansiosta. <\/b><\/p>\n<p class=\"p1\"><em>T\u00e4m\u00e4 ehk\u00e4 paras vapateline pit\u00e4\u00e4 arvokkaat vapasi ojennuksessa s\u00e4ilytyksen ajan.<\/em><\/p>\n<p class=\"p1\"><strong>Hinta sis\u00e4lt\u00e4\u00e4:<\/strong><\/p>\n<p class=\"p1\">20cm pituisen 3D tulostetun vapatelineen metallisella 2,50cm pallokiinnitys osalla<\/p>\n<p class=\"p1\">Alumiinisen kiinnitysvarren. Valittavissa kolme varren pituutta 6, 9 sek\u00e4 15cm.<\/p>\n<p class=\"p1\">Pallo kiinnityksen joko versatrack kiskoon (sopii 6mm ja 8mm kiskoon) tai tasaisella alustalle.<\/p>\n","protected":false},"featured_media":5064,"comment_status":"open","ping_status":"closed","template":"","meta":[],"product_brand":[],"product_cat":[15,778,295],"product_tag":[721,718,723,707,716,710,336,724,708,334,333,725,722,719,720,317,711,352,715,144,712,709,332,713,315,714,349,717,335],"class_list":{"0":"post-5204","1":"product","2":"type-product","3":"status-publish","4":"has-post-thumbnail","6":"product_cat-yleinen","7":"product_cat-suosittelemme","8":"product_cat-telineet","9":"product_tag-adjustable-rod-holder","10":"product_tag-fishing-rod-holder","11":"product_tag-hyva-vapateline","12":"product_tag-kalastusvapateline","13":"product_tag-kalastusvarusteet-veneeseen","14":"product_tag-kannettava-vapateline","15":"product_tag-kiskokiinnitys","16":"product_tag-kpf-vapateline","17":"product_tag-muovinen-terasteline-vavoille","18":"product_tag-optimaalinen-vapateline","19":"product_tag-paras-vapateline","20":"product_tag-patriot-vapateline","21":"product_tag-rod-organizer-for-kayak-boat","22":"product_tag-rod-rack-for-boat","23":"product_tag-rod-storage-rack","24":"product_tag-rodholder","25":"product_tag-saadettava-vapatelinevapateline-usealle-vavalle","26":"product_tag-teline-vavoille","27":"product_tag-vapa-ja-onkitarvikkeet","28":"product_tag-vapateline","29":"product_tag-vapateline-kajakkiin","30":"product_tag-vapateline-seinalle-seinateline-vavoille","31":"product_tag-vapateline-veneeseen","32":"product_tag-vapateline-venekalastukseen","33":"product_tag-vapatelineet","34":"product_tag-vapojen-sailytys","35":"product_tag-veneen-vapateline","36":"product_tag-veneily-varusteet","37":"product_tag-verstatrack","39":"first","40":"instock","41":"taxable","42":"shipping-taxable","43":"purchasable","44":"product-type-variable"},"yoast_head":"<!-- This site is optimized with the Yoast SEO plugin v27.3 - https:\/\/yoast.com\/product\/yoast-seo-wordpress\/ -->\n<title>PERCHEET Vapateline 4:lle vavalle - Team Percheet \u2013 Laadukkaat kalastustarvikkeet ja venevarusteet<\/title>\n<meta name=\"robots\" content=\"index, follow, max-snippet:-1, max-image-preview:large, max-video-preview:-1\" \/>\n<link rel=\"canonical\" href=\"https:\/\/teampercheet.fi\/store\/tuote\/percheet-vapateline-4lle-vavalle-2\/\" \/>\n<meta property=\"og:locale\" content=\"fi_FI\" \/>\n<meta property=\"og:type\" content=\"article\" \/>\n<meta property=\"og:title\" content=\"PERCHEET Vapateline 4:lle vavalle - Team Percheet \u2013 Laadukkaat kalastustarvikkeet ja venevarusteet\" \/>\n<meta property=\"og:description\" content=\"Kanssa harrastajien toiveiden mukaan suunniteltu kompakti vapateline nelj\u00e4lle vavalle. Voidaan kiinnitt\u00e4\u00e4 veneen versatrack kiskoon valittavissa olevalla kiskopalolla tai tasaiselle pinnalle tasokiinnikepallolla. Vapateline on suunnattavissa s\u00e4\u00e4dett\u00e4v\u00e4n kiinnityksen ansiosta jokaisen haluamalla tavalla korkealaatuisen metalli kiinnitysvarren ja pallokiinnityksien ansiosta.  T\u00e4m\u00e4 ehk\u00e4 paras vapateline pit\u00e4\u00e4 arvokkaat vapasi ojennuksessa s\u00e4ilytyksen ajan. Hinta sis\u00e4lt\u00e4\u00e4: 20cm pituisen 3D tulostetun vapatelineen metallisella 2,50cm pallokiinnitys osalla Alumiinisen kiinnitysvarren. Valittavissa kolme varren pituutta 6, 9 sek\u00e4 15cm. Pallo kiinnityksen joko versatrack kiskoon (sopii 6mm ja 8mm kiskoon) tai tasaisella alustalle.\" \/>\n<meta property=\"og:url\" content=\"https:\/\/teampercheet.fi\/store\/tuote\/percheet-vapateline-4lle-vavalle-2\/\" \/>\n<meta property=\"og:site_name\" content=\"Team Percheet \u2013 Laadukkaat kalastustarvikkeet ja venevarusteet\" \/>\n<meta property=\"article:modified_time\" content=\"2026-04-22T06:15:44+00:00\" \/>\n<meta property=\"og:image\" content=\"https:\/\/teampercheet.fi\/store\/wp-content\/uploads\/2025\/10\/PERCHEET-VAPATELINE3-scaled-e1760547951504.jpg\" \/>\n\t<meta property=\"og:image:width\" content=\"2018\" \/>\n\t<meta property=\"og:image:height\" content=\"2018\" \/>\n\t<meta property=\"og:image:type\" content=\"image\/jpeg\" \/>\n<meta name=\"twitter:card\" content=\"summary_large_image\" \/>\n<script type=\"application\/ld+json\" class=\"yoast-schema-graph\">{\"@context\":\"https:\\\/\\\/schema.org\",\"@graph\":[{\"@type\":\"WebPage\",\"@id\":\"https:\\\/\\\/teampercheet.fi\\\/store\\\/tuote\\\/percheet-vapateline-4lle-vavalle-2\\\/\",\"url\":\"https:\\\/\\\/teampercheet.fi\\\/store\\\/tuote\\\/percheet-vapateline-4lle-vavalle-2\\\/\",\"name\":\"PERCHEET Vapateline 4:lle vavalle - Team Percheet \u2013 Laadukkaat kalastustarvikkeet ja venevarusteet\",\"isPartOf\":{\"@id\":\"https:\\\/\\\/teampercheet.fi\\\/store\\\/#website\"},\"primaryImageOfPage\":{\"@id\":\"https:\\\/\\\/teampercheet.fi\\\/store\\\/tuote\\\/percheet-vapateline-4lle-vavalle-2\\\/#primaryimage\"},\"image\":{\"@id\":\"https:\\\/\\\/teampercheet.fi\\\/store\\\/tuote\\\/percheet-vapateline-4lle-vavalle-2\\\/#primaryimage\"},\"thumbnailUrl\":\"https:\\\/\\\/teampercheet.fi\\\/store\\\/wp-content\\\/uploads\\\/2025\\\/10\\\/PERCHEET-VAPATELINE3-scaled-e1760547951504.jpg\",\"datePublished\":\"2025-10-16T19:44:35+00:00\",\"dateModified\":\"2026-04-22T06:15:44+00:00\",\"breadcrumb\":{\"@id\":\"https:\\\/\\\/teampercheet.fi\\\/store\\\/tuote\\\/percheet-vapateline-4lle-vavalle-2\\\/#breadcrumb\"},\"inLanguage\":\"fi\",\"potentialAction\":[{\"@type\":\"ReadAction\",\"target\":[\"https:\\\/\\\/teampercheet.fi\\\/store\\\/tuote\\\/percheet-vapateline-4lle-vavalle-2\\\/\"]}]},{\"@type\":\"ImageObject\",\"inLanguage\":\"fi\",\"@id\":\"https:\\\/\\\/teampercheet.fi\\\/store\\\/tuote\\\/percheet-vapateline-4lle-vavalle-2\\\/#primaryimage\",\"url\":\"https:\\\/\\\/teampercheet.fi\\\/store\\\/wp-content\\\/uploads\\\/2025\\\/10\\\/PERCHEET-VAPATELINE3-scaled-e1760547951504.jpg\",\"contentUrl\":\"https:\\\/\\\/teampercheet.fi\\\/store\\\/wp-content\\\/uploads\\\/2025\\\/10\\\/PERCHEET-VAPATELINE3-scaled-e1760547951504.jpg\",\"width\":2018,\"height\":2018},{\"@type\":\"BreadcrumbList\",\"@id\":\"https:\\\/\\\/teampercheet.fi\\\/store\\\/tuote\\\/percheet-vapateline-4lle-vavalle-2\\\/#breadcrumb\",\"itemListElement\":[{\"@type\":\"ListItem\",\"position\":1,\"name\":\"Etusivu\",\"item\":\"https:\\\/\\\/teampercheet.fi\\\/store\\\/\"},{\"@type\":\"ListItem\",\"position\":2,\"name\":\"Kauppa\",\"item\":\"https:\\\/\\\/teampercheet.fi\\\/store\\\/kauppa\\\/\"},{\"@type\":\"ListItem\",\"position\":3,\"name\":\"PERCHEET Vapateline 4:lle vavalle\"}]},{\"@type\":\"WebSite\",\"@id\":\"https:\\\/\\\/teampercheet.fi\\\/store\\\/#website\",\"url\":\"https:\\\/\\\/teampercheet.fi\\\/store\\\/\",\"name\":\"Team Percheet \u2013 Laadukkaat kalastustarvikkeet ja venevarusteet\",\"description\":\"Tutustu Percheet Gearin kattavaan valikoimaan. Kest\u00e4v\u00e4t venevarusteet, juomatelineet, anturikiinnikkeet ja anturisuojat veneilyyn ja\u00a0kalastukseen.\",\"publisher\":{\"@id\":\"https:\\\/\\\/teampercheet.fi\\\/store\\\/#organization\"},\"potentialAction\":[{\"@type\":\"SearchAction\",\"target\":{\"@type\":\"EntryPoint\",\"urlTemplate\":\"https:\\\/\\\/teampercheet.fi\\\/store\\\/?s={search_term_string}\"},\"query-input\":{\"@type\":\"PropertyValueSpecification\",\"valueRequired\":true,\"valueName\":\"search_term_string\"}}],\"inLanguage\":\"fi\"},{\"@type\":\"Organization\",\"@id\":\"https:\\\/\\\/teampercheet.fi\\\/store\\\/#organization\",\"name\":\"Team Percheet \u2013 Laadukkaat kalastustarvikkeet ja venevarusteet\",\"url\":\"https:\\\/\\\/teampercheet.fi\\\/store\\\/\",\"logo\":{\"@type\":\"ImageObject\",\"inLanguage\":\"fi\",\"@id\":\"https:\\\/\\\/teampercheet.fi\\\/store\\\/#\\\/schema\\\/logo\\\/image\\\/\",\"url\":\"https:\\\/\\\/teampercheet.fi\\\/store\\\/wp-content\\\/uploads\\\/2024\\\/10\\\/logo-tpc.png\",\"contentUrl\":\"https:\\\/\\\/teampercheet.fi\\\/store\\\/wp-content\\\/uploads\\\/2024\\\/10\\\/logo-tpc.png\",\"width\":1268,\"height\":211,\"caption\":\"Team Percheet \u2013 Laadukkaat kalastustarvikkeet ja venevarusteet\"},\"image\":{\"@id\":\"https:\\\/\\\/teampercheet.fi\\\/store\\\/#\\\/schema\\\/logo\\\/image\\\/\"}}]}<\/script>\n<!-- \/ Yoast SEO plugin. -->","yoast_head_json":{"title":"PERCHEET Vapateline 4:lle vavalle - Team Percheet \u2013 Laadukkaat kalastustarvikkeet ja venevarusteet","robots":{"index":"index","follow":"follow","max-snippet":"max-snippet:-1","max-image-preview":"max-image-preview:large","max-video-preview":"max-video-preview:-1"},"canonical":"https:\/\/teampercheet.fi\/store\/tuote\/percheet-vapateline-4lle-vavalle-2\/","og_locale":"fi_FI","og_type":"article","og_title":"PERCHEET Vapateline 4:lle vavalle - Team Percheet \u2013 Laadukkaat kalastustarvikkeet ja venevarusteet","og_description":"Kanssa harrastajien toiveiden mukaan suunniteltu kompakti vapateline nelj\u00e4lle vavalle. Voidaan kiinnitt\u00e4\u00e4 veneen versatrack kiskoon valittavissa olevalla kiskopalolla tai tasaiselle pinnalle tasokiinnikepallolla. Vapateline on suunnattavissa s\u00e4\u00e4dett\u00e4v\u00e4n kiinnityksen ansiosta jokaisen haluamalla tavalla korkealaatuisen metalli kiinnitysvarren ja pallokiinnityksien ansiosta.  T\u00e4m\u00e4 ehk\u00e4 paras vapateline pit\u00e4\u00e4 arvokkaat vapasi ojennuksessa s\u00e4ilytyksen ajan. Hinta sis\u00e4lt\u00e4\u00e4: 20cm pituisen 3D tulostetun vapatelineen metallisella 2,50cm pallokiinnitys osalla Alumiinisen kiinnitysvarren. Valittavissa kolme varren pituutta 6, 9 sek\u00e4 15cm. Pallo kiinnityksen joko versatrack kiskoon (sopii 6mm ja 8mm kiskoon) tai tasaisella alustalle.","og_url":"https:\/\/teampercheet.fi\/store\/tuote\/percheet-vapateline-4lle-vavalle-2\/","og_site_name":"Team Percheet \u2013 Laadukkaat kalastustarvikkeet ja venevarusteet","article_modified_time":"2026-04-22T06:15:44+00:00","og_image":[{"width":2018,"height":2018,"url":"https:\/\/teampercheet.fi\/store\/wp-content\/uploads\/2025\/10\/PERCHEET-VAPATELINE3-scaled-e1760547951504.jpg","type":"image\/jpeg"}],"twitter_card":"summary_large_image","schema":{"@context":"https:\/\/schema.org","@graph":[{"@type":"WebPage","@id":"https:\/\/teampercheet.fi\/store\/tuote\/percheet-vapateline-4lle-vavalle-2\/","url":"https:\/\/teampercheet.fi\/store\/tuote\/percheet-vapateline-4lle-vavalle-2\/","name":"PERCHEET Vapateline 4:lle vavalle - Team Percheet \u2013 Laadukkaat kalastustarvikkeet ja venevarusteet","isPartOf":{"@id":"https:\/\/teampercheet.fi\/store\/#website"},"primaryImageOfPage":{"@id":"https:\/\/teampercheet.fi\/store\/tuote\/percheet-vapateline-4lle-vavalle-2\/#primaryimage"},"image":{"@id":"https:\/\/teampercheet.fi\/store\/tuote\/percheet-vapateline-4lle-vavalle-2\/#primaryimage"},"thumbnailUrl":"https:\/\/teampercheet.fi\/store\/wp-content\/uploads\/2025\/10\/PERCHEET-VAPATELINE3-scaled-e1760547951504.jpg","datePublished":"2025-10-16T19:44:35+00:00","dateModified":"2026-04-22T06:15:44+00:00","breadcrumb":{"@id":"https:\/\/teampercheet.fi\/store\/tuote\/percheet-vapateline-4lle-vavalle-2\/#breadcrumb"},"inLanguage":"fi","potentialAction":[{"@type":"ReadAction","target":["https:\/\/teampercheet.fi\/store\/tuote\/percheet-vapateline-4lle-vavalle-2\/"]}]},{"@type":"ImageObject","inLanguage":"fi","@id":"https:\/\/teampercheet.fi\/store\/tuote\/percheet-vapateline-4lle-vavalle-2\/#primaryimage","url":"https:\/\/teampercheet.fi\/store\/wp-content\/uploads\/2025\/10\/PERCHEET-VAPATELINE3-scaled-e1760547951504.jpg","contentUrl":"https:\/\/teampercheet.fi\/store\/wp-content\/uploads\/2025\/10\/PERCHEET-VAPATELINE3-scaled-e1760547951504.jpg","width":2018,"height":2018},{"@type":"BreadcrumbList","@id":"https:\/\/teampercheet.fi\/store\/tuote\/percheet-vapateline-4lle-vavalle-2\/#breadcrumb","itemListElement":[{"@type":"ListItem","position":1,"name":"Etusivu","item":"https:\/\/teampercheet.fi\/store\/"},{"@type":"ListItem","position":2,"name":"Kauppa","item":"https:\/\/teampercheet.fi\/store\/kauppa\/"},{"@type":"ListItem","position":3,"name":"PERCHEET Vapateline 4:lle vavalle"}]},{"@type":"WebSite","@id":"https:\/\/teampercheet.fi\/store\/#website","url":"https:\/\/teampercheet.fi\/store\/","name":"Team Percheet \u2013 Laadukkaat kalastustarvikkeet ja venevarusteet","description":"Tutustu Percheet Gearin kattavaan valikoimaan. Kest\u00e4v\u00e4t venevarusteet, juomatelineet, anturikiinnikkeet ja anturisuojat veneilyyn ja\u00a0kalastukseen.","publisher":{"@id":"https:\/\/teampercheet.fi\/store\/#organization"},"potentialAction":[{"@type":"SearchAction","target":{"@type":"EntryPoint","urlTemplate":"https:\/\/teampercheet.fi\/store\/?s={search_term_string}"},"query-input":{"@type":"PropertyValueSpecification","valueRequired":true,"valueName":"search_term_string"}}],"inLanguage":"fi"},{"@type":"Organization","@id":"https:\/\/teampercheet.fi\/store\/#organization","name":"Team Percheet \u2013 Laadukkaat kalastustarvikkeet ja venevarusteet","url":"https:\/\/teampercheet.fi\/store\/","logo":{"@type":"ImageObject","inLanguage":"fi","@id":"https:\/\/teampercheet.fi\/store\/#\/schema\/logo\/image\/","url":"https:\/\/teampercheet.fi\/store\/wp-content\/uploads\/2024\/10\/logo-tpc.png","contentUrl":"https:\/\/teampercheet.fi\/store\/wp-content\/uploads\/2024\/10\/logo-tpc.png","width":1268,"height":211,"caption":"Team Percheet \u2013 Laadukkaat kalastustarvikkeet ja venevarusteet"},"image":{"@id":"https:\/\/teampercheet.fi\/store\/#\/schema\/logo\/image\/"}}]}},"_links":{"self":[{"href":"https:\/\/teampercheet.fi\/store\/wp-json\/wp\/v2\/product\/5204","targetHints":{"allow":["GET"]}}],"collection":[{"href":"https:\/\/teampercheet.fi\/store\/wp-json\/wp\/v2\/product"}],"about":[{"href":"https:\/\/teampercheet.fi\/store\/wp-json\/wp\/v2\/types\/product"}],"replies":[{"embeddable":true,"href":"https:\/\/teampercheet.fi\/store\/wp-json\/wp\/v2\/comments?post=5204"}],"wp:featuredmedia":[{"embeddable":true,"href":"https:\/\/teampercheet.fi\/store\/wp-json\/wp\/v2\/media\/5064"}],"wp:attachment":[{"href":"https:\/\/teampercheet.fi\/store\/wp-json\/wp\/v2\/media?parent=5204"}],"wp:term":[{"taxonomy":"product_brand","embeddable":true,"href":"https:\/\/teampercheet.fi\/store\/wp-json\/wp\/v2\/product_brand?post=5204"},{"taxonomy":"product_cat","embeddable":true,"href":"https:\/\/teampercheet.fi\/store\/wp-json\/wp\/v2\/product_cat?post=5204"},{"taxonomy":"product_tag","embeddable":true,"href":"https:\/\/teampercheet.fi\/store\/wp-json\/wp\/v2\/product_tag?post=5204"}],"curies":[{"name":"wp","href":"https:\/\/api.w.org\/{rel}","templated":true}]}}