{"id":6049,"date":"2026-03-11T20:10:15","date_gmt":"2026-03-11T18:10:15","guid":{"rendered":"https:\/\/teampercheet.fi\/store\/?post_type=product&#038;p=6049"},"modified":"2026-04-27T09:27:31","modified_gmt":"2026-04-27T06:27:31","slug":"percheet-jigiteline-vieheteline-20cm","status":"publish","type":"product","link":"https:\/\/teampercheet.fi\/store\/tuote\/percheet-jigiteline-vieheteline-20cm\/","title":{"rendered":"PERCHEET Jigiteline \/ Vieheteline 20cm"},"content":{"rendered":"","protected":false},"excerpt":{"rendered":"<p class=\"p1\">Hy\u00f6dyllinen 20 cm jigiteline \/ vieheteline jossa s\u00e4ilyt\u00e4t parhaat vieheet kalastuksen ajan k\u00e4den ulottuvilla. Teline pit\u00e4\u00e4 vieheet j\u00e4rjestyksess\u00e4 sek\u00e4 aina nopeasti saatavilla turvallisesti. Jykev\u00e4st\u00e4 muovista valmistettu jigiteline pit\u00e4\u00e4 koukut ter\u00e4vin\u00e4 verrattuna vastaaviin metallisiin vaihtoehtoihin.<\/p>\n<p class=\"p1\">Teline voidaan asentaa veneeseen monilla eri tavoilla joko m6 tai m8 pulteilla veneen laitakiskoon (Versatrack), poraruuveilla, kaksipuolisella teipill\u00e4 tai liimaamalla.<\/p>\n<p>Koko: 20cm x 3cm x 3cm.<\/p>\n<p class=\"p1\">Tuote ei sis\u00e4ll\u00e4 kiiinnitystarvikkeita.<\/p>\n","protected":false},"featured_media":6050,"comment_status":"open","ping_status":"closed","template":"","meta":[],"product_brand":[],"product_cat":[15,292,778],"product_tag":[43,65,41,40,79,80,35,42,38,73,77,90,78,32],"class_list":{"0":"post-6049","1":"product","2":"type-product","3":"status-publish","4":"has-post-thumbnail","6":"product_cat-yleinen","7":"product_cat-jigi-ja-viehetelineet","8":"product_cat-suosittelemme","9":"product_tag-jig-holder","10":"product_tag-jigholder","11":"product_tag-jigi-teline","12":"product_tag-jigiteline","13":"product_tag-kalastusvene","14":"product_tag-kalastusveneen-rakentaminen","15":"product_tag-team-percheet","16":"product_tag-team-percheet-oy","17":"product_tag-tools-holder","18":"product_tag-veneen-kiinnike","19":"product_tag-veneen-rakentelu","20":"product_tag-veneen-varusteleminen","21":"product_tag-veneprojekti","22":"product_tag-vieheteline","24":"first","25":"instock","26":"taxable","27":"shipping-taxable","28":"purchasable","29":"product-type-simple"},"yoast_head":"<!-- This site is optimized with the Yoast SEO plugin v27.3 - https:\/\/yoast.com\/product\/yoast-seo-wordpress\/ -->\n<title>PERCHEET Jigiteline \/ Vieheteline 20cm - Team Percheet \u2013 Laadukkaat kalastustarvikkeet ja venevarusteet<\/title>\n<meta name=\"robots\" content=\"index, follow, max-snippet:-1, max-image-preview:large, max-video-preview:-1\" \/>\n<link rel=\"canonical\" href=\"https:\/\/teampercheet.fi\/store\/tuote\/percheet-jigiteline-vieheteline-20cm\/\" \/>\n<meta property=\"og:locale\" content=\"fi_FI\" \/>\n<meta property=\"og:type\" content=\"article\" \/>\n<meta property=\"og:title\" content=\"PERCHEET Jigiteline \/ Vieheteline 20cm - Team Percheet \u2013 Laadukkaat kalastustarvikkeet ja venevarusteet\" \/>\n<meta property=\"og:description\" content=\"Hy\u00f6dyllinen 20 cm jigiteline \/ vieheteline jossa s\u00e4ilyt\u00e4t parhaat vieheet kalastuksen ajan k\u00e4den ulottuvilla. Teline pit\u00e4\u00e4 vieheet j\u00e4rjestyksess\u00e4 sek\u00e4 aina nopeasti saatavilla turvallisesti. Jykev\u00e4st\u00e4 muovista valmistettu jigiteline pit\u00e4\u00e4 koukut ter\u00e4vin\u00e4 verrattuna vastaaviin metallisiin vaihtoehtoihin. Teline voidaan asentaa veneeseen monilla eri tavoilla joko m6 tai m8 pulteilla veneen laitakiskoon (Versatrack), poraruuveilla, kaksipuolisella teipill\u00e4 tai liimaamalla. Koko: 20cm x 3cm x 3cm. Tuote ei sis\u00e4ll\u00e4 kiiinnitystarvikkeita.\" \/>\n<meta property=\"og:url\" content=\"https:\/\/teampercheet.fi\/store\/tuote\/percheet-jigiteline-vieheteline-20cm\/\" \/>\n<meta property=\"og:site_name\" content=\"Team Percheet \u2013 Laadukkaat kalastustarvikkeet ja venevarusteet\" \/>\n<meta property=\"article:modified_time\" content=\"2026-04-27T06:27:31+00:00\" \/>\n<meta property=\"og:image\" content=\"https:\/\/teampercheet.fi\/store\/wp-content\/uploads\/2025\/12\/Percheet-vieheteline-jigiteline-20cm-scaled.jpg\" \/>\n\t<meta property=\"og:image:width\" content=\"2560\" \/>\n\t<meta property=\"og:image:height\" content=\"2560\" \/>\n\t<meta property=\"og:image:type\" content=\"image\/jpeg\" \/>\n<meta name=\"twitter:card\" content=\"summary_large_image\" \/>\n<script type=\"application\/ld+json\" class=\"yoast-schema-graph\">{\"@context\":\"https:\\\/\\\/schema.org\",\"@graph\":[{\"@type\":\"WebPage\",\"@id\":\"https:\\\/\\\/teampercheet.fi\\\/store\\\/tuote\\\/percheet-jigiteline-vieheteline-20cm\\\/\",\"url\":\"https:\\\/\\\/teampercheet.fi\\\/store\\\/tuote\\\/percheet-jigiteline-vieheteline-20cm\\\/\",\"name\":\"PERCHEET Jigiteline \\\/ Vieheteline 20cm - Team Percheet \u2013 Laadukkaat kalastustarvikkeet ja venevarusteet\",\"isPartOf\":{\"@id\":\"https:\\\/\\\/teampercheet.fi\\\/store\\\/#website\"},\"primaryImageOfPage\":{\"@id\":\"https:\\\/\\\/teampercheet.fi\\\/store\\\/tuote\\\/percheet-jigiteline-vieheteline-20cm\\\/#primaryimage\"},\"image\":{\"@id\":\"https:\\\/\\\/teampercheet.fi\\\/store\\\/tuote\\\/percheet-jigiteline-vieheteline-20cm\\\/#primaryimage\"},\"thumbnailUrl\":\"https:\\\/\\\/teampercheet.fi\\\/store\\\/wp-content\\\/uploads\\\/2025\\\/12\\\/Percheet-vieheteline-jigiteline-20cm-scaled.jpg\",\"datePublished\":\"2026-03-11T18:10:15+00:00\",\"dateModified\":\"2026-04-27T06:27:31+00:00\",\"breadcrumb\":{\"@id\":\"https:\\\/\\\/teampercheet.fi\\\/store\\\/tuote\\\/percheet-jigiteline-vieheteline-20cm\\\/#breadcrumb\"},\"inLanguage\":\"fi\",\"potentialAction\":[{\"@type\":\"ReadAction\",\"target\":[\"https:\\\/\\\/teampercheet.fi\\\/store\\\/tuote\\\/percheet-jigiteline-vieheteline-20cm\\\/\"]}]},{\"@type\":\"ImageObject\",\"inLanguage\":\"fi\",\"@id\":\"https:\\\/\\\/teampercheet.fi\\\/store\\\/tuote\\\/percheet-jigiteline-vieheteline-20cm\\\/#primaryimage\",\"url\":\"https:\\\/\\\/teampercheet.fi\\\/store\\\/wp-content\\\/uploads\\\/2025\\\/12\\\/Percheet-vieheteline-jigiteline-20cm-scaled.jpg\",\"contentUrl\":\"https:\\\/\\\/teampercheet.fi\\\/store\\\/wp-content\\\/uploads\\\/2025\\\/12\\\/Percheet-vieheteline-jigiteline-20cm-scaled.jpg\",\"width\":2560,\"height\":2560},{\"@type\":\"BreadcrumbList\",\"@id\":\"https:\\\/\\\/teampercheet.fi\\\/store\\\/tuote\\\/percheet-jigiteline-vieheteline-20cm\\\/#breadcrumb\",\"itemListElement\":[{\"@type\":\"ListItem\",\"position\":1,\"name\":\"Etusivu\",\"item\":\"https:\\\/\\\/teampercheet.fi\\\/store\\\/\"},{\"@type\":\"ListItem\",\"position\":2,\"name\":\"Kauppa\",\"item\":\"https:\\\/\\\/teampercheet.fi\\\/store\\\/kauppa\\\/\"},{\"@type\":\"ListItem\",\"position\":3,\"name\":\"PERCHEET Jigiteline \\\/ Vieheteline 20cm\"}]},{\"@type\":\"WebSite\",\"@id\":\"https:\\\/\\\/teampercheet.fi\\\/store\\\/#website\",\"url\":\"https:\\\/\\\/teampercheet.fi\\\/store\\\/\",\"name\":\"Team Percheet \u2013 Laadukkaat kalastustarvikkeet ja venevarusteet\",\"description\":\"Tutustu Percheet Gearin kattavaan valikoimaan. Kest\u00e4v\u00e4t venevarusteet, juomatelineet, anturikiinnikkeet ja anturisuojat veneilyyn ja\u00a0kalastukseen.\",\"publisher\":{\"@id\":\"https:\\\/\\\/teampercheet.fi\\\/store\\\/#organization\"},\"potentialAction\":[{\"@type\":\"SearchAction\",\"target\":{\"@type\":\"EntryPoint\",\"urlTemplate\":\"https:\\\/\\\/teampercheet.fi\\\/store\\\/?s={search_term_string}\"},\"query-input\":{\"@type\":\"PropertyValueSpecification\",\"valueRequired\":true,\"valueName\":\"search_term_string\"}}],\"inLanguage\":\"fi\"},{\"@type\":\"Organization\",\"@id\":\"https:\\\/\\\/teampercheet.fi\\\/store\\\/#organization\",\"name\":\"Team Percheet \u2013 Laadukkaat kalastustarvikkeet ja venevarusteet\",\"url\":\"https:\\\/\\\/teampercheet.fi\\\/store\\\/\",\"logo\":{\"@type\":\"ImageObject\",\"inLanguage\":\"fi\",\"@id\":\"https:\\\/\\\/teampercheet.fi\\\/store\\\/#\\\/schema\\\/logo\\\/image\\\/\",\"url\":\"https:\\\/\\\/teampercheet.fi\\\/store\\\/wp-content\\\/uploads\\\/2024\\\/10\\\/logo-tpc.png\",\"contentUrl\":\"https:\\\/\\\/teampercheet.fi\\\/store\\\/wp-content\\\/uploads\\\/2024\\\/10\\\/logo-tpc.png\",\"width\":1268,\"height\":211,\"caption\":\"Team Percheet \u2013 Laadukkaat kalastustarvikkeet ja venevarusteet\"},\"image\":{\"@id\":\"https:\\\/\\\/teampercheet.fi\\\/store\\\/#\\\/schema\\\/logo\\\/image\\\/\"}}]}<\/script>\n<!-- \/ Yoast SEO plugin. -->","yoast_head_json":{"title":"PERCHEET Jigiteline \/ Vieheteline 20cm - Team Percheet \u2013 Laadukkaat kalastustarvikkeet ja venevarusteet","robots":{"index":"index","follow":"follow","max-snippet":"max-snippet:-1","max-image-preview":"max-image-preview:large","max-video-preview":"max-video-preview:-1"},"canonical":"https:\/\/teampercheet.fi\/store\/tuote\/percheet-jigiteline-vieheteline-20cm\/","og_locale":"fi_FI","og_type":"article","og_title":"PERCHEET Jigiteline \/ Vieheteline 20cm - Team Percheet \u2013 Laadukkaat kalastustarvikkeet ja venevarusteet","og_description":"Hy\u00f6dyllinen 20 cm jigiteline \/ vieheteline jossa s\u00e4ilyt\u00e4t parhaat vieheet kalastuksen ajan k\u00e4den ulottuvilla. Teline pit\u00e4\u00e4 vieheet j\u00e4rjestyksess\u00e4 sek\u00e4 aina nopeasti saatavilla turvallisesti. Jykev\u00e4st\u00e4 muovista valmistettu jigiteline pit\u00e4\u00e4 koukut ter\u00e4vin\u00e4 verrattuna vastaaviin metallisiin vaihtoehtoihin. Teline voidaan asentaa veneeseen monilla eri tavoilla joko m6 tai m8 pulteilla veneen laitakiskoon (Versatrack), poraruuveilla, kaksipuolisella teipill\u00e4 tai liimaamalla. Koko: 20cm x 3cm x 3cm. Tuote ei sis\u00e4ll\u00e4 kiiinnitystarvikkeita.","og_url":"https:\/\/teampercheet.fi\/store\/tuote\/percheet-jigiteline-vieheteline-20cm\/","og_site_name":"Team Percheet \u2013 Laadukkaat kalastustarvikkeet ja venevarusteet","article_modified_time":"2026-04-27T06:27:31+00:00","og_image":[{"width":2560,"height":2560,"url":"https:\/\/teampercheet.fi\/store\/wp-content\/uploads\/2025\/12\/Percheet-vieheteline-jigiteline-20cm-scaled.jpg","type":"image\/jpeg"}],"twitter_card":"summary_large_image","schema":{"@context":"https:\/\/schema.org","@graph":[{"@type":"WebPage","@id":"https:\/\/teampercheet.fi\/store\/tuote\/percheet-jigiteline-vieheteline-20cm\/","url":"https:\/\/teampercheet.fi\/store\/tuote\/percheet-jigiteline-vieheteline-20cm\/","name":"PERCHEET Jigiteline \/ Vieheteline 20cm - Team Percheet \u2013 Laadukkaat kalastustarvikkeet ja venevarusteet","isPartOf":{"@id":"https:\/\/teampercheet.fi\/store\/#website"},"primaryImageOfPage":{"@id":"https:\/\/teampercheet.fi\/store\/tuote\/percheet-jigiteline-vieheteline-20cm\/#primaryimage"},"image":{"@id":"https:\/\/teampercheet.fi\/store\/tuote\/percheet-jigiteline-vieheteline-20cm\/#primaryimage"},"thumbnailUrl":"https:\/\/teampercheet.fi\/store\/wp-content\/uploads\/2025\/12\/Percheet-vieheteline-jigiteline-20cm-scaled.jpg","datePublished":"2026-03-11T18:10:15+00:00","dateModified":"2026-04-27T06:27:31+00:00","breadcrumb":{"@id":"https:\/\/teampercheet.fi\/store\/tuote\/percheet-jigiteline-vieheteline-20cm\/#breadcrumb"},"inLanguage":"fi","potentialAction":[{"@type":"ReadAction","target":["https:\/\/teampercheet.fi\/store\/tuote\/percheet-jigiteline-vieheteline-20cm\/"]}]},{"@type":"ImageObject","inLanguage":"fi","@id":"https:\/\/teampercheet.fi\/store\/tuote\/percheet-jigiteline-vieheteline-20cm\/#primaryimage","url":"https:\/\/teampercheet.fi\/store\/wp-content\/uploads\/2025\/12\/Percheet-vieheteline-jigiteline-20cm-scaled.jpg","contentUrl":"https:\/\/teampercheet.fi\/store\/wp-content\/uploads\/2025\/12\/Percheet-vieheteline-jigiteline-20cm-scaled.jpg","width":2560,"height":2560},{"@type":"BreadcrumbList","@id":"https:\/\/teampercheet.fi\/store\/tuote\/percheet-jigiteline-vieheteline-20cm\/#breadcrumb","itemListElement":[{"@type":"ListItem","position":1,"name":"Etusivu","item":"https:\/\/teampercheet.fi\/store\/"},{"@type":"ListItem","position":2,"name":"Kauppa","item":"https:\/\/teampercheet.fi\/store\/kauppa\/"},{"@type":"ListItem","position":3,"name":"PERCHEET Jigiteline \/ Vieheteline 20cm"}]},{"@type":"WebSite","@id":"https:\/\/teampercheet.fi\/store\/#website","url":"https:\/\/teampercheet.fi\/store\/","name":"Team Percheet \u2013 Laadukkaat kalastustarvikkeet ja venevarusteet","description":"Tutustu Percheet Gearin kattavaan valikoimaan. Kest\u00e4v\u00e4t venevarusteet, juomatelineet, anturikiinnikkeet ja anturisuojat veneilyyn ja\u00a0kalastukseen.","publisher":{"@id":"https:\/\/teampercheet.fi\/store\/#organization"},"potentialAction":[{"@type":"SearchAction","target":{"@type":"EntryPoint","urlTemplate":"https:\/\/teampercheet.fi\/store\/?s={search_term_string}"},"query-input":{"@type":"PropertyValueSpecification","valueRequired":true,"valueName":"search_term_string"}}],"inLanguage":"fi"},{"@type":"Organization","@id":"https:\/\/teampercheet.fi\/store\/#organization","name":"Team Percheet \u2013 Laadukkaat kalastustarvikkeet ja venevarusteet","url":"https:\/\/teampercheet.fi\/store\/","logo":{"@type":"ImageObject","inLanguage":"fi","@id":"https:\/\/teampercheet.fi\/store\/#\/schema\/logo\/image\/","url":"https:\/\/teampercheet.fi\/store\/wp-content\/uploads\/2024\/10\/logo-tpc.png","contentUrl":"https:\/\/teampercheet.fi\/store\/wp-content\/uploads\/2024\/10\/logo-tpc.png","width":1268,"height":211,"caption":"Team Percheet \u2013 Laadukkaat kalastustarvikkeet ja venevarusteet"},"image":{"@id":"https:\/\/teampercheet.fi\/store\/#\/schema\/logo\/image\/"}}]}},"_links":{"self":[{"href":"https:\/\/teampercheet.fi\/store\/wp-json\/wp\/v2\/product\/6049","targetHints":{"allow":["GET"]}}],"collection":[{"href":"https:\/\/teampercheet.fi\/store\/wp-json\/wp\/v2\/product"}],"about":[{"href":"https:\/\/teampercheet.fi\/store\/wp-json\/wp\/v2\/types\/product"}],"replies":[{"embeddable":true,"href":"https:\/\/teampercheet.fi\/store\/wp-json\/wp\/v2\/comments?post=6049"}],"wp:featuredmedia":[{"embeddable":true,"href":"https:\/\/teampercheet.fi\/store\/wp-json\/wp\/v2\/media\/6050"}],"wp:attachment":[{"href":"https:\/\/teampercheet.fi\/store\/wp-json\/wp\/v2\/media?parent=6049"}],"wp:term":[{"taxonomy":"product_brand","embeddable":true,"href":"https:\/\/teampercheet.fi\/store\/wp-json\/wp\/v2\/product_brand?post=6049"},{"taxonomy":"product_cat","embeddable":true,"href":"https:\/\/teampercheet.fi\/store\/wp-json\/wp\/v2\/product_cat?post=6049"},{"taxonomy":"product_tag","embeddable":true,"href":"https:\/\/teampercheet.fi\/store\/wp-json\/wp\/v2\/product_tag?post=6049"}],"curies":[{"name":"wp","href":"https:\/\/api.w.org\/{rel}","templated":true}]}}