{"id":6129,"date":"2025-12-19T20:39:32","date_gmt":"2025-12-19T18:39:32","guid":{"rendered":"https:\/\/teampercheet.fi\/store\/?post_type=product&#038;p=6129"},"modified":"2026-04-12T09:01:55","modified_gmt":"2026-04-12T06:01:55","slug":"percheet-tyokaluteline-m-2","status":"publish","type":"product","link":"https:\/\/teampercheet.fi\/store\/tuote\/percheet-tyokaluteline-m-2\/","title":{"rendered":"PERCHEET Ty\u00f6kaluteline M"},"content":{"rendered":"","protected":false},"excerpt":{"rendered":"<p class=\"p1\">T\u00e4m\u00e4 <strong>PERCHEET ty\u00f6kaluteline M<\/strong> on suunniteltu tuomaan kalastuksessa k\u00e4ytt\u00e4m\u00e4si ty\u00f6kalut aivan k\u00e4tesi ulottuville tehden ty\u00f6skentelyst\u00e4si veneess\u00e4 tai talvella pilkkiess\u00e4 helpompaa ja tehokkaampaa. Ty\u00f6kalutelineeseen mahtuu 2 ty\u00f6kalua ja siin\u00e4 on muutamille vieheille s\u00e4ilytyspaikat. Lis\u00e4ksi t\u00e4ss\u00e4 uudistetussa telineess\u00e4 on paikka johon voidaan ripusta karibiinihaka. Teline on suunniteltu kest\u00e4m\u00e4\u00e4n raskaimmatkin ty\u00f6kalut. Valmistettu s\u00e4\u00e4n kest\u00e4v\u00e4st\u00e4 PETG muovista.<\/p>\n<p>Suositellaan asennettavaksi tasakantaisilla ruuveilla tai pulteilla.<\/p>\n<p>Koko: 10cm x 2,3cm x 3,5cm.<\/p>\n<p>Tarvitsetko <strong><a href=\"https:\/\/teampercheet.fi\/store\/tuote\/%f0%9f%94%a5-percheet-teline-nayttoon-l-g\/\">ty\u00f6kalutelinett\u00e4<\/a><\/strong> keulan\u00e4ytt\u00f6\u00f6n?<\/p>\n<p><strong>Valikoimassa my\u00f6s m8 t-pultit veneen alkuper\u00e4iseen kaideuraan!<\/strong><\/p>\n<h6 data-start=\"478\" data-end=\"862\"><em>Tuotekuvissa n\u00e4kyv\u00e4t ty\u00f6kalut ovat ainoastaan esillepanoa varten eiv\u00e4tk\u00e4 sis\u00e4lly tuotteen hintaan tai toimitukseen.<\/em><\/h6>\n","protected":false},"featured_media":6130,"comment_status":"open","ping_status":"closed","template":"","meta":[],"product_brand":[],"product_cat":[15,294],"product_tag":[86,79,80,87,35,42,84,31,77,88,85,90,89],"class_list":{"0":"post-6129","1":"product","2":"type-product","3":"status-publish","4":"has-post-thumbnail","6":"product_cat-yleinen","7":"product_cat-tyokalutelineet","8":"product_tag-kalastuspihdit","9":"product_tag-kalastusvene","10":"product_tag-kalastusveneen-rakentaminen","11":"product_tag-tarviketeline","12":"product_tag-team-percheet","13":"product_tag-team-percheet-oy","14":"product_tag-tyokalupidike","15":"product_tag-tyokaluteline","16":"product_tag-veneen-rakentelu","17":"product_tag-veneen-teline","18":"product_tag-veneen-tyokalut","19":"product_tag-veneen-varusteleminen","20":"product_tag-veneenvarustelu","22":"first","23":"instock","24":"taxable","25":"shipping-taxable","26":"purchasable","27":"product-type-simple"},"yoast_head":"<!-- This site is optimized with the Yoast SEO plugin v27.3 - https:\/\/yoast.com\/product\/yoast-seo-wordpress\/ -->\n<title>PERCHEET Ty\u00f6kaluteline M - Team Percheet \u2013 Laadukkaat kalastustarvikkeet ja venevarusteet<\/title>\n<meta name=\"robots\" content=\"index, follow, max-snippet:-1, max-image-preview:large, max-video-preview:-1\" \/>\n<link rel=\"canonical\" href=\"https:\/\/teampercheet.fi\/store\/tuote\/percheet-tyokaluteline-m-2\/\" \/>\n<meta property=\"og:locale\" content=\"fi_FI\" \/>\n<meta property=\"og:type\" content=\"article\" \/>\n<meta property=\"og:title\" content=\"PERCHEET Ty\u00f6kaluteline M - Team Percheet \u2013 Laadukkaat kalastustarvikkeet ja venevarusteet\" \/>\n<meta property=\"og:description\" content=\"T\u00e4m\u00e4 PERCHEET ty\u00f6kaluteline M on suunniteltu tuomaan kalastuksessa k\u00e4ytt\u00e4m\u00e4si ty\u00f6kalut aivan k\u00e4tesi ulottuville tehden ty\u00f6skentelyst\u00e4si veneess\u00e4 tai talvella pilkkiess\u00e4 helpompaa ja tehokkaampaa. Ty\u00f6kalutelineeseen mahtuu 2 ty\u00f6kalua ja siin\u00e4 on muutamille vieheille s\u00e4ilytyspaikat. Lis\u00e4ksi t\u00e4ss\u00e4 uudistetussa telineess\u00e4 on paikka johon voidaan ripusta karibiinihaka. Teline on suunniteltu kest\u00e4m\u00e4\u00e4n raskaimmatkin ty\u00f6kalut. Valmistettu s\u00e4\u00e4n kest\u00e4v\u00e4st\u00e4 PETG muovista. Suositellaan asennettavaksi tasakantaisilla ruuveilla tai pulteilla.  Koko: 10cm x 2,3cm x 3,5cm.  Tarvitsetko ty\u00f6kalutelinett\u00e4 keulan\u00e4ytt\u00f6\u00f6n?  Valikoimassa my\u00f6s m8 t-pultit veneen alkuper\u00e4iseen kaideuraan! Tuotekuvissa n\u00e4kyv\u00e4t ty\u00f6kalut ovat ainoastaan esillepanoa varten eiv\u00e4tk\u00e4 sis\u00e4lly tuotteen hintaan tai toimitukseen.\" \/>\n<meta property=\"og:url\" content=\"https:\/\/teampercheet.fi\/store\/tuote\/percheet-tyokaluteline-m-2\/\" \/>\n<meta property=\"og:site_name\" content=\"Team Percheet \u2013 Laadukkaat kalastustarvikkeet ja venevarusteet\" \/>\n<meta property=\"article:modified_time\" content=\"2026-04-12T06:01:55+00:00\" \/>\n<meta property=\"og:image\" content=\"https:\/\/teampercheet.fi\/store\/wp-content\/uploads\/2025\/12\/Percheet-kalastus-tyokaluteline-3.jpg\" \/>\n\t<meta property=\"og:image:width\" content=\"2097\" \/>\n\t<meta property=\"og:image:height\" content=\"2098\" \/>\n\t<meta property=\"og:image:type\" content=\"image\/jpeg\" \/>\n<meta name=\"twitter:card\" content=\"summary_large_image\" \/>\n<script type=\"application\/ld+json\" class=\"yoast-schema-graph\">{\"@context\":\"https:\\\/\\\/schema.org\",\"@graph\":[{\"@type\":\"WebPage\",\"@id\":\"https:\\\/\\\/teampercheet.fi\\\/store\\\/tuote\\\/percheet-tyokaluteline-m-2\\\/\",\"url\":\"https:\\\/\\\/teampercheet.fi\\\/store\\\/tuote\\\/percheet-tyokaluteline-m-2\\\/\",\"name\":\"PERCHEET Ty\u00f6kaluteline M - Team Percheet \u2013 Laadukkaat kalastustarvikkeet ja venevarusteet\",\"isPartOf\":{\"@id\":\"https:\\\/\\\/teampercheet.fi\\\/store\\\/#website\"},\"primaryImageOfPage\":{\"@id\":\"https:\\\/\\\/teampercheet.fi\\\/store\\\/tuote\\\/percheet-tyokaluteline-m-2\\\/#primaryimage\"},\"image\":{\"@id\":\"https:\\\/\\\/teampercheet.fi\\\/store\\\/tuote\\\/percheet-tyokaluteline-m-2\\\/#primaryimage\"},\"thumbnailUrl\":\"https:\\\/\\\/teampercheet.fi\\\/store\\\/wp-content\\\/uploads\\\/2025\\\/12\\\/Percheet-kalastus-tyokaluteline-3.jpg\",\"datePublished\":\"2025-12-19T18:39:32+00:00\",\"dateModified\":\"2026-04-12T06:01:55+00:00\",\"breadcrumb\":{\"@id\":\"https:\\\/\\\/teampercheet.fi\\\/store\\\/tuote\\\/percheet-tyokaluteline-m-2\\\/#breadcrumb\"},\"inLanguage\":\"fi\",\"potentialAction\":[{\"@type\":\"ReadAction\",\"target\":[\"https:\\\/\\\/teampercheet.fi\\\/store\\\/tuote\\\/percheet-tyokaluteline-m-2\\\/\"]}]},{\"@type\":\"ImageObject\",\"inLanguage\":\"fi\",\"@id\":\"https:\\\/\\\/teampercheet.fi\\\/store\\\/tuote\\\/percheet-tyokaluteline-m-2\\\/#primaryimage\",\"url\":\"https:\\\/\\\/teampercheet.fi\\\/store\\\/wp-content\\\/uploads\\\/2025\\\/12\\\/Percheet-kalastus-tyokaluteline-3.jpg\",\"contentUrl\":\"https:\\\/\\\/teampercheet.fi\\\/store\\\/wp-content\\\/uploads\\\/2025\\\/12\\\/Percheet-kalastus-tyokaluteline-3.jpg\",\"width\":2097,\"height\":2098},{\"@type\":\"BreadcrumbList\",\"@id\":\"https:\\\/\\\/teampercheet.fi\\\/store\\\/tuote\\\/percheet-tyokaluteline-m-2\\\/#breadcrumb\",\"itemListElement\":[{\"@type\":\"ListItem\",\"position\":1,\"name\":\"Etusivu\",\"item\":\"https:\\\/\\\/teampercheet.fi\\\/store\\\/\"},{\"@type\":\"ListItem\",\"position\":2,\"name\":\"Kauppa\",\"item\":\"https:\\\/\\\/teampercheet.fi\\\/store\\\/kauppa\\\/\"},{\"@type\":\"ListItem\",\"position\":3,\"name\":\"PERCHEET Ty\u00f6kaluteline M\"}]},{\"@type\":\"WebSite\",\"@id\":\"https:\\\/\\\/teampercheet.fi\\\/store\\\/#website\",\"url\":\"https:\\\/\\\/teampercheet.fi\\\/store\\\/\",\"name\":\"Team Percheet \u2013 Laadukkaat kalastustarvikkeet ja venevarusteet\",\"description\":\"Tutustu Percheet Gearin kattavaan valikoimaan. Kest\u00e4v\u00e4t venevarusteet, juomatelineet, anturikiinnikkeet ja anturisuojat veneilyyn ja\u00a0kalastukseen.\",\"publisher\":{\"@id\":\"https:\\\/\\\/teampercheet.fi\\\/store\\\/#organization\"},\"potentialAction\":[{\"@type\":\"SearchAction\",\"target\":{\"@type\":\"EntryPoint\",\"urlTemplate\":\"https:\\\/\\\/teampercheet.fi\\\/store\\\/?s={search_term_string}\"},\"query-input\":{\"@type\":\"PropertyValueSpecification\",\"valueRequired\":true,\"valueName\":\"search_term_string\"}}],\"inLanguage\":\"fi\"},{\"@type\":\"Organization\",\"@id\":\"https:\\\/\\\/teampercheet.fi\\\/store\\\/#organization\",\"name\":\"Team Percheet \u2013 Laadukkaat kalastustarvikkeet ja venevarusteet\",\"url\":\"https:\\\/\\\/teampercheet.fi\\\/store\\\/\",\"logo\":{\"@type\":\"ImageObject\",\"inLanguage\":\"fi\",\"@id\":\"https:\\\/\\\/teampercheet.fi\\\/store\\\/#\\\/schema\\\/logo\\\/image\\\/\",\"url\":\"https:\\\/\\\/teampercheet.fi\\\/store\\\/wp-content\\\/uploads\\\/2024\\\/10\\\/logo-tpc.png\",\"contentUrl\":\"https:\\\/\\\/teampercheet.fi\\\/store\\\/wp-content\\\/uploads\\\/2024\\\/10\\\/logo-tpc.png\",\"width\":1268,\"height\":211,\"caption\":\"Team Percheet \u2013 Laadukkaat kalastustarvikkeet ja venevarusteet\"},\"image\":{\"@id\":\"https:\\\/\\\/teampercheet.fi\\\/store\\\/#\\\/schema\\\/logo\\\/image\\\/\"}}]}<\/script>\n<!-- \/ Yoast SEO plugin. -->","yoast_head_json":{"title":"PERCHEET Ty\u00f6kaluteline M - Team Percheet \u2013 Laadukkaat kalastustarvikkeet ja venevarusteet","robots":{"index":"index","follow":"follow","max-snippet":"max-snippet:-1","max-image-preview":"max-image-preview:large","max-video-preview":"max-video-preview:-1"},"canonical":"https:\/\/teampercheet.fi\/store\/tuote\/percheet-tyokaluteline-m-2\/","og_locale":"fi_FI","og_type":"article","og_title":"PERCHEET Ty\u00f6kaluteline M - Team Percheet \u2013 Laadukkaat kalastustarvikkeet ja venevarusteet","og_description":"T\u00e4m\u00e4 PERCHEET ty\u00f6kaluteline M on suunniteltu tuomaan kalastuksessa k\u00e4ytt\u00e4m\u00e4si ty\u00f6kalut aivan k\u00e4tesi ulottuville tehden ty\u00f6skentelyst\u00e4si veneess\u00e4 tai talvella pilkkiess\u00e4 helpompaa ja tehokkaampaa. Ty\u00f6kalutelineeseen mahtuu 2 ty\u00f6kalua ja siin\u00e4 on muutamille vieheille s\u00e4ilytyspaikat. Lis\u00e4ksi t\u00e4ss\u00e4 uudistetussa telineess\u00e4 on paikka johon voidaan ripusta karibiinihaka. Teline on suunniteltu kest\u00e4m\u00e4\u00e4n raskaimmatkin ty\u00f6kalut. Valmistettu s\u00e4\u00e4n kest\u00e4v\u00e4st\u00e4 PETG muovista. Suositellaan asennettavaksi tasakantaisilla ruuveilla tai pulteilla.  Koko: 10cm x 2,3cm x 3,5cm.  Tarvitsetko ty\u00f6kalutelinett\u00e4 keulan\u00e4ytt\u00f6\u00f6n?  Valikoimassa my\u00f6s m8 t-pultit veneen alkuper\u00e4iseen kaideuraan! Tuotekuvissa n\u00e4kyv\u00e4t ty\u00f6kalut ovat ainoastaan esillepanoa varten eiv\u00e4tk\u00e4 sis\u00e4lly tuotteen hintaan tai toimitukseen.","og_url":"https:\/\/teampercheet.fi\/store\/tuote\/percheet-tyokaluteline-m-2\/","og_site_name":"Team Percheet \u2013 Laadukkaat kalastustarvikkeet ja venevarusteet","article_modified_time":"2026-04-12T06:01:55+00:00","og_image":[{"width":2097,"height":2098,"url":"https:\/\/teampercheet.fi\/store\/wp-content\/uploads\/2025\/12\/Percheet-kalastus-tyokaluteline-3.jpg","type":"image\/jpeg"}],"twitter_card":"summary_large_image","schema":{"@context":"https:\/\/schema.org","@graph":[{"@type":"WebPage","@id":"https:\/\/teampercheet.fi\/store\/tuote\/percheet-tyokaluteline-m-2\/","url":"https:\/\/teampercheet.fi\/store\/tuote\/percheet-tyokaluteline-m-2\/","name":"PERCHEET Ty\u00f6kaluteline M - Team Percheet \u2013 Laadukkaat kalastustarvikkeet ja venevarusteet","isPartOf":{"@id":"https:\/\/teampercheet.fi\/store\/#website"},"primaryImageOfPage":{"@id":"https:\/\/teampercheet.fi\/store\/tuote\/percheet-tyokaluteline-m-2\/#primaryimage"},"image":{"@id":"https:\/\/teampercheet.fi\/store\/tuote\/percheet-tyokaluteline-m-2\/#primaryimage"},"thumbnailUrl":"https:\/\/teampercheet.fi\/store\/wp-content\/uploads\/2025\/12\/Percheet-kalastus-tyokaluteline-3.jpg","datePublished":"2025-12-19T18:39:32+00:00","dateModified":"2026-04-12T06:01:55+00:00","breadcrumb":{"@id":"https:\/\/teampercheet.fi\/store\/tuote\/percheet-tyokaluteline-m-2\/#breadcrumb"},"inLanguage":"fi","potentialAction":[{"@type":"ReadAction","target":["https:\/\/teampercheet.fi\/store\/tuote\/percheet-tyokaluteline-m-2\/"]}]},{"@type":"ImageObject","inLanguage":"fi","@id":"https:\/\/teampercheet.fi\/store\/tuote\/percheet-tyokaluteline-m-2\/#primaryimage","url":"https:\/\/teampercheet.fi\/store\/wp-content\/uploads\/2025\/12\/Percheet-kalastus-tyokaluteline-3.jpg","contentUrl":"https:\/\/teampercheet.fi\/store\/wp-content\/uploads\/2025\/12\/Percheet-kalastus-tyokaluteline-3.jpg","width":2097,"height":2098},{"@type":"BreadcrumbList","@id":"https:\/\/teampercheet.fi\/store\/tuote\/percheet-tyokaluteline-m-2\/#breadcrumb","itemListElement":[{"@type":"ListItem","position":1,"name":"Etusivu","item":"https:\/\/teampercheet.fi\/store\/"},{"@type":"ListItem","position":2,"name":"Kauppa","item":"https:\/\/teampercheet.fi\/store\/kauppa\/"},{"@type":"ListItem","position":3,"name":"PERCHEET Ty\u00f6kaluteline M"}]},{"@type":"WebSite","@id":"https:\/\/teampercheet.fi\/store\/#website","url":"https:\/\/teampercheet.fi\/store\/","name":"Team Percheet \u2013 Laadukkaat kalastustarvikkeet ja venevarusteet","description":"Tutustu Percheet Gearin kattavaan valikoimaan. Kest\u00e4v\u00e4t venevarusteet, juomatelineet, anturikiinnikkeet ja anturisuojat veneilyyn ja\u00a0kalastukseen.","publisher":{"@id":"https:\/\/teampercheet.fi\/store\/#organization"},"potentialAction":[{"@type":"SearchAction","target":{"@type":"EntryPoint","urlTemplate":"https:\/\/teampercheet.fi\/store\/?s={search_term_string}"},"query-input":{"@type":"PropertyValueSpecification","valueRequired":true,"valueName":"search_term_string"}}],"inLanguage":"fi"},{"@type":"Organization","@id":"https:\/\/teampercheet.fi\/store\/#organization","name":"Team Percheet \u2013 Laadukkaat kalastustarvikkeet ja venevarusteet","url":"https:\/\/teampercheet.fi\/store\/","logo":{"@type":"ImageObject","inLanguage":"fi","@id":"https:\/\/teampercheet.fi\/store\/#\/schema\/logo\/image\/","url":"https:\/\/teampercheet.fi\/store\/wp-content\/uploads\/2024\/10\/logo-tpc.png","contentUrl":"https:\/\/teampercheet.fi\/store\/wp-content\/uploads\/2024\/10\/logo-tpc.png","width":1268,"height":211,"caption":"Team Percheet \u2013 Laadukkaat kalastustarvikkeet ja venevarusteet"},"image":{"@id":"https:\/\/teampercheet.fi\/store\/#\/schema\/logo\/image\/"}}]}},"_links":{"self":[{"href":"https:\/\/teampercheet.fi\/store\/wp-json\/wp\/v2\/product\/6129","targetHints":{"allow":["GET"]}}],"collection":[{"href":"https:\/\/teampercheet.fi\/store\/wp-json\/wp\/v2\/product"}],"about":[{"href":"https:\/\/teampercheet.fi\/store\/wp-json\/wp\/v2\/types\/product"}],"replies":[{"embeddable":true,"href":"https:\/\/teampercheet.fi\/store\/wp-json\/wp\/v2\/comments?post=6129"}],"wp:featuredmedia":[{"embeddable":true,"href":"https:\/\/teampercheet.fi\/store\/wp-json\/wp\/v2\/media\/6130"}],"wp:attachment":[{"href":"https:\/\/teampercheet.fi\/store\/wp-json\/wp\/v2\/media?parent=6129"}],"wp:term":[{"taxonomy":"product_brand","embeddable":true,"href":"https:\/\/teampercheet.fi\/store\/wp-json\/wp\/v2\/product_brand?post=6129"},{"taxonomy":"product_cat","embeddable":true,"href":"https:\/\/teampercheet.fi\/store\/wp-json\/wp\/v2\/product_cat?post=6129"},{"taxonomy":"product_tag","embeddable":true,"href":"https:\/\/teampercheet.fi\/store\/wp-json\/wp\/v2\/product_tag?post=6129"}],"curies":[{"name":"wp","href":"https:\/\/api.w.org\/{rel}","templated":true}]}}