{"id":6151,"date":"2025-12-26T20:53:19","date_gmt":"2025-12-26T18:53:19","guid":{"rendered":"https:\/\/teampercheet.fi\/store\/?post_type=product&#038;p=6151"},"modified":"2026-03-10T21:40:51","modified_gmt":"2026-03-10T19:40:51","slug":"percheet-10-in-1-sailytysjarjestelma-80mm","status":"publish","type":"product","link":"https:\/\/teampercheet.fi\/store\/tuote\/percheet-10-in-1-sailytysjarjestelma-80mm\/","title":{"rendered":"PERCHEET 10 in 1 s\u00e4ilytysj\u00e4rjestelm\u00e4 80mm"},"content":{"rendered":"","protected":false},"excerpt":{"rendered":"<p data-start=\"408\" data-end=\"496\" data-is-last-node=\"\" data-is-only-node=\"\">Sis\u00e4lt\u00e4\u00e4 lokeron sek\u00e4 tilaa ty\u00f6kaluille ja tarvikkeille.<\/p>\n<p data-start=\"408\" data-end=\"496\" data-is-last-node=\"\" data-is-only-node=\"\">Percheet 10 in 1 s\u00e4ilytysj\u00e4rjestelm\u00e4 80mm on t\u00e4ydellinen ratkaisu tarvikkeiden ja ty\u00f6kalujen sek\u00e4 yhden 0,33-0,5l juomapullon s\u00e4ilytt\u00e4miseen, kun haluat varustella veneen tai kajakin minimaalisesti pit\u00e4en laidat mahdollisimman vapaana varusteista. Suunniteltu kiinnitett\u00e4v\u00e4ksi veneen laitakiskoon (versatrack) t-pulteilla tai poraamalla ruuveilla. Valmistettu 3D-tulostamalla s\u00e4\u00e4nkest\u00e4v\u00e4st\u00e4 muovista. Voidaan k\u00e4ytt\u00e4\u00e4 my\u00f6s talvikalastuksessa pilkkiahkiossa, pilkkiboksissa tai kelkassa.<\/p>\n<p data-start=\"408\" data-end=\"496\" data-is-last-node=\"\" data-is-only-node=\"\">Koko 8cm x 10 cm x 28cm.<\/p>\n<p data-start=\"408\" data-end=\"496\" data-is-last-node=\"\" data-is-only-node=\"\">Katso my\u00f6s korkeampi 12 cm versio.<\/p>\n","protected":false},"featured_media":6163,"comment_status":"open","ping_status":"closed","template":"","meta":[],"product_brand":[],"product_cat":[15,295,300],"product_tag":[],"class_list":{"0":"post-6151","1":"product","2":"type-product","3":"status-publish","4":"has-post-thumbnail","6":"product_cat-yleinen","7":"product_cat-telineet","8":"product_cat-uutuudet","10":"first","11":"instock","12":"taxable","13":"shipping-taxable","14":"purchasable","15":"product-type-simple"},"yoast_head":"<!-- This site is optimized with the Yoast SEO plugin v27.3 - https:\/\/yoast.com\/product\/yoast-seo-wordpress\/ -->\n<title>PERCHEET 10 in 1 s\u00e4ilytysj\u00e4rjestelm\u00e4 80mm - Team Percheet \u2013 Laadukkaat kalastustarvikkeet ja venevarusteet<\/title>\n<meta name=\"robots\" content=\"index, follow, max-snippet:-1, max-image-preview:large, max-video-preview:-1\" \/>\n<link rel=\"canonical\" href=\"https:\/\/teampercheet.fi\/store\/tuote\/percheet-10-in-1-sailytysjarjestelma-80mm\/\" \/>\n<meta property=\"og:locale\" content=\"fi_FI\" \/>\n<meta property=\"og:type\" content=\"article\" \/>\n<meta property=\"og:title\" content=\"PERCHEET 10 in 1 s\u00e4ilytysj\u00e4rjestelm\u00e4 80mm - Team Percheet \u2013 Laadukkaat kalastustarvikkeet ja venevarusteet\" \/>\n<meta property=\"og:description\" content=\"Sis\u00e4lt\u00e4\u00e4 lokeron sek\u00e4 tilaa ty\u00f6kaluille ja tarvikkeille. Percheet 10 in 1 s\u00e4ilytysj\u00e4rjestelm\u00e4 80mm on t\u00e4ydellinen ratkaisu tarvikkeiden ja ty\u00f6kalujen sek\u00e4 yhden 0,33-0,5l juomapullon s\u00e4ilytt\u00e4miseen, kun haluat varustella veneen tai kajakin minimaalisesti pit\u00e4en laidat mahdollisimman vapaana varusteista. Suunniteltu kiinnitett\u00e4v\u00e4ksi veneen laitakiskoon (versatrack) t-pulteilla tai poraamalla ruuveilla. Valmistettu 3D-tulostamalla s\u00e4\u00e4nkest\u00e4v\u00e4st\u00e4 muovista. Voidaan k\u00e4ytt\u00e4\u00e4 my\u00f6s talvikalastuksessa pilkkiahkiossa, pilkkiboksissa tai kelkassa. Koko 8cm x 10 cm x 28cm. Katso my\u00f6s korkeampi 12 cm versio.\" \/>\n<meta property=\"og:url\" content=\"https:\/\/teampercheet.fi\/store\/tuote\/percheet-10-in-1-sailytysjarjestelma-80mm\/\" \/>\n<meta property=\"og:site_name\" content=\"Team Percheet \u2013 Laadukkaat kalastustarvikkeet ja venevarusteet\" \/>\n<meta property=\"article:modified_time\" content=\"2026-03-10T19:40:51+00:00\" \/>\n<meta property=\"og:image\" content=\"https:\/\/teampercheet.fi\/store\/wp-content\/uploads\/2025\/12\/PERCHEET-Sailytysjarjestelma-80mm-scaled.jpg\" \/>\n\t<meta property=\"og:image:width\" content=\"2560\" \/>\n\t<meta property=\"og:image:height\" content=\"2560\" \/>\n\t<meta property=\"og:image:type\" content=\"image\/jpeg\" \/>\n<meta name=\"twitter:card\" content=\"summary_large_image\" \/>\n<script type=\"application\/ld+json\" class=\"yoast-schema-graph\">{\"@context\":\"https:\\\/\\\/schema.org\",\"@graph\":[{\"@type\":\"WebPage\",\"@id\":\"https:\\\/\\\/teampercheet.fi\\\/store\\\/tuote\\\/percheet-10-in-1-sailytysjarjestelma-80mm\\\/\",\"url\":\"https:\\\/\\\/teampercheet.fi\\\/store\\\/tuote\\\/percheet-10-in-1-sailytysjarjestelma-80mm\\\/\",\"name\":\"PERCHEET 10 in 1 s\u00e4ilytysj\u00e4rjestelm\u00e4 80mm - Team Percheet \u2013 Laadukkaat kalastustarvikkeet ja venevarusteet\",\"isPartOf\":{\"@id\":\"https:\\\/\\\/teampercheet.fi\\\/store\\\/#website\"},\"primaryImageOfPage\":{\"@id\":\"https:\\\/\\\/teampercheet.fi\\\/store\\\/tuote\\\/percheet-10-in-1-sailytysjarjestelma-80mm\\\/#primaryimage\"},\"image\":{\"@id\":\"https:\\\/\\\/teampercheet.fi\\\/store\\\/tuote\\\/percheet-10-in-1-sailytysjarjestelma-80mm\\\/#primaryimage\"},\"thumbnailUrl\":\"https:\\\/\\\/teampercheet.fi\\\/store\\\/wp-content\\\/uploads\\\/2025\\\/12\\\/PERCHEET-Sailytysjarjestelma-80mm-scaled.jpg\",\"datePublished\":\"2025-12-26T18:53:19+00:00\",\"dateModified\":\"2026-03-10T19:40:51+00:00\",\"breadcrumb\":{\"@id\":\"https:\\\/\\\/teampercheet.fi\\\/store\\\/tuote\\\/percheet-10-in-1-sailytysjarjestelma-80mm\\\/#breadcrumb\"},\"inLanguage\":\"fi\",\"potentialAction\":[{\"@type\":\"ReadAction\",\"target\":[\"https:\\\/\\\/teampercheet.fi\\\/store\\\/tuote\\\/percheet-10-in-1-sailytysjarjestelma-80mm\\\/\"]}]},{\"@type\":\"ImageObject\",\"inLanguage\":\"fi\",\"@id\":\"https:\\\/\\\/teampercheet.fi\\\/store\\\/tuote\\\/percheet-10-in-1-sailytysjarjestelma-80mm\\\/#primaryimage\",\"url\":\"https:\\\/\\\/teampercheet.fi\\\/store\\\/wp-content\\\/uploads\\\/2025\\\/12\\\/PERCHEET-Sailytysjarjestelma-80mm-scaled.jpg\",\"contentUrl\":\"https:\\\/\\\/teampercheet.fi\\\/store\\\/wp-content\\\/uploads\\\/2025\\\/12\\\/PERCHEET-Sailytysjarjestelma-80mm-scaled.jpg\",\"width\":2560,\"height\":2560},{\"@type\":\"BreadcrumbList\",\"@id\":\"https:\\\/\\\/teampercheet.fi\\\/store\\\/tuote\\\/percheet-10-in-1-sailytysjarjestelma-80mm\\\/#breadcrumb\",\"itemListElement\":[{\"@type\":\"ListItem\",\"position\":1,\"name\":\"Etusivu\",\"item\":\"https:\\\/\\\/teampercheet.fi\\\/store\\\/\"},{\"@type\":\"ListItem\",\"position\":2,\"name\":\"Kauppa\",\"item\":\"https:\\\/\\\/teampercheet.fi\\\/store\\\/kauppa\\\/\"},{\"@type\":\"ListItem\",\"position\":3,\"name\":\"PERCHEET 10 in 1 s\u00e4ilytysj\u00e4rjestelm\u00e4 80mm\"}]},{\"@type\":\"WebSite\",\"@id\":\"https:\\\/\\\/teampercheet.fi\\\/store\\\/#website\",\"url\":\"https:\\\/\\\/teampercheet.fi\\\/store\\\/\",\"name\":\"Team Percheet \u2013 Laadukkaat kalastustarvikkeet ja venevarusteet\",\"description\":\"Tutustu Percheet Gearin kattavaan valikoimaan. Kest\u00e4v\u00e4t venevarusteet, juomatelineet, anturikiinnikkeet ja anturisuojat veneilyyn ja\u00a0kalastukseen.\",\"publisher\":{\"@id\":\"https:\\\/\\\/teampercheet.fi\\\/store\\\/#organization\"},\"potentialAction\":[{\"@type\":\"SearchAction\",\"target\":{\"@type\":\"EntryPoint\",\"urlTemplate\":\"https:\\\/\\\/teampercheet.fi\\\/store\\\/?s={search_term_string}\"},\"query-input\":{\"@type\":\"PropertyValueSpecification\",\"valueRequired\":true,\"valueName\":\"search_term_string\"}}],\"inLanguage\":\"fi\"},{\"@type\":\"Organization\",\"@id\":\"https:\\\/\\\/teampercheet.fi\\\/store\\\/#organization\",\"name\":\"Team Percheet \u2013 Laadukkaat kalastustarvikkeet ja venevarusteet\",\"url\":\"https:\\\/\\\/teampercheet.fi\\\/store\\\/\",\"logo\":{\"@type\":\"ImageObject\",\"inLanguage\":\"fi\",\"@id\":\"https:\\\/\\\/teampercheet.fi\\\/store\\\/#\\\/schema\\\/logo\\\/image\\\/\",\"url\":\"https:\\\/\\\/teampercheet.fi\\\/store\\\/wp-content\\\/uploads\\\/2024\\\/10\\\/logo-tpc.png\",\"contentUrl\":\"https:\\\/\\\/teampercheet.fi\\\/store\\\/wp-content\\\/uploads\\\/2024\\\/10\\\/logo-tpc.png\",\"width\":1268,\"height\":211,\"caption\":\"Team Percheet \u2013 Laadukkaat kalastustarvikkeet ja venevarusteet\"},\"image\":{\"@id\":\"https:\\\/\\\/teampercheet.fi\\\/store\\\/#\\\/schema\\\/logo\\\/image\\\/\"}}]}<\/script>\n<!-- \/ Yoast SEO plugin. -->","yoast_head_json":{"title":"PERCHEET 10 in 1 s\u00e4ilytysj\u00e4rjestelm\u00e4 80mm - Team Percheet \u2013 Laadukkaat kalastustarvikkeet ja venevarusteet","robots":{"index":"index","follow":"follow","max-snippet":"max-snippet:-1","max-image-preview":"max-image-preview:large","max-video-preview":"max-video-preview:-1"},"canonical":"https:\/\/teampercheet.fi\/store\/tuote\/percheet-10-in-1-sailytysjarjestelma-80mm\/","og_locale":"fi_FI","og_type":"article","og_title":"PERCHEET 10 in 1 s\u00e4ilytysj\u00e4rjestelm\u00e4 80mm - Team Percheet \u2013 Laadukkaat kalastustarvikkeet ja venevarusteet","og_description":"Sis\u00e4lt\u00e4\u00e4 lokeron sek\u00e4 tilaa ty\u00f6kaluille ja tarvikkeille. Percheet 10 in 1 s\u00e4ilytysj\u00e4rjestelm\u00e4 80mm on t\u00e4ydellinen ratkaisu tarvikkeiden ja ty\u00f6kalujen sek\u00e4 yhden 0,33-0,5l juomapullon s\u00e4ilytt\u00e4miseen, kun haluat varustella veneen tai kajakin minimaalisesti pit\u00e4en laidat mahdollisimman vapaana varusteista. Suunniteltu kiinnitett\u00e4v\u00e4ksi veneen laitakiskoon (versatrack) t-pulteilla tai poraamalla ruuveilla. Valmistettu 3D-tulostamalla s\u00e4\u00e4nkest\u00e4v\u00e4st\u00e4 muovista. Voidaan k\u00e4ytt\u00e4\u00e4 my\u00f6s talvikalastuksessa pilkkiahkiossa, pilkkiboksissa tai kelkassa. Koko 8cm x 10 cm x 28cm. Katso my\u00f6s korkeampi 12 cm versio.","og_url":"https:\/\/teampercheet.fi\/store\/tuote\/percheet-10-in-1-sailytysjarjestelma-80mm\/","og_site_name":"Team Percheet \u2013 Laadukkaat kalastustarvikkeet ja venevarusteet","article_modified_time":"2026-03-10T19:40:51+00:00","og_image":[{"width":2560,"height":2560,"url":"https:\/\/teampercheet.fi\/store\/wp-content\/uploads\/2025\/12\/PERCHEET-Sailytysjarjestelma-80mm-scaled.jpg","type":"image\/jpeg"}],"twitter_card":"summary_large_image","schema":{"@context":"https:\/\/schema.org","@graph":[{"@type":"WebPage","@id":"https:\/\/teampercheet.fi\/store\/tuote\/percheet-10-in-1-sailytysjarjestelma-80mm\/","url":"https:\/\/teampercheet.fi\/store\/tuote\/percheet-10-in-1-sailytysjarjestelma-80mm\/","name":"PERCHEET 10 in 1 s\u00e4ilytysj\u00e4rjestelm\u00e4 80mm - Team Percheet \u2013 Laadukkaat kalastustarvikkeet ja venevarusteet","isPartOf":{"@id":"https:\/\/teampercheet.fi\/store\/#website"},"primaryImageOfPage":{"@id":"https:\/\/teampercheet.fi\/store\/tuote\/percheet-10-in-1-sailytysjarjestelma-80mm\/#primaryimage"},"image":{"@id":"https:\/\/teampercheet.fi\/store\/tuote\/percheet-10-in-1-sailytysjarjestelma-80mm\/#primaryimage"},"thumbnailUrl":"https:\/\/teampercheet.fi\/store\/wp-content\/uploads\/2025\/12\/PERCHEET-Sailytysjarjestelma-80mm-scaled.jpg","datePublished":"2025-12-26T18:53:19+00:00","dateModified":"2026-03-10T19:40:51+00:00","breadcrumb":{"@id":"https:\/\/teampercheet.fi\/store\/tuote\/percheet-10-in-1-sailytysjarjestelma-80mm\/#breadcrumb"},"inLanguage":"fi","potentialAction":[{"@type":"ReadAction","target":["https:\/\/teampercheet.fi\/store\/tuote\/percheet-10-in-1-sailytysjarjestelma-80mm\/"]}]},{"@type":"ImageObject","inLanguage":"fi","@id":"https:\/\/teampercheet.fi\/store\/tuote\/percheet-10-in-1-sailytysjarjestelma-80mm\/#primaryimage","url":"https:\/\/teampercheet.fi\/store\/wp-content\/uploads\/2025\/12\/PERCHEET-Sailytysjarjestelma-80mm-scaled.jpg","contentUrl":"https:\/\/teampercheet.fi\/store\/wp-content\/uploads\/2025\/12\/PERCHEET-Sailytysjarjestelma-80mm-scaled.jpg","width":2560,"height":2560},{"@type":"BreadcrumbList","@id":"https:\/\/teampercheet.fi\/store\/tuote\/percheet-10-in-1-sailytysjarjestelma-80mm\/#breadcrumb","itemListElement":[{"@type":"ListItem","position":1,"name":"Etusivu","item":"https:\/\/teampercheet.fi\/store\/"},{"@type":"ListItem","position":2,"name":"Kauppa","item":"https:\/\/teampercheet.fi\/store\/kauppa\/"},{"@type":"ListItem","position":3,"name":"PERCHEET 10 in 1 s\u00e4ilytysj\u00e4rjestelm\u00e4 80mm"}]},{"@type":"WebSite","@id":"https:\/\/teampercheet.fi\/store\/#website","url":"https:\/\/teampercheet.fi\/store\/","name":"Team Percheet \u2013 Laadukkaat kalastustarvikkeet ja venevarusteet","description":"Tutustu Percheet Gearin kattavaan valikoimaan. Kest\u00e4v\u00e4t venevarusteet, juomatelineet, anturikiinnikkeet ja anturisuojat veneilyyn ja\u00a0kalastukseen.","publisher":{"@id":"https:\/\/teampercheet.fi\/store\/#organization"},"potentialAction":[{"@type":"SearchAction","target":{"@type":"EntryPoint","urlTemplate":"https:\/\/teampercheet.fi\/store\/?s={search_term_string}"},"query-input":{"@type":"PropertyValueSpecification","valueRequired":true,"valueName":"search_term_string"}}],"inLanguage":"fi"},{"@type":"Organization","@id":"https:\/\/teampercheet.fi\/store\/#organization","name":"Team Percheet \u2013 Laadukkaat kalastustarvikkeet ja venevarusteet","url":"https:\/\/teampercheet.fi\/store\/","logo":{"@type":"ImageObject","inLanguage":"fi","@id":"https:\/\/teampercheet.fi\/store\/#\/schema\/logo\/image\/","url":"https:\/\/teampercheet.fi\/store\/wp-content\/uploads\/2024\/10\/logo-tpc.png","contentUrl":"https:\/\/teampercheet.fi\/store\/wp-content\/uploads\/2024\/10\/logo-tpc.png","width":1268,"height":211,"caption":"Team Percheet \u2013 Laadukkaat kalastustarvikkeet ja venevarusteet"},"image":{"@id":"https:\/\/teampercheet.fi\/store\/#\/schema\/logo\/image\/"}}]}},"_links":{"self":[{"href":"https:\/\/teampercheet.fi\/store\/wp-json\/wp\/v2\/product\/6151","targetHints":{"allow":["GET"]}}],"collection":[{"href":"https:\/\/teampercheet.fi\/store\/wp-json\/wp\/v2\/product"}],"about":[{"href":"https:\/\/teampercheet.fi\/store\/wp-json\/wp\/v2\/types\/product"}],"replies":[{"embeddable":true,"href":"https:\/\/teampercheet.fi\/store\/wp-json\/wp\/v2\/comments?post=6151"}],"wp:featuredmedia":[{"embeddable":true,"href":"https:\/\/teampercheet.fi\/store\/wp-json\/wp\/v2\/media\/6163"}],"wp:attachment":[{"href":"https:\/\/teampercheet.fi\/store\/wp-json\/wp\/v2\/media?parent=6151"}],"wp:term":[{"taxonomy":"product_brand","embeddable":true,"href":"https:\/\/teampercheet.fi\/store\/wp-json\/wp\/v2\/product_brand?post=6151"},{"taxonomy":"product_cat","embeddable":true,"href":"https:\/\/teampercheet.fi\/store\/wp-json\/wp\/v2\/product_cat?post=6151"},{"taxonomy":"product_tag","embeddable":true,"href":"https:\/\/teampercheet.fi\/store\/wp-json\/wp\/v2\/product_tag?post=6151"}],"curies":[{"name":"wp","href":"https:\/\/api.w.org\/{rel}","templated":true}]}}