{"id":6153,"date":"2025-12-29T00:45:44","date_gmt":"2025-12-28T22:45:44","guid":{"rendered":"https:\/\/teampercheet.fi\/store\/?post_type=product&#038;p=6153"},"modified":"2026-04-20T05:46:28","modified_gmt":"2026-04-20T02:46:28","slug":"percheet-siimakela-teline","status":"publish","type":"product","link":"https:\/\/teampercheet.fi\/store\/tuote\/percheet-siimakela-teline\/","title":{"rendered":"PERCHEET Siimarullapidin"},"content":{"rendered":"","protected":false},"excerpt":{"rendered":"<p class=\"isSelectedEnd\"><strong>Percheet Siimarullapidin <\/strong><\/p>\n<p class=\"isSelectedEnd\">Onko\u00a0siimakelat veneess\u00e4si jatkuvasti py\u00f6rim\u00e4ss\u00e4 holtittomasti tai hukassa silloin, kun niit\u00e4 eniten tarvitset? Percheet Siimakela -teline on suunniteltu tekem\u00e4\u00e4n siimakelojen k\u00e4yt\u00f6st\u00e4 ja s\u00e4ilytyksest\u00e4 helppoa, nopeaa ja hallittua.<\/p>\n<p class=\"isSelectedEnd\">Teline pit\u00e4\u00e4 siimakelat tukevasti paikoillaan ja mahdollistaa kelan py\u00f6rimisvastuksen s\u00e4\u00e4t\u00e4misen k\u00e4tev\u00e4ll\u00e4 kiristysmutterilla. N\u00e4in siima purkautuu hallitusti ilman sotkuja \u2013 juuri silloin kun piuhat katkeavat ja nopea toiminta on t\u00e4rke\u00e4\u00e4.<\/p>\n<p>Teline voidaan asentaa esimerkiksi veneen heittotasoluukun kanteen joko mukana tulevilla kaksipuoliteipeill\u00e4 tai ruuvaamalla (ruuvit hankittava erikseen). Kompakti ja k\u00e4yt\u00e4nn\u00f6llinen ratkaisu, joka pit\u00e4\u00e4 siimakelat aina k\u00e4den ulottuvilla.<\/p>\n","protected":false},"featured_media":6169,"comment_status":"open","ping_status":"closed","template":"","meta":[],"product_brand":[],"product_cat":[15,295,300],"product_tag":[],"class_list":{"0":"post-6153","1":"product","2":"type-product","3":"status-publish","4":"has-post-thumbnail","6":"product_cat-yleinen","7":"product_cat-telineet","8":"product_cat-uutuudet","10":"first","11":"instock","12":"taxable","13":"shipping-taxable","14":"purchasable","15":"product-type-simple"},"yoast_head":"<!-- This site is optimized with the Yoast SEO plugin v27.3 - https:\/\/yoast.com\/product\/yoast-seo-wordpress\/ -->\n<title>PERCHEET Siimarullapidin - Team Percheet \u2013 Laadukkaat kalastustarvikkeet ja venevarusteet<\/title>\n<meta name=\"robots\" content=\"index, follow, max-snippet:-1, max-image-preview:large, max-video-preview:-1\" \/>\n<link rel=\"canonical\" href=\"https:\/\/teampercheet.fi\/store\/tuote\/percheet-siimakela-teline\/\" \/>\n<meta property=\"og:locale\" content=\"fi_FI\" \/>\n<meta property=\"og:type\" content=\"article\" \/>\n<meta property=\"og:title\" content=\"PERCHEET Siimarullapidin - Team Percheet \u2013 Laadukkaat kalastustarvikkeet ja venevarusteet\" \/>\n<meta property=\"og:description\" content=\"Percheet Siimarullapidin  Onko\u00a0siimakelat veneess\u00e4si jatkuvasti py\u00f6rim\u00e4ss\u00e4 holtittomasti tai hukassa silloin, kun niit\u00e4 eniten tarvitset? Percheet Siimakela -teline on suunniteltu tekem\u00e4\u00e4n siimakelojen k\u00e4yt\u00f6st\u00e4 ja s\u00e4ilytyksest\u00e4 helppoa, nopeaa ja hallittua. Teline pit\u00e4\u00e4 siimakelat tukevasti paikoillaan ja mahdollistaa kelan py\u00f6rimisvastuksen s\u00e4\u00e4t\u00e4misen k\u00e4tev\u00e4ll\u00e4 kiristysmutterilla. N\u00e4in siima purkautuu hallitusti ilman sotkuja \u2013 juuri silloin kun piuhat katkeavat ja nopea toiminta on t\u00e4rke\u00e4\u00e4. Teline voidaan asentaa esimerkiksi veneen heittotasoluukun kanteen joko mukana tulevilla kaksipuoliteipeill\u00e4 tai ruuvaamalla (ruuvit hankittava erikseen). Kompakti ja k\u00e4yt\u00e4nn\u00f6llinen ratkaisu, joka pit\u00e4\u00e4 siimakelat aina k\u00e4den ulottuvilla.\" \/>\n<meta property=\"og:url\" content=\"https:\/\/teampercheet.fi\/store\/tuote\/percheet-siimakela-teline\/\" \/>\n<meta property=\"og:site_name\" content=\"Team Percheet \u2013 Laadukkaat kalastustarvikkeet ja venevarusteet\" \/>\n<meta property=\"article:modified_time\" content=\"2026-04-20T02:46:28+00:00\" \/>\n<meta property=\"og:image\" content=\"https:\/\/teampercheet.fi\/store\/wp-content\/uploads\/2025\/12\/PERCHEET-SIIMAKELAN-TELINE-2-scaled.jpg\" \/>\n\t<meta property=\"og:image:width\" content=\"2560\" \/>\n\t<meta property=\"og:image:height\" content=\"2560\" \/>\n\t<meta property=\"og:image:type\" content=\"image\/jpeg\" \/>\n<meta name=\"twitter:card\" content=\"summary_large_image\" \/>\n<script type=\"application\/ld+json\" class=\"yoast-schema-graph\">{\"@context\":\"https:\\\/\\\/schema.org\",\"@graph\":[{\"@type\":\"WebPage\",\"@id\":\"https:\\\/\\\/teampercheet.fi\\\/store\\\/tuote\\\/percheet-siimakela-teline\\\/\",\"url\":\"https:\\\/\\\/teampercheet.fi\\\/store\\\/tuote\\\/percheet-siimakela-teline\\\/\",\"name\":\"PERCHEET Siimarullapidin - Team Percheet \u2013 Laadukkaat kalastustarvikkeet ja venevarusteet\",\"isPartOf\":{\"@id\":\"https:\\\/\\\/teampercheet.fi\\\/store\\\/#website\"},\"primaryImageOfPage\":{\"@id\":\"https:\\\/\\\/teampercheet.fi\\\/store\\\/tuote\\\/percheet-siimakela-teline\\\/#primaryimage\"},\"image\":{\"@id\":\"https:\\\/\\\/teampercheet.fi\\\/store\\\/tuote\\\/percheet-siimakela-teline\\\/#primaryimage\"},\"thumbnailUrl\":\"https:\\\/\\\/teampercheet.fi\\\/store\\\/wp-content\\\/uploads\\\/2025\\\/12\\\/PERCHEET-SIIMAKELAN-TELINE-2-scaled.jpg\",\"datePublished\":\"2025-12-28T22:45:44+00:00\",\"dateModified\":\"2026-04-20T02:46:28+00:00\",\"breadcrumb\":{\"@id\":\"https:\\\/\\\/teampercheet.fi\\\/store\\\/tuote\\\/percheet-siimakela-teline\\\/#breadcrumb\"},\"inLanguage\":\"fi\",\"potentialAction\":[{\"@type\":\"ReadAction\",\"target\":[\"https:\\\/\\\/teampercheet.fi\\\/store\\\/tuote\\\/percheet-siimakela-teline\\\/\"]}]},{\"@type\":\"ImageObject\",\"inLanguage\":\"fi\",\"@id\":\"https:\\\/\\\/teampercheet.fi\\\/store\\\/tuote\\\/percheet-siimakela-teline\\\/#primaryimage\",\"url\":\"https:\\\/\\\/teampercheet.fi\\\/store\\\/wp-content\\\/uploads\\\/2025\\\/12\\\/PERCHEET-SIIMAKELAN-TELINE-2-scaled.jpg\",\"contentUrl\":\"https:\\\/\\\/teampercheet.fi\\\/store\\\/wp-content\\\/uploads\\\/2025\\\/12\\\/PERCHEET-SIIMAKELAN-TELINE-2-scaled.jpg\",\"width\":2560,\"height\":2560},{\"@type\":\"BreadcrumbList\",\"@id\":\"https:\\\/\\\/teampercheet.fi\\\/store\\\/tuote\\\/percheet-siimakela-teline\\\/#breadcrumb\",\"itemListElement\":[{\"@type\":\"ListItem\",\"position\":1,\"name\":\"Etusivu\",\"item\":\"https:\\\/\\\/teampercheet.fi\\\/store\\\/\"},{\"@type\":\"ListItem\",\"position\":2,\"name\":\"Kauppa\",\"item\":\"https:\\\/\\\/teampercheet.fi\\\/store\\\/kauppa\\\/\"},{\"@type\":\"ListItem\",\"position\":3,\"name\":\"PERCHEET Siimarullapidin\"}]},{\"@type\":\"WebSite\",\"@id\":\"https:\\\/\\\/teampercheet.fi\\\/store\\\/#website\",\"url\":\"https:\\\/\\\/teampercheet.fi\\\/store\\\/\",\"name\":\"Team Percheet \u2013 Laadukkaat kalastustarvikkeet ja venevarusteet\",\"description\":\"Tutustu Percheet Gearin kattavaan valikoimaan. Kest\u00e4v\u00e4t venevarusteet, juomatelineet, anturikiinnikkeet ja anturisuojat veneilyyn ja\u00a0kalastukseen.\",\"publisher\":{\"@id\":\"https:\\\/\\\/teampercheet.fi\\\/store\\\/#organization\"},\"potentialAction\":[{\"@type\":\"SearchAction\",\"target\":{\"@type\":\"EntryPoint\",\"urlTemplate\":\"https:\\\/\\\/teampercheet.fi\\\/store\\\/?s={search_term_string}\"},\"query-input\":{\"@type\":\"PropertyValueSpecification\",\"valueRequired\":true,\"valueName\":\"search_term_string\"}}],\"inLanguage\":\"fi\"},{\"@type\":\"Organization\",\"@id\":\"https:\\\/\\\/teampercheet.fi\\\/store\\\/#organization\",\"name\":\"Team Percheet \u2013 Laadukkaat kalastustarvikkeet ja venevarusteet\",\"url\":\"https:\\\/\\\/teampercheet.fi\\\/store\\\/\",\"logo\":{\"@type\":\"ImageObject\",\"inLanguage\":\"fi\",\"@id\":\"https:\\\/\\\/teampercheet.fi\\\/store\\\/#\\\/schema\\\/logo\\\/image\\\/\",\"url\":\"https:\\\/\\\/teampercheet.fi\\\/store\\\/wp-content\\\/uploads\\\/2024\\\/10\\\/logo-tpc.png\",\"contentUrl\":\"https:\\\/\\\/teampercheet.fi\\\/store\\\/wp-content\\\/uploads\\\/2024\\\/10\\\/logo-tpc.png\",\"width\":1268,\"height\":211,\"caption\":\"Team Percheet \u2013 Laadukkaat kalastustarvikkeet ja venevarusteet\"},\"image\":{\"@id\":\"https:\\\/\\\/teampercheet.fi\\\/store\\\/#\\\/schema\\\/logo\\\/image\\\/\"}}]}<\/script>\n<!-- \/ Yoast SEO plugin. -->","yoast_head_json":{"title":"PERCHEET Siimarullapidin - Team Percheet \u2013 Laadukkaat kalastustarvikkeet ja venevarusteet","robots":{"index":"index","follow":"follow","max-snippet":"max-snippet:-1","max-image-preview":"max-image-preview:large","max-video-preview":"max-video-preview:-1"},"canonical":"https:\/\/teampercheet.fi\/store\/tuote\/percheet-siimakela-teline\/","og_locale":"fi_FI","og_type":"article","og_title":"PERCHEET Siimarullapidin - Team Percheet \u2013 Laadukkaat kalastustarvikkeet ja venevarusteet","og_description":"Percheet Siimarullapidin  Onko\u00a0siimakelat veneess\u00e4si jatkuvasti py\u00f6rim\u00e4ss\u00e4 holtittomasti tai hukassa silloin, kun niit\u00e4 eniten tarvitset? Percheet Siimakela -teline on suunniteltu tekem\u00e4\u00e4n siimakelojen k\u00e4yt\u00f6st\u00e4 ja s\u00e4ilytyksest\u00e4 helppoa, nopeaa ja hallittua. Teline pit\u00e4\u00e4 siimakelat tukevasti paikoillaan ja mahdollistaa kelan py\u00f6rimisvastuksen s\u00e4\u00e4t\u00e4misen k\u00e4tev\u00e4ll\u00e4 kiristysmutterilla. N\u00e4in siima purkautuu hallitusti ilman sotkuja \u2013 juuri silloin kun piuhat katkeavat ja nopea toiminta on t\u00e4rke\u00e4\u00e4. Teline voidaan asentaa esimerkiksi veneen heittotasoluukun kanteen joko mukana tulevilla kaksipuoliteipeill\u00e4 tai ruuvaamalla (ruuvit hankittava erikseen). Kompakti ja k\u00e4yt\u00e4nn\u00f6llinen ratkaisu, joka pit\u00e4\u00e4 siimakelat aina k\u00e4den ulottuvilla.","og_url":"https:\/\/teampercheet.fi\/store\/tuote\/percheet-siimakela-teline\/","og_site_name":"Team Percheet \u2013 Laadukkaat kalastustarvikkeet ja venevarusteet","article_modified_time":"2026-04-20T02:46:28+00:00","og_image":[{"width":2560,"height":2560,"url":"https:\/\/teampercheet.fi\/store\/wp-content\/uploads\/2025\/12\/PERCHEET-SIIMAKELAN-TELINE-2-scaled.jpg","type":"image\/jpeg"}],"twitter_card":"summary_large_image","schema":{"@context":"https:\/\/schema.org","@graph":[{"@type":"WebPage","@id":"https:\/\/teampercheet.fi\/store\/tuote\/percheet-siimakela-teline\/","url":"https:\/\/teampercheet.fi\/store\/tuote\/percheet-siimakela-teline\/","name":"PERCHEET Siimarullapidin - Team Percheet \u2013 Laadukkaat kalastustarvikkeet ja venevarusteet","isPartOf":{"@id":"https:\/\/teampercheet.fi\/store\/#website"},"primaryImageOfPage":{"@id":"https:\/\/teampercheet.fi\/store\/tuote\/percheet-siimakela-teline\/#primaryimage"},"image":{"@id":"https:\/\/teampercheet.fi\/store\/tuote\/percheet-siimakela-teline\/#primaryimage"},"thumbnailUrl":"https:\/\/teampercheet.fi\/store\/wp-content\/uploads\/2025\/12\/PERCHEET-SIIMAKELAN-TELINE-2-scaled.jpg","datePublished":"2025-12-28T22:45:44+00:00","dateModified":"2026-04-20T02:46:28+00:00","breadcrumb":{"@id":"https:\/\/teampercheet.fi\/store\/tuote\/percheet-siimakela-teline\/#breadcrumb"},"inLanguage":"fi","potentialAction":[{"@type":"ReadAction","target":["https:\/\/teampercheet.fi\/store\/tuote\/percheet-siimakela-teline\/"]}]},{"@type":"ImageObject","inLanguage":"fi","@id":"https:\/\/teampercheet.fi\/store\/tuote\/percheet-siimakela-teline\/#primaryimage","url":"https:\/\/teampercheet.fi\/store\/wp-content\/uploads\/2025\/12\/PERCHEET-SIIMAKELAN-TELINE-2-scaled.jpg","contentUrl":"https:\/\/teampercheet.fi\/store\/wp-content\/uploads\/2025\/12\/PERCHEET-SIIMAKELAN-TELINE-2-scaled.jpg","width":2560,"height":2560},{"@type":"BreadcrumbList","@id":"https:\/\/teampercheet.fi\/store\/tuote\/percheet-siimakela-teline\/#breadcrumb","itemListElement":[{"@type":"ListItem","position":1,"name":"Etusivu","item":"https:\/\/teampercheet.fi\/store\/"},{"@type":"ListItem","position":2,"name":"Kauppa","item":"https:\/\/teampercheet.fi\/store\/kauppa\/"},{"@type":"ListItem","position":3,"name":"PERCHEET Siimarullapidin"}]},{"@type":"WebSite","@id":"https:\/\/teampercheet.fi\/store\/#website","url":"https:\/\/teampercheet.fi\/store\/","name":"Team Percheet \u2013 Laadukkaat kalastustarvikkeet ja venevarusteet","description":"Tutustu Percheet Gearin kattavaan valikoimaan. Kest\u00e4v\u00e4t venevarusteet, juomatelineet, anturikiinnikkeet ja anturisuojat veneilyyn ja\u00a0kalastukseen.","publisher":{"@id":"https:\/\/teampercheet.fi\/store\/#organization"},"potentialAction":[{"@type":"SearchAction","target":{"@type":"EntryPoint","urlTemplate":"https:\/\/teampercheet.fi\/store\/?s={search_term_string}"},"query-input":{"@type":"PropertyValueSpecification","valueRequired":true,"valueName":"search_term_string"}}],"inLanguage":"fi"},{"@type":"Organization","@id":"https:\/\/teampercheet.fi\/store\/#organization","name":"Team Percheet \u2013 Laadukkaat kalastustarvikkeet ja venevarusteet","url":"https:\/\/teampercheet.fi\/store\/","logo":{"@type":"ImageObject","inLanguage":"fi","@id":"https:\/\/teampercheet.fi\/store\/#\/schema\/logo\/image\/","url":"https:\/\/teampercheet.fi\/store\/wp-content\/uploads\/2024\/10\/logo-tpc.png","contentUrl":"https:\/\/teampercheet.fi\/store\/wp-content\/uploads\/2024\/10\/logo-tpc.png","width":1268,"height":211,"caption":"Team Percheet \u2013 Laadukkaat kalastustarvikkeet ja venevarusteet"},"image":{"@id":"https:\/\/teampercheet.fi\/store\/#\/schema\/logo\/image\/"}}]}},"_links":{"self":[{"href":"https:\/\/teampercheet.fi\/store\/wp-json\/wp\/v2\/product\/6153","targetHints":{"allow":["GET"]}}],"collection":[{"href":"https:\/\/teampercheet.fi\/store\/wp-json\/wp\/v2\/product"}],"about":[{"href":"https:\/\/teampercheet.fi\/store\/wp-json\/wp\/v2\/types\/product"}],"replies":[{"embeddable":true,"href":"https:\/\/teampercheet.fi\/store\/wp-json\/wp\/v2\/comments?post=6153"}],"wp:featuredmedia":[{"embeddable":true,"href":"https:\/\/teampercheet.fi\/store\/wp-json\/wp\/v2\/media\/6169"}],"wp:attachment":[{"href":"https:\/\/teampercheet.fi\/store\/wp-json\/wp\/v2\/media?parent=6153"}],"wp:term":[{"taxonomy":"product_brand","embeddable":true,"href":"https:\/\/teampercheet.fi\/store\/wp-json\/wp\/v2\/product_brand?post=6153"},{"taxonomy":"product_cat","embeddable":true,"href":"https:\/\/teampercheet.fi\/store\/wp-json\/wp\/v2\/product_cat?post=6153"},{"taxonomy":"product_tag","embeddable":true,"href":"https:\/\/teampercheet.fi\/store\/wp-json\/wp\/v2\/product_tag?post=6153"}],"curies":[{"name":"wp","href":"https:\/\/api.w.org\/{rel}","templated":true}]}}