{"id":6845,"date":"2026-02-11T22:16:27","date_gmt":"2026-02-11T20:16:27","guid":{"rendered":"https:\/\/teampercheet.fi\/store\/?post_type=product&#038;p=6845"},"modified":"2026-03-18T00:58:36","modified_gmt":"2026-03-17T22:58:36","slug":"percheet-anturinkiinnike-livetelineen-varteen-0-90-lowrance-at-12","status":"publish","type":"product","link":"https:\/\/teampercheet.fi\/store\/tuote\/percheet-anturinkiinnike-livetelineen-varteen-0-90-lowrance-at-12\/","title":{"rendered":"PERCHEET Anturinkiinnike livetelineen varteen  0-90\u00b0 Lowrance AT 1&amp;2"},"content":{"rendered":"","protected":false},"excerpt":{"rendered":"<p>T\u00e4m\u00e4 Percheet Anturinkinnike kiinnitet\u00e4\u00e4n livetelineen varteen. T\u00e4m\u00e4n avulla saat parhaan mahdollisen hy\u00f6dyn antureiden perspective \/ scout asennoista, koska t\u00e4m\u00e4n kiinnikkeen avulla anturi voidaan asettaa vaaka-asentoon joka on v\u00e4ltt\u00e4m\u00e4tt\u00f6myys kun kalastat matalassa.<\/p>\n<p>T\u00e4m\u00e4 anturinkiinnike soveltuu k\u00e4ytett\u00e4v\u00e4ksi Lowrance Active Target 1&amp;2 sek\u00e4 Garmin Lvs34 antureiden kanssa.<\/p>\n","protected":false},"featured_media":6846,"comment_status":"open","ping_status":"closed","template":"","meta":[],"product_brand":[],"product_cat":[15,779,300],"product_tag":[816,818,814,824,825,817,826,823,820,821,819,822,802,806,807,808,805,801,804,803,813,800,799,812,811,796,797,798,786,815,790,793,782,795,785,784,788,809,810],"class_list":{"0":"post-6845","1":"product","2":"type-product","3":"status-publish","4":"has-post-thumbnail","6":"product_cat-yleinen","7":"product_cat-anturitelineet","8":"product_cat-uutuudet","9":"product_tag-activetarget-2-anturikiinnike","10":"product_tag-activetarget-anturi-alas-eteen-scout","11":"product_tag-activetarget-anturikiinnike","12":"product_tag-activetarget-anturin-alas-osoittava-kiinnike","13":"product_tag-activetarget-anturin-asennon-vaihto-teline","14":"product_tag-activetarget-anturin-kiinnike","15":"product_tag-activetarget-anturin-teline","16":"product_tag-activetarget-anturinkiinnike-25mm-putkeen","17":"product_tag-activetarget-kaantyva-anturikiinnike","18":"product_tag-activetarget-liveanturi-putkikiinnike","19":"product_tag-activetarget-perspective-kiinnike","20":"product_tag-activetarget-teline-putkeen","21":"product_tag-anturi-alas-eteen-scout","22":"product_tag-anturikiinnike-22mm-putkeen","23":"product_tag-anturikiinnike-25mm-putkeen","24":"product_tag-anturikiinnike-28mm-putkeen","25":"product_tag-anturikiinnike-kalastukseen","26":"product_tag-anturikiinnike-live-anturille","27":"product_tag-anturin-nopea-asennon-vaihto","28":"product_tag-anturin-perspective-asennus","29":"product_tag-anturinkiinnike-lowrance-activetarget","30":"product_tag-anturinkiinnike-putkeen","31":"product_tag-kaantyva-anturikiinnike","32":"product_tag-kpf-21-3mm-anturikiinnike","33":"product_tag-kpf-anturikiinnike","34":"product_tag-liveanturi-anturikiinnike","35":"product_tag-liveanturi-teline","36":"product_tag-liveanturin-kiinnike-putkeen","37":"product_tag-livescope-anturinkiinnike","38":"product_tag-lowrance-activetarget-teline","39":"product_tag-lvs34-anturi-putkikiinnike","40":"product_tag-lvs34-anturin-alas-suuntaava-kiinnike","41":"product_tag-lvs34-anturin-kiinnike","42":"product_tag-lvs34-anturin-nopea-kaanto","43":"product_tag-lvs34-anturinkiinnike","44":"product_tag-lvs34-liveanturi-teline","45":"product_tag-lvs34-perspective-teline","46":"product_tag-patriot-livefix-anturikiinnike","47":"product_tag-roster360-anturikiinnike","49":"first","50":"instock","51":"taxable","52":"shipping-taxable","53":"purchasable","54":"product-type-variable"},"yoast_head":"<!-- This site is optimized with the Yoast SEO plugin v27.3 - https:\/\/yoast.com\/product\/yoast-seo-wordpress\/ -->\n<title>PERCHEET Anturinkiinnike livetelineen varteen 0-90\u00b0 Lowrance AT 1&amp;2 - Team Percheet \u2013 Laadukkaat kalastustarvikkeet ja venevarusteet<\/title>\n<meta name=\"robots\" content=\"index, follow, max-snippet:-1, max-image-preview:large, max-video-preview:-1\" \/>\n<link rel=\"canonical\" href=\"https:\/\/teampercheet.fi\/store\/tuote\/percheet-anturinkiinnike-livetelineen-varteen-0-90-lowrance-at-12\/\" \/>\n<meta property=\"og:locale\" content=\"fi_FI\" \/>\n<meta property=\"og:type\" content=\"article\" \/>\n<meta property=\"og:title\" content=\"PERCHEET Anturinkiinnike livetelineen varteen 0-90\u00b0 Lowrance AT 1&amp;2 - Team Percheet \u2013 Laadukkaat kalastustarvikkeet ja venevarusteet\" \/>\n<meta property=\"og:description\" content=\"T\u00e4m\u00e4 Percheet Anturinkinnike kiinnitet\u00e4\u00e4n livetelineen varteen. T\u00e4m\u00e4n avulla saat parhaan mahdollisen hy\u00f6dyn antureiden perspective \/ scout asennoista, koska t\u00e4m\u00e4n kiinnikkeen avulla anturi voidaan asettaa vaaka-asentoon joka on v\u00e4ltt\u00e4m\u00e4tt\u00f6myys kun kalastat matalassa.  T\u00e4m\u00e4 anturinkiinnike soveltuu k\u00e4ytett\u00e4v\u00e4ksi Lowrance Active Target 1&amp;2 sek\u00e4 Garmin Lvs34 antureiden kanssa.\" \/>\n<meta property=\"og:url\" content=\"https:\/\/teampercheet.fi\/store\/tuote\/percheet-anturinkiinnike-livetelineen-varteen-0-90-lowrance-at-12\/\" \/>\n<meta property=\"og:site_name\" content=\"Team Percheet \u2013 Laadukkaat kalastustarvikkeet ja venevarusteet\" \/>\n<meta property=\"article:modified_time\" content=\"2026-03-17T22:58:36+00:00\" \/>\n<meta property=\"og:image\" content=\"https:\/\/teampercheet.fi\/store\/wp-content\/uploads\/2026\/02\/Percheet-Anturinkiinnike-putkeen-Lowrance-Active-Target-1-2-1-scaled.jpg\" \/>\n\t<meta property=\"og:image:width\" content=\"2560\" \/>\n\t<meta property=\"og:image:height\" content=\"2560\" \/>\n\t<meta property=\"og:image:type\" content=\"image\/jpeg\" \/>\n<meta name=\"twitter:card\" content=\"summary_large_image\" \/>\n<script type=\"application\/ld+json\" class=\"yoast-schema-graph\">{\"@context\":\"https:\\\/\\\/schema.org\",\"@graph\":[{\"@type\":\"WebPage\",\"@id\":\"https:\\\/\\\/teampercheet.fi\\\/store\\\/tuote\\\/percheet-anturinkiinnike-livetelineen-varteen-0-90-lowrance-at-12\\\/\",\"url\":\"https:\\\/\\\/teampercheet.fi\\\/store\\\/tuote\\\/percheet-anturinkiinnike-livetelineen-varteen-0-90-lowrance-at-12\\\/\",\"name\":\"PERCHEET Anturinkiinnike livetelineen varteen 0-90\u00b0 Lowrance AT 1&amp;2 - Team Percheet \u2013 Laadukkaat kalastustarvikkeet ja venevarusteet\",\"isPartOf\":{\"@id\":\"https:\\\/\\\/teampercheet.fi\\\/store\\\/#website\"},\"primaryImageOfPage\":{\"@id\":\"https:\\\/\\\/teampercheet.fi\\\/store\\\/tuote\\\/percheet-anturinkiinnike-livetelineen-varteen-0-90-lowrance-at-12\\\/#primaryimage\"},\"image\":{\"@id\":\"https:\\\/\\\/teampercheet.fi\\\/store\\\/tuote\\\/percheet-anturinkiinnike-livetelineen-varteen-0-90-lowrance-at-12\\\/#primaryimage\"},\"thumbnailUrl\":\"https:\\\/\\\/teampercheet.fi\\\/store\\\/wp-content\\\/uploads\\\/2026\\\/02\\\/Percheet-Anturinkiinnike-putkeen-Lowrance-Active-Target-1-2-1-scaled.jpg\",\"datePublished\":\"2026-02-11T20:16:27+00:00\",\"dateModified\":\"2026-03-17T22:58:36+00:00\",\"breadcrumb\":{\"@id\":\"https:\\\/\\\/teampercheet.fi\\\/store\\\/tuote\\\/percheet-anturinkiinnike-livetelineen-varteen-0-90-lowrance-at-12\\\/#breadcrumb\"},\"inLanguage\":\"fi\",\"potentialAction\":[{\"@type\":\"ReadAction\",\"target\":[\"https:\\\/\\\/teampercheet.fi\\\/store\\\/tuote\\\/percheet-anturinkiinnike-livetelineen-varteen-0-90-lowrance-at-12\\\/\"]}]},{\"@type\":\"ImageObject\",\"inLanguage\":\"fi\",\"@id\":\"https:\\\/\\\/teampercheet.fi\\\/store\\\/tuote\\\/percheet-anturinkiinnike-livetelineen-varteen-0-90-lowrance-at-12\\\/#primaryimage\",\"url\":\"https:\\\/\\\/teampercheet.fi\\\/store\\\/wp-content\\\/uploads\\\/2026\\\/02\\\/Percheet-Anturinkiinnike-putkeen-Lowrance-Active-Target-1-2-1-scaled.jpg\",\"contentUrl\":\"https:\\\/\\\/teampercheet.fi\\\/store\\\/wp-content\\\/uploads\\\/2026\\\/02\\\/Percheet-Anturinkiinnike-putkeen-Lowrance-Active-Target-1-2-1-scaled.jpg\",\"width\":2560,\"height\":2560},{\"@type\":\"BreadcrumbList\",\"@id\":\"https:\\\/\\\/teampercheet.fi\\\/store\\\/tuote\\\/percheet-anturinkiinnike-livetelineen-varteen-0-90-lowrance-at-12\\\/#breadcrumb\",\"itemListElement\":[{\"@type\":\"ListItem\",\"position\":1,\"name\":\"Etusivu\",\"item\":\"https:\\\/\\\/teampercheet.fi\\\/store\\\/\"},{\"@type\":\"ListItem\",\"position\":2,\"name\":\"Kauppa\",\"item\":\"https:\\\/\\\/teampercheet.fi\\\/store\\\/kauppa\\\/\"},{\"@type\":\"ListItem\",\"position\":3,\"name\":\"PERCHEET Anturinkiinnike livetelineen varteen 0-90\u00b0 Lowrance AT 1&amp;2\"}]},{\"@type\":\"WebSite\",\"@id\":\"https:\\\/\\\/teampercheet.fi\\\/store\\\/#website\",\"url\":\"https:\\\/\\\/teampercheet.fi\\\/store\\\/\",\"name\":\"Team Percheet \u2013 Laadukkaat kalastustarvikkeet ja venevarusteet\",\"description\":\"Tutustu Percheet Gearin kattavaan valikoimaan. Kest\u00e4v\u00e4t venevarusteet, juomatelineet, anturikiinnikkeet ja anturisuojat veneilyyn ja\u00a0kalastukseen.\",\"publisher\":{\"@id\":\"https:\\\/\\\/teampercheet.fi\\\/store\\\/#organization\"},\"potentialAction\":[{\"@type\":\"SearchAction\",\"target\":{\"@type\":\"EntryPoint\",\"urlTemplate\":\"https:\\\/\\\/teampercheet.fi\\\/store\\\/?s={search_term_string}\"},\"query-input\":{\"@type\":\"PropertyValueSpecification\",\"valueRequired\":true,\"valueName\":\"search_term_string\"}}],\"inLanguage\":\"fi\"},{\"@type\":\"Organization\",\"@id\":\"https:\\\/\\\/teampercheet.fi\\\/store\\\/#organization\",\"name\":\"Team Percheet \u2013 Laadukkaat kalastustarvikkeet ja venevarusteet\",\"url\":\"https:\\\/\\\/teampercheet.fi\\\/store\\\/\",\"logo\":{\"@type\":\"ImageObject\",\"inLanguage\":\"fi\",\"@id\":\"https:\\\/\\\/teampercheet.fi\\\/store\\\/#\\\/schema\\\/logo\\\/image\\\/\",\"url\":\"https:\\\/\\\/teampercheet.fi\\\/store\\\/wp-content\\\/uploads\\\/2024\\\/10\\\/logo-tpc.png\",\"contentUrl\":\"https:\\\/\\\/teampercheet.fi\\\/store\\\/wp-content\\\/uploads\\\/2024\\\/10\\\/logo-tpc.png\",\"width\":1268,\"height\":211,\"caption\":\"Team Percheet \u2013 Laadukkaat kalastustarvikkeet ja venevarusteet\"},\"image\":{\"@id\":\"https:\\\/\\\/teampercheet.fi\\\/store\\\/#\\\/schema\\\/logo\\\/image\\\/\"}}]}<\/script>\n<!-- \/ Yoast SEO plugin. -->","yoast_head_json":{"title":"PERCHEET Anturinkiinnike livetelineen varteen 0-90\u00b0 Lowrance AT 1&amp;2 - Team Percheet \u2013 Laadukkaat kalastustarvikkeet ja venevarusteet","robots":{"index":"index","follow":"follow","max-snippet":"max-snippet:-1","max-image-preview":"max-image-preview:large","max-video-preview":"max-video-preview:-1"},"canonical":"https:\/\/teampercheet.fi\/store\/tuote\/percheet-anturinkiinnike-livetelineen-varteen-0-90-lowrance-at-12\/","og_locale":"fi_FI","og_type":"article","og_title":"PERCHEET Anturinkiinnike livetelineen varteen 0-90\u00b0 Lowrance AT 1&amp;2 - Team Percheet \u2013 Laadukkaat kalastustarvikkeet ja venevarusteet","og_description":"T\u00e4m\u00e4 Percheet Anturinkinnike kiinnitet\u00e4\u00e4n livetelineen varteen. T\u00e4m\u00e4n avulla saat parhaan mahdollisen hy\u00f6dyn antureiden perspective \/ scout asennoista, koska t\u00e4m\u00e4n kiinnikkeen avulla anturi voidaan asettaa vaaka-asentoon joka on v\u00e4ltt\u00e4m\u00e4tt\u00f6myys kun kalastat matalassa.  T\u00e4m\u00e4 anturinkiinnike soveltuu k\u00e4ytett\u00e4v\u00e4ksi Lowrance Active Target 1&amp;2 sek\u00e4 Garmin Lvs34 antureiden kanssa.","og_url":"https:\/\/teampercheet.fi\/store\/tuote\/percheet-anturinkiinnike-livetelineen-varteen-0-90-lowrance-at-12\/","og_site_name":"Team Percheet \u2013 Laadukkaat kalastustarvikkeet ja venevarusteet","article_modified_time":"2026-03-17T22:58:36+00:00","og_image":[{"width":2560,"height":2560,"url":"https:\/\/teampercheet.fi\/store\/wp-content\/uploads\/2026\/02\/Percheet-Anturinkiinnike-putkeen-Lowrance-Active-Target-1-2-1-scaled.jpg","type":"image\/jpeg"}],"twitter_card":"summary_large_image","schema":{"@context":"https:\/\/schema.org","@graph":[{"@type":"WebPage","@id":"https:\/\/teampercheet.fi\/store\/tuote\/percheet-anturinkiinnike-livetelineen-varteen-0-90-lowrance-at-12\/","url":"https:\/\/teampercheet.fi\/store\/tuote\/percheet-anturinkiinnike-livetelineen-varteen-0-90-lowrance-at-12\/","name":"PERCHEET Anturinkiinnike livetelineen varteen 0-90\u00b0 Lowrance AT 1&amp;2 - Team Percheet \u2013 Laadukkaat kalastustarvikkeet ja venevarusteet","isPartOf":{"@id":"https:\/\/teampercheet.fi\/store\/#website"},"primaryImageOfPage":{"@id":"https:\/\/teampercheet.fi\/store\/tuote\/percheet-anturinkiinnike-livetelineen-varteen-0-90-lowrance-at-12\/#primaryimage"},"image":{"@id":"https:\/\/teampercheet.fi\/store\/tuote\/percheet-anturinkiinnike-livetelineen-varteen-0-90-lowrance-at-12\/#primaryimage"},"thumbnailUrl":"https:\/\/teampercheet.fi\/store\/wp-content\/uploads\/2026\/02\/Percheet-Anturinkiinnike-putkeen-Lowrance-Active-Target-1-2-1-scaled.jpg","datePublished":"2026-02-11T20:16:27+00:00","dateModified":"2026-03-17T22:58:36+00:00","breadcrumb":{"@id":"https:\/\/teampercheet.fi\/store\/tuote\/percheet-anturinkiinnike-livetelineen-varteen-0-90-lowrance-at-12\/#breadcrumb"},"inLanguage":"fi","potentialAction":[{"@type":"ReadAction","target":["https:\/\/teampercheet.fi\/store\/tuote\/percheet-anturinkiinnike-livetelineen-varteen-0-90-lowrance-at-12\/"]}]},{"@type":"ImageObject","inLanguage":"fi","@id":"https:\/\/teampercheet.fi\/store\/tuote\/percheet-anturinkiinnike-livetelineen-varteen-0-90-lowrance-at-12\/#primaryimage","url":"https:\/\/teampercheet.fi\/store\/wp-content\/uploads\/2026\/02\/Percheet-Anturinkiinnike-putkeen-Lowrance-Active-Target-1-2-1-scaled.jpg","contentUrl":"https:\/\/teampercheet.fi\/store\/wp-content\/uploads\/2026\/02\/Percheet-Anturinkiinnike-putkeen-Lowrance-Active-Target-1-2-1-scaled.jpg","width":2560,"height":2560},{"@type":"BreadcrumbList","@id":"https:\/\/teampercheet.fi\/store\/tuote\/percheet-anturinkiinnike-livetelineen-varteen-0-90-lowrance-at-12\/#breadcrumb","itemListElement":[{"@type":"ListItem","position":1,"name":"Etusivu","item":"https:\/\/teampercheet.fi\/store\/"},{"@type":"ListItem","position":2,"name":"Kauppa","item":"https:\/\/teampercheet.fi\/store\/kauppa\/"},{"@type":"ListItem","position":3,"name":"PERCHEET Anturinkiinnike livetelineen varteen 0-90\u00b0 Lowrance AT 1&amp;2"}]},{"@type":"WebSite","@id":"https:\/\/teampercheet.fi\/store\/#website","url":"https:\/\/teampercheet.fi\/store\/","name":"Team Percheet \u2013 Laadukkaat kalastustarvikkeet ja venevarusteet","description":"Tutustu Percheet Gearin kattavaan valikoimaan. Kest\u00e4v\u00e4t venevarusteet, juomatelineet, anturikiinnikkeet ja anturisuojat veneilyyn ja\u00a0kalastukseen.","publisher":{"@id":"https:\/\/teampercheet.fi\/store\/#organization"},"potentialAction":[{"@type":"SearchAction","target":{"@type":"EntryPoint","urlTemplate":"https:\/\/teampercheet.fi\/store\/?s={search_term_string}"},"query-input":{"@type":"PropertyValueSpecification","valueRequired":true,"valueName":"search_term_string"}}],"inLanguage":"fi"},{"@type":"Organization","@id":"https:\/\/teampercheet.fi\/store\/#organization","name":"Team Percheet \u2013 Laadukkaat kalastustarvikkeet ja venevarusteet","url":"https:\/\/teampercheet.fi\/store\/","logo":{"@type":"ImageObject","inLanguage":"fi","@id":"https:\/\/teampercheet.fi\/store\/#\/schema\/logo\/image\/","url":"https:\/\/teampercheet.fi\/store\/wp-content\/uploads\/2024\/10\/logo-tpc.png","contentUrl":"https:\/\/teampercheet.fi\/store\/wp-content\/uploads\/2024\/10\/logo-tpc.png","width":1268,"height":211,"caption":"Team Percheet \u2013 Laadukkaat kalastustarvikkeet ja venevarusteet"},"image":{"@id":"https:\/\/teampercheet.fi\/store\/#\/schema\/logo\/image\/"}}]}},"_links":{"self":[{"href":"https:\/\/teampercheet.fi\/store\/wp-json\/wp\/v2\/product\/6845","targetHints":{"allow":["GET"]}}],"collection":[{"href":"https:\/\/teampercheet.fi\/store\/wp-json\/wp\/v2\/product"}],"about":[{"href":"https:\/\/teampercheet.fi\/store\/wp-json\/wp\/v2\/types\/product"}],"replies":[{"embeddable":true,"href":"https:\/\/teampercheet.fi\/store\/wp-json\/wp\/v2\/comments?post=6845"}],"wp:featuredmedia":[{"embeddable":true,"href":"https:\/\/teampercheet.fi\/store\/wp-json\/wp\/v2\/media\/6846"}],"wp:attachment":[{"href":"https:\/\/teampercheet.fi\/store\/wp-json\/wp\/v2\/media?parent=6845"}],"wp:term":[{"taxonomy":"product_brand","embeddable":true,"href":"https:\/\/teampercheet.fi\/store\/wp-json\/wp\/v2\/product_brand?post=6845"},{"taxonomy":"product_cat","embeddable":true,"href":"https:\/\/teampercheet.fi\/store\/wp-json\/wp\/v2\/product_cat?post=6845"},{"taxonomy":"product_tag","embeddable":true,"href":"https:\/\/teampercheet.fi\/store\/wp-json\/wp\/v2\/product_tag?post=6845"}],"curies":[{"name":"wp","href":"https:\/\/api.w.org\/{rel}","templated":true}]}}