{"id":69,"date":"2024-10-07T15:35:52","date_gmt":"2024-10-07T12:35:52","guid":{"rendered":"https:\/\/teampercheet.fi\/store\/?post_type=product&#038;p=69"},"modified":"2026-04-26T22:01:30","modified_gmt":"2026-04-26T19:01:30","slug":"percheet-juomateline-oik-m","status":"publish","type":"product","link":"https:\/\/teampercheet.fi\/store\/tuote\/percheet-juomateline-oik-m\/","title":{"rendered":"PERCHEET juomateline oik. M"},"content":{"rendered":"","protected":false},"excerpt":{"rendered":"<p><em>Olipa kysess\u00e4 t\u00f6lkki, pullo tai pihdit,<\/em><\/p>\n<p><strong>Juomateline M<\/strong> pit\u00e4\u00e4 juomasi sek\u00e4 ty\u00f6kalusi turvallisesti mukana kovemmassakin keliss\u00e4. Telineen kuppiosa on suunniteltu niin ett\u00e4 se sopii kaikille yleisimmille juomapakkauksille mm. 250ml, 330ml ja 0.5l. Sen lis\u00e4ksi juomatelineess\u00e4 on paikat kolmelle ty\u00f6kalulle sek\u00e4 lukuisien vieheiden s\u00e4ilytt\u00e4miselle. <strong>T\u00e4m\u00e4 tuote on t\u00e4ydellinen valinta veneilij\u00f6ille, jotka arvostavat k\u00e4yt\u00e4nn\u00f6llisyytt\u00e4, j\u00e4rjestyst\u00e4 ja laatua!<\/strong><\/p>\n<p>Valmistettu kest\u00e4v\u00e4st\u00e4 ja korkealaatuisesta PETG-muovista, joka takaa tuotteen kest\u00e4vyyden ja pitk\u00e4ik\u00e4isyyden.<\/p>\n<p>Koko: 20cm x 10cm x 10cm. Suositellaan asennettavaksi tasakantaisilla ruuveilla tai pulteilla.<\/p>\n<p><strong>Valikoimassa my\u00f6s t-pultit veneen alkuper\u00e4iseen kaideuraan!<\/strong><\/p>\n","protected":false},"featured_media":7541,"comment_status":"open","ping_status":"closed","template":"","meta":[],"product_brand":[],"product_cat":[293],"product_tag":[39,29,30,35,37,36,38,31,33,34,32],"class_list":{"0":"post-69","1":"product","2":"type-product","3":"status-publish","4":"has-post-thumbnail","6":"product_cat-juoma-ja-tolkkitelineet","7":"product_tag-bass-boat-tool-holder","8":"product_tag-juomateline","9":"product_tag-mukiteline","10":"product_tag-team-percheet","11":"product_tag-tool-holder","12":"product_tag-toolholder","13":"product_tag-tools-holder","14":"product_tag-tyokaluteline","15":"product_tag-veneen-juomateline","16":"product_tag-veneen-mukiteline","17":"product_tag-vieheteline","19":"first","20":"instock","21":"taxable","22":"shipping-taxable","23":"purchasable","24":"product-type-simple"},"yoast_head":"<!-- This site is optimized with the Yoast SEO plugin v27.3 - https:\/\/yoast.com\/product\/yoast-seo-wordpress\/ -->\n<title>PERCHEET juomateline oik. M - Team Percheet \u2013 Laadukkaat kalastustarvikkeet ja venevarusteet<\/title>\n<meta name=\"robots\" content=\"index, follow, max-snippet:-1, max-image-preview:large, max-video-preview:-1\" \/>\n<link rel=\"canonical\" href=\"https:\/\/teampercheet.fi\/store\/tuote\/percheet-juomateline-oik-m\/\" \/>\n<meta property=\"og:locale\" content=\"fi_FI\" \/>\n<meta property=\"og:type\" content=\"article\" \/>\n<meta property=\"og:title\" content=\"PERCHEET juomateline oik. M - Team Percheet \u2013 Laadukkaat kalastustarvikkeet ja venevarusteet\" \/>\n<meta property=\"og:description\" content=\"Olipa kysess\u00e4 t\u00f6lkki, pullo tai pihdit,  Juomateline M pit\u00e4\u00e4 juomasi sek\u00e4 ty\u00f6kalusi turvallisesti mukana kovemmassakin keliss\u00e4. Telineen kuppiosa on suunniteltu niin ett\u00e4 se sopii kaikille yleisimmille juomapakkauksille mm. 250ml, 330ml ja 0.5l. Sen lis\u00e4ksi juomatelineess\u00e4 on paikat kolmelle ty\u00f6kalulle sek\u00e4 lukuisien vieheiden s\u00e4ilytt\u00e4miselle. T\u00e4m\u00e4 tuote on t\u00e4ydellinen valinta veneilij\u00f6ille, jotka arvostavat k\u00e4yt\u00e4nn\u00f6llisyytt\u00e4, j\u00e4rjestyst\u00e4 ja laatua!  Valmistettu kest\u00e4v\u00e4st\u00e4 ja korkealaatuisesta PETG-muovista, joka takaa tuotteen kest\u00e4vyyden ja pitk\u00e4ik\u00e4isyyden.  Koko: 20cm x 10cm x 10cm. Suositellaan asennettavaksi tasakantaisilla ruuveilla tai pulteilla.  Valikoimassa my\u00f6s t-pultit veneen alkuper\u00e4iseen kaideuraan!\" \/>\n<meta property=\"og:url\" content=\"https:\/\/teampercheet.fi\/store\/tuote\/percheet-juomateline-oik-m\/\" \/>\n<meta property=\"og:site_name\" content=\"Team Percheet \u2013 Laadukkaat kalastustarvikkeet ja venevarusteet\" \/>\n<meta property=\"article:modified_time\" content=\"2026-04-26T19:01:30+00:00\" \/>\n<meta property=\"og:image\" content=\"https:\/\/teampercheet.fi\/store\/wp-content\/uploads\/2024\/10\/GB0A8595.jpg\" \/>\n\t<meta property=\"og:image:width\" content=\"1242\" \/>\n\t<meta property=\"og:image:height\" content=\"1242\" \/>\n\t<meta property=\"og:image:type\" content=\"image\/jpeg\" \/>\n<meta name=\"twitter:card\" content=\"summary_large_image\" \/>\n<meta name=\"twitter:label1\" content=\"Arvioitu lukuaika\" \/>\n\t<meta name=\"twitter:data1\" content=\"1 minuutti\" \/>\n<script type=\"application\/ld+json\" class=\"yoast-schema-graph\">{\"@context\":\"https:\\\/\\\/schema.org\",\"@graph\":[{\"@type\":\"WebPage\",\"@id\":\"https:\\\/\\\/teampercheet.fi\\\/store\\\/tuote\\\/percheet-juomateline-oik-m\\\/\",\"url\":\"https:\\\/\\\/teampercheet.fi\\\/store\\\/tuote\\\/percheet-juomateline-oik-m\\\/\",\"name\":\"PERCHEET juomateline oik. M - Team Percheet \u2013 Laadukkaat kalastustarvikkeet ja venevarusteet\",\"isPartOf\":{\"@id\":\"https:\\\/\\\/teampercheet.fi\\\/store\\\/#website\"},\"primaryImageOfPage\":{\"@id\":\"https:\\\/\\\/teampercheet.fi\\\/store\\\/tuote\\\/percheet-juomateline-oik-m\\\/#primaryimage\"},\"image\":{\"@id\":\"https:\\\/\\\/teampercheet.fi\\\/store\\\/tuote\\\/percheet-juomateline-oik-m\\\/#primaryimage\"},\"thumbnailUrl\":\"https:\\\/\\\/teampercheet.fi\\\/store\\\/wp-content\\\/uploads\\\/2024\\\/10\\\/GB0A8595.jpg\",\"datePublished\":\"2024-10-07T12:35:52+00:00\",\"dateModified\":\"2026-04-26T19:01:30+00:00\",\"breadcrumb\":{\"@id\":\"https:\\\/\\\/teampercheet.fi\\\/store\\\/tuote\\\/percheet-juomateline-oik-m\\\/#breadcrumb\"},\"inLanguage\":\"fi\",\"potentialAction\":[{\"@type\":\"ReadAction\",\"target\":[\"https:\\\/\\\/teampercheet.fi\\\/store\\\/tuote\\\/percheet-juomateline-oik-m\\\/\"]}]},{\"@type\":\"ImageObject\",\"inLanguage\":\"fi\",\"@id\":\"https:\\\/\\\/teampercheet.fi\\\/store\\\/tuote\\\/percheet-juomateline-oik-m\\\/#primaryimage\",\"url\":\"https:\\\/\\\/teampercheet.fi\\\/store\\\/wp-content\\\/uploads\\\/2024\\\/10\\\/GB0A8595.jpg\",\"contentUrl\":\"https:\\\/\\\/teampercheet.fi\\\/store\\\/wp-content\\\/uploads\\\/2024\\\/10\\\/GB0A8595.jpg\",\"width\":1242,\"height\":1242},{\"@type\":\"BreadcrumbList\",\"@id\":\"https:\\\/\\\/teampercheet.fi\\\/store\\\/tuote\\\/percheet-juomateline-oik-m\\\/#breadcrumb\",\"itemListElement\":[{\"@type\":\"ListItem\",\"position\":1,\"name\":\"Etusivu\",\"item\":\"https:\\\/\\\/teampercheet.fi\\\/store\\\/\"},{\"@type\":\"ListItem\",\"position\":2,\"name\":\"Kauppa\",\"item\":\"https:\\\/\\\/teampercheet.fi\\\/store\\\/kauppa\\\/\"},{\"@type\":\"ListItem\",\"position\":3,\"name\":\"PERCHEET juomateline oik. M\"}]},{\"@type\":\"WebSite\",\"@id\":\"https:\\\/\\\/teampercheet.fi\\\/store\\\/#website\",\"url\":\"https:\\\/\\\/teampercheet.fi\\\/store\\\/\",\"name\":\"Team Percheet \u2013 Laadukkaat kalastustarvikkeet ja venevarusteet\",\"description\":\"Tutustu Percheet Gearin kattavaan valikoimaan. Kest\u00e4v\u00e4t venevarusteet, juomatelineet, anturikiinnikkeet ja anturisuojat veneilyyn ja\u00a0kalastukseen.\",\"publisher\":{\"@id\":\"https:\\\/\\\/teampercheet.fi\\\/store\\\/#organization\"},\"potentialAction\":[{\"@type\":\"SearchAction\",\"target\":{\"@type\":\"EntryPoint\",\"urlTemplate\":\"https:\\\/\\\/teampercheet.fi\\\/store\\\/?s={search_term_string}\"},\"query-input\":{\"@type\":\"PropertyValueSpecification\",\"valueRequired\":true,\"valueName\":\"search_term_string\"}}],\"inLanguage\":\"fi\"},{\"@type\":\"Organization\",\"@id\":\"https:\\\/\\\/teampercheet.fi\\\/store\\\/#organization\",\"name\":\"Team Percheet \u2013 Laadukkaat kalastustarvikkeet ja venevarusteet\",\"url\":\"https:\\\/\\\/teampercheet.fi\\\/store\\\/\",\"logo\":{\"@type\":\"ImageObject\",\"inLanguage\":\"fi\",\"@id\":\"https:\\\/\\\/teampercheet.fi\\\/store\\\/#\\\/schema\\\/logo\\\/image\\\/\",\"url\":\"https:\\\/\\\/teampercheet.fi\\\/store\\\/wp-content\\\/uploads\\\/2024\\\/10\\\/logo-tpc.png\",\"contentUrl\":\"https:\\\/\\\/teampercheet.fi\\\/store\\\/wp-content\\\/uploads\\\/2024\\\/10\\\/logo-tpc.png\",\"width\":1268,\"height\":211,\"caption\":\"Team Percheet \u2013 Laadukkaat kalastustarvikkeet ja venevarusteet\"},\"image\":{\"@id\":\"https:\\\/\\\/teampercheet.fi\\\/store\\\/#\\\/schema\\\/logo\\\/image\\\/\"}}]}<\/script>\n<!-- \/ Yoast SEO plugin. -->","yoast_head_json":{"title":"PERCHEET juomateline oik. M - Team Percheet \u2013 Laadukkaat kalastustarvikkeet ja venevarusteet","robots":{"index":"index","follow":"follow","max-snippet":"max-snippet:-1","max-image-preview":"max-image-preview:large","max-video-preview":"max-video-preview:-1"},"canonical":"https:\/\/teampercheet.fi\/store\/tuote\/percheet-juomateline-oik-m\/","og_locale":"fi_FI","og_type":"article","og_title":"PERCHEET juomateline oik. M - Team Percheet \u2013 Laadukkaat kalastustarvikkeet ja venevarusteet","og_description":"Olipa kysess\u00e4 t\u00f6lkki, pullo tai pihdit,  Juomateline M pit\u00e4\u00e4 juomasi sek\u00e4 ty\u00f6kalusi turvallisesti mukana kovemmassakin keliss\u00e4. Telineen kuppiosa on suunniteltu niin ett\u00e4 se sopii kaikille yleisimmille juomapakkauksille mm. 250ml, 330ml ja 0.5l. Sen lis\u00e4ksi juomatelineess\u00e4 on paikat kolmelle ty\u00f6kalulle sek\u00e4 lukuisien vieheiden s\u00e4ilytt\u00e4miselle. T\u00e4m\u00e4 tuote on t\u00e4ydellinen valinta veneilij\u00f6ille, jotka arvostavat k\u00e4yt\u00e4nn\u00f6llisyytt\u00e4, j\u00e4rjestyst\u00e4 ja laatua!  Valmistettu kest\u00e4v\u00e4st\u00e4 ja korkealaatuisesta PETG-muovista, joka takaa tuotteen kest\u00e4vyyden ja pitk\u00e4ik\u00e4isyyden.  Koko: 20cm x 10cm x 10cm. Suositellaan asennettavaksi tasakantaisilla ruuveilla tai pulteilla.  Valikoimassa my\u00f6s t-pultit veneen alkuper\u00e4iseen kaideuraan!","og_url":"https:\/\/teampercheet.fi\/store\/tuote\/percheet-juomateline-oik-m\/","og_site_name":"Team Percheet \u2013 Laadukkaat kalastustarvikkeet ja venevarusteet","article_modified_time":"2026-04-26T19:01:30+00:00","og_image":[{"width":1242,"height":1242,"url":"https:\/\/teampercheet.fi\/store\/wp-content\/uploads\/2024\/10\/GB0A8595.jpg","type":"image\/jpeg"}],"twitter_card":"summary_large_image","twitter_misc":{"Arvioitu lukuaika":"1 minuutti"},"schema":{"@context":"https:\/\/schema.org","@graph":[{"@type":"WebPage","@id":"https:\/\/teampercheet.fi\/store\/tuote\/percheet-juomateline-oik-m\/","url":"https:\/\/teampercheet.fi\/store\/tuote\/percheet-juomateline-oik-m\/","name":"PERCHEET juomateline oik. M - Team Percheet \u2013 Laadukkaat kalastustarvikkeet ja venevarusteet","isPartOf":{"@id":"https:\/\/teampercheet.fi\/store\/#website"},"primaryImageOfPage":{"@id":"https:\/\/teampercheet.fi\/store\/tuote\/percheet-juomateline-oik-m\/#primaryimage"},"image":{"@id":"https:\/\/teampercheet.fi\/store\/tuote\/percheet-juomateline-oik-m\/#primaryimage"},"thumbnailUrl":"https:\/\/teampercheet.fi\/store\/wp-content\/uploads\/2024\/10\/GB0A8595.jpg","datePublished":"2024-10-07T12:35:52+00:00","dateModified":"2026-04-26T19:01:30+00:00","breadcrumb":{"@id":"https:\/\/teampercheet.fi\/store\/tuote\/percheet-juomateline-oik-m\/#breadcrumb"},"inLanguage":"fi","potentialAction":[{"@type":"ReadAction","target":["https:\/\/teampercheet.fi\/store\/tuote\/percheet-juomateline-oik-m\/"]}]},{"@type":"ImageObject","inLanguage":"fi","@id":"https:\/\/teampercheet.fi\/store\/tuote\/percheet-juomateline-oik-m\/#primaryimage","url":"https:\/\/teampercheet.fi\/store\/wp-content\/uploads\/2024\/10\/GB0A8595.jpg","contentUrl":"https:\/\/teampercheet.fi\/store\/wp-content\/uploads\/2024\/10\/GB0A8595.jpg","width":1242,"height":1242},{"@type":"BreadcrumbList","@id":"https:\/\/teampercheet.fi\/store\/tuote\/percheet-juomateline-oik-m\/#breadcrumb","itemListElement":[{"@type":"ListItem","position":1,"name":"Etusivu","item":"https:\/\/teampercheet.fi\/store\/"},{"@type":"ListItem","position":2,"name":"Kauppa","item":"https:\/\/teampercheet.fi\/store\/kauppa\/"},{"@type":"ListItem","position":3,"name":"PERCHEET juomateline oik. M"}]},{"@type":"WebSite","@id":"https:\/\/teampercheet.fi\/store\/#website","url":"https:\/\/teampercheet.fi\/store\/","name":"Team Percheet \u2013 Laadukkaat kalastustarvikkeet ja venevarusteet","description":"Tutustu Percheet Gearin kattavaan valikoimaan. Kest\u00e4v\u00e4t venevarusteet, juomatelineet, anturikiinnikkeet ja anturisuojat veneilyyn ja\u00a0kalastukseen.","publisher":{"@id":"https:\/\/teampercheet.fi\/store\/#organization"},"potentialAction":[{"@type":"SearchAction","target":{"@type":"EntryPoint","urlTemplate":"https:\/\/teampercheet.fi\/store\/?s={search_term_string}"},"query-input":{"@type":"PropertyValueSpecification","valueRequired":true,"valueName":"search_term_string"}}],"inLanguage":"fi"},{"@type":"Organization","@id":"https:\/\/teampercheet.fi\/store\/#organization","name":"Team Percheet \u2013 Laadukkaat kalastustarvikkeet ja venevarusteet","url":"https:\/\/teampercheet.fi\/store\/","logo":{"@type":"ImageObject","inLanguage":"fi","@id":"https:\/\/teampercheet.fi\/store\/#\/schema\/logo\/image\/","url":"https:\/\/teampercheet.fi\/store\/wp-content\/uploads\/2024\/10\/logo-tpc.png","contentUrl":"https:\/\/teampercheet.fi\/store\/wp-content\/uploads\/2024\/10\/logo-tpc.png","width":1268,"height":211,"caption":"Team Percheet \u2013 Laadukkaat kalastustarvikkeet ja venevarusteet"},"image":{"@id":"https:\/\/teampercheet.fi\/store\/#\/schema\/logo\/image\/"}}]}},"_links":{"self":[{"href":"https:\/\/teampercheet.fi\/store\/wp-json\/wp\/v2\/product\/69","targetHints":{"allow":["GET"]}}],"collection":[{"href":"https:\/\/teampercheet.fi\/store\/wp-json\/wp\/v2\/product"}],"about":[{"href":"https:\/\/teampercheet.fi\/store\/wp-json\/wp\/v2\/types\/product"}],"replies":[{"embeddable":true,"href":"https:\/\/teampercheet.fi\/store\/wp-json\/wp\/v2\/comments?post=69"}],"wp:featuredmedia":[{"embeddable":true,"href":"https:\/\/teampercheet.fi\/store\/wp-json\/wp\/v2\/media\/7541"}],"wp:attachment":[{"href":"https:\/\/teampercheet.fi\/store\/wp-json\/wp\/v2\/media?parent=69"}],"wp:term":[{"taxonomy":"product_brand","embeddable":true,"href":"https:\/\/teampercheet.fi\/store\/wp-json\/wp\/v2\/product_brand?post=69"},{"taxonomy":"product_cat","embeddable":true,"href":"https:\/\/teampercheet.fi\/store\/wp-json\/wp\/v2\/product_cat?post=69"},{"taxonomy":"product_tag","embeddable":true,"href":"https:\/\/teampercheet.fi\/store\/wp-json\/wp\/v2\/product_tag?post=69"}],"curies":[{"name":"wp","href":"https:\/\/api.w.org\/{rel}","templated":true}]}}