{"id":7267,"date":"2026-04-01T01:05:52","date_gmt":"2026-03-31T22:05:52","guid":{"rendered":"https:\/\/teampercheet.fi\/store\/?post_type=product&#038;p=7267"},"modified":"2026-05-12T22:23:43","modified_gmt":"2026-05-12T19:23:43","slug":"percheet-liveanturi-kiinnike-0-kulma-eteen-ja-alas","status":"publish","type":"product","link":"https:\/\/teampercheet.fi\/store\/tuote\/percheet-liveanturi-kiinnike-0-kulma-eteen-ja-alas\/","title":{"rendered":"PERCHEET Liveanturi kiinnike 0\u00b0 kulma (Eteen ja alas)"},"content":{"rendered":"","protected":false},"excerpt":{"rendered":"<p class=\"p1\">T\u00e4ll\u00e4 Percheet Liveanturi kiinnike 0\u00b0 Kulma \u2013 anturikiinnikkeell\u00e4 asennat turvallisesti sek\u00e4 luotettavasti Lowrance Active Target 1&amp;2 sek\u00e4 Eagle Eye ja Garmin Livescope lvs32 sek\u00e4 lvs34 anturit veneeseesi. Universaali anturikiinnikkeen ansiosta et en\u00e4\u00e4 menet\u00e4 hermoja \u00e4rsytt\u00e4v\u00e4n hammastuksen tai ep\u00e4tarkan kulman s\u00e4\u00e4d\u00f6n takia sek\u00e4 sen etu on siin\u00e4, ett\u00e4 vaihtaessa anturia toiseen merkkiin. Sinun ei tarvitse vaihtaa anturikiinnikett\u00e4. Anturin kiinnitys tapahtuu paksua kumitiivistett\u00e4 vasten joka varmistaa anturin kiinnittymisen j\u00e4m\u00e4k\u00e4sti telineeseen oikeaan kulmaan sek\u00e4 tarvittaessa pystyt s\u00e4\u00e4t\u00e4m\u00e4\u00e4n haluttua kulmaa vapaasti.<\/p>\n<p class=\"p1\">Valmistettu kest\u00e4v\u00e4st\u00e4 ruostumattomasta metallista sek\u00e4 PETG-muovista. Tuote sis\u00e4lt\u00e4\u00e4 putkeen kiinnitt\u00e4mist\u00e4 varten tarvittavat ruostumattomat pultit sek\u00e4 mutterit. Anturin kiinnitys pultti myyd\u00e4\u00e4n erikseen. Katso t\u00e4st\u00e4!<\/p>\n<p class=\"p1\">Valitse anturikiinnike haluamasi putkikoon mukaan joko 21,3, 22mm, 25mm tai 30mm putkelle.<\/p>\n","protected":false},"featured_media":7255,"comment_status":"open","ping_status":"closed","template":"","meta":[],"product_brand":[],"product_cat":[779,778],"product_tag":[278,173,72,273,276,280,241,275,272,279,174,274,277,35],"class_list":{"0":"post-7267","1":"product","2":"type-product","3":"status-publish","4":"has-post-thumbnail","6":"product_cat-anturitelineet","7":"product_cat-suosittelemme","8":"product_tag-3dtulostuspaja","9":"product_tag-active-target","10":"product_tag-anturikiinnike","11":"product_tag-anturiteline","12":"product_tag-gearmarket","13":"product_tag-live-kalastus","14":"product_tag-liveanturi","15":"product_tag-liveanturi-telineen-nolla-kulma","16":"product_tag-liveanturikiinnike","17":"product_tag-livekalastus","18":"product_tag-livescope","19":"product_tag-livetelineen-kiinnike","20":"product_tag-masproduction","21":"product_tag-team-percheet","23":"first","24":"instock","25":"taxable","26":"shipping-taxable","27":"purchasable","28":"product-type-variable"},"yoast_head":"<!-- This site is optimized with the Yoast SEO plugin v27.3 - https:\/\/yoast.com\/product\/yoast-seo-wordpress\/ -->\n<title>PERCHEET Liveanturi kiinnike 0\u00b0 kulma (Eteen ja alas) - Team Percheet \u2013 Laadukkaat kalastustarvikkeet ja venevarusteet<\/title>\n<meta name=\"robots\" content=\"index, follow, max-snippet:-1, max-image-preview:large, max-video-preview:-1\" \/>\n<link rel=\"canonical\" href=\"https:\/\/teampercheet.fi\/store\/tuote\/percheet-liveanturi-kiinnike-0-kulma-eteen-ja-alas\/\" \/>\n<meta property=\"og:locale\" content=\"fi_FI\" \/>\n<meta property=\"og:type\" content=\"article\" \/>\n<meta property=\"og:title\" content=\"PERCHEET Liveanturi kiinnike 0\u00b0 kulma (Eteen ja alas) - Team Percheet \u2013 Laadukkaat kalastustarvikkeet ja venevarusteet\" \/>\n<meta property=\"og:description\" content=\"T\u00e4ll\u00e4 Percheet Liveanturi kiinnike 0\u00b0 Kulma \u2013 anturikiinnikkeell\u00e4 asennat turvallisesti sek\u00e4 luotettavasti Lowrance Active Target 1&amp;2 sek\u00e4 Eagle Eye ja Garmin Livescope lvs32 sek\u00e4 lvs34 anturit veneeseesi. Universaali anturikiinnikkeen ansiosta et en\u00e4\u00e4 menet\u00e4 hermoja \u00e4rsytt\u00e4v\u00e4n hammastuksen tai ep\u00e4tarkan kulman s\u00e4\u00e4d\u00f6n takia sek\u00e4 sen etu on siin\u00e4, ett\u00e4 vaihtaessa anturia toiseen merkkiin. Sinun ei tarvitse vaihtaa anturikiinnikett\u00e4. Anturin kiinnitys tapahtuu paksua kumitiivistett\u00e4 vasten joka varmistaa anturin kiinnittymisen j\u00e4m\u00e4k\u00e4sti telineeseen oikeaan kulmaan sek\u00e4 tarvittaessa pystyt s\u00e4\u00e4t\u00e4m\u00e4\u00e4n haluttua kulmaa vapaasti. Valmistettu kest\u00e4v\u00e4st\u00e4 ruostumattomasta metallista sek\u00e4 PETG-muovista. Tuote sis\u00e4lt\u00e4\u00e4 putkeen kiinnitt\u00e4mist\u00e4 varten tarvittavat ruostumattomat pultit sek\u00e4 mutterit. Anturin kiinnitys pultti myyd\u00e4\u00e4n erikseen. Katso t\u00e4st\u00e4! Valitse anturikiinnike haluamasi putkikoon mukaan joko 21,3, 22mm, 25mm tai 30mm putkelle.\" \/>\n<meta property=\"og:url\" content=\"https:\/\/teampercheet.fi\/store\/tuote\/percheet-liveanturi-kiinnike-0-kulma-eteen-ja-alas\/\" \/>\n<meta property=\"og:site_name\" content=\"Team Percheet \u2013 Laadukkaat kalastustarvikkeet ja venevarusteet\" \/>\n<meta property=\"article:modified_time\" content=\"2026-05-12T19:23:43+00:00\" \/>\n<meta property=\"og:image\" content=\"https:\/\/teampercheet.fi\/store\/wp-content\/uploads\/2025\/03\/PERCHEET-Liveanturi-kiinnike-0\u00b0-kulma.jpg\" \/>\n\t<meta property=\"og:image:width\" content=\"1292\" \/>\n\t<meta property=\"og:image:height\" content=\"1292\" \/>\n\t<meta property=\"og:image:type\" content=\"image\/jpeg\" \/>\n<meta name=\"twitter:card\" content=\"summary_large_image\" \/>\n<script type=\"application\/ld+json\" class=\"yoast-schema-graph\">{\"@context\":\"https:\\\/\\\/schema.org\",\"@graph\":[{\"@type\":\"WebPage\",\"@id\":\"https:\\\/\\\/teampercheet.fi\\\/store\\\/tuote\\\/percheet-liveanturi-kiinnike-0-kulma-eteen-ja-alas\\\/\",\"url\":\"https:\\\/\\\/teampercheet.fi\\\/store\\\/tuote\\\/percheet-liveanturi-kiinnike-0-kulma-eteen-ja-alas\\\/\",\"name\":\"PERCHEET Liveanturi kiinnike 0\u00b0 kulma (Eteen ja alas) - Team Percheet \u2013 Laadukkaat kalastustarvikkeet ja venevarusteet\",\"isPartOf\":{\"@id\":\"https:\\\/\\\/teampercheet.fi\\\/store\\\/#website\"},\"primaryImageOfPage\":{\"@id\":\"https:\\\/\\\/teampercheet.fi\\\/store\\\/tuote\\\/percheet-liveanturi-kiinnike-0-kulma-eteen-ja-alas\\\/#primaryimage\"},\"image\":{\"@id\":\"https:\\\/\\\/teampercheet.fi\\\/store\\\/tuote\\\/percheet-liveanturi-kiinnike-0-kulma-eteen-ja-alas\\\/#primaryimage\"},\"thumbnailUrl\":\"https:\\\/\\\/teampercheet.fi\\\/store\\\/wp-content\\\/uploads\\\/2025\\\/03\\\/PERCHEET-Liveanturi-kiinnike-0\u00b0-kulma.jpg\",\"datePublished\":\"2026-03-31T22:05:52+00:00\",\"dateModified\":\"2026-05-12T19:23:43+00:00\",\"breadcrumb\":{\"@id\":\"https:\\\/\\\/teampercheet.fi\\\/store\\\/tuote\\\/percheet-liveanturi-kiinnike-0-kulma-eteen-ja-alas\\\/#breadcrumb\"},\"inLanguage\":\"fi\",\"potentialAction\":[{\"@type\":\"ReadAction\",\"target\":[\"https:\\\/\\\/teampercheet.fi\\\/store\\\/tuote\\\/percheet-liveanturi-kiinnike-0-kulma-eteen-ja-alas\\\/\"]}]},{\"@type\":\"ImageObject\",\"inLanguage\":\"fi\",\"@id\":\"https:\\\/\\\/teampercheet.fi\\\/store\\\/tuote\\\/percheet-liveanturi-kiinnike-0-kulma-eteen-ja-alas\\\/#primaryimage\",\"url\":\"https:\\\/\\\/teampercheet.fi\\\/store\\\/wp-content\\\/uploads\\\/2025\\\/03\\\/PERCHEET-Liveanturi-kiinnike-0\u00b0-kulma.jpg\",\"contentUrl\":\"https:\\\/\\\/teampercheet.fi\\\/store\\\/wp-content\\\/uploads\\\/2025\\\/03\\\/PERCHEET-Liveanturi-kiinnike-0\u00b0-kulma.jpg\",\"width\":1292,\"height\":1292},{\"@type\":\"BreadcrumbList\",\"@id\":\"https:\\\/\\\/teampercheet.fi\\\/store\\\/tuote\\\/percheet-liveanturi-kiinnike-0-kulma-eteen-ja-alas\\\/#breadcrumb\",\"itemListElement\":[{\"@type\":\"ListItem\",\"position\":1,\"name\":\"Etusivu\",\"item\":\"https:\\\/\\\/teampercheet.fi\\\/store\\\/\"},{\"@type\":\"ListItem\",\"position\":2,\"name\":\"Kauppa\",\"item\":\"https:\\\/\\\/teampercheet.fi\\\/store\\\/kauppa\\\/\"},{\"@type\":\"ListItem\",\"position\":3,\"name\":\"PERCHEET Liveanturi kiinnike 0\u00b0 kulma (Eteen ja alas)\"}]},{\"@type\":\"WebSite\",\"@id\":\"https:\\\/\\\/teampercheet.fi\\\/store\\\/#website\",\"url\":\"https:\\\/\\\/teampercheet.fi\\\/store\\\/\",\"name\":\"Team Percheet \u2013 Laadukkaat kalastustarvikkeet ja venevarusteet\",\"description\":\"Tutustu Percheet Gearin kattavaan valikoimaan. Kest\u00e4v\u00e4t venevarusteet, juomatelineet, anturikiinnikkeet ja anturisuojat veneilyyn ja\u00a0kalastukseen.\",\"publisher\":{\"@id\":\"https:\\\/\\\/teampercheet.fi\\\/store\\\/#organization\"},\"potentialAction\":[{\"@type\":\"SearchAction\",\"target\":{\"@type\":\"EntryPoint\",\"urlTemplate\":\"https:\\\/\\\/teampercheet.fi\\\/store\\\/?s={search_term_string}\"},\"query-input\":{\"@type\":\"PropertyValueSpecification\",\"valueRequired\":true,\"valueName\":\"search_term_string\"}}],\"inLanguage\":\"fi\"},{\"@type\":\"Organization\",\"@id\":\"https:\\\/\\\/teampercheet.fi\\\/store\\\/#organization\",\"name\":\"Team Percheet \u2013 Laadukkaat kalastustarvikkeet ja venevarusteet\",\"url\":\"https:\\\/\\\/teampercheet.fi\\\/store\\\/\",\"logo\":{\"@type\":\"ImageObject\",\"inLanguage\":\"fi\",\"@id\":\"https:\\\/\\\/teampercheet.fi\\\/store\\\/#\\\/schema\\\/logo\\\/image\\\/\",\"url\":\"https:\\\/\\\/teampercheet.fi\\\/store\\\/wp-content\\\/uploads\\\/2024\\\/10\\\/logo-tpc.png\",\"contentUrl\":\"https:\\\/\\\/teampercheet.fi\\\/store\\\/wp-content\\\/uploads\\\/2024\\\/10\\\/logo-tpc.png\",\"width\":1268,\"height\":211,\"caption\":\"Team Percheet \u2013 Laadukkaat kalastustarvikkeet ja venevarusteet\"},\"image\":{\"@id\":\"https:\\\/\\\/teampercheet.fi\\\/store\\\/#\\\/schema\\\/logo\\\/image\\\/\"}}]}<\/script>\n<!-- \/ Yoast SEO plugin. -->","yoast_head_json":{"title":"PERCHEET Liveanturi kiinnike 0\u00b0 kulma (Eteen ja alas) - Team Percheet \u2013 Laadukkaat kalastustarvikkeet ja venevarusteet","robots":{"index":"index","follow":"follow","max-snippet":"max-snippet:-1","max-image-preview":"max-image-preview:large","max-video-preview":"max-video-preview:-1"},"canonical":"https:\/\/teampercheet.fi\/store\/tuote\/percheet-liveanturi-kiinnike-0-kulma-eteen-ja-alas\/","og_locale":"fi_FI","og_type":"article","og_title":"PERCHEET Liveanturi kiinnike 0\u00b0 kulma (Eteen ja alas) - Team Percheet \u2013 Laadukkaat kalastustarvikkeet ja venevarusteet","og_description":"T\u00e4ll\u00e4 Percheet Liveanturi kiinnike 0\u00b0 Kulma \u2013 anturikiinnikkeell\u00e4 asennat turvallisesti sek\u00e4 luotettavasti Lowrance Active Target 1&amp;2 sek\u00e4 Eagle Eye ja Garmin Livescope lvs32 sek\u00e4 lvs34 anturit veneeseesi. Universaali anturikiinnikkeen ansiosta et en\u00e4\u00e4 menet\u00e4 hermoja \u00e4rsytt\u00e4v\u00e4n hammastuksen tai ep\u00e4tarkan kulman s\u00e4\u00e4d\u00f6n takia sek\u00e4 sen etu on siin\u00e4, ett\u00e4 vaihtaessa anturia toiseen merkkiin. Sinun ei tarvitse vaihtaa anturikiinnikett\u00e4. Anturin kiinnitys tapahtuu paksua kumitiivistett\u00e4 vasten joka varmistaa anturin kiinnittymisen j\u00e4m\u00e4k\u00e4sti telineeseen oikeaan kulmaan sek\u00e4 tarvittaessa pystyt s\u00e4\u00e4t\u00e4m\u00e4\u00e4n haluttua kulmaa vapaasti. Valmistettu kest\u00e4v\u00e4st\u00e4 ruostumattomasta metallista sek\u00e4 PETG-muovista. Tuote sis\u00e4lt\u00e4\u00e4 putkeen kiinnitt\u00e4mist\u00e4 varten tarvittavat ruostumattomat pultit sek\u00e4 mutterit. Anturin kiinnitys pultti myyd\u00e4\u00e4n erikseen. Katso t\u00e4st\u00e4! Valitse anturikiinnike haluamasi putkikoon mukaan joko 21,3, 22mm, 25mm tai 30mm putkelle.","og_url":"https:\/\/teampercheet.fi\/store\/tuote\/percheet-liveanturi-kiinnike-0-kulma-eteen-ja-alas\/","og_site_name":"Team Percheet \u2013 Laadukkaat kalastustarvikkeet ja venevarusteet","article_modified_time":"2026-05-12T19:23:43+00:00","og_image":[{"width":1292,"height":1292,"url":"https:\/\/teampercheet.fi\/store\/wp-content\/uploads\/2025\/03\/PERCHEET-Liveanturi-kiinnike-0\u00b0-kulma.jpg","type":"image\/jpeg"}],"twitter_card":"summary_large_image","schema":{"@context":"https:\/\/schema.org","@graph":[{"@type":"WebPage","@id":"https:\/\/teampercheet.fi\/store\/tuote\/percheet-liveanturi-kiinnike-0-kulma-eteen-ja-alas\/","url":"https:\/\/teampercheet.fi\/store\/tuote\/percheet-liveanturi-kiinnike-0-kulma-eteen-ja-alas\/","name":"PERCHEET Liveanturi kiinnike 0\u00b0 kulma (Eteen ja alas) - Team Percheet \u2013 Laadukkaat kalastustarvikkeet ja venevarusteet","isPartOf":{"@id":"https:\/\/teampercheet.fi\/store\/#website"},"primaryImageOfPage":{"@id":"https:\/\/teampercheet.fi\/store\/tuote\/percheet-liveanturi-kiinnike-0-kulma-eteen-ja-alas\/#primaryimage"},"image":{"@id":"https:\/\/teampercheet.fi\/store\/tuote\/percheet-liveanturi-kiinnike-0-kulma-eteen-ja-alas\/#primaryimage"},"thumbnailUrl":"https:\/\/teampercheet.fi\/store\/wp-content\/uploads\/2025\/03\/PERCHEET-Liveanturi-kiinnike-0\u00b0-kulma.jpg","datePublished":"2026-03-31T22:05:52+00:00","dateModified":"2026-05-12T19:23:43+00:00","breadcrumb":{"@id":"https:\/\/teampercheet.fi\/store\/tuote\/percheet-liveanturi-kiinnike-0-kulma-eteen-ja-alas\/#breadcrumb"},"inLanguage":"fi","potentialAction":[{"@type":"ReadAction","target":["https:\/\/teampercheet.fi\/store\/tuote\/percheet-liveanturi-kiinnike-0-kulma-eteen-ja-alas\/"]}]},{"@type":"ImageObject","inLanguage":"fi","@id":"https:\/\/teampercheet.fi\/store\/tuote\/percheet-liveanturi-kiinnike-0-kulma-eteen-ja-alas\/#primaryimage","url":"https:\/\/teampercheet.fi\/store\/wp-content\/uploads\/2025\/03\/PERCHEET-Liveanturi-kiinnike-0\u00b0-kulma.jpg","contentUrl":"https:\/\/teampercheet.fi\/store\/wp-content\/uploads\/2025\/03\/PERCHEET-Liveanturi-kiinnike-0\u00b0-kulma.jpg","width":1292,"height":1292},{"@type":"BreadcrumbList","@id":"https:\/\/teampercheet.fi\/store\/tuote\/percheet-liveanturi-kiinnike-0-kulma-eteen-ja-alas\/#breadcrumb","itemListElement":[{"@type":"ListItem","position":1,"name":"Etusivu","item":"https:\/\/teampercheet.fi\/store\/"},{"@type":"ListItem","position":2,"name":"Kauppa","item":"https:\/\/teampercheet.fi\/store\/kauppa\/"},{"@type":"ListItem","position":3,"name":"PERCHEET Liveanturi kiinnike 0\u00b0 kulma (Eteen ja alas)"}]},{"@type":"WebSite","@id":"https:\/\/teampercheet.fi\/store\/#website","url":"https:\/\/teampercheet.fi\/store\/","name":"Team Percheet \u2013 Laadukkaat kalastustarvikkeet ja venevarusteet","description":"Tutustu Percheet Gearin kattavaan valikoimaan. Kest\u00e4v\u00e4t venevarusteet, juomatelineet, anturikiinnikkeet ja anturisuojat veneilyyn ja\u00a0kalastukseen.","publisher":{"@id":"https:\/\/teampercheet.fi\/store\/#organization"},"potentialAction":[{"@type":"SearchAction","target":{"@type":"EntryPoint","urlTemplate":"https:\/\/teampercheet.fi\/store\/?s={search_term_string}"},"query-input":{"@type":"PropertyValueSpecification","valueRequired":true,"valueName":"search_term_string"}}],"inLanguage":"fi"},{"@type":"Organization","@id":"https:\/\/teampercheet.fi\/store\/#organization","name":"Team Percheet \u2013 Laadukkaat kalastustarvikkeet ja venevarusteet","url":"https:\/\/teampercheet.fi\/store\/","logo":{"@type":"ImageObject","inLanguage":"fi","@id":"https:\/\/teampercheet.fi\/store\/#\/schema\/logo\/image\/","url":"https:\/\/teampercheet.fi\/store\/wp-content\/uploads\/2024\/10\/logo-tpc.png","contentUrl":"https:\/\/teampercheet.fi\/store\/wp-content\/uploads\/2024\/10\/logo-tpc.png","width":1268,"height":211,"caption":"Team Percheet \u2013 Laadukkaat kalastustarvikkeet ja venevarusteet"},"image":{"@id":"https:\/\/teampercheet.fi\/store\/#\/schema\/logo\/image\/"}}]}},"_links":{"self":[{"href":"https:\/\/teampercheet.fi\/store\/wp-json\/wp\/v2\/product\/7267","targetHints":{"allow":["GET"]}}],"collection":[{"href":"https:\/\/teampercheet.fi\/store\/wp-json\/wp\/v2\/product"}],"about":[{"href":"https:\/\/teampercheet.fi\/store\/wp-json\/wp\/v2\/types\/product"}],"replies":[{"embeddable":true,"href":"https:\/\/teampercheet.fi\/store\/wp-json\/wp\/v2\/comments?post=7267"}],"wp:featuredmedia":[{"embeddable":true,"href":"https:\/\/teampercheet.fi\/store\/wp-json\/wp\/v2\/media\/7255"}],"wp:attachment":[{"href":"https:\/\/teampercheet.fi\/store\/wp-json\/wp\/v2\/media?parent=7267"}],"wp:term":[{"taxonomy":"product_brand","embeddable":true,"href":"https:\/\/teampercheet.fi\/store\/wp-json\/wp\/v2\/product_brand?post=7267"},{"taxonomy":"product_cat","embeddable":true,"href":"https:\/\/teampercheet.fi\/store\/wp-json\/wp\/v2\/product_cat?post=7267"},{"taxonomy":"product_tag","embeddable":true,"href":"https:\/\/teampercheet.fi\/store\/wp-json\/wp\/v2\/product_tag?post=7267"}],"curies":[{"name":"wp","href":"https:\/\/api.w.org\/{rel}","templated":true}]}}