{"id":7326,"date":"2026-04-04T00:11:46","date_gmt":"2026-04-03T21:11:46","guid":{"rendered":"https:\/\/teampercheet.fi\/store\/?post_type=product&#038;p=7326"},"modified":"2026-04-04T00:15:26","modified_gmt":"2026-04-03T21:15:26","slug":"percheet-anturinkiinnike-lvs34-ja-at-12-eteen-scout-saadettava","status":"publish","type":"product","link":"https:\/\/teampercheet.fi\/store\/tuote\/percheet-anturinkiinnike-lvs34-ja-at-12-eteen-scout-saadettava\/","title":{"rendered":"PERCHEET Anturinkiinnike LVS34 ja AT 1&amp;2 &#8211; Eteen \/ Scout (S\u00e4\u00e4dett\u00e4v\u00e4)"},"content":{"rendered":"","protected":false},"excerpt":{"rendered":"<p class=\"p1\">Garmin LVS34 ja Lowrance AT 1&amp;2 &#8211; liveanturille suunniteltu ter\u00e4ksest\u00e4 valmistettu ja hapollisilla kiinnikkeill\u00e4 oleva anturinkiinnike livetelineiden putken alap\u00e4\u00e4h\u00e4n kiinnitett\u00e4v\u00e4. T\u00e4m\u00e4 anturinkiinnike tuo anturin livetelineen putken keskilinjaan v\u00e4hent\u00e4en huomattavasti vedenvastusta, tarkentaa heitt\u00e4mist\u00e4 sek\u00e4 poistaa anturin pyrkimist\u00e4 pieness\u00e4kin luotausnopeudessa k\u00e4\u00e4ntym\u00e4st\u00e4 sivulle.<\/p>\n<p class=\"p1\">T\u00e4ll\u00e4 kiinnike vaihtoehdolla ja mukana tulevalla lis\u00e4osalla voit asettaa Activetarget 1&amp;2 sek\u00e4 Garmin LVS34 anturin my\u00f6s Scout asentoon portaattomalla kulmans\u00e4\u00e4d\u00f6ll\u00e4.<\/p>\n","protected":false},"featured_media":7331,"comment_status":"open","ping_status":"closed","template":"","meta":[],"product_brand":[],"product_cat":[779,778],"product_tag":[278,173,72,273,276,280,241,275,272,279,174,274,277,35],"class_list":{"0":"post-7326","1":"product","2":"type-product","3":"status-publish","4":"has-post-thumbnail","6":"product_cat-anturitelineet","7":"product_cat-suosittelemme","8":"product_tag-3dtulostuspaja","9":"product_tag-active-target","10":"product_tag-anturikiinnike","11":"product_tag-anturiteline","12":"product_tag-gearmarket","13":"product_tag-live-kalastus","14":"product_tag-liveanturi","15":"product_tag-liveanturi-telineen-nolla-kulma","16":"product_tag-liveanturikiinnike","17":"product_tag-livekalastus","18":"product_tag-livescope","19":"product_tag-livetelineen-kiinnike","20":"product_tag-masproduction","21":"product_tag-team-percheet","23":"first","24":"instock","25":"taxable","26":"shipping-taxable","27":"purchasable","28":"product-type-variable"},"_links":{"self":[{"href":"https:\/\/teampercheet.fi\/store\/wp-json\/wp\/v2\/product\/7326","targetHints":{"allow":["GET"]}}],"collection":[{"href":"https:\/\/teampercheet.fi\/store\/wp-json\/wp\/v2\/product"}],"about":[{"href":"https:\/\/teampercheet.fi\/store\/wp-json\/wp\/v2\/types\/product"}],"replies":[{"embeddable":true,"href":"https:\/\/teampercheet.fi\/store\/wp-json\/wp\/v2\/comments?post=7326"}],"wp:featuredmedia":[{"embeddable":true,"href":"https:\/\/teampercheet.fi\/store\/wp-json\/wp\/v2\/media\/7331"}],"wp:attachment":[{"href":"https:\/\/teampercheet.fi\/store\/wp-json\/wp\/v2\/media?parent=7326"}],"wp:term":[{"taxonomy":"product_brand","embeddable":true,"href":"https:\/\/teampercheet.fi\/store\/wp-json\/wp\/v2\/product_brand?post=7326"},{"taxonomy":"product_cat","embeddable":true,"href":"https:\/\/teampercheet.fi\/store\/wp-json\/wp\/v2\/product_cat?post=7326"},{"taxonomy":"product_tag","embeddable":true,"href":"https:\/\/teampercheet.fi\/store\/wp-json\/wp\/v2\/product_tag?post=7326"}],"curies":[{"name":"wp","href":"https:\/\/api.w.org\/{rel}","templated":true}]}}