{"id":7333,"date":"2026-04-04T00:16:34","date_gmt":"2026-04-03T21:16:34","guid":{"rendered":"https:\/\/teampercheet.fi\/store\/?post_type=product&#038;p=7333"},"modified":"2026-04-04T00:20:46","modified_gmt":"2026-04-03T21:20:46","slug":"percheet-anturinkiinnike-activetarget-2-xl-lisaosa-2","status":"publish","type":"product","link":"https:\/\/teampercheet.fi\/store\/tuote\/percheet-anturinkiinnike-activetarget-2-xl-lisaosa-2\/","title":{"rendered":"PERCHEET Anturinkiinnike ActiveTarget 2 XL lis\u00e4osa"},"content":{"rendered":"","protected":false},"excerpt":{"rendered":"<p class=\"p1\">Lowrance ActiveTarget 2 XL &#8211; liveanturille suunniteltu anturikohtainen muovinen hammastus joka takaa varman lukituksen. Myyd\u00e4\u00e4n lis\u00e4osana diy projekteihin.<\/p>\n","protected":false},"featured_media":7338,"comment_status":"open","ping_status":"closed","template":"","meta":[],"product_brand":[],"product_cat":[779,778],"product_tag":[278,173,72,273,276,280,241,275,272,279,174,274,277,35],"class_list":{"0":"post-7333","1":"product","2":"type-product","3":"status-publish","4":"has-post-thumbnail","6":"product_cat-anturitelineet","7":"product_cat-suosittelemme","8":"product_tag-3dtulostuspaja","9":"product_tag-active-target","10":"product_tag-anturikiinnike","11":"product_tag-anturiteline","12":"product_tag-gearmarket","13":"product_tag-live-kalastus","14":"product_tag-liveanturi","15":"product_tag-liveanturi-telineen-nolla-kulma","16":"product_tag-liveanturikiinnike","17":"product_tag-livekalastus","18":"product_tag-livescope","19":"product_tag-livetelineen-kiinnike","20":"product_tag-masproduction","21":"product_tag-team-percheet","23":"first","24":"instock","25":"taxable","26":"shipping-taxable","27":"purchasable","28":"product-type-simple"},"_links":{"self":[{"href":"https:\/\/teampercheet.fi\/store\/wp-json\/wp\/v2\/product\/7333","targetHints":{"allow":["GET"]}}],"collection":[{"href":"https:\/\/teampercheet.fi\/store\/wp-json\/wp\/v2\/product"}],"about":[{"href":"https:\/\/teampercheet.fi\/store\/wp-json\/wp\/v2\/types\/product"}],"replies":[{"embeddable":true,"href":"https:\/\/teampercheet.fi\/store\/wp-json\/wp\/v2\/comments?post=7333"}],"wp:featuredmedia":[{"embeddable":true,"href":"https:\/\/teampercheet.fi\/store\/wp-json\/wp\/v2\/media\/7338"}],"wp:attachment":[{"href":"https:\/\/teampercheet.fi\/store\/wp-json\/wp\/v2\/media?parent=7333"}],"wp:term":[{"taxonomy":"product_brand","embeddable":true,"href":"https:\/\/teampercheet.fi\/store\/wp-json\/wp\/v2\/product_brand?post=7333"},{"taxonomy":"product_cat","embeddable":true,"href":"https:\/\/teampercheet.fi\/store\/wp-json\/wp\/v2\/product_cat?post=7333"},{"taxonomy":"product_tag","embeddable":true,"href":"https:\/\/teampercheet.fi\/store\/wp-json\/wp\/v2\/product_tag?post=7333"}],"curies":[{"name":"wp","href":"https:\/\/api.w.org\/{rel}","templated":true}]}}