{"id":7341,"date":"2026-04-04T00:21:26","date_gmt":"2026-04-03T21:21:26","guid":{"rendered":"https:\/\/teampercheet.fi\/store\/?post_type=product&#038;p=7341"},"modified":"2026-04-04T00:22:38","modified_gmt":"2026-04-03T21:22:38","slug":"percheet-garmin-echomap-ultra-10-haikaisysuoja","status":"publish","type":"product","link":"https:\/\/teampercheet.fi\/store\/tuote\/percheet-garmin-echomap-ultra-10-haikaisysuoja\/","title":{"rendered":"PERCHEET Garmin Echomap Ultra 10 H\u00e4ik\u00e4isysuoja"},"content":{"rendered":"","protected":false},"excerpt":{"rendered":"<p class=\"p1\">Laadukas Suomessa valmistettu Percheet Gear aurinkosuoja Garmin Echomap Ultra 10 kaikuluotaimen n\u00e4yt\u00f6lle suunniteltu h\u00e4ik\u00e4isysuoja.<\/p>\n<p class=\"p1\">Laadukas n\u00e4yt\u00f6n heijastussuoja antaa erinomaisen suojan auringon h\u00e4ik\u00e4isylt\u00e4! N\u00e4et n\u00e4yt\u00f6n tarkemmin ja selvimmin my\u00f6s kirkkaassa auringon paisteessa. Antaa lis\u00e4ksi suojaa sateelta, v\u00e4hemm\u00e4n pisaroita n\u00e4yt\u00f6ll\u00e4. Kuumissa ja kirkkaissa olosuhteissa n\u00e4yt\u00f6n kirkkautta ei en\u00e4\u00e4 v\u00e4ltt\u00e4m\u00e4tt\u00e4 tarvitse pit\u00e4\u00e4 maksimilla, mik\u00e4 s\u00e4\u00e4st\u00e4\u00e4 virtaa ja v\u00e4hent\u00e4\u00e4 laitteen kuumentumista. Pime\u00e4ss\u00e4 k\u00e4ytett\u00e4ess\u00e4 ehk\u00e4isee laitteen n\u00e4yt\u00f6n valojen heijastuksia esim. veneen tuulilasiin ja parantaa kuljettajan n\u00e4k\u00f6kyky\u00e4 eteenp\u00e4in. Kest\u00e4v\u00e4, mutta silti eritt\u00e4in kevyt. Valmistettu Suomessa.<\/p>\n<p class=\"p1\">Percheet Gearin aurinkolippa asennetaan laitteen \u201duppoasennus\u201d rei\u2019ist\u00e4. Poista peitelistat \/ lista ja kiinnit\u00e4 ruuvit n\u00e4yt\u00f6n puolelta aurinkolippaan. Voit halutessasi asettaa peitelistat \/ listan takaisin paikoilleen. Kiinniketarvikkeet toimitetaan tuotteen mukana.<\/p>\n","protected":false},"featured_media":7342,"comment_status":"open","ping_status":"closed","template":"","meta":[],"product_brand":[],"product_cat":[835,300],"product_tag":[],"class_list":{"0":"post-7341","1":"product","2":"type-product","3":"status-publish","4":"has-post-thumbnail","6":"product_cat-haikaisysuojat","7":"product_cat-uutuudet","9":"first","10":"instock","11":"taxable","12":"shipping-taxable","13":"purchasable","14":"product-type-simple"},"_links":{"self":[{"href":"https:\/\/teampercheet.fi\/store\/wp-json\/wp\/v2\/product\/7341","targetHints":{"allow":["GET"]}}],"collection":[{"href":"https:\/\/teampercheet.fi\/store\/wp-json\/wp\/v2\/product"}],"about":[{"href":"https:\/\/teampercheet.fi\/store\/wp-json\/wp\/v2\/types\/product"}],"replies":[{"embeddable":true,"href":"https:\/\/teampercheet.fi\/store\/wp-json\/wp\/v2\/comments?post=7341"}],"wp:featuredmedia":[{"embeddable":true,"href":"https:\/\/teampercheet.fi\/store\/wp-json\/wp\/v2\/media\/7342"}],"wp:attachment":[{"href":"https:\/\/teampercheet.fi\/store\/wp-json\/wp\/v2\/media?parent=7341"}],"wp:term":[{"taxonomy":"product_brand","embeddable":true,"href":"https:\/\/teampercheet.fi\/store\/wp-json\/wp\/v2\/product_brand?post=7341"},{"taxonomy":"product_cat","embeddable":true,"href":"https:\/\/teampercheet.fi\/store\/wp-json\/wp\/v2\/product_cat?post=7341"},{"taxonomy":"product_tag","embeddable":true,"href":"https:\/\/teampercheet.fi\/store\/wp-json\/wp\/v2\/product_tag?post=7341"}],"curies":[{"name":"wp","href":"https:\/\/api.w.org\/{rel}","templated":true}]}}