{"id":7370,"date":"2026-04-06T22:15:43","date_gmt":"2026-04-06T19:15:43","guid":{"rendered":"https:\/\/teampercheet.fi\/store\/?post_type=product&#038;p=7370"},"modified":"2026-04-06T22:15:43","modified_gmt":"2026-04-06T19:15:43","slug":"percheet-motorguide-pinpoint-xi3-xi5-suojakuori","status":"publish","type":"product","link":"https:\/\/teampercheet.fi\/store\/tuote\/percheet-motorguide-pinpoint-xi3-xi5-suojakuori\/","title":{"rendered":"PERCHEET MotorGuide Pinpoint xi3 &amp; xi5 Suojakuori"},"content":{"rendered":"","protected":false},"excerpt":{"rendered":"<p class=\"p1\">PERCHEET MotorGuide Pinpoint xi3 &amp; xi5<span class=\"Apple-converted-space\">\u00a0 <\/span>keulakoneiden kaukos\u00e4\u00e4timien suojakuori.<\/p>\n<p class=\"p1\">Suunniteltu ennaltaehk\u00e4isem\u00e4\u00e4n kaukos\u00e4\u00e4timen kolhiutumisen ja rikkoutumisen sek\u00e4 korvaamaan rikkoutuneen alkuper\u00e4isen ripustuslenkin. Valmistettu kest\u00e4v\u00e4st\u00e4 muovista joka kest\u00e4\u00e4 s\u00e4\u00e4n eri vaihtelut.<\/p>\n","protected":false},"featured_media":7371,"comment_status":"open","ping_status":"closed","template":"","meta":[],"product_brand":[],"product_cat":[360,300],"product_tag":[],"class_list":{"0":"post-7370","1":"product","2":"type-product","3":"status-publish","4":"has-post-thumbnail","6":"product_cat-keulamoottorin-tarvikkeet","7":"product_cat-uutuudet","9":"first","10":"instock","11":"taxable","12":"shipping-taxable","13":"purchasable","14":"product-type-simple"},"_links":{"self":[{"href":"https:\/\/teampercheet.fi\/store\/wp-json\/wp\/v2\/product\/7370","targetHints":{"allow":["GET"]}}],"collection":[{"href":"https:\/\/teampercheet.fi\/store\/wp-json\/wp\/v2\/product"}],"about":[{"href":"https:\/\/teampercheet.fi\/store\/wp-json\/wp\/v2\/types\/product"}],"replies":[{"embeddable":true,"href":"https:\/\/teampercheet.fi\/store\/wp-json\/wp\/v2\/comments?post=7370"}],"wp:featuredmedia":[{"embeddable":true,"href":"https:\/\/teampercheet.fi\/store\/wp-json\/wp\/v2\/media\/7371"}],"wp:attachment":[{"href":"https:\/\/teampercheet.fi\/store\/wp-json\/wp\/v2\/media?parent=7370"}],"wp:term":[{"taxonomy":"product_brand","embeddable":true,"href":"https:\/\/teampercheet.fi\/store\/wp-json\/wp\/v2\/product_brand?post=7370"},{"taxonomy":"product_cat","embeddable":true,"href":"https:\/\/teampercheet.fi\/store\/wp-json\/wp\/v2\/product_cat?post=7370"},{"taxonomy":"product_tag","embeddable":true,"href":"https:\/\/teampercheet.fi\/store\/wp-json\/wp\/v2\/product_tag?post=7370"}],"curies":[{"name":"wp","href":"https:\/\/api.w.org\/{rel}","templated":true}]}}