{"id":7466,"date":"2026-04-15T14:28:51","date_gmt":"2026-04-15T11:28:51","guid":{"rendered":"https:\/\/teampercheet.fi\/store\/?post_type=product&#038;p=7466"},"modified":"2026-04-15T14:28:51","modified_gmt":"2026-04-15T11:28:51","slug":"percheet-gimbaali-juomateline","status":"publish","type":"product","link":"https:\/\/teampercheet.fi\/store\/tuote\/percheet-gimbaali-juomateline\/","title":{"rendered":"PERCHEET Gimbaali juomateline"},"content":{"rendered":"","protected":false},"excerpt":{"rendered":"<p data-start=\"0\" data-end=\"67\">Gyroskooppinen juomateline \/ gimbaali \u2013 vakautta juomillesi vesill\u00e4<\/p>\n<p data-start=\"69\" data-end=\"288\">Pid\u00e4 juomasi turvallisesti paikoillaan my\u00f6s aallokossa. T\u00e4m\u00e4 gyroskooppinen juomateline on suunniteltu erityisesti venek\u00e4ytt\u00f6\u00f6n, ja sen gimbaalirakenne auttaa pit\u00e4m\u00e4\u00e4n juoman pystyasennossa veneen liikkeist\u00e4 huolimatta.<\/p>\n<p data-start=\"290\" data-end=\"517\">Teline soveltuu erinomaisesti yleisimmille juomakokoille, kuten 0,33 l ja 0,5 l t\u00f6lkeille sek\u00e4 useimmille juomapulloille. Olitpa liikkeell\u00e4 tyyness\u00e4 s\u00e4\u00e4ss\u00e4 tai kovemmassa keliss\u00e4, juomasi pysyy tukevasti ja helposti saatavilla.<\/p>\n<p data-start=\"519\" data-end=\"549\">Asennus on joustava ja helppo:<\/p>\n<ul data-start=\"550\" data-end=\"719\">\n<li data-section-id=\"o7bbk5\" data-start=\"550\" data-end=\"589\">Kiinnitys ruuveilla suoraan pintaan<\/li>\n<li data-section-id=\"6gnu0t\" data-start=\"590\" data-end=\"719\">Yhteensopiva my\u00f6s PERCHEET T-pulttien kanssa, jolloin teline voidaan asentaa veneen Verstatrack-laitakiskoon ilman poraamista<\/li>\n<\/ul>\n<p data-start=\"721\" data-end=\"833\" data-is-last-node=\"\" data-is-only-node=\"\">Kest\u00e4v\u00e4 rakenne ja k\u00e4yt\u00e4nn\u00f6llinen muotoilu tekev\u00e4t t\u00e4st\u00e4 juomatelineest\u00e4 luotettavan lis\u00e4n veneilyvarustukseesi.<\/p>\n<p data-start=\"721\" data-end=\"833\" data-is-last-node=\"\" data-is-only-node=\"\">\n","protected":false},"featured_media":7467,"comment_status":"open","ping_status":"closed","template":"","meta":[],"product_brand":[],"product_cat":[15,293,300],"product_tag":[843,841,840,842],"class_list":{"0":"post-7466","1":"product","2":"type-product","3":"status-publish","4":"has-post-thumbnail","6":"product_cat-yleinen","7":"product_cat-juoma-ja-tolkkitelineet","8":"product_cat-uutuudet","9":"product_tag-cyrosscope-can-holder","10":"product_tag-gimbaali-juomateline","11":"product_tag-gimbaalijuomateline","12":"product_tag-gyroscope-cup-holder","14":"first","15":"instock","16":"taxable","17":"shipping-taxable","18":"purchasable","19":"product-type-simple"},"yoast_head":"<!-- This site is optimized with the Yoast SEO plugin v27.3 - https:\/\/yoast.com\/product\/yoast-seo-wordpress\/ -->\n<title>PERCHEET Gimbaali juomateline - Team Percheet \u2013 Laadukkaat kalastustarvikkeet ja venevarusteet<\/title>\n<meta name=\"robots\" content=\"index, follow, max-snippet:-1, max-image-preview:large, max-video-preview:-1\" \/>\n<link rel=\"canonical\" href=\"https:\/\/teampercheet.fi\/store\/tuote\/percheet-gimbaali-juomateline\/\" \/>\n<meta property=\"og:locale\" content=\"fi_FI\" \/>\n<meta property=\"og:type\" content=\"article\" \/>\n<meta property=\"og:title\" content=\"PERCHEET Gimbaali juomateline - Team Percheet \u2013 Laadukkaat kalastustarvikkeet ja venevarusteet\" \/>\n<meta property=\"og:description\" content=\"Gyroskooppinen juomateline \/ gimbaali \u2013 vakautta juomillesi vesill\u00e4 Pid\u00e4 juomasi turvallisesti paikoillaan my\u00f6s aallokossa. T\u00e4m\u00e4 gyroskooppinen juomateline on suunniteltu erityisesti venek\u00e4ytt\u00f6\u00f6n, ja sen gimbaalirakenne auttaa pit\u00e4m\u00e4\u00e4n juoman pystyasennossa veneen liikkeist\u00e4 huolimatta. Teline soveltuu erinomaisesti yleisimmille juomakokoille, kuten 0,33 l ja 0,5 l t\u00f6lkeille sek\u00e4 useimmille juomapulloille. Olitpa liikkeell\u00e4 tyyness\u00e4 s\u00e4\u00e4ss\u00e4 tai kovemmassa keliss\u00e4, juomasi pysyy tukevasti ja helposti saatavilla. Asennus on joustava ja helppo:    Kiinnitys ruuveilla suoraan pintaan  Yhteensopiva my\u00f6s PERCHEET T-pulttien kanssa, jolloin teline voidaan asentaa veneen Verstatrack-laitakiskoon ilman poraamista  Kest\u00e4v\u00e4 rakenne ja k\u00e4yt\u00e4nn\u00f6llinen muotoilu tekev\u00e4t t\u00e4st\u00e4 juomatelineest\u00e4 luotettavan lis\u00e4n veneilyvarustukseesi.\" \/>\n<meta property=\"og:url\" content=\"https:\/\/teampercheet.fi\/store\/tuote\/percheet-gimbaali-juomateline\/\" \/>\n<meta property=\"og:site_name\" content=\"Team Percheet \u2013 Laadukkaat kalastustarvikkeet ja venevarusteet\" \/>\n<meta property=\"og:image\" content=\"https:\/\/teampercheet.fi\/store\/wp-content\/uploads\/2026\/04\/gimbaalijuomateline-1.jpg\" \/>\n\t<meta property=\"og:image:width\" content=\"1333\" \/>\n\t<meta property=\"og:image:height\" content=\"1333\" \/>\n\t<meta property=\"og:image:type\" content=\"image\/jpeg\" \/>\n<meta name=\"twitter:card\" content=\"summary_large_image\" \/>\n<meta name=\"twitter:label1\" content=\"Arvioitu lukuaika\" \/>\n\t<meta name=\"twitter:data1\" content=\"1 minuutti\" \/>\n<script type=\"application\/ld+json\" class=\"yoast-schema-graph\">{\"@context\":\"https:\\\/\\\/schema.org\",\"@graph\":[{\"@type\":\"WebPage\",\"@id\":\"https:\\\/\\\/teampercheet.fi\\\/store\\\/tuote\\\/percheet-gimbaali-juomateline\\\/\",\"url\":\"https:\\\/\\\/teampercheet.fi\\\/store\\\/tuote\\\/percheet-gimbaali-juomateline\\\/\",\"name\":\"PERCHEET Gimbaali juomateline - Team Percheet \u2013 Laadukkaat kalastustarvikkeet ja venevarusteet\",\"isPartOf\":{\"@id\":\"https:\\\/\\\/teampercheet.fi\\\/store\\\/#website\"},\"primaryImageOfPage\":{\"@id\":\"https:\\\/\\\/teampercheet.fi\\\/store\\\/tuote\\\/percheet-gimbaali-juomateline\\\/#primaryimage\"},\"image\":{\"@id\":\"https:\\\/\\\/teampercheet.fi\\\/store\\\/tuote\\\/percheet-gimbaali-juomateline\\\/#primaryimage\"},\"thumbnailUrl\":\"https:\\\/\\\/teampercheet.fi\\\/store\\\/wp-content\\\/uploads\\\/2026\\\/04\\\/gimbaalijuomateline-1.jpg\",\"datePublished\":\"2026-04-15T11:28:51+00:00\",\"breadcrumb\":{\"@id\":\"https:\\\/\\\/teampercheet.fi\\\/store\\\/tuote\\\/percheet-gimbaali-juomateline\\\/#breadcrumb\"},\"inLanguage\":\"fi\",\"potentialAction\":[{\"@type\":\"ReadAction\",\"target\":[\"https:\\\/\\\/teampercheet.fi\\\/store\\\/tuote\\\/percheet-gimbaali-juomateline\\\/\"]}]},{\"@type\":\"ImageObject\",\"inLanguage\":\"fi\",\"@id\":\"https:\\\/\\\/teampercheet.fi\\\/store\\\/tuote\\\/percheet-gimbaali-juomateline\\\/#primaryimage\",\"url\":\"https:\\\/\\\/teampercheet.fi\\\/store\\\/wp-content\\\/uploads\\\/2026\\\/04\\\/gimbaalijuomateline-1.jpg\",\"contentUrl\":\"https:\\\/\\\/teampercheet.fi\\\/store\\\/wp-content\\\/uploads\\\/2026\\\/04\\\/gimbaalijuomateline-1.jpg\",\"width\":1333,\"height\":1333},{\"@type\":\"BreadcrumbList\",\"@id\":\"https:\\\/\\\/teampercheet.fi\\\/store\\\/tuote\\\/percheet-gimbaali-juomateline\\\/#breadcrumb\",\"itemListElement\":[{\"@type\":\"ListItem\",\"position\":1,\"name\":\"Etusivu\",\"item\":\"https:\\\/\\\/teampercheet.fi\\\/store\\\/\"},{\"@type\":\"ListItem\",\"position\":2,\"name\":\"Kauppa\",\"item\":\"https:\\\/\\\/teampercheet.fi\\\/store\\\/kauppa\\\/\"},{\"@type\":\"ListItem\",\"position\":3,\"name\":\"PERCHEET Gimbaali juomateline\"}]},{\"@type\":\"WebSite\",\"@id\":\"https:\\\/\\\/teampercheet.fi\\\/store\\\/#website\",\"url\":\"https:\\\/\\\/teampercheet.fi\\\/store\\\/\",\"name\":\"Team Percheet \u2013 Laadukkaat kalastustarvikkeet ja venevarusteet\",\"description\":\"Tutustu Percheet Gearin kattavaan valikoimaan. Kest\u00e4v\u00e4t venevarusteet, juomatelineet, anturikiinnikkeet ja anturisuojat veneilyyn ja\u00a0kalastukseen.\",\"publisher\":{\"@id\":\"https:\\\/\\\/teampercheet.fi\\\/store\\\/#organization\"},\"potentialAction\":[{\"@type\":\"SearchAction\",\"target\":{\"@type\":\"EntryPoint\",\"urlTemplate\":\"https:\\\/\\\/teampercheet.fi\\\/store\\\/?s={search_term_string}\"},\"query-input\":{\"@type\":\"PropertyValueSpecification\",\"valueRequired\":true,\"valueName\":\"search_term_string\"}}],\"inLanguage\":\"fi\"},{\"@type\":\"Organization\",\"@id\":\"https:\\\/\\\/teampercheet.fi\\\/store\\\/#organization\",\"name\":\"Team Percheet \u2013 Laadukkaat kalastustarvikkeet ja venevarusteet\",\"url\":\"https:\\\/\\\/teampercheet.fi\\\/store\\\/\",\"logo\":{\"@type\":\"ImageObject\",\"inLanguage\":\"fi\",\"@id\":\"https:\\\/\\\/teampercheet.fi\\\/store\\\/#\\\/schema\\\/logo\\\/image\\\/\",\"url\":\"https:\\\/\\\/teampercheet.fi\\\/store\\\/wp-content\\\/uploads\\\/2024\\\/10\\\/logo-tpc.png\",\"contentUrl\":\"https:\\\/\\\/teampercheet.fi\\\/store\\\/wp-content\\\/uploads\\\/2024\\\/10\\\/logo-tpc.png\",\"width\":1268,\"height\":211,\"caption\":\"Team Percheet \u2013 Laadukkaat kalastustarvikkeet ja venevarusteet\"},\"image\":{\"@id\":\"https:\\\/\\\/teampercheet.fi\\\/store\\\/#\\\/schema\\\/logo\\\/image\\\/\"}}]}<\/script>\n<!-- \/ Yoast SEO plugin. -->","yoast_head_json":{"title":"PERCHEET Gimbaali juomateline - Team Percheet \u2013 Laadukkaat kalastustarvikkeet ja venevarusteet","robots":{"index":"index","follow":"follow","max-snippet":"max-snippet:-1","max-image-preview":"max-image-preview:large","max-video-preview":"max-video-preview:-1"},"canonical":"https:\/\/teampercheet.fi\/store\/tuote\/percheet-gimbaali-juomateline\/","og_locale":"fi_FI","og_type":"article","og_title":"PERCHEET Gimbaali juomateline - Team Percheet \u2013 Laadukkaat kalastustarvikkeet ja venevarusteet","og_description":"Gyroskooppinen juomateline \/ gimbaali \u2013 vakautta juomillesi vesill\u00e4 Pid\u00e4 juomasi turvallisesti paikoillaan my\u00f6s aallokossa. T\u00e4m\u00e4 gyroskooppinen juomateline on suunniteltu erityisesti venek\u00e4ytt\u00f6\u00f6n, ja sen gimbaalirakenne auttaa pit\u00e4m\u00e4\u00e4n juoman pystyasennossa veneen liikkeist\u00e4 huolimatta. Teline soveltuu erinomaisesti yleisimmille juomakokoille, kuten 0,33 l ja 0,5 l t\u00f6lkeille sek\u00e4 useimmille juomapulloille. Olitpa liikkeell\u00e4 tyyness\u00e4 s\u00e4\u00e4ss\u00e4 tai kovemmassa keliss\u00e4, juomasi pysyy tukevasti ja helposti saatavilla. Asennus on joustava ja helppo:    Kiinnitys ruuveilla suoraan pintaan  Yhteensopiva my\u00f6s PERCHEET T-pulttien kanssa, jolloin teline voidaan asentaa veneen Verstatrack-laitakiskoon ilman poraamista  Kest\u00e4v\u00e4 rakenne ja k\u00e4yt\u00e4nn\u00f6llinen muotoilu tekev\u00e4t t\u00e4st\u00e4 juomatelineest\u00e4 luotettavan lis\u00e4n veneilyvarustukseesi.","og_url":"https:\/\/teampercheet.fi\/store\/tuote\/percheet-gimbaali-juomateline\/","og_site_name":"Team Percheet \u2013 Laadukkaat kalastustarvikkeet ja venevarusteet","og_image":[{"width":1333,"height":1333,"url":"https:\/\/teampercheet.fi\/store\/wp-content\/uploads\/2026\/04\/gimbaalijuomateline-1.jpg","type":"image\/jpeg"}],"twitter_card":"summary_large_image","twitter_misc":{"Arvioitu lukuaika":"1 minuutti"},"schema":{"@context":"https:\/\/schema.org","@graph":[{"@type":"WebPage","@id":"https:\/\/teampercheet.fi\/store\/tuote\/percheet-gimbaali-juomateline\/","url":"https:\/\/teampercheet.fi\/store\/tuote\/percheet-gimbaali-juomateline\/","name":"PERCHEET Gimbaali juomateline - Team Percheet \u2013 Laadukkaat kalastustarvikkeet ja venevarusteet","isPartOf":{"@id":"https:\/\/teampercheet.fi\/store\/#website"},"primaryImageOfPage":{"@id":"https:\/\/teampercheet.fi\/store\/tuote\/percheet-gimbaali-juomateline\/#primaryimage"},"image":{"@id":"https:\/\/teampercheet.fi\/store\/tuote\/percheet-gimbaali-juomateline\/#primaryimage"},"thumbnailUrl":"https:\/\/teampercheet.fi\/store\/wp-content\/uploads\/2026\/04\/gimbaalijuomateline-1.jpg","datePublished":"2026-04-15T11:28:51+00:00","breadcrumb":{"@id":"https:\/\/teampercheet.fi\/store\/tuote\/percheet-gimbaali-juomateline\/#breadcrumb"},"inLanguage":"fi","potentialAction":[{"@type":"ReadAction","target":["https:\/\/teampercheet.fi\/store\/tuote\/percheet-gimbaali-juomateline\/"]}]},{"@type":"ImageObject","inLanguage":"fi","@id":"https:\/\/teampercheet.fi\/store\/tuote\/percheet-gimbaali-juomateline\/#primaryimage","url":"https:\/\/teampercheet.fi\/store\/wp-content\/uploads\/2026\/04\/gimbaalijuomateline-1.jpg","contentUrl":"https:\/\/teampercheet.fi\/store\/wp-content\/uploads\/2026\/04\/gimbaalijuomateline-1.jpg","width":1333,"height":1333},{"@type":"BreadcrumbList","@id":"https:\/\/teampercheet.fi\/store\/tuote\/percheet-gimbaali-juomateline\/#breadcrumb","itemListElement":[{"@type":"ListItem","position":1,"name":"Etusivu","item":"https:\/\/teampercheet.fi\/store\/"},{"@type":"ListItem","position":2,"name":"Kauppa","item":"https:\/\/teampercheet.fi\/store\/kauppa\/"},{"@type":"ListItem","position":3,"name":"PERCHEET Gimbaali juomateline"}]},{"@type":"WebSite","@id":"https:\/\/teampercheet.fi\/store\/#website","url":"https:\/\/teampercheet.fi\/store\/","name":"Team Percheet \u2013 Laadukkaat kalastustarvikkeet ja venevarusteet","description":"Tutustu Percheet Gearin kattavaan valikoimaan. Kest\u00e4v\u00e4t venevarusteet, juomatelineet, anturikiinnikkeet ja anturisuojat veneilyyn ja\u00a0kalastukseen.","publisher":{"@id":"https:\/\/teampercheet.fi\/store\/#organization"},"potentialAction":[{"@type":"SearchAction","target":{"@type":"EntryPoint","urlTemplate":"https:\/\/teampercheet.fi\/store\/?s={search_term_string}"},"query-input":{"@type":"PropertyValueSpecification","valueRequired":true,"valueName":"search_term_string"}}],"inLanguage":"fi"},{"@type":"Organization","@id":"https:\/\/teampercheet.fi\/store\/#organization","name":"Team Percheet \u2013 Laadukkaat kalastustarvikkeet ja venevarusteet","url":"https:\/\/teampercheet.fi\/store\/","logo":{"@type":"ImageObject","inLanguage":"fi","@id":"https:\/\/teampercheet.fi\/store\/#\/schema\/logo\/image\/","url":"https:\/\/teampercheet.fi\/store\/wp-content\/uploads\/2024\/10\/logo-tpc.png","contentUrl":"https:\/\/teampercheet.fi\/store\/wp-content\/uploads\/2024\/10\/logo-tpc.png","width":1268,"height":211,"caption":"Team Percheet \u2013 Laadukkaat kalastustarvikkeet ja venevarusteet"},"image":{"@id":"https:\/\/teampercheet.fi\/store\/#\/schema\/logo\/image\/"}}]}},"_links":{"self":[{"href":"https:\/\/teampercheet.fi\/store\/wp-json\/wp\/v2\/product\/7466","targetHints":{"allow":["GET"]}}],"collection":[{"href":"https:\/\/teampercheet.fi\/store\/wp-json\/wp\/v2\/product"}],"about":[{"href":"https:\/\/teampercheet.fi\/store\/wp-json\/wp\/v2\/types\/product"}],"replies":[{"embeddable":true,"href":"https:\/\/teampercheet.fi\/store\/wp-json\/wp\/v2\/comments?post=7466"}],"wp:featuredmedia":[{"embeddable":true,"href":"https:\/\/teampercheet.fi\/store\/wp-json\/wp\/v2\/media\/7467"}],"wp:attachment":[{"href":"https:\/\/teampercheet.fi\/store\/wp-json\/wp\/v2\/media?parent=7466"}],"wp:term":[{"taxonomy":"product_brand","embeddable":true,"href":"https:\/\/teampercheet.fi\/store\/wp-json\/wp\/v2\/product_brand?post=7466"},{"taxonomy":"product_cat","embeddable":true,"href":"https:\/\/teampercheet.fi\/store\/wp-json\/wp\/v2\/product_cat?post=7466"},{"taxonomy":"product_tag","embeddable":true,"href":"https:\/\/teampercheet.fi\/store\/wp-json\/wp\/v2\/product_tag?post=7466"}],"curies":[{"name":"wp","href":"https:\/\/api.w.org\/{rel}","templated":true}]}}