{"id":81,"date":"2024-10-07T15:55:24","date_gmt":"2024-10-07T12:55:24","guid":{"rendered":"https:\/\/teampercheet.fi\/store\/?post_type=product&#038;p=81"},"modified":"2026-04-22T14:22:27","modified_gmt":"2026-04-22T11:22:27","slug":"percheet-juomateline-s","status":"publish","type":"product","link":"https:\/\/teampercheet.fi\/store\/tuote\/percheet-juomateline-s\/","title":{"rendered":"PERCHEET juomateline S"},"content":{"rendered":"","protected":false},"excerpt":{"rendered":"<p><em>Olipa kyseess\u00e4 t\u00f6lkki tai pullo,<\/em><\/p>\n<p><strong>Juomateline S<\/strong> pit\u00e4\u00e4 juomasi turvallisesti mukana kovemmassakin keliss\u00e4. Telineen kuppiosa on suunniteltu niin ett\u00e4 se sopii kaikille yleisimmille juomapakkauksille mm. 250ml, 330ml ja 0.5l. Se tarjoaa my\u00f6s paikan vieheille. Soveltuu hyvin asennettavaksi paikkoihin joissa on rajallisesti tilaa esim. veneen heittotasojen reunoille kuten olemme asentaneet t\u00e4m\u00e4n omaan kalastusveneeseemme.<\/p>\n<p>Koko: 10cm x 10cm x 10cm. Suositellaan asennettavaksi tasap\u00e4isill\u00e4 poraruuveilla.<\/p>\n<p><strong>Valikoimassa my\u00f6s m8 t-pultit veneen alkuper\u00e4iseen kaideuraan!<\/strong><\/p>\n","protected":false},"featured_media":7552,"comment_status":"open","ping_status":"closed","template":"","meta":[],"product_brand":[],"product_cat":[293],"product_tag":[62,60,43,65,41,40,29,63,54,57,30,56,35,42,64,59,58,33,34,55,32],"class_list":{"0":"post-81","1":"product","2":"type-product","3":"status-publish","4":"has-post-thumbnail","6":"product_cat-juoma-ja-tolkkitelineet","7":"product_tag-cup-holder","8":"product_tag-cuup","9":"product_tag-jig-holder","10":"product_tag-jigholder","11":"product_tag-jigi-teline","12":"product_tag-jigiteline","13":"product_tag-juomateline","14":"product_tag-kalastusveneen-juomateline","15":"product_tag-muki","16":"product_tag-mukinpidike","17":"product_tag-mukiteline","18":"product_tag-pullopidike","19":"product_tag-team-percheet","20":"product_tag-team-percheet-oy","21":"product_tag-teline","22":"product_tag-tolkinteline","23":"product_tag-tolkkiteline","24":"product_tag-veneen-juomateline","25":"product_tag-veneen-mukiteline","26":"product_tag-veneenmukiteline","27":"product_tag-vieheteline","29":"first","30":"instock","31":"taxable","32":"shipping-taxable","33":"purchasable","34":"product-type-simple"},"yoast_head":"<!-- This site is optimized with the Yoast SEO plugin v27.3 - https:\/\/yoast.com\/product\/yoast-seo-wordpress\/ -->\n<title>PERCHEET juomateline S - Team Percheet \u2013 Laadukkaat kalastustarvikkeet ja venevarusteet<\/title>\n<meta name=\"robots\" content=\"index, follow, max-snippet:-1, max-image-preview:large, max-video-preview:-1\" \/>\n<link rel=\"canonical\" href=\"https:\/\/teampercheet.fi\/store\/tuote\/percheet-juomateline-s\/\" \/>\n<meta property=\"og:locale\" content=\"fi_FI\" \/>\n<meta property=\"og:type\" content=\"article\" \/>\n<meta property=\"og:title\" content=\"PERCHEET juomateline S - Team Percheet \u2013 Laadukkaat kalastustarvikkeet ja venevarusteet\" \/>\n<meta property=\"og:description\" content=\"Olipa kyseess\u00e4 t\u00f6lkki tai pullo,  Juomateline S pit\u00e4\u00e4 juomasi turvallisesti mukana kovemmassakin keliss\u00e4. Telineen kuppiosa on suunniteltu niin ett\u00e4 se sopii kaikille yleisimmille juomapakkauksille mm. 250ml, 330ml ja 0.5l. Se tarjoaa my\u00f6s paikan vieheille. Soveltuu hyvin asennettavaksi paikkoihin joissa on rajallisesti tilaa esim. veneen heittotasojen reunoille kuten olemme asentaneet t\u00e4m\u00e4n omaan kalastusveneeseemme.  Koko: 10cm x 10cm x 10cm. Suositellaan asennettavaksi tasap\u00e4isill\u00e4 poraruuveilla.  Valikoimassa my\u00f6s m8 t-pultit veneen alkuper\u00e4iseen kaideuraan!\" \/>\n<meta property=\"og:url\" content=\"https:\/\/teampercheet.fi\/store\/tuote\/percheet-juomateline-s\/\" \/>\n<meta property=\"og:site_name\" content=\"Team Percheet \u2013 Laadukkaat kalastustarvikkeet ja venevarusteet\" \/>\n<meta property=\"article:modified_time\" content=\"2026-04-22T11:22:27+00:00\" \/>\n<meta property=\"og:image\" content=\"https:\/\/teampercheet.fi\/store\/wp-content\/uploads\/2024\/12\/GB0A8614.jpg\" \/>\n\t<meta property=\"og:image:width\" content=\"1067\" \/>\n\t<meta property=\"og:image:height\" content=\"1067\" \/>\n\t<meta property=\"og:image:type\" content=\"image\/jpeg\" \/>\n<meta name=\"twitter:card\" content=\"summary_large_image\" \/>\n<meta name=\"twitter:label1\" content=\"Arvioitu lukuaika\" \/>\n\t<meta name=\"twitter:data1\" content=\"1 minuutti\" \/>\n<script type=\"application\/ld+json\" class=\"yoast-schema-graph\">{\"@context\":\"https:\\\/\\\/schema.org\",\"@graph\":[{\"@type\":\"WebPage\",\"@id\":\"https:\\\/\\\/teampercheet.fi\\\/store\\\/tuote\\\/percheet-juomateline-s\\\/\",\"url\":\"https:\\\/\\\/teampercheet.fi\\\/store\\\/tuote\\\/percheet-juomateline-s\\\/\",\"name\":\"PERCHEET juomateline S - Team Percheet \u2013 Laadukkaat kalastustarvikkeet ja venevarusteet\",\"isPartOf\":{\"@id\":\"https:\\\/\\\/teampercheet.fi\\\/store\\\/#website\"},\"primaryImageOfPage\":{\"@id\":\"https:\\\/\\\/teampercheet.fi\\\/store\\\/tuote\\\/percheet-juomateline-s\\\/#primaryimage\"},\"image\":{\"@id\":\"https:\\\/\\\/teampercheet.fi\\\/store\\\/tuote\\\/percheet-juomateline-s\\\/#primaryimage\"},\"thumbnailUrl\":\"https:\\\/\\\/teampercheet.fi\\\/store\\\/wp-content\\\/uploads\\\/2024\\\/12\\\/GB0A8614.jpg\",\"datePublished\":\"2024-10-07T12:55:24+00:00\",\"dateModified\":\"2026-04-22T11:22:27+00:00\",\"breadcrumb\":{\"@id\":\"https:\\\/\\\/teampercheet.fi\\\/store\\\/tuote\\\/percheet-juomateline-s\\\/#breadcrumb\"},\"inLanguage\":\"fi\",\"potentialAction\":[{\"@type\":\"ReadAction\",\"target\":[\"https:\\\/\\\/teampercheet.fi\\\/store\\\/tuote\\\/percheet-juomateline-s\\\/\"]}]},{\"@type\":\"ImageObject\",\"inLanguage\":\"fi\",\"@id\":\"https:\\\/\\\/teampercheet.fi\\\/store\\\/tuote\\\/percheet-juomateline-s\\\/#primaryimage\",\"url\":\"https:\\\/\\\/teampercheet.fi\\\/store\\\/wp-content\\\/uploads\\\/2024\\\/12\\\/GB0A8614.jpg\",\"contentUrl\":\"https:\\\/\\\/teampercheet.fi\\\/store\\\/wp-content\\\/uploads\\\/2024\\\/12\\\/GB0A8614.jpg\",\"width\":1067,\"height\":1067},{\"@type\":\"BreadcrumbList\",\"@id\":\"https:\\\/\\\/teampercheet.fi\\\/store\\\/tuote\\\/percheet-juomateline-s\\\/#breadcrumb\",\"itemListElement\":[{\"@type\":\"ListItem\",\"position\":1,\"name\":\"Etusivu\",\"item\":\"https:\\\/\\\/teampercheet.fi\\\/store\\\/\"},{\"@type\":\"ListItem\",\"position\":2,\"name\":\"Kauppa\",\"item\":\"https:\\\/\\\/teampercheet.fi\\\/store\\\/kauppa\\\/\"},{\"@type\":\"ListItem\",\"position\":3,\"name\":\"PERCHEET juomateline S\"}]},{\"@type\":\"WebSite\",\"@id\":\"https:\\\/\\\/teampercheet.fi\\\/store\\\/#website\",\"url\":\"https:\\\/\\\/teampercheet.fi\\\/store\\\/\",\"name\":\"Team Percheet \u2013 Laadukkaat kalastustarvikkeet ja venevarusteet\",\"description\":\"Tutustu Percheet Gearin kattavaan valikoimaan. Kest\u00e4v\u00e4t venevarusteet, juomatelineet, anturikiinnikkeet ja anturisuojat veneilyyn ja\u00a0kalastukseen.\",\"publisher\":{\"@id\":\"https:\\\/\\\/teampercheet.fi\\\/store\\\/#organization\"},\"potentialAction\":[{\"@type\":\"SearchAction\",\"target\":{\"@type\":\"EntryPoint\",\"urlTemplate\":\"https:\\\/\\\/teampercheet.fi\\\/store\\\/?s={search_term_string}\"},\"query-input\":{\"@type\":\"PropertyValueSpecification\",\"valueRequired\":true,\"valueName\":\"search_term_string\"}}],\"inLanguage\":\"fi\"},{\"@type\":\"Organization\",\"@id\":\"https:\\\/\\\/teampercheet.fi\\\/store\\\/#organization\",\"name\":\"Team Percheet \u2013 Laadukkaat kalastustarvikkeet ja venevarusteet\",\"url\":\"https:\\\/\\\/teampercheet.fi\\\/store\\\/\",\"logo\":{\"@type\":\"ImageObject\",\"inLanguage\":\"fi\",\"@id\":\"https:\\\/\\\/teampercheet.fi\\\/store\\\/#\\\/schema\\\/logo\\\/image\\\/\",\"url\":\"https:\\\/\\\/teampercheet.fi\\\/store\\\/wp-content\\\/uploads\\\/2024\\\/10\\\/logo-tpc.png\",\"contentUrl\":\"https:\\\/\\\/teampercheet.fi\\\/store\\\/wp-content\\\/uploads\\\/2024\\\/10\\\/logo-tpc.png\",\"width\":1268,\"height\":211,\"caption\":\"Team Percheet \u2013 Laadukkaat kalastustarvikkeet ja venevarusteet\"},\"image\":{\"@id\":\"https:\\\/\\\/teampercheet.fi\\\/store\\\/#\\\/schema\\\/logo\\\/image\\\/\"}}]}<\/script>\n<!-- \/ Yoast SEO plugin. -->","yoast_head_json":{"title":"PERCHEET juomateline S - Team Percheet \u2013 Laadukkaat kalastustarvikkeet ja venevarusteet","robots":{"index":"index","follow":"follow","max-snippet":"max-snippet:-1","max-image-preview":"max-image-preview:large","max-video-preview":"max-video-preview:-1"},"canonical":"https:\/\/teampercheet.fi\/store\/tuote\/percheet-juomateline-s\/","og_locale":"fi_FI","og_type":"article","og_title":"PERCHEET juomateline S - Team Percheet \u2013 Laadukkaat kalastustarvikkeet ja venevarusteet","og_description":"Olipa kyseess\u00e4 t\u00f6lkki tai pullo,  Juomateline S pit\u00e4\u00e4 juomasi turvallisesti mukana kovemmassakin keliss\u00e4. Telineen kuppiosa on suunniteltu niin ett\u00e4 se sopii kaikille yleisimmille juomapakkauksille mm. 250ml, 330ml ja 0.5l. Se tarjoaa my\u00f6s paikan vieheille. Soveltuu hyvin asennettavaksi paikkoihin joissa on rajallisesti tilaa esim. veneen heittotasojen reunoille kuten olemme asentaneet t\u00e4m\u00e4n omaan kalastusveneeseemme.  Koko: 10cm x 10cm x 10cm. Suositellaan asennettavaksi tasap\u00e4isill\u00e4 poraruuveilla.  Valikoimassa my\u00f6s m8 t-pultit veneen alkuper\u00e4iseen kaideuraan!","og_url":"https:\/\/teampercheet.fi\/store\/tuote\/percheet-juomateline-s\/","og_site_name":"Team Percheet \u2013 Laadukkaat kalastustarvikkeet ja venevarusteet","article_modified_time":"2026-04-22T11:22:27+00:00","og_image":[{"width":1067,"height":1067,"url":"https:\/\/teampercheet.fi\/store\/wp-content\/uploads\/2024\/12\/GB0A8614.jpg","type":"image\/jpeg"}],"twitter_card":"summary_large_image","twitter_misc":{"Arvioitu lukuaika":"1 minuutti"},"schema":{"@context":"https:\/\/schema.org","@graph":[{"@type":"WebPage","@id":"https:\/\/teampercheet.fi\/store\/tuote\/percheet-juomateline-s\/","url":"https:\/\/teampercheet.fi\/store\/tuote\/percheet-juomateline-s\/","name":"PERCHEET juomateline S - Team Percheet \u2013 Laadukkaat kalastustarvikkeet ja venevarusteet","isPartOf":{"@id":"https:\/\/teampercheet.fi\/store\/#website"},"primaryImageOfPage":{"@id":"https:\/\/teampercheet.fi\/store\/tuote\/percheet-juomateline-s\/#primaryimage"},"image":{"@id":"https:\/\/teampercheet.fi\/store\/tuote\/percheet-juomateline-s\/#primaryimage"},"thumbnailUrl":"https:\/\/teampercheet.fi\/store\/wp-content\/uploads\/2024\/12\/GB0A8614.jpg","datePublished":"2024-10-07T12:55:24+00:00","dateModified":"2026-04-22T11:22:27+00:00","breadcrumb":{"@id":"https:\/\/teampercheet.fi\/store\/tuote\/percheet-juomateline-s\/#breadcrumb"},"inLanguage":"fi","potentialAction":[{"@type":"ReadAction","target":["https:\/\/teampercheet.fi\/store\/tuote\/percheet-juomateline-s\/"]}]},{"@type":"ImageObject","inLanguage":"fi","@id":"https:\/\/teampercheet.fi\/store\/tuote\/percheet-juomateline-s\/#primaryimage","url":"https:\/\/teampercheet.fi\/store\/wp-content\/uploads\/2024\/12\/GB0A8614.jpg","contentUrl":"https:\/\/teampercheet.fi\/store\/wp-content\/uploads\/2024\/12\/GB0A8614.jpg","width":1067,"height":1067},{"@type":"BreadcrumbList","@id":"https:\/\/teampercheet.fi\/store\/tuote\/percheet-juomateline-s\/#breadcrumb","itemListElement":[{"@type":"ListItem","position":1,"name":"Etusivu","item":"https:\/\/teampercheet.fi\/store\/"},{"@type":"ListItem","position":2,"name":"Kauppa","item":"https:\/\/teampercheet.fi\/store\/kauppa\/"},{"@type":"ListItem","position":3,"name":"PERCHEET juomateline S"}]},{"@type":"WebSite","@id":"https:\/\/teampercheet.fi\/store\/#website","url":"https:\/\/teampercheet.fi\/store\/","name":"Team Percheet \u2013 Laadukkaat kalastustarvikkeet ja venevarusteet","description":"Tutustu Percheet Gearin kattavaan valikoimaan. Kest\u00e4v\u00e4t venevarusteet, juomatelineet, anturikiinnikkeet ja anturisuojat veneilyyn ja\u00a0kalastukseen.","publisher":{"@id":"https:\/\/teampercheet.fi\/store\/#organization"},"potentialAction":[{"@type":"SearchAction","target":{"@type":"EntryPoint","urlTemplate":"https:\/\/teampercheet.fi\/store\/?s={search_term_string}"},"query-input":{"@type":"PropertyValueSpecification","valueRequired":true,"valueName":"search_term_string"}}],"inLanguage":"fi"},{"@type":"Organization","@id":"https:\/\/teampercheet.fi\/store\/#organization","name":"Team Percheet \u2013 Laadukkaat kalastustarvikkeet ja venevarusteet","url":"https:\/\/teampercheet.fi\/store\/","logo":{"@type":"ImageObject","inLanguage":"fi","@id":"https:\/\/teampercheet.fi\/store\/#\/schema\/logo\/image\/","url":"https:\/\/teampercheet.fi\/store\/wp-content\/uploads\/2024\/10\/logo-tpc.png","contentUrl":"https:\/\/teampercheet.fi\/store\/wp-content\/uploads\/2024\/10\/logo-tpc.png","width":1268,"height":211,"caption":"Team Percheet \u2013 Laadukkaat kalastustarvikkeet ja venevarusteet"},"image":{"@id":"https:\/\/teampercheet.fi\/store\/#\/schema\/logo\/image\/"}}]}},"_links":{"self":[{"href":"https:\/\/teampercheet.fi\/store\/wp-json\/wp\/v2\/product\/81","targetHints":{"allow":["GET"]}}],"collection":[{"href":"https:\/\/teampercheet.fi\/store\/wp-json\/wp\/v2\/product"}],"about":[{"href":"https:\/\/teampercheet.fi\/store\/wp-json\/wp\/v2\/types\/product"}],"replies":[{"embeddable":true,"href":"https:\/\/teampercheet.fi\/store\/wp-json\/wp\/v2\/comments?post=81"}],"wp:featuredmedia":[{"embeddable":true,"href":"https:\/\/teampercheet.fi\/store\/wp-json\/wp\/v2\/media\/7552"}],"wp:attachment":[{"href":"https:\/\/teampercheet.fi\/store\/wp-json\/wp\/v2\/media?parent=81"}],"wp:term":[{"taxonomy":"product_brand","embeddable":true,"href":"https:\/\/teampercheet.fi\/store\/wp-json\/wp\/v2\/product_brand?post=81"},{"taxonomy":"product_cat","embeddable":true,"href":"https:\/\/teampercheet.fi\/store\/wp-json\/wp\/v2\/product_cat?post=81"},{"taxonomy":"product_tag","embeddable":true,"href":"https:\/\/teampercheet.fi\/store\/wp-json\/wp\/v2\/product_tag?post=81"}],"curies":[{"name":"wp","href":"https:\/\/api.w.org\/{rel}","templated":true}]}}